{"id":3483,"date":"2025-08-03T17:50:45","date_gmt":"2025-08-03T17:50:45","guid":{"rendered":"https:\/\/yemeni-dreams.com\/se-deplacer\/"},"modified":"2025-10-22T19:10:33","modified_gmt":"2025-10-22T19:10:33","slug":"se-deplacer","status":"publish","type":"page","link":"http:\/\/yemeni-dreams.com\/fr\/se-deplacer\/","title":{"rendered":"Se d\u00e9placer"},"content":{"rendered":"\t\t<div data-elementor-type=\"wp-page\" data-elementor-id=\"3483\" class=\"elementor elementor-3483 elementor-1780\">\n\t\t\t\t\t\t<section class=\"elementor-section elementor-top-section elementor-element elementor-element-f429c02 elementor-section-boxed elementor-section-height-default elementor-section-height-default\" data-id=\"f429c02\" data-element_type=\"section\" data-e-type=\"section\" data-settings=\"{&quot;background_background&quot;:&quot;classic&quot;}\">\n\t\t\t\t\t\t<div class=\"elementor-container elementor-column-gap-default\">\n\t\t\t\t\t<div class=\"elementor-column elementor-col-100 elementor-top-column elementor-element elementor-element-d6979e1\" data-id=\"d6979e1\" data-element_type=\"column\" data-e-type=\"column\">\n\t\t\t<div class=\"elementor-widget-wrap elementor-element-populated\">\n\t\t\t\t\t\t<div class=\"elementor-element elementor-element-135596ae elementor-widget__width-initial elementor-widget elementor-widget-heading\" data-id=\"135596ae\" data-element_type=\"widget\" data-e-type=\"widget\" data-widget_type=\"heading.default\">\n\t\t\t\t\t<h2 class=\"elementor-heading-title elementor-size-default\">Se d\u00e9placer au Y\u00e9men<\/h2>\t\t\t\t<\/div>\n\t\t\t\t<div class=\"elementor-element elementor-element-1960e6a elementor-widget elementor-widget-text-editor\" data-id=\"1960e6a\" data-element_type=\"widget\" data-e-type=\"widget\" data-widget_type=\"text-editor.default\">\n\t\t\t\t\t\t\t\t\t<p style=\"text-align: center;\"><span style=\"color: #000000; font-size: 14pt;\">Des services de transport et de location de voitures fiables pour rendre votre voyage fluide et s\u00fbr.<\/span><\/p>\t\t\t\t\t\t\t\t<\/div>\n\t\t\t\t<div class=\"elementor-element elementor-element-ae8a598 elementor-widget elementor-widget-heading\" data-id=\"ae8a598\" data-element_type=\"widget\" data-e-type=\"widget\" data-widget_type=\"heading.default\">\n\t\t\t\t\t<h2 class=\"elementor-heading-title elementor-size-default\">Pourquoi nous choisir?<\/h2>\t\t\t\t<\/div>\n\t\t\t\t<div class=\"elementor-element elementor-element-1e8b595 elementor-widget elementor-widget-text-editor\" data-id=\"1e8b595\" data-element_type=\"widget\" data-e-type=\"widget\" data-widget_type=\"text-editor.default\">\n\t\t\t\t\t\t\t\t\t<ul><li><img decoding=\"async\" class=\"emoji\" role=\"img\" draggable=\"false\" src=\"https:\/\/s.w.org\/images\/core\/emoji\/16.0.1\/svg\/2705.svg\" alt=\"\u2705\"> <strong><span style=\"color: #000000;\">V\u00e9hicules neufs et bien entretenus<\/span><\/strong><\/li><li><img decoding=\"async\" class=\"emoji\" role=\"img\" draggable=\"false\" src=\"https:\/\/s.w.org\/images\/core\/emoji\/16.0.1\/svg\/2705.svg\" alt=\"\u2705\"> <strong><span style=\"color: #000000;\">Chauffeurs locaux professionnels (facultatif)<\/span><\/strong><\/li><li><img decoding=\"async\" class=\"emoji\" role=\"img\" draggable=\"false\" src=\"https:\/\/s.w.org\/images\/core\/emoji\/16.0.1\/svg\/2705.svg\" alt=\"\u2705\"> <strong><span style=\"color: #000000;\">Forfaits de location flexibles (journalier\/hebdomadaire\/mensuel)<\/span><\/strong><\/li><li><img decoding=\"async\" class=\"emoji\" role=\"img\" draggable=\"false\" src=\"https:\/\/s.w.org\/images\/core\/emoji\/16.0.1\/svg\/2705.svg\" alt=\"\u2705\"> <strong><span style=\"color: #000000;\">Soutien complet dans les principales villes y\u00e9m\u00e9nites<\/span><\/strong><\/li><\/ul>\t\t\t\t\t\t\t\t<\/div>\n\t\t\t\t\t<\/div>\n\t\t<\/div>\n\t\t\t\t\t<\/div>\n\t\t<\/section>\n\t\t<div class=\"elementor-element elementor-element-7d0a5fb8 e-flex e-con-boxed e-con e-parent\" data-id=\"7d0a5fb8\" data-element_type=\"container\" data-e-type=\"container\">\n\t\t\t\t\t<div class=\"e-con-inner\">\n\t\t<div class=\"elementor-element elementor-element-16231d21 e-con-full e-flex e-con e-child\" data-id=\"16231d21\" data-element_type=\"container\" data-e-type=\"container\">\n\t\t\t\t<div class=\"elementor-element elementor-element-2473d01c elementor-widget elementor-widget-heading\" data-id=\"2473d01c\" data-element_type=\"widget\" data-e-type=\"widget\" data-widget_type=\"heading.default\">\n\t\t\t\t\t<h2 class=\"elementor-heading-title elementor-size-default\">Types de nos v\u00e9hicules<\/h2>\t\t\t\t<\/div>\n\t\t\t\t<\/div>\n\t\t\t\t\t<\/div>\n\t\t\t\t<\/div>\n\t\t<div class=\"elementor-element elementor-element-2a8f1fb4 e-flex e-con-boxed e-con e-parent\" data-id=\"2a8f1fb4\" data-element_type=\"container\" data-e-type=\"container\">\n\t\t\t\t\t<div class=\"e-con-inner\">\n\t\t<div class=\"elementor-element elementor-element-1ed9aeb6 e-con-full e-flex e-con e-child\" data-id=\"1ed9aeb6\" data-element_type=\"container\" data-e-type=\"container\">\n\t\t\t\t<div class=\"elementor-element elementor-element-47d6932a elementor-widget elementor-widget-st_sliders\" data-id=\"47d6932a\" data-element_type=\"widget\" data-e-type=\"widget\" data-settings=\"{&quot;slides_per_view&quot;:4}\" data-widget_type=\"st_sliders.default\">\n\t\t\t\t<div class=\"elementor-widget-container\">\n\t\t\t\t\t        <div class=\"st-sliders st-list-slider style-3\" data-effect=\"creative\" data-slides-per-view=\"4\" data-pagination=\"off\" data-navigation=\"on\" data-auto-play=\"off\" data-loop=\"false\" data-delay=\"\" data-center-slider=\"off\" data-style-slider=\"style-3\" data-space-between=\"50\" >\r\n            <div class=\"swiper-container\">\r\n                <div class=\"swiper-wrapper\">\r\n                                                    <div class=\"swiper-slide\">\r\n                                    <a href=\"\" target=\"_blank\">\r\n                                        <img decoding=\"async\" class=\"swiper-lazy\" src=\"http:\/\/yemeni-dreams.com\/wp-content\/uploads\/2025\/08\/Rectangle-2.jpg\" alt=\"SUVs\">\r\n                                                                                    <div class=\"title\">\r\n                                                <span>\r\n                                                    SUVs                                                <\/span>\r\n\r\n                                            <\/div>\r\n\r\n                                                                                <\/a>\r\n\r\n                                <\/div>\r\n                            \r\n                                                        <div class=\"swiper-slide\">\r\n                                    <a href=\"\" target=\"_blank\">\r\n                                        <img decoding=\"async\" class=\"swiper-lazy\" src=\"http:\/\/yemeni-dreams.com\/wp-content\/uploads\/2025\/08\/Rectangle-2-1.jpg\" alt=\"Sedans\">\r\n                                                                                    <div class=\"title\">\r\n                                                <span>\r\n                                                    Sedans                                                <\/span>\r\n\r\n                                            <\/div>\r\n\r\n                                                                                <\/a>\r\n\r\n                                <\/div>\r\n                            \r\n                                                        <div class=\"swiper-slide\">\r\n                                    <a href=\"\" target=\"_blank\">\r\n                                        <img decoding=\"async\" class=\"swiper-lazy\" src=\"http:\/\/yemeni-dreams.com\/wp-content\/uploads\/2025\/08\/Rectangle-2-2.jpg\" alt=\"Trucks\">\r\n                                                                                    <div class=\"title\">\r\n                                                <span>\r\n                                                    Trucks                                                <\/span>\r\n\r\n                                            <\/div>\r\n\r\n                                                                                <\/a>\r\n\r\n                                <\/div>\r\n                            \r\n                                                        <div class=\"swiper-slide\">\r\n                                    <a href=\"\" target=\"_blank\">\r\n                                        <img decoding=\"async\" class=\"swiper-lazy\" src=\"http:\/\/yemeni-dreams.com\/wp-content\/uploads\/2025\/08\/Rectangle-2-5.jpg\" alt=\"Minivans\">\r\n                                                                                    <div class=\"title\">\r\n                                                <span>\r\n                                                    Minivans                                                <\/span>\r\n\r\n                                            <\/div>\r\n\r\n                                                                                <\/a>\r\n\r\n                                <\/div>\r\n                            \r\n                                        <\/div>\r\n\r\n\t\t\t\t<div class=\"st-button-prev\"><span class=\"stt-icon stt-icon-arrow-left\"><\/span><\/div><div class=\"st-button-next\"><span class=\"stt-icon stt-icon-arrow-right\"><\/span><\/div>            <\/div>\r\n        <\/div>\r\n    \t\t\t\t<\/div>\n\t\t\t\t<\/div>\n\t\t\t\t<\/div>\n\t\t\t\t\t<\/div>\n\t\t\t\t<\/div>\n\t\t\t\t<section class=\"elementor-section elementor-top-section elementor-element elementor-element-2d3918f5 elementor-section-boxed elementor-section-height-default elementor-section-height-default\" data-id=\"2d3918f5\" data-element_type=\"section\" data-e-type=\"section\">\n\t\t\t\t\t\t<div class=\"elementor-container elementor-column-gap-default\">\n\t\t\t\t\t<div class=\"elementor-column elementor-col-100 elementor-top-column elementor-element elementor-element-19ad278d\" data-id=\"19ad278d\" data-element_type=\"column\" data-e-type=\"column\">\n\t\t\t<div class=\"elementor-widget-wrap elementor-element-populated\">\n\t\t\t\t\t\t<div class=\"elementor-element elementor-element-7a8a5f2e elementor-widget elementor-widget-heading\" data-id=\"7a8a5f2e\" data-element_type=\"widget\" data-e-type=\"widget\" data-widget_type=\"heading.default\">\n\t\t\t\t\t<h2 class=\"elementor-heading-title elementor-size-default\">Nos forfaits<\/h2>\t\t\t\t<\/div>\n\t\t\t\t<div class=\"elementor-element elementor-element-c531e57 elementor-widget elementor-widget-text-editor\" data-id=\"c531e57\" data-element_type=\"widget\" data-e-type=\"widget\" data-widget_type=\"text-editor.default\">\n\t\t\t\t\t\t\t\t\t<ul><li><img decoding=\"async\" class=\"emoji\" role=\"img\" draggable=\"false\" src=\"https:\/\/s.w.org\/images\/core\/emoji\/16.0.1\/svg\/1f698.svg\" alt=\"\ud83d\ude98\"> <strong><span style=\"color: #000000;\">Location journali\u00e8re <\/span><\/strong><\/li><li><img decoding=\"async\" class=\"emoji\" role=\"img\" draggable=\"false\" src=\"https:\/\/s.w.org\/images\/core\/emoji\/16.0.1\/svg\/1f698.svg\" alt=\"\ud83d\ude98\"> <strong><span style=\"color: #000000;\">Location mensuelle<\/span><\/strong> <\/li><li><img decoding=\"async\" class=\"emoji\" role=\"img\" draggable=\"false\" src=\"https:\/\/s.w.org\/images\/core\/emoji\/16.0.1\/svg\/1f698.svg\" alt=\"\ud83d\ude98\"> <strong>Location \u00e0 la semaine<\/strong> <\/li><li><img decoding=\"async\" class=\"emoji\" role=\"img\" draggable=\"false\" src=\"https:\/\/s.w.org\/images\/core\/emoji\/16.0.1\/svg\/1f468-200d-2708-fe0f.svg\" alt=\"\ud83d\udc68\u200d\u2708\ufe0f\"> <strong><span style=\"color: #000000;\">Avec chauffeur &#8211; Sans chauffeur<\/span><\/strong><\/li><li><img decoding=\"async\" class=\"emoji\" role=\"img\" draggable=\"false\" src=\"https:\/\/s.w.org\/images\/core\/emoji\/16.0.1\/svg\/1f6e2.svg\" alt=\"\ud83d\udee2\ufe0f\"> <strong><span style=\"color: #000000;\">Ensemble, carburant &#8211; sans carburant<\/span><\/strong><\/li><\/ul>\t\t\t\t\t\t\t\t<\/div>\n\t\t\t\t\t<\/div>\n\t\t<\/div>\n\t\t\t\t\t<\/div>\n\t\t<\/section>\n\t\t<div class=\"elementor-element elementor-element-222a77b0 e-flex e-con-boxed e-con e-parent\" data-id=\"222a77b0\" data-element_type=\"container\" data-e-type=\"container\" data-settings=\"{&quot;background_background&quot;:&quot;classic&quot;}\">\n\t\t\t\t\t<div class=\"e-con-inner\">\n\t\t<div class=\"elementor-element elementor-element-11829891 e-con-full e-flex e-con e-child\" data-id=\"11829891\" data-element_type=\"container\" data-e-type=\"container\" data-settings=\"{&quot;background_background&quot;:&quot;classic&quot;}\">\n\t\t\t\t<div class=\"elementor-element elementor-element-63f7167b elementor-widget elementor-widget-heading\" data-id=\"63f7167b\" data-element_type=\"widget\" data-e-type=\"widget\" data-widget_type=\"heading.default\">\n\t\t\t\t\t<h2 class=\"elementor-heading-title elementor-size-default\">Abonnez-vous pour des offres et promotions exclusives !<\/h2>\t\t\t\t<\/div>\n\t\t\t\t<div class=\"elementor-element elementor-element-7d2bf50 elementor-widget-mobile__width-inherit elementor-align-center elementor-widget elementor-widget-button\" data-id=\"7d2bf50\" data-element_type=\"widget\" data-e-type=\"widget\" data-widget_type=\"button.default\">\n\t\t\t\t\t\t\t\t\t\t<a class=\"elementor-button elementor-button-link elementor-size-sm\" href=\"https:\/\/yemeni-dreams.com\/car\/\">\n\t\t\t\t\t\t<span class=\"elementor-button-content-wrapper\">\n\t\t\t\t\t\t\t\t\t<span class=\"elementor-button-text\">S'abonner<\/span>\n\t\t\t\t\t<\/span>\n\t\t\t\t\t<\/a>\n\t\t\t\t\t\t\t\t<\/div>\n\t\t\t\t<\/div>\n\t\t<div class=\"elementor-element elementor-element-4b5b3ed e-con-full elementor-hidden-tablet elementor-hidden-mobile e-flex e-con e-child\" data-id=\"4b5b3ed\" data-element_type=\"container\" data-e-type=\"container\">\n\t\t\t\t<\/div>\n\t\t\t\t\t<\/div>\n\t\t\t\t<\/div>\n\t\t\t\t<\/div>\n\t\t","protected":false},"excerpt":{"rendered":"<p>Se d\u00e9placer au Y\u00e9men Des services de transport et de location de voitures fiables pour rendre votre voyage fluide et s\u00fbr. Pourquoi nous choisir? V\u00e9hicules neufs et bien entretenus Chauffeurs locaux professionnels (facultatif) Forfaits de location flexibles (journalier\/hebdomadaire\/mensuel) Soutien complet dans les principales villes y\u00e9m\u00e9nites Types de nos v\u00e9hicules SUVs Sedans Trucks Minivans Nos forfaits [&hellip;]<\/p>\n","protected":false},"author":2,"featured_media":3465,"parent":0,"menu_order":0,"comment_status":"closed","ping_status":"closed","template":"","meta":{"footnotes":""},"class_list":["post-3483","page","type-page","status-publish","has-post-thumbnail","hentry"],"_links":{"self":[{"href":"http:\/\/yemeni-dreams.com\/fr\/wp-json\/wp\/v2\/pages\/3483","targetHints":{"allow":["GET"]}}],"collection":[{"href":"http:\/\/yemeni-dreams.com\/fr\/wp-json\/wp\/v2\/pages"}],"about":[{"href":"http:\/\/yemeni-dreams.com\/fr\/wp-json\/wp\/v2\/types\/page"}],"author":[{"embeddable":true,"href":"http:\/\/yemeni-dreams.com\/fr\/wp-json\/wp\/v2\/users\/2"}],"replies":[{"embeddable":true,"href":"http:\/\/yemeni-dreams.com\/fr\/wp-json\/wp\/v2\/comments?post=3483"}],"version-history":[{"count":0,"href":"http:\/\/yemeni-dreams.com\/fr\/wp-json\/wp\/v2\/pages\/3483\/revisions"}],"wp:featuredmedia":[{"embeddable":true,"href":"http:\/\/yemeni-dreams.com\/fr\/wp-json\/wp\/v2\/media\/3465"}],"wp:attachment":[{"href":"http:\/\/yemeni-dreams.com\/fr\/wp-json\/wp\/v2\/media?parent=3483"}],"curies":[{"name":"wp","href":"https:\/\/api.w.org\/{rel}","templated":true}]}}