{"id":3540,"date":"2025-08-03T20:45:58","date_gmt":"2025-08-03T20:45:58","guid":{"rendered":"https:\/\/yemeni-dreams.com\/nos-services\/"},"modified":"2025-11-24T17:46:45","modified_gmt":"2025-11-24T17:46:45","slug":"nos-services","status":"publish","type":"page","link":"http:\/\/yemeni-dreams.com\/fr\/nos-services\/","title":{"rendered":"Nos services"},"content":{"rendered":"\t\t<div data-elementor-type=\"wp-page\" data-elementor-id=\"3540\" class=\"elementor elementor-3540 elementor-1899\">\n\t\t\t\t<div class=\"elementor-element elementor-element-4eac47e e-flex e-con-boxed e-con e-parent\" data-id=\"4eac47e\" data-element_type=\"container\" data-e-type=\"container\">\n\t\t\t\t\t<div class=\"e-con-inner\">\n\t\t\t\t<div class=\"elementor-element elementor-element-62ed1e0 elementor-widget elementor-widget-heading\" data-id=\"62ed1e0\" data-element_type=\"widget\" data-e-type=\"widget\" data-widget_type=\"heading.default\">\n\t\t\t\t\t<h2 class=\"elementor-heading-title elementor-size-default\">Notre service<\/h2>\t\t\t\t<\/div>\n\t\t\t\t\t<\/div>\n\t\t\t\t<\/div>\n\t\t<div class=\"elementor-element elementor-element-2f8c57b4 animated-slow e-flex e-con-boxed elementor-invisible e-con e-parent\" data-id=\"2f8c57b4\" data-element_type=\"container\" data-e-type=\"container\" data-settings=\"{&quot;background_background&quot;:&quot;classic&quot;,&quot;animation&quot;:&quot;fadeIn&quot;}\">\n\t\t\t\t\t<div class=\"e-con-inner\">\n\t\t\t\t<div class=\"elementor-element elementor-element-c3d8d96 elementor-invisible elementor-widget elementor-widget-image\" data-id=\"c3d8d96\" data-element_type=\"widget\" data-e-type=\"widget\" data-settings=\"{&quot;_animation&quot;:&quot;zoomIn&quot;}\" data-widget_type=\"image.default\">\n\t\t\t\t\t\t\t\t\t\t\t\t\t\t\t<img decoding=\"async\" width=\"80\" height=\"80\" src=\"https:\/\/yemeni-dreams.com\/wp-content\/uploads\/2025\/07\/WhatsApp-Image-2025-07-10-at-5.58.32-PM-modified-1.png\" class=\"attachment-full size-full wp-image-3314\" alt=\"\" srcset=\"https:\/\/yemeni-dreams.com\/wp-content\/uploads\/2025\/07\/WhatsApp-Image-2025-07-10-at-5.58.32-PM-modified-1.png 80w, https:\/\/yemeni-dreams.com\/wp-content\/uploads\/2025\/07\/WhatsApp-Image-2025-07-10-at-5.58.32-PM-modified-1-768x768.png 768w, https:\/\/yemeni-dreams.com\/wp-content\/uploads\/2025\/07\/WhatsApp-Image-2025-07-10-at-5.58.32-PM-modified-1-1536x1536.png 1536w, https:\/\/yemeni-dreams.com\/wp-content\/uploads\/2025\/07\/WhatsApp-Image-2025-07-10-at-5.58.32-PM-modified-1-2048x2048.png 2048w, https:\/\/yemeni-dreams.com\/wp-content\/uploads\/2025\/07\/WhatsApp-Image-2025-07-10-at-5.58.32-PM-modified-1-300x300.png 300w, https:\/\/yemeni-dreams.com\/wp-content\/uploads\/2025\/07\/WhatsApp-Image-2025-07-10-at-5.58.32-PM-modified-1-600x600.png 600w, https:\/\/yemeni-dreams.com\/wp-content\/uploads\/2025\/07\/WhatsApp-Image-2025-07-10-at-5.58.32-PM-modified-1-100x100.png 100w, https:\/\/yemeni-dreams.com\/wp-content\/uploads\/2025\/07\/WhatsApp-Image-2025-07-10-at-5.58.32-PM-modified-1-60x60.png 60w\" sizes=\"(max-width: 80px) 100vw, 80px\" \/>\t\t\t\t\t\t\t\t\t\t\t\t\t\t\t<\/div>\n\t\t<div class=\"elementor-element elementor-element-6eba3fa5 e-flex e-con-boxed e-con e-child\" data-id=\"6eba3fa5\" data-element_type=\"container\" data-e-type=\"container\">\n\t\t\t\t\t<div class=\"e-con-inner\">\n\t\t<div class=\"elementor-element elementor-element-78f7b087 animated-slow e-flex e-con-boxed elementor-invisible e-con e-child\" data-id=\"78f7b087\" data-element_type=\"container\" data-e-type=\"container\" data-settings=\"{&quot;background_background&quot;:&quot;classic&quot;,&quot;animation&quot;:&quot;fadeIn&quot;,&quot;animation_delay&quot;:700}\">\n\t\t\t\t\t<div class=\"e-con-inner\">\n\t\t\t\t<div class=\"elementor-element elementor-element-43c062b7 elementor-widget elementor-widget-heading\" data-id=\"43c062b7\" data-element_type=\"widget\" data-e-type=\"widget\" data-widget_type=\"heading.default\">\n\t\t\t\t\t<h3 class=\"elementor-heading-title elementor-size-default\">Yemeni Dreams propose une gamme compl\u00e8te de services de voyage int\u00e9gr\u00e9s aux Y\u00e9m\u00e9nites et aux visiteurs. Nous pouvons vous accompagner dans la planification et l'organisation de voyages individuels et de groupes. <\/h3>\t\t\t\t<\/div>\n\t\t\t\t\t<\/div>\n\t\t\t\t<\/div>\n\t\t<div class=\"elementor-element elementor-element-50b16536 animated-slow e-flex e-con-boxed elementor-invisible e-con e-child\" data-id=\"50b16536\" data-element_type=\"container\" data-e-type=\"container\" data-settings=\"{&quot;background_background&quot;:&quot;classic&quot;,&quot;animation&quot;:&quot;fadeIn&quot;,&quot;animation_delay&quot;:800}\">\n\t\t\t\t\t<div class=\"e-con-inner\">\n\t\t\t\t<div class=\"elementor-element elementor-element-fc5df50 elementor-widget elementor-widget-heading\" data-id=\"fc5df50\" data-element_type=\"widget\" data-e-type=\"widget\" data-widget_type=\"heading.default\">\n\t\t\t\t\t<h3 class=\"elementor-heading-title elementor-size-default\">Nous offrons \u00e0 nos clients l\u2019opportunit\u00e9 de d\u00e9couvrir les coutumes et le mode de vie traditionnel y\u00e9m\u00e9nites.<\/h3>\t\t\t\t<\/div>\n\t\t\t\t\t<\/div>\n\t\t\t\t<\/div>\n\t\t\t\t\t<\/div>\n\t\t\t\t<\/div>\n\t\t\t\t\t<\/div>\n\t\t\t\t<\/div>\n\t\t<div class=\"elementor-element elementor-element-7f389d5e e-flex e-con-boxed e-con e-parent\" data-id=\"7f389d5e\" data-element_type=\"container\" data-e-type=\"container\">\n\t\t\t\t\t<div class=\"e-con-inner\">\n\t\t<div class=\"elementor-element elementor-element-4a9e1cb4 e-con-full e-flex e-con e-child\" data-id=\"4a9e1cb4\" data-element_type=\"container\" data-e-type=\"container\">\n\t\t\t\t<div class=\"elementor-element elementor-element-1d931026 elementor-view-default elementor-position-top elementor-mobile-position-top elementor-vertical-align-top elementor-widget elementor-widget-icon-box\" data-id=\"1d931026\" data-element_type=\"widget\" data-e-type=\"widget\" data-widget_type=\"icon-box.default\">\n\t\t\t\t<div class=\"elementor-widget-container\">\n\t\t\t\t\t            <div class=\"elementor-icon-box-wrapper \">\r\n                                                        <div class=\"elementor-icon-box-icon\">\r\n                        <a class=\"elementor-icon elementor-animation-\" href=\"https:\/\/yemeni-dreams.com\/tour\/\">\r\n                        <svg aria-hidden=\"true\" class=\"e-font-icon-svg e-fas-suitcase\" viewBox=\"0 0 512 512\" xmlns=\"http:\/\/www.w3.org\/2000\/svg\"><path d=\"M128 480h256V80c0-26.5-21.5-48-48-48H176c-26.5 0-48 21.5-48 48v400zm64-384h128v32H192V96zm320 80v256c0 26.5-21.5 48-48 48h-48V128h48c26.5 0 48 21.5 48 48zM96 480H48c-26.5 0-48-21.5-48-48V176c0-26.5 21.5-48 48-48h48v352z\"><\/path><\/svg>                        <\/a>\r\n                    <\/div>\r\n                                                    <div class=\"elementor-icon-box-content\">\r\n\t\t\t\t\t                    <h2 class=\"elementor-icon-box-title \">\r\n                        <a href=\"https:\/\/yemeni-dreams.com\/tour\/\"  style=\"display:block;\">\r\n\r\n                         Forfaits touristiques                        <\/a>\r\n                    <\/h2>\r\n\r\n                                    <\/div>\r\n            <\/div>\r\n            \t\t\t\t<\/div>\n\t\t\t\t<\/div>\n\t\t\t\t<\/div>\n\t\t<div class=\"elementor-element elementor-element-121ba98c e-con-full e-flex e-con e-child\" data-id=\"121ba98c\" data-element_type=\"container\" data-e-type=\"container\">\n\t\t\t\t<div class=\"elementor-element elementor-element-3249171d elementor-view-stacked elementor-shape-circle elementor-position-top elementor-mobile-position-top elementor-vertical-align-top elementor-widget elementor-widget-icon-box\" data-id=\"3249171d\" data-element_type=\"widget\" data-e-type=\"widget\" data-widget_type=\"icon-box.default\">\n\t\t\t\t<div class=\"elementor-widget-container\">\n\t\t\t\t\t            <div class=\"elementor-icon-box-wrapper \">\r\n                                                        <div class=\"elementor-icon-box-icon\">\r\n                        <a class=\"elementor-icon elementor-animation-\" href=\"https:\/\/yemeni-dreams.com\/car-reservation\/\">\r\n                        <svg aria-hidden=\"true\" class=\"e-font-icon-svg e-fas-car\" viewBox=\"0 0 512 512\" xmlns=\"http:\/\/www.w3.org\/2000\/svg\"><path d=\"M499.99 176h-59.87l-16.64-41.6C406.38 91.63 365.57 64 319.5 64h-127c-46.06 0-86.88 27.63-103.99 70.4L71.87 176H12.01C4.2 176-1.53 183.34.37 190.91l6 24C7.7 220.25 12.5 224 18.01 224h20.07C24.65 235.73 16 252.78 16 272v48c0 16.12 6.16 30.67 16 41.93V416c0 17.67 14.33 32 32 32h32c17.67 0 32-14.33 32-32v-32h256v32c0 17.67 14.33 32 32 32h32c17.67 0 32-14.33 32-32v-54.07c9.84-11.25 16-25.8 16-41.93v-48c0-19.22-8.65-36.27-22.07-48H494c5.51 0 10.31-3.75 11.64-9.09l6-24c1.89-7.57-3.84-14.91-11.65-14.91zm-352.06-17.83c7.29-18.22 24.94-30.17 44.57-30.17h127c19.63 0 37.28 11.95 44.57 30.17L384 208H128l19.93-49.83zM96 319.8c-19.2 0-32-12.76-32-31.9S76.8 256 96 256s48 28.71 48 47.85-28.8 15.95-48 15.95zm320 0c-19.2 0-48 3.19-48-15.95S396.8 256 416 256s32 12.76 32 31.9-12.8 31.9-32 31.9z\"><\/path><\/svg>                        <\/a>\r\n                    <\/div>\r\n                                                    <div class=\"elementor-icon-box-content\">\r\n\t\t\t\t\t                    <h3 class=\"elementor-icon-box-title \">\r\n                        <a href=\"https:\/\/yemeni-dreams.com\/car-reservation\/\"  style=\"display:block;\">\r\n\r\n                         Location de voitures                        <\/a>\r\n                    <\/h3>\r\n\r\n                                    <\/div>\r\n            <\/div>\r\n            \t\t\t\t<\/div>\n\t\t\t\t<\/div>\n\t\t\t\t<\/div>\n\t\t\t\t\t<\/div>\n\t\t\t\t<\/div>\n\t\t<div class=\"elementor-element elementor-element-183d3840 e-flex e-con-boxed e-con e-parent\" data-id=\"183d3840\" data-element_type=\"container\" data-e-type=\"container\" data-settings=\"{&quot;background_background&quot;:&quot;classic&quot;}\">\n\t\t\t\t\t<div class=\"e-con-inner\">\n\t\t<div class=\"elementor-element elementor-element-7d382918 e-con-full e-flex e-con e-child\" data-id=\"7d382918\" data-element_type=\"container\" data-e-type=\"container\">\n\t\t\t\t<div class=\"elementor-element elementor-element-1ceba182 st-overflow-hidden st-border-radius-8 animated-slow elementor-invisible elementor-widget elementor-widget-image\" data-id=\"1ceba182\" data-element_type=\"widget\" data-e-type=\"widget\" data-settings=\"{&quot;_animation&quot;:&quot;fadeIn&quot;}\" data-widget_type=\"image.default\">\n\t\t\t\t\t\t\t\t\t\t\t\t\t\t\t<img fetchpriority=\"high\" decoding=\"async\" width=\"603\" height=\"400\" src=\"https:\/\/yemeni-dreams.com\/wp-content\/uploads\/2025\/08\/our-serivec.jpg\" class=\"elementor-animation-grow attachment-full size-full wp-image-3317\" alt=\"\" srcset=\"https:\/\/yemeni-dreams.com\/wp-content\/uploads\/2025\/08\/our-serivec.jpg 603w, https:\/\/yemeni-dreams.com\/wp-content\/uploads\/2025\/08\/our-serivec-768x509.jpg 768w, https:\/\/yemeni-dreams.com\/wp-content\/uploads\/2025\/08\/our-serivec-18x12.jpg 18w\" sizes=\"(max-width: 603px) 100vw, 603px\" \/>\t\t\t\t\t\t\t\t\t\t\t\t\t\t\t<\/div>\n\t\t\t\t<\/div>\n\t\t<div class=\"elementor-element elementor-element-7d257f68 e-con-full e-flex e-con e-child\" data-id=\"7d257f68\" data-element_type=\"container\" data-e-type=\"container\">\n\t\t\t\t<div class=\"elementor-element elementor-element-371ca573 animated-slow elementor-invisible elementor-widget elementor-widget-heading\" data-id=\"371ca573\" data-element_type=\"widget\" data-e-type=\"widget\" data-settings=\"{&quot;_animation&quot;:&quot;fadeIn&quot;,&quot;_animation_delay&quot;:100}\" data-widget_type=\"heading.default\">\n\t\t\t\t\t<h2 class=\"elementor-heading-title elementor-size-default\">Nos connaissances sp\u00e9cialis\u00e9es et notre service personnalis\u00e9 cr\u00e9eront pour vous des vacances plus int\u00e9ressantes et aventureuses. \n<\/h2>\t\t\t\t<\/div>\n\t\t\t\t<\/div>\n\t\t\t\t\t<\/div>\n\t\t\t\t<\/div>\n\t\t<div class=\"elementor-element elementor-element-30bc653 e-con-full e-flex e-con e-parent\" data-id=\"30bc653\" data-element_type=\"container\" data-e-type=\"container\" data-settings=\"{&quot;background_background&quot;:&quot;classic&quot;}\">\n\t\t<div class=\"elementor-element elementor-element-7e0e28e e-con-full e-flex e-con e-child\" data-id=\"7e0e28e\" data-element_type=\"container\" data-e-type=\"container\">\n\t\t\t\t<div class=\"elementor-element elementor-element-beb11f3 animated-slow elementor-invisible elementor-widget elementor-widget-heading\" data-id=\"beb11f3\" data-element_type=\"widget\" data-e-type=\"widget\" data-settings=\"{&quot;_animation&quot;:&quot;fadeIn&quot;,&quot;_animation_delay&quot;:100}\" data-widget_type=\"heading.default\">\n\t\t\t\t\t<h2 class=\"elementor-heading-title elementor-size-default\">Notre service courtois ne s'arr\u00eate pas avec votre r\u00e9servation, mais est maintenu tout au long de votre s\u00e9jour. \n<\/h2>\t\t\t\t<\/div>\n\t\t\t\t<\/div>\n\t\t<div class=\"elementor-element elementor-element-5585a6a e-con-full e-flex e-con e-child\" data-id=\"5585a6a\" data-element_type=\"container\" data-e-type=\"container\">\n\t\t\t\t<div class=\"elementor-element elementor-element-580ab87 st-overflow-hidden st-border-radius-8 animated-slow elementor-invisible elementor-widget elementor-widget-image\" data-id=\"580ab87\" data-element_type=\"widget\" data-e-type=\"widget\" data-settings=\"{&quot;_animation&quot;:&quot;fadeIn&quot;}\" data-widget_type=\"image.default\">\n\t\t\t\t\t\t\t\t\t\t\t\t\t\t\t<img decoding=\"async\" width=\"800\" height=\"531\" src=\"https:\/\/yemeni-dreams.com\/wp-content\/uploads\/2025\/07\/DSC9786.jpg\" class=\"elementor-animation-grow attachment-full size-full wp-image-3318\" alt=\"\" srcset=\"https:\/\/yemeni-dreams.com\/wp-content\/uploads\/2025\/07\/DSC9786.jpg 800w, https:\/\/yemeni-dreams.com\/wp-content\/uploads\/2025\/07\/DSC9786-768x509.jpg 768w, https:\/\/yemeni-dreams.com\/wp-content\/uploads\/2025\/07\/DSC9786-600x398.jpg 600w\" sizes=\"(max-width: 800px) 100vw, 800px\" \/>\t\t\t\t\t\t\t\t\t\t\t\t\t\t\t<\/div>\n\t\t\t\t<\/div>\n\t\t\t\t<\/div>\n\t\t<div class=\"elementor-element elementor-element-631a796 e-con-full e-flex e-con e-parent\" data-id=\"631a796\" data-element_type=\"container\" data-e-type=\"container\" data-settings=\"{&quot;background_background&quot;:&quot;classic&quot;}\">\n\t\t<div class=\"elementor-element elementor-element-43b34e6 e-con-full e-flex e-con e-child\" data-id=\"43b34e6\" data-element_type=\"container\" data-e-type=\"container\">\n\t\t\t\t<div class=\"elementor-element elementor-element-6da4935 st-overflow-hidden st-border-radius-8 animated-slow elementor-invisible elementor-widget elementor-widget-image\" data-id=\"6da4935\" data-element_type=\"widget\" data-e-type=\"widget\" data-settings=\"{&quot;_animation&quot;:&quot;fadeIn&quot;}\" data-widget_type=\"image.default\">\n\t\t\t\t\t\t\t\t\t\t\t\t\t\t\t<img loading=\"lazy\" decoding=\"async\" width=\"600\" height=\"398\" src=\"https:\/\/yemeni-dreams.com\/wp-content\/uploads\/2025\/07\/Had17.jpg\" class=\"elementor-animation-grow attachment-full size-full wp-image-3319\" alt=\"\" srcset=\"https:\/\/yemeni-dreams.com\/wp-content\/uploads\/2025\/07\/Had17.jpg 600w, https:\/\/yemeni-dreams.com\/wp-content\/uploads\/2025\/07\/Had17-768x509.jpg 768w\" sizes=\"(max-width: 600px) 100vw, 600px\" \/>\t\t\t\t\t\t\t\t\t\t\t\t\t\t\t<\/div>\n\t\t\t\t<\/div>\n\t\t<div class=\"elementor-element elementor-element-f2dd74a e-con-full e-flex e-con e-child\" data-id=\"f2dd74a\" data-element_type=\"container\" data-e-type=\"container\">\n\t\t\t\t<div class=\"elementor-element elementor-element-80ec6c2 animated-slow elementor-invisible elementor-widget elementor-widget-heading\" data-id=\"80ec6c2\" data-element_type=\"widget\" data-e-type=\"widget\" data-settings=\"{&quot;_animation&quot;:&quot;fadeIn&quot;,&quot;_animation_delay&quot;:100}\" data-widget_type=\"heading.default\">\n\t\t\t\t\t<h2 class=\"elementor-heading-title elementor-size-default\">Pour un voyage d'aventure s\u00fbr et agr\u00e9able, une pr\u00e9paration minutieuse est primordiale. \u00c0 cet \u00e9gard, le d\u00e9vouement de Yemeni Dreams Services est incomparable.  \n<\/h2>\t\t\t\t<\/div>\n\t\t\t\t<\/div>\n\t\t\t\t<\/div>\n\t\t<div class=\"elementor-element elementor-element-35821f3 e-con-full e-flex e-con e-parent\" data-id=\"35821f3\" data-element_type=\"container\" data-e-type=\"container\" data-settings=\"{&quot;background_background&quot;:&quot;classic&quot;}\">\n\t\t<div class=\"elementor-element elementor-element-45f2ab1 e-con-full e-flex e-con e-child\" data-id=\"45f2ab1\" data-element_type=\"container\" data-e-type=\"container\">\n\t\t\t\t<div class=\"elementor-element elementor-element-bf879b2 animated-slow elementor-invisible elementor-widget elementor-widget-heading\" data-id=\"bf879b2\" data-element_type=\"widget\" data-e-type=\"widget\" data-settings=\"{&quot;_animation&quot;:&quot;fadeIn&quot;,&quot;_animation_delay&quot;:100}\" data-widget_type=\"heading.default\">\n\t\t\t\t\t<h2 class=\"elementor-heading-title elementor-size-default\">Nos guides, porteurs et cuisiniers exp\u00e9riment\u00e9s accordent une attention particuli\u00e8re \u00e0 l'organisation du voyage, \u00e0 la pr\u00e9paration d'une nourriture saine et de qualit\u00e9 et \u00e0 des r\u00e8gles d'hygi\u00e8ne strictes.\n<\/h2>\t\t\t\t<\/div>\n\t\t\t\t<\/div>\n\t\t<div class=\"elementor-element elementor-element-a008da8 e-con-full e-flex e-con e-child\" data-id=\"a008da8\" data-element_type=\"container\" data-e-type=\"container\">\n\t\t\t\t<div class=\"elementor-element elementor-element-6aa57ff st-overflow-hidden st-border-radius-8 animated-slow elementor-invisible elementor-widget elementor-widget-image\" data-id=\"6aa57ff\" data-element_type=\"widget\" data-e-type=\"widget\" data-settings=\"{&quot;_animation&quot;:&quot;fadeIn&quot;}\" data-widget_type=\"image.default\">\n\t\t\t\t\t\t\t\t\t\t\t\t\t\t\t<img loading=\"lazy\" decoding=\"async\" width=\"600\" height=\"398\" src=\"https:\/\/yemeni-dreams.com\/wp-content\/uploads\/2025\/07\/Had20.jpg\" class=\"elementor-animation-grow attachment-full size-full wp-image-3320\" alt=\"\" srcset=\"https:\/\/yemeni-dreams.com\/wp-content\/uploads\/2025\/07\/Had20.jpg 600w, https:\/\/yemeni-dreams.com\/wp-content\/uploads\/2025\/07\/Had20-768x509.jpg 768w\" sizes=\"(max-width: 600px) 100vw, 600px\" \/>\t\t\t\t\t\t\t\t\t\t\t\t\t\t\t<\/div>\n\t\t\t\t<\/div>\n\t\t\t\t<\/div>\n\t\t<div class=\"elementor-element elementor-element-31f7e9f e-con-full e-flex e-con e-parent\" data-id=\"31f7e9f\" data-element_type=\"container\" data-e-type=\"container\" data-settings=\"{&quot;background_background&quot;:&quot;classic&quot;}\">\n\t\t<div class=\"elementor-element elementor-element-99edf1c e-con-full e-flex e-con e-child\" data-id=\"99edf1c\" data-element_type=\"container\" data-e-type=\"container\">\n\t\t\t\t<div class=\"elementor-element elementor-element-8d285a4 st-overflow-hidden st-border-radius-8 animated-slow elementor-invisible elementor-widget elementor-widget-image\" data-id=\"8d285a4\" data-element_type=\"widget\" data-e-type=\"widget\" data-settings=\"{&quot;_animation&quot;:&quot;fadeIn&quot;}\" data-widget_type=\"image.default\">\n\t\t\t\t\t\t\t\t\t\t\t\t\t\t\t<img loading=\"lazy\" decoding=\"async\" width=\"600\" height=\"398\" src=\"https:\/\/yemeni-dreams.com\/wp-content\/uploads\/2025\/07\/Had28.jpg\" class=\"elementor-animation-grow attachment-full size-full wp-image-3321\" alt=\"\" srcset=\"https:\/\/yemeni-dreams.com\/wp-content\/uploads\/2025\/07\/Had28.jpg 600w, https:\/\/yemeni-dreams.com\/wp-content\/uploads\/2025\/07\/Had28-768x509.jpg 768w\" sizes=\"(max-width: 600px) 100vw, 600px\" \/>\t\t\t\t\t\t\t\t\t\t\t\t\t\t\t<\/div>\n\t\t\t\t<\/div>\n\t\t<div class=\"elementor-element elementor-element-4ae1da5 e-con-full e-flex e-con e-child\" data-id=\"4ae1da5\" data-element_type=\"container\" data-e-type=\"container\">\n\t\t\t\t<div class=\"elementor-element elementor-element-3168549 animated-slow elementor-invisible elementor-widget elementor-widget-heading\" data-id=\"3168549\" data-element_type=\"widget\" data-e-type=\"widget\" data-settings=\"{&quot;_animation&quot;:&quot;fadeIn&quot;,&quot;_animation_delay&quot;:100}\" data-widget_type=\"heading.default\">\n\t\t\t\t\t<h2 class=\"elementor-heading-title elementor-size-default\">Nos employ\u00e9s sont bien pay\u00e9s, nos circuits sont assur\u00e9s et correctement \u00e9quip\u00e9s. \n<\/h2>\t\t\t\t<\/div>\n\t\t\t\t<\/div>\n\t\t\t\t<\/div>\n\t\t<div class=\"elementor-element elementor-element-55eb8141 e-flex e-con-boxed e-con e-parent\" data-id=\"55eb8141\" data-element_type=\"container\" data-e-type=\"container\">\n\t\t\t\t\t<div class=\"e-con-inner\">\n\t\t<div class=\"elementor-element elementor-element-6253807c e-flex e-con-boxed e-con e-child\" data-id=\"6253807c\" data-element_type=\"container\" data-e-type=\"container\" data-settings=\"{&quot;background_background&quot;:&quot;classic&quot;}\">\n\t\t\t\t\t<div class=\"e-con-inner\">\n\t\t\t\t<div class=\"elementor-element elementor-element-6179deef elementor-widget__width-initial elementor-widget-mobile__width-inherit elementor-widget elementor-widget-heading\" data-id=\"6179deef\" data-element_type=\"widget\" data-e-type=\"widget\" data-widget_type=\"heading.default\">\n\t\t\t\t\t<div class=\"elementor-heading-title elementor-size-default\">Tous les invit\u00e9s sont accueillis \u00e0 l'a\u00e9roport et - gr\u00e2ce \u00e0 nous - les transferts se font sans stress.\n<\/div>\t\t\t\t<\/div>\n\t\t\t\t\t<\/div>\n\t\t\t\t<\/div>\n\t\t<div class=\"elementor-element elementor-element-70ea5bd3 e-flex e-con-boxed e-con e-child\" data-id=\"70ea5bd3\" data-element_type=\"container\" data-e-type=\"container\">\n\t\t\t\t\t<div class=\"e-con-inner\">\n\t\t<div class=\"elementor-element elementor-element-4c11d8f1 e-con-full e-flex e-con e-child\" data-id=\"4c11d8f1\" data-element_type=\"container\" data-e-type=\"container\" data-settings=\"{&quot;background_background&quot;:&quot;classic&quot;}\">\n\t\t\t\t<div class=\"elementor-element elementor-element-1554ece elementor-widget__width-initial elementor-widget-mobile__width-inherit elementor-widget elementor-widget-heading\" data-id=\"1554ece\" data-element_type=\"widget\" data-e-type=\"widget\" data-widget_type=\"heading.default\">\n\t\t\t\t\t<div class=\"elementor-heading-title elementor-size-default\">Nous vous fournissons des informations claires sur le co\u00fbt de votre voyage afin que vous soyez pleinement inform\u00e9 des \u00e9ventuels frais suppl\u00e9mentaires. Pas de mauvaises surprises ! \n<\/div>\t\t\t\t<\/div>\n\t\t\t\t<\/div>\n\t\t<div class=\"elementor-element elementor-element-72539700 e-con-full e-flex e-con e-child\" data-id=\"72539700\" data-element_type=\"container\" data-e-type=\"container\" data-settings=\"{&quot;background_background&quot;:&quot;classic&quot;}\">\n\t\t\t\t<div class=\"elementor-element elementor-element-20735101 elementor-widget__width-initial elementor-widget-mobile__width-inherit elementor-widget elementor-widget-heading\" data-id=\"20735101\" data-element_type=\"widget\" data-e-type=\"widget\" data-widget_type=\"heading.default\">\n\t\t\t\t\t<div class=\"elementor-heading-title elementor-size-default\">Nous encourageons les commentaires de nos clients et les utilisons pour am\u00e9liorer constamment nos services.<\/div>\t\t\t\t<\/div>\n\t\t\t\t<\/div>\n\t\t\t\t\t<\/div>\n\t\t\t\t<\/div>\n\t\t\t\t\t<\/div>\n\t\t\t\t<\/div>\n\t\t\t\t<\/div>\n\t\t","protected":false},"excerpt":{"rendered":"<p>Notre service Yemeni Dreams propose une gamme compl\u00e8te de services de voyage int\u00e9gr\u00e9s aux Y\u00e9m\u00e9nites et aux visiteurs. Nous pouvons vous accompagner dans la planification et l&rsquo;organisation de voyages individuels et de groupes. Nous offrons \u00e0 nos clients l\u2019opportunit\u00e9 de d\u00e9couvrir les coutumes et le mode de vie traditionnel y\u00e9m\u00e9nites. Forfaits touristiques Location de voitures [&hellip;]<\/p>\n","protected":false},"author":1,"featured_media":3316,"parent":0,"menu_order":0,"comment_status":"closed","ping_status":"closed","template":"","meta":{"footnotes":""},"class_list":["post-3540","page","type-page","status-publish","has-post-thumbnail","hentry"],"_links":{"self":[{"href":"http:\/\/yemeni-dreams.com\/fr\/wp-json\/wp\/v2\/pages\/3540","targetHints":{"allow":["GET"]}}],"collection":[{"href":"http:\/\/yemeni-dreams.com\/fr\/wp-json\/wp\/v2\/pages"}],"about":[{"href":"http:\/\/yemeni-dreams.com\/fr\/wp-json\/wp\/v2\/types\/page"}],"author":[{"embeddable":true,"href":"http:\/\/yemeni-dreams.com\/fr\/wp-json\/wp\/v2\/users\/1"}],"replies":[{"embeddable":true,"href":"http:\/\/yemeni-dreams.com\/fr\/wp-json\/wp\/v2\/comments?post=3540"}],"version-history":[{"count":4,"href":"http:\/\/yemeni-dreams.com\/fr\/wp-json\/wp\/v2\/pages\/3540\/revisions"}],"predecessor-version":[{"id":7694,"href":"http:\/\/yemeni-dreams.com\/fr\/wp-json\/wp\/v2\/pages\/3540\/revisions\/7694"}],"wp:featuredmedia":[{"embeddable":true,"href":"http:\/\/yemeni-dreams.com\/fr\/wp-json\/wp\/v2\/media\/3316"}],"wp:attachment":[{"href":"http:\/\/yemeni-dreams.com\/fr\/wp-json\/wp\/v2\/media?parent=3540"}],"curies":[{"name":"wp","href":"https:\/\/api.w.org\/{rel}","templated":true}]}}