{"id":3542,"date":"2025-07-07T20:03:00","date_gmt":"2025-07-07T20:03:00","guid":{"rendered":"https:\/\/yemeni-dreams.com\/politique-de-confidentialite\/"},"modified":"2025-10-21T20:40:24","modified_gmt":"2025-10-21T20:40:24","slug":"politique-de-confidentialite","status":"publish","type":"page","link":"http:\/\/yemeni-dreams.com\/fr\/politique-de-confidentialite\/","title":{"rendered":"politique de confidentialit\u00e9"},"content":{"rendered":"\t\t<div data-elementor-type=\"wp-page\" data-elementor-id=\"3542\" class=\"elementor elementor-3542 elementor-294\">\n\t\t\t\t<div class=\"elementor-element elementor-element-f985524 e-flex e-con-boxed e-con e-parent\" data-id=\"f985524\" data-element_type=\"container\" data-e-type=\"container\">\n\t\t\t\t\t<div class=\"e-con-inner\">\n\t\t\t\t<div class=\"elementor-element elementor-element-ca592e5 elementor-widget elementor-widget-heading\" data-id=\"ca592e5\" data-element_type=\"widget\" data-e-type=\"widget\" data-widget_type=\"heading.default\">\n\t\t\t\t\t<h2 class=\"elementor-heading-title elementor-size-default\"><h2 data-start=\"275\" data-end=\"294\">politique de confidentialit\u00e9<\/h2><\/h2>\t\t\t\t<\/div>\n\t\t\t\t<div class=\"elementor-element elementor-element-59a91dc elementor-widget elementor-widget-text-editor\" data-id=\"59a91dc\" data-element_type=\"widget\" data-e-type=\"widget\" data-widget_type=\"text-editor.default\">\n\t\t\t\t\t\t\t\t\t<p data-start=\"295\" data-end=\"362\">Date d&rsquo;entr\u00e9e en vigueur : 1er juin 2002<br data-start=\"328\" data-end=\"331\">Derni\u00e8re mise \u00e0 jour : 3 ao\u00fbt 2025<\/p><p data-start=\"364\" data-end=\"626\"><span style=\"font-size: 14pt;\">Bienvenue chez <strong data-start=\"375\" data-end=\"392\"><a class=\"\" href=\"https:\/\/www.yemeni-dreams.com\" target=\"_new\" rel=\"noopener\" data-start=\"394\" data-end=\"423\">Yemeni Dreams <\/a><\/strong>(https:\/\/www.yemeni-dreams.com). Nous nous engageons \u00e0 prot\u00e9ger vos informations personnelles et votre droit \u00e0 la vie priv\u00e9e. Cette politique de confidentialit\u00e9 explique quelles informations nous collectons, comment nous les utilisons et quels sont vos droits \u00e0 leur \u00e9gard.  <\/span><\/p><h3 data-start=\"628\" data-end=\"657\"><span style=\"font-size: 14pt;\">1. Informations que nous collectons<\/span><\/h3><p data-start=\"658\" data-end=\"738\"><span style=\"font-size: 14pt;\">We may collect personal information that you voluntarily provide to us when you:<\/span><\/p><ul data-start=\"739\" data-end=\"920\"><li data-start=\"739\" data-end=\"777\"><p data-start=\"741\" data-end=\"777\"><span style=\"font-size: 14pt;\">Contactez-nous via les formulaires de notre site Web<\/span><\/p><\/li><li data-start=\"778\" data-end=\"810\"><p data-start=\"780\" data-end=\"810\"><span style=\"font-size: 14pt;\">R\u00e9servez une visite ou demandez un devis<\/span><\/p><\/li><li data-start=\"811\" data-end=\"840\"><p data-start=\"813\" data-end=\"840\"><span style=\"font-size: 14pt;\">Abonnez-vous \u00e0 notre newsletter<\/span><\/p><\/li><li data-start=\"841\" data-end=\"920\"><p data-start=\"843\" data-end=\"920\"><span style=\"font-size: 14pt;\">Communiquez avec nous par e-mail, t\u00e9l\u00e9phone ou plateformes de messagerie (par exemple, WhatsApp)<\/span><\/p><\/li><\/ul><p data-start=\"922\" data-end=\"970\"><span style=\"font-size: 14pt;\">Les informations personnelles que nous collectons peuvent inclure :<\/span><\/p><ul data-start=\"971\" data-end=\"1057\"><li data-start=\"971\" data-end=\"982\"><p data-start=\"973\" data-end=\"982\"><span style=\"font-size: 14pt;\">Nom et pr\u00e9nom<\/span><\/p><\/li><li data-start=\"983\" data-end=\"998\"><p data-start=\"985\" data-end=\"998\"><span style=\"font-size: 14pt;\">Adresse email<\/span><\/p><\/li><li data-start=\"999\" data-end=\"1013\"><p data-start=\"1001\" data-end=\"1013\"><span style=\"font-size: 14pt;\">Num\u00e9ro de t\u00e9l\u00e9phone<\/span><\/p><\/li><li data-start=\"1014\" data-end=\"1036\"><p data-start=\"1016\" data-end=\"1036\"><span style=\"font-size: 14pt;\">Pays de r\u00e9sidence<\/span><\/p><\/li><li data-start=\"1037\" data-end=\"1057\"><p data-start=\"1039\" data-end=\"1057\"><span style=\"font-size: 14pt;\">Pr\u00e9f\u00e9rences de voyage<\/span><\/p><\/li><\/ul><h3 data-start=\"1059\" data-end=\"1093\"><span style=\"font-size: 14pt;\">2. Comment nous utilisons vos informations<\/span><\/h3><p data-start=\"1094\" data-end=\"1131\"><span style=\"font-size: 14pt;\">Nous utilisons les informations que nous collectons pour :<\/span><\/p><ul data-start=\"1132\" data-end=\"1344\"><li data-start=\"1132\" data-end=\"1172\"><p data-start=\"1134\" data-end=\"1172\"><span style=\"font-size: 14pt;\">R\u00e9pondre \u00e0 vos demandes et r\u00e9servations<\/span><\/p><\/li><li data-start=\"1173\" data-end=\"1199\"><p data-start=\"1175\" data-end=\"1199\"><span style=\"font-size: 14pt;\">Fournir un support client<\/span><\/p><\/li><li data-start=\"1200\" data-end=\"1247\"><p data-start=\"1202\" data-end=\"1247\"><span style=\"font-size: 14pt;\">Vous envoyer des mises \u00e0 jour sur vos visites ou demandes<\/span><\/p><\/li><li data-start=\"1248\" data-end=\"1309\"><p data-start=\"1250\" data-end=\"1309\"><span style=\"font-size: 14pt;\">Envoyer des offres promotionnelles ou des newsletters (uniquement si vous vous inscrivez)<\/span><\/p><\/li><li data-start=\"1310\" data-end=\"1344\"><p data-start=\"1312\" data-end=\"1344\"><span style=\"font-size: 14pt;\">Am\u00e9liorer nos services et notre site Web<\/span><\/p><\/li><\/ul><h3 data-start=\"1346\" data-end=\"1377\"><span style=\"font-size: 14pt;\">3. Partage de vos informations<\/span><\/h3><p data-start=\"1378\" data-end=\"1463\"><span style=\"font-size: 14pt;\">Nous ne vendons, n&rsquo;\u00e9changeons ni ne louons vos informations personnelles. Nous pouvons partager des donn\u00e9es avec : <\/span><\/p><ul data-start=\"1464\" data-end=\"1612\"><li data-start=\"1464\" data-end=\"1540\"><p data-start=\"1466\" data-end=\"1540\"><span style=\"font-size: 14pt;\">Des prestataires de services de confiance qui nous aident \u00e0 g\u00e9rer le site Web et \u00e0 fournir des services<\/span><\/p><\/li><li data-start=\"1541\" data-end=\"1612\"><p data-start=\"1543\" data-end=\"1612\"><span style=\"font-size: 14pt;\">Les autorit\u00e9s gouvernementales uniquement si la loi l&rsquo;exige ou pour des raisons de s\u00e9curit\u00e9<\/span><\/p><\/li><\/ul><h3 data-start=\"1614\" data-end=\"1642\"><span style=\"font-size: 14pt;\">4. Cookies et analyses<\/span><\/h3><p data-start=\"1643\" data-end=\"1831\"><span style=\"font-size: 14pt;\">Nous pouvons utiliser des cookies ou des outils de suivi (par exemple, Google Analytics) pour am\u00e9liorer les performances du site web et comprendre le comportement des visiteurs. Vous pouvez d\u00e9sactiver les cookies dans les param\u00e8tres de votre navigateur si vous le souhaitez. <\/span><\/p><h3 data-start=\"1833\" data-end=\"1853\"><span style=\"font-size: 14pt;\">5. S\u00e9curit\u00e9 des donn\u00e9es<\/span><\/h3><p data-start=\"1854\" data-end=\"1989\"><span style=\"font-size: 14pt;\">Nous prenons des mesures de s\u00e9curit\u00e9 appropri\u00e9es pour prot\u00e9ger vos informations. Cependant, aucune m\u00e9thode de transmission sur Internet n&rsquo;est s\u00fbre \u00e0 100 %. <\/span><\/p><h3 data-start=\"1991\" data-end=\"2009\"><span style=\"font-size: 14pt;\">6. Vos droits<\/span><\/h3><p data-start=\"2010\" data-end=\"2032\"><span style=\"font-size: 14pt;\">Vous avez le droit de :<\/span><\/p><ul data-start=\"2033\" data-end=\"2224\"><li data-start=\"2033\" data-end=\"2077\"><p data-start=\"2035\" data-end=\"2077\"><span style=\"font-size: 14pt;\">Acc\u00e9der aux donn\u00e9es personnelles que nous d\u00e9tenons \u00e0 votre sujet<\/span><\/p><\/li><li data-start=\"2078\" data-end=\"2110\"><p data-start=\"2080\" data-end=\"2110\"><span style=\"font-size: 14pt;\">Demander des corrections ou des mises \u00e0 jour<\/span><\/p><\/li><li data-start=\"2111\" data-end=\"2176\"><p data-start=\"2113\" data-end=\"2176\"><span style=\"font-size: 14pt;\">Demandez-nous de supprimer vos donn\u00e9es (sauf si la loi vous oblige \u00e0 les conserver)<\/span><\/p><\/li><li data-start=\"2177\" data-end=\"2224\"><p data-start=\"2179\" data-end=\"2224\"><span style=\"font-size: 14pt;\">Retirer le consentement aux communications marketing<\/span><\/p><\/li><\/ul><p data-start=\"2226\" data-end=\"2292\"><span style=\"font-size: 14pt;\">Pour exercer vos droits, contactez-nous \u00e0 <a class=\"cursor-pointer\" rel=\"noopener\" data-start=\"2268\" data-end=\"2290\">: info@yemeni-dreams.com<\/a><\/span><\/p><h3 data-start=\"2294\" data-end=\"2318\"><span style=\"font-size: 14pt;\">7. Third-Party Links<\/span><\/h3><p data-start=\"2319\" data-end=\"2441\"><span style=\"font-size: 14pt;\">Notre site web peut contenir des liens vers d&rsquo;autres sites. Nous ne sommes pas responsables des pratiques de confidentialit\u00e9 de ces sites externes. <\/span><\/p><h3 data-start=\"2443\" data-end=\"2472\"><span style=\"font-size: 14pt;\">8. Modifications de cette politique<\/span><\/h3><p data-start=\"2473\" data-end=\"2607\"><span style=\"font-size: 14pt;\">Nous sommes susceptibles de mettre \u00e0 jour cette Politique de confidentialit\u00e9 de temps \u00e0 autre. Nous publierons la version mise \u00e0 jour sur cette page et mettrons \u00e0 jour la date de \u00ab Derni\u00e8re mise \u00e0 jour \u00bb. <\/span><\/p><p data-start=\"2698\" data-end=\"2715\"> <\/p>\t\t\t\t\t\t\t\t<\/div>\n\t\t\t\t\t<\/div>\n\t\t\t\t<\/div>\n\t\t\t\t<\/div>\n\t\t","protected":false},"excerpt":{"rendered":"<p>politique de confidentialit\u00e9 Date d&rsquo;entr\u00e9e en vigueur : 1er juin 2002Derni\u00e8re mise \u00e0 jour : 3 ao\u00fbt 2025 Bienvenue chez Yemeni Dreams (https:\/\/www.yemeni-dreams.com). Nous nous engageons \u00e0 prot\u00e9ger vos informations personnelles et votre droit \u00e0 la vie priv\u00e9e. Cette politique de confidentialit\u00e9 explique quelles informations nous collectons, comment nous les utilisons et quels sont vos [&hellip;]<\/p>\n","protected":false},"author":2,"featured_media":0,"parent":0,"menu_order":0,"comment_status":"closed","ping_status":"closed","template":"","meta":{"footnotes":""},"class_list":["post-3542","page","type-page","status-publish","has-post-thumbnail","hentry"],"_links":{"self":[{"href":"http:\/\/yemeni-dreams.com\/fr\/wp-json\/wp\/v2\/pages\/3542","targetHints":{"allow":["GET"]}}],"collection":[{"href":"http:\/\/yemeni-dreams.com\/fr\/wp-json\/wp\/v2\/pages"}],"about":[{"href":"http:\/\/yemeni-dreams.com\/fr\/wp-json\/wp\/v2\/types\/page"}],"author":[{"embeddable":true,"href":"http:\/\/yemeni-dreams.com\/fr\/wp-json\/wp\/v2\/users\/2"}],"replies":[{"embeddable":true,"href":"http:\/\/yemeni-dreams.com\/fr\/wp-json\/wp\/v2\/comments?post=3542"}],"version-history":[{"count":0,"href":"http:\/\/yemeni-dreams.com\/fr\/wp-json\/wp\/v2\/pages\/3542\/revisions"}],"wp:attachment":[{"href":"http:\/\/yemeni-dreams.com\/fr\/wp-json\/wp\/v2\/media?parent=3542"}],"curies":[{"name":"wp","href":"https:\/\/api.w.org\/{rel}","templated":true}]}}