{"id":3827,"date":"2025-07-07T17:20:42","date_gmt":"2025-07-07T17:20:42","guid":{"rendered":"https:\/\/yemeni-dreams.com\/recherche-de-tournee\/"},"modified":"2025-12-06T17:15:56","modified_gmt":"2025-12-06T17:15:56","slug":"recherche-de-tournee","status":"publish","type":"page","link":"http:\/\/yemeni-dreams.com\/fr\/recherche-de-tournee\/","title":{"rendered":"Recherche de circuits"},"content":{"rendered":"\t\t<div data-elementor-type=\"wp-page\" data-elementor-id=\"3827\" class=\"elementor elementor-3827 elementor-238\">\n\t\t\t\t<div class=\"elementor-element elementor-element-4044900 e-flex e-con-boxed e-con e-parent\" data-id=\"4044900\" data-element_type=\"container\" data-e-type=\"container\">\n\t\t\t\t\t<div class=\"e-con-inner\">\n\t\t\t\t<div class=\"elementor-element elementor-element-4ad4859 elementor-widget elementor-widget-heading\" data-id=\"4ad4859\" data-element_type=\"widget\" data-e-type=\"widget\" data-widget_type=\"heading.default\">\n\t\t\t\t\t<h2 class=\"elementor-heading-title elementor-size-default\">D\u00e9couvrez les meilleurs circuits et voyages au Y\u00e9men avec Yemeni Dreams. Parcourez nos circuits \u00e0 Socotra, nos excursions \u00e0 Hadramaout, nos visites de la cit\u00e9 de boue de Shibam, nos s\u00e9jours culturels et nos exp\u00e9riences d'aventure encadr\u00e9es par des experts locaux de confiance. Trouvez le circuit id\u00e9al au Y\u00e9men pour vos projets de voyage.  <\/h2>\t\t\t\t<\/div>\n\t\t\t\t\t<\/div>\n\t\t\t\t<\/div>\n\t\t\t\t<\/div>\n\t\t","protected":false},"excerpt":{"rendered":"<p>D\u00e9couvrez les meilleurs circuits et voyages au Y\u00e9men avec Yemeni Dreams. Parcourez nos circuits \u00e0 Socotra, nos excursions \u00e0 Hadramaout, nos visites de la cit\u00e9 de boue de Shibam, nos s\u00e9jours culturels et nos exp\u00e9riences d&rsquo;aventure encadr\u00e9es par des experts locaux de confiance. Trouvez le circuit id\u00e9al au Y\u00e9men pour vos projets de voyage.<\/p>\n","protected":false},"author":2,"featured_media":7833,"parent":0,"menu_order":0,"comment_status":"closed","ping_status":"closed","template":"template-tour-search.php","meta":{"footnotes":""},"class_list":["post-3827","page","type-page","status-publish","has-post-thumbnail","hentry"],"_links":{"self":[{"href":"http:\/\/yemeni-dreams.com\/fr\/wp-json\/wp\/v2\/pages\/3827","targetHints":{"allow":["GET"]}}],"collection":[{"href":"http:\/\/yemeni-dreams.com\/fr\/wp-json\/wp\/v2\/pages"}],"about":[{"href":"http:\/\/yemeni-dreams.com\/fr\/wp-json\/wp\/v2\/types\/page"}],"author":[{"embeddable":true,"href":"http:\/\/yemeni-dreams.com\/fr\/wp-json\/wp\/v2\/users\/2"}],"replies":[{"embeddable":true,"href":"http:\/\/yemeni-dreams.com\/fr\/wp-json\/wp\/v2\/comments?post=3827"}],"version-history":[{"count":9,"href":"http:\/\/yemeni-dreams.com\/fr\/wp-json\/wp\/v2\/pages\/3827\/revisions"}],"predecessor-version":[{"id":8171,"href":"http:\/\/yemeni-dreams.com\/fr\/wp-json\/wp\/v2\/pages\/3827\/revisions\/8171"}],"wp:featuredmedia":[{"embeddable":true,"href":"http:\/\/yemeni-dreams.com\/fr\/wp-json\/wp\/v2\/media\/7833"}],"wp:attachment":[{"href":"http:\/\/yemeni-dreams.com\/fr\/wp-json\/wp\/v2\/media?parent=3827"}],"curies":[{"name":"wp","href":"https:\/\/api.w.org\/{rel}","templated":true}]}}