{"id":3909,"date":"2025-08-25T19:54:14","date_gmt":"2025-08-25T19:54:14","guid":{"rendered":"https:\/\/yemeni-dreams.com\/visiter-le-yemen\/"},"modified":"2025-11-05T18:03:22","modified_gmt":"2025-11-05T18:03:22","slug":"visiter-le-yemen","status":"publish","type":"page","link":"http:\/\/yemeni-dreams.com\/fr\/visiter-le-yemen\/","title":{"rendered":"Visitez le Y\u00e9men"},"content":{"rendered":"\t\t<div data-elementor-type=\"wp-page\" data-elementor-id=\"3909\" class=\"elementor elementor-3909 elementor-2660\">\n\t\t\t\t<div class=\"elementor-element elementor-element-5d0b7bd0 e-con-full e-flex e-con e-parent\" data-id=\"5d0b7bd0\" data-element_type=\"container\" data-e-type=\"container\" data-settings=\"{&quot;background_background&quot;:&quot;classic&quot;}\">\n\t\t<div class=\"elementor-element elementor-element-6f1bc8e7 e-flex e-con-boxed e-con e-child\" data-id=\"6f1bc8e7\" data-element_type=\"container\" data-e-type=\"container\">\n\t\t\t\t\t<div class=\"e-con-inner\">\n\t\t\t\t<div class=\"elementor-element elementor-element-546da672 elementor-widget elementor-widget-heading\" data-id=\"546da672\" data-element_type=\"widget\" data-e-type=\"widget\" data-widget_type=\"heading.default\">\n\t\t\t\t\t<h2 class=\"elementor-heading-title elementor-size-default\">Visite au Y\u00e9men<\/h2>\t\t\t\t<\/div>\n\t\t\t\t<div class=\"elementor-element elementor-element-000566c elementor-widget__width-initial elementor-widget elementor-widget-text-editor\" data-id=\"000566c\" data-element_type=\"widget\" data-e-type=\"widget\" data-widget_type=\"text-editor.default\">\n\t\t\t\t\t\t\t\t\t<p><strong><span style=\"color: #000000;\">Le Y\u00e9men offre des paysages impressionnants et une culture riche. &#8211; Sanaa et Aden sont des centres culturels \u00e0 l&rsquo;architecture fascinante. &#8211; La cuisine y\u00e9m\u00e9nite est vari\u00e9e et un d\u00e9lice pour les gourmets. &#8211; La diversit\u00e9 ethnique enrichit les traditions et les c\u00e9l\u00e9brations. &#8211; La ville du d\u00e9sert de Shibam est surnomm\u00e9e le Manhattan du d\u00e9sert. &#8211; Les merveilles naturelles comme l&rsquo;\u00eele de Socotra sont uniques et biologiquement pr\u00e9cieuses. &#8211; L&rsquo;hospitalit\u00e9 y\u00e9m\u00e9nite est l\u00e9gendaire et chaleureuse. &#8211; La meilleure p\u00e9riode pour voyager se situe entre octobre et avril. La plong\u00e9e et le trekking offrent des activit\u00e9s de plein air passionnantes. &#8211; Renseignez-vous sur les pr\u00e9cautions de s\u00e9curit\u00e9 et les documents requis.         <\/span><\/strong><\/p>\t\t\t\t\t\t\t\t<\/div>\n\t\t\t\t\t<\/div>\n\t\t\t\t<\/div>\n\t\t\t\t<div class=\"elementor-element elementor-element-1ee7e533 animated-slow elementor-invisible elementor-widget elementor-widget-heading\" data-id=\"1ee7e533\" data-element_type=\"widget\" data-e-type=\"widget\" data-settings=\"{&quot;_animation&quot;:&quot;fadeInUp&quot;,&quot;_animation_delay&quot;:100}\" data-widget_type=\"heading.default\">\n\t\t\t\t\t<h3 class=\"elementor-heading-title elementor-size-default\">La culture et l'histoire uniques du Y\u00e9men<\/h3>\t\t\t\t<\/div>\n\t\t<div class=\"elementor-element elementor-element-44c33c6e e-flex e-con-boxed e-con e-child\" data-id=\"44c33c6e\" data-element_type=\"container\" data-e-type=\"container\">\n\t\t\t\t\t<div class=\"e-con-inner\">\n\t\t<div class=\"elementor-element elementor-element-27ad8532 e-con-full e-flex e-con e-child\" data-id=\"27ad8532\" data-element_type=\"container\" data-e-type=\"container\">\n\t\t\t\t<div class=\"elementor-element elementor-element-239c9315 animated-slow elementor-invisible elementor-widget elementor-widget-image\" data-id=\"239c9315\" data-element_type=\"widget\" data-e-type=\"widget\" data-settings=\"{&quot;_animation&quot;:&quot;fadeIn&quot;,&quot;_animation_delay&quot;:200}\" data-widget_type=\"image.default\">\n\t\t\t\t\t\t\t\t\t\t\t\t\t\t\t<img fetchpriority=\"high\" decoding=\"async\" width=\"500\" height=\"550\" src=\"http:\/\/yemeni-dreams.com\/wp-content\/uploads\/2025\/08\/ye3.jpg\" class=\"attachment-large size-large wp-image-3203\" alt=\"\" srcset=\"http:\/\/yemeni-dreams.com\/wp-content\/uploads\/2025\/08\/ye3.jpg 500w, http:\/\/yemeni-dreams.com\/wp-content\/uploads\/2025\/08\/ye3-768x844.jpg 768w\" sizes=\"(max-width: 500px) 100vw, 500px\" \/>\t\t\t\t\t\t\t\t\t\t\t\t\t\t\t<\/div>\n\t\t\t\t<div class=\"elementor-element elementor-element-5f9f220 elementor-widget elementor-widget-text-editor\" data-id=\"5f9f220\" data-element_type=\"widget\" data-e-type=\"widget\" data-widget_type=\"text-editor.default\">\n\t\t\t\t\t\t\t\t\t<p><strong><span style=\"color: #000000;\">La culture et l&rsquo;histoire du Y\u00e9men ont \u00e9t\u00e9 fa\u00e7onn\u00e9es par des influences remarquables au fil des si\u00e8cles. Autrefois un centre commercial prestigieux, la r\u00e9gion b\u00e9n\u00e9ficiait d&rsquo;\u00e9changes interculturels florissants, notamment gr\u00e2ce aux l\u00e9gendaires routes caravani\u00e8res qui transportaient des biens pr\u00e9cieux et des id\u00e9es \u00e0 travers le Moyen-Orient, l&rsquo;Afrique et au-del\u00e0. D&rsquo;anciens royaumes comme celui de Saba et le royaume himyarite ont laiss\u00e9 des structures impressionnantes et des t\u00e9moignages de leurs hautes cultures qui continuent de fasciner aujourd&rsquo;hui. Visitez les sites arch\u00e9ologiques qui t\u00e9moignent de richesse et de prosp\u00e9rit\u00e9, et laissez-vous captiver par les vestiges de ces \u00e9poques. La diversit\u00e9 ethnique du Y\u00e9men se refl\u00e8te dans ses traditions, ses langues et ses pratiques religieuses. Le pays est un m\u00e9lange de tribus et de communaut\u00e9s diff\u00e9rentes, et cette diversit\u00e9 a donn\u00e9 naissance \u00e0 un riche \u00e9ventail de coutumes. Les habitants c\u00e9l\u00e8brent diverses f\u00eates profond\u00e9ment ancr\u00e9es dans les traditions culturelles. Les rituels de mariage sont souvent spectaculaires et s&rsquo;accompagnent de costumes color\u00e9s, de musique et de danse qui renforcent les liens communautaires. L&rsquo;artisanat y\u00e9m\u00e9nite m\u00e9rite \u00e9galement d&rsquo;\u00eatre d\u00e9couvert. Les fines sculptures, l&rsquo;orf\u00e8vrerie complexe et les textiles richement d\u00e9cor\u00e9s t\u00e9moignent d&rsquo;un patrimoine qui t\u00e9moigne d&rsquo;un savoir-faire de haut niveau. La litt\u00e9rature et la musique du Y\u00e9men expriment les \u00e9motions et les exp\u00e9riences du peuple. La po\u00e9sie traditionnelle, souvent chant\u00e9e, \u00e9voque l&rsquo;amour, la perte et le lien avec le pays d&rsquo;origine. Ces expressions artistiques ne sont pas seulement une c\u00e9l\u00e9bration du pass\u00e9, mais aussi une fa\u00e7on de relever les d\u00e9fis du pr\u00e9sent. L&rsquo;identit\u00e9 culturelle, fruit de la riche histoire du Y\u00e9men, t\u00e9moigne de traditions singuli\u00e8res qui offrent aux visiteurs une immersion aventureuse dans un monde riche de sens et de profondeur.             <\/span><\/strong><\/p>\t\t\t\t\t\t\t\t<\/div>\n\t\t\t\t<div class=\"elementor-element elementor-element-9af74c9 animated-slow elementor-invisible elementor-widget elementor-widget-heading\" data-id=\"9af74c9\" data-element_type=\"widget\" data-e-type=\"widget\" data-settings=\"{&quot;_animation&quot;:&quot;fadeInUp&quot;,&quot;_animation_delay&quot;:100}\" data-widget_type=\"heading.default\">\n\t\t\t\t\t<h3 class=\"elementor-heading-title elementor-size-default\">Y\u00e9men \u2013 le pays des contrastes et des surprises<\/h3>\t\t\t\t<\/div>\n\t\t\t\t<div class=\"elementor-element elementor-element-49b30bfc animated-slow elementor-invisible elementor-widget elementor-widget-image\" data-id=\"49b30bfc\" data-element_type=\"widget\" data-e-type=\"widget\" data-settings=\"{&quot;_animation&quot;:&quot;fadeIn&quot;,&quot;_animation_delay&quot;:600}\" data-widget_type=\"image.default\">\n\t\t\t\t\t\t\t\t\t\t\t\t\t\t\t<img decoding=\"async\" width=\"500\" height=\"401\" src=\"http:\/\/yemeni-dreams.com\/wp-content\/uploads\/2025\/08\/ye23.jpg\" class=\"attachment-large size-large wp-image-3819\" alt=\"\" srcset=\"http:\/\/yemeni-dreams.com\/wp-content\/uploads\/2025\/08\/ye23.jpg 500w, http:\/\/yemeni-dreams.com\/wp-content\/uploads\/2025\/08\/ye23-768x615.jpg 768w\" sizes=\"(max-width: 500px) 100vw, 500px\" \/>\t\t\t\t\t\t\t\t\t\t\t\t\t\t\t<\/div>\n\t\t\t\t<\/div>\n\t\t\t\t<div class=\"elementor-element elementor-element-452ef2c8 animated-slow elementor-invisible elementor-widget elementor-widget-heading\" data-id=\"452ef2c8\" data-element_type=\"widget\" data-e-type=\"widget\" data-settings=\"{&quot;_animation&quot;:&quot;fadeInUp&quot;,&quot;_animation_delay&quot;:200}\" data-widget_type=\"heading.default\">\n\t\t\t\t\t<div class=\"elementor-heading-title elementor-size-default\">Explorez les civilisations anciennes, les sites de l\u2019UNESCO et les traditions vivantes.<\/div>\t\t\t\t<\/div>\n\t\t<div class=\"elementor-element elementor-element-430c3540 e-con-full e-flex e-con e-child\" data-id=\"430c3540\" data-element_type=\"container\" data-e-type=\"container\">\n\t\t\t\t<div class=\"elementor-element elementor-element-40c97e2 elementor-widget elementor-widget-text-editor\" data-id=\"40c97e2\" data-element_type=\"widget\" data-e-type=\"widget\" data-widget_type=\"text-editor.default\">\n\t\t\t\t\t\t\t\t\t<p><span style=\"color: #000000;\"><strong>Le Y\u00e9men abrite des sites parmi les plus fascinants qui captivent les visiteurs. Au c\u0153ur de Sanaa se trouve le Qasr al-Saqqaf, magnifique exemple d&rsquo;architecture traditionnelle y\u00e9m\u00e9nite, li\u00e9 \u00e0 l&rsquo;histoire de la ville. Ses d\u00e9corations impressionnantes et sa construction complexe vous raconteront des histoires des si\u00e8cles pass\u00e9s en vous promenant dans ses imposants halls et jardins. Non loin de l\u00e0 se trouve la vieille ville de Sanaa, avec ses maisons en briques crues richement d\u00e9cor\u00e9es, leurs fa\u00e7ades orn\u00e9es de motifs complexes et de fen\u00eatres color\u00e9es. Une promenade dans les ruelles \u00e9troites r\u00e9v\u00e8le une atmosph\u00e8re anim\u00e9e, berc\u00e9e par le bruit des march\u00e9s et les odeurs des \u00e9pices. Autre incontournable : la ville de Shibam, souvent surnomm\u00e9e le \u00ab Manhattan du d\u00e9sert \u00bb. Ses imposantes maisons en briques crues, vieilles de mille ans, s&rsquo;\u00e9l\u00e8vent majestueusement et de fa\u00e7on impressionnante, t\u00e9moignant de l&rsquo;ing\u00e9niosit\u00e9 architecturale de la r\u00e9gion. Au c\u0153ur de ce paysage urbain extraordinaire, vous d\u00e9couvrirez \u00e9galement les vestiges d&rsquo;anciennes forteresses, qui offrent aux visiteurs un aper\u00e7u approfondi de l&rsquo;importance strat\u00e9gique de Shibam \u00e0 travers l&rsquo;histoire. Cette fiert\u00e9 architecturale s&rsquo;accompagne de traditions culturelles fascinantes qui prennent vie dans les march\u00e9s et caf\u00e9s environnants. Zabid, site class\u00e9 au patrimoine mondial de l&rsquo;UNESCO, est un autre site incontournable, riche d&rsquo;une histoire remontant au XIIIe si\u00e8cle. Vous pourrez y explorer les vestiges d&rsquo;\u00e9coles, de mosqu\u00e9es et de palais, t\u00e9moins de l&rsquo;apog\u00e9e de Zabid, centre commercial et scientifique. L&rsquo;alliance de monuments fascinants et de l&rsquo;hospitalit\u00e9 de ses habitants fait de Zabid une exp\u00e9rience unique qui vous plonge au c\u0153ur de la culture y\u00e9m\u00e9nite. La vieille ville de Sanaa, class\u00e9e au patrimoine mondial de l&rsquo;UNESCO, poss\u00e8de un patrimoine architectural incomparable et fascine non seulement par sa construction captivante, mais aussi par son agencement strat\u00e9gique. Au c\u0153ur des ruelles labyrinthiques et des maisons caract\u00e9ristiques en briques crues qui s&rsquo;\u00e9l\u00e8vent sur plusieurs \u00e9tages, une impressionnante image d&rsquo;ing\u00e9nierie ancienne se r\u00e9v\u00e8le. Chacun de ces b\u00e2timents est une \u0153uvre d&rsquo;art unique, orn\u00e9e de d\u00e9corations en stuc complexes, de fen\u00eatres color\u00e9es et de motifs d\u00e9licats. Ces d\u00e9tails ne sont pas de simples d\u00e9corations ornementales mais des t\u00e9moignages d\u2019un h\u00e9ritage culturel profond\u00e9ment enracin\u00e9 et d\u2019une longue tradition artisanale qui remonte \u00e0 l\u2019Antiquit\u00e9.                <\/strong><\/span><\/p>\t\t\t\t\t\t\t\t<\/div>\n\t\t\t\t<div class=\"elementor-element elementor-element-72317690 animated-slow elementor-invisible elementor-widget elementor-widget-heading\" data-id=\"72317690\" data-element_type=\"widget\" data-e-type=\"widget\" data-settings=\"{&quot;_animation&quot;:&quot;fadeInUp&quot;,&quot;_animation_delay&quot;:100}\" data-widget_type=\"heading.default\">\n\t\t\t\t\t<h3 class=\"elementor-heading-title elementor-size-default\">L'aventure vous attend\n<\/h3>\t\t\t\t<\/div>\n\t\t\t\t<\/div>\n\t\t<div class=\"elementor-element elementor-element-34b276cd e-con-full e-flex e-con e-child\" data-id=\"34b276cd\" data-element_type=\"container\" data-e-type=\"container\">\n\t\t\t\t<div class=\"elementor-element elementor-element-2da6574a animated-slow elementor-invisible elementor-widget elementor-widget-image\" data-id=\"2da6574a\" data-element_type=\"widget\" data-e-type=\"widget\" data-settings=\"{&quot;_animation&quot;:&quot;fadeIn&quot;,&quot;_animation_delay&quot;:400}\" data-widget_type=\"image.default\">\n\t\t\t\t\t\t\t\t\t\t\t\t\t\t\t<img decoding=\"async\" width=\"500\" height=\"400\" src=\"http:\/\/yemeni-dreams.com\/wp-content\/uploads\/2025\/08\/ye17.jpg\" class=\"attachment-large size-large wp-image-3820\" alt=\"\" srcset=\"http:\/\/yemeni-dreams.com\/wp-content\/uploads\/2025\/08\/ye17.jpg 500w, http:\/\/yemeni-dreams.com\/wp-content\/uploads\/2025\/08\/ye17-768x614.jpg 768w\" sizes=\"(max-width: 500px) 100vw, 500px\" \/>\t\t\t\t\t\t\t\t\t\t\t\t\t\t\t<\/div>\n\t\t\t\t<div class=\"elementor-element elementor-element-c0261f5 animated-slow elementor-invisible elementor-widget elementor-widget-heading\" data-id=\"c0261f5\" data-element_type=\"widget\" data-e-type=\"widget\" data-settings=\"{&quot;_animation&quot;:&quot;fadeInUp&quot;,&quot;_animation_delay&quot;:200}\" data-widget_type=\"heading.default\">\n\t\t\t\t\t<div class=\"elementor-heading-title elementor-size-default\">Randonn\u00e9es, excursions dans le d\u00e9sert et exp\u00e9riences culturelles pas comme les autres.\n<\/div>\t\t\t\t<\/div>\n\t\t\t\t<\/div>\n\t\t\t\t<div class=\"elementor-element elementor-element-9037834 elementor-widget elementor-widget-text-editor\" data-id=\"9037834\" data-element_type=\"widget\" data-e-type=\"widget\" data-widget_type=\"text-editor.default\">\n\t\t\t\t\t\t\t\t\t<p><strong><span style=\"color: #000000;\">Le Y\u00e9men est un joyau cach\u00e9 qui surprend ses visiteurs par sa fascinante dualit\u00e9. D&rsquo;un c\u00f4t\u00e9, vous d\u00e9couvrirez des paysages d\u00e9sertiques \u00e9clatants, caract\u00e9ris\u00e9s par des dunes majestueuses et des plaines arides, tandis que de l&rsquo;autre, des oasis verdoyantes et des vall\u00e9es fertiles vous attendent. Ces contrastes offrent une exp\u00e9rience incomparable qui captivera autant les amoureux de la nature que les passionn\u00e9s d&rsquo;histoire. La vall\u00e9e de l&rsquo;Helal, par exemple, offre un paysage \u00e9poustouflant o\u00f9 cascades spectaculaires et plantations fleuries s&rsquo;unissent harmonieusement pour cr\u00e9er un tableau d&rsquo;une beaut\u00e9 idyllique. Ces paysages vibrants rec\u00e8lent des tr\u00e9sors cach\u00e9s de flore et de faune, souvent m\u00e9connus des r\u00e9gions arides plus connues. Les Y\u00e9m\u00e9nites sont au c\u0153ur de ce paysage culturel unique. Vous serez surpris par leur diversit\u00e9 et leur hospitalit\u00e9. Dans les diff\u00e9rentes r\u00e9gions du pays, les habitants parlent diff\u00e9rents dialectes et conservent leurs propres coutumes et sp\u00e9cialit\u00e9s culinaires. Des couleurs et saveurs vari\u00e9es des caf\u00e9s infus\u00e9s \u00e0 la cannelle et \u00e0 la cardamome, que vous pourrez d\u00e9guster dans tous les caf\u00e9s r\u00e9gionaux, aux m\u00e9langes de th\u00e9 traditionnels servis lors de moments conviviaux, chaque exp\u00e9rience est une d\u00e9couverte culturelle. Parfois, les plats d\u00e9licieux s&rsquo;accompagnent d&rsquo;histoires transmises de g\u00e9n\u00e9ration en g\u00e9n\u00e9ration, faisant du repas une exp\u00e9rience alliant parfaitement tradition et communaut\u00e9. Les contrastes architecturaux saisissants qui fa\u00e7onnent le Y\u00e9men sont tout aussi remarquables. En fl\u00e2nant dans les rues de Shibam, vous serez impressionn\u00e9 par les maisons uniques en briques crues qui s&rsquo;\u00e9l\u00e8vent vers le ciel. L&rsquo;id\u00e9e que ces b\u00e2timents anciens, souvent compos\u00e9s de plus de 500 mat\u00e9riaux diff\u00e9rents, soient \u00e0 la fois r\u00e9sistants et esth\u00e9tiques est tout simplement remarquable. De l&rsquo;autre c\u00f4t\u00e9, vous d\u00e9couvrirez de nouvelles constructions modernes dans les centres urbains, reflets des avanc\u00e9es technologiques et symboles de la croissance continue du pays. Le Y\u00e9men n&rsquo;est pas seulement une terre de contrastes naturels, mais aussi une fusion vibrante de traditions anciennes et de modes de vie modernes, qui vous invite \u00e0 d\u00e9couvrir son histoire.              <\/span><\/strong><\/p>\t\t\t\t\t\t\t\t<\/div>\n\t\t\t\t<div class=\"elementor-element elementor-element-2a03768 animated-slow elementor-invisible elementor-widget elementor-widget-heading\" data-id=\"2a03768\" data-element_type=\"widget\" data-e-type=\"widget\" data-settings=\"{&quot;_animation&quot;:&quot;fadeInUp&quot;,&quot;_animation_delay&quot;:100}\" data-widget_type=\"heading.default\">\n\t\t\t\t\t<h3 class=\"elementor-heading-title elementor-size-default\">Une nature \u00e0 couper le souffle\n<\/h3>\t\t\t\t<\/div>\n\t\t<div class=\"elementor-element elementor-element-dec6267 e-con-full e-flex e-con e-child\" data-id=\"dec6267\" data-element_type=\"container\" data-e-type=\"container\">\n\t\t\t\t<div class=\"elementor-element elementor-element-310ebd7 animated-slow elementor-invisible elementor-widget elementor-widget-image\" data-id=\"310ebd7\" data-element_type=\"widget\" data-e-type=\"widget\" data-settings=\"{&quot;_animation&quot;:&quot;fadeIn&quot;,&quot;_animation_delay&quot;:400}\" data-widget_type=\"image.default\">\n\t\t\t\t\t\t\t\t\t\t\t\t\t\t\t<img loading=\"lazy\" decoding=\"async\" width=\"600\" height=\"400\" src=\"http:\/\/yemeni-dreams.com\/wp-content\/uploads\/2025\/07\/SOSocotras-landscape_13-e1755290011938.jpg\" class=\"attachment-large size-large wp-image-3821\" alt=\"\" srcset=\"http:\/\/yemeni-dreams.com\/wp-content\/uploads\/2025\/07\/SOSocotras-landscape_13-e1755290011938.jpg 600w, http:\/\/yemeni-dreams.com\/wp-content\/uploads\/2025\/07\/SOSocotras-landscape_13-e1755290011938-768x512.jpg 768w, http:\/\/yemeni-dreams.com\/wp-content\/uploads\/2025\/07\/SOSocotras-landscape_13-e1755290011938-18x12.jpg 18w\" sizes=\"(max-width: 600px) 100vw, 600px\" \/>\t\t\t\t\t\t\t\t\t\t\t\t\t\t\t<\/div>\n\t\t\t\t<div class=\"elementor-element elementor-element-adbb3e8 animated-slow elementor-invisible elementor-widget elementor-widget-heading\" data-id=\"adbb3e8\" data-element_type=\"widget\" data-e-type=\"widget\" data-settings=\"{&quot;_animation&quot;:&quot;fadeInUp&quot;,&quot;_animation_delay&quot;:200}\" data-widget_type=\"heading.default\">\n\t\t\t\t\t<div class=\"elementor-heading-title elementor-size-default\">D\u00e9couvrez des montagnes imposantes, des d\u00e9serts sereins et l'\u00eele de Socotra.<\/div>\t\t\t\t<\/div>\n\t\t\t\t<\/div>\n\t\t\t\t<div class=\"elementor-element elementor-element-bd4f5b3 elementor-widget elementor-widget-text-editor\" data-id=\"bd4f5b3\" data-element_type=\"widget\" data-e-type=\"widget\" data-widget_type=\"text-editor.default\">\n\t\t\t\t\t\t\t\t\t<p><strong><span style=\"color: #000000;\">La diversit\u00e9 naturelle du Y\u00e9men est tout simplement \u00e9poustouflante. Entre les impressionnantes cr\u00eates arides du massif du Sarawat et les falaises abruptes de l&rsquo;Hadramaout, s&rsquo;\u00e9tendent d&rsquo;immenses paysages d\u00e9sertiques fa\u00e7onn\u00e9s par le vent et le temps. Ici, dans l&rsquo;une des r\u00e9gions les plus arides de la plan\u00e8te, des ph\u00e9nom\u00e8nes fascinants se produisent, tels que des dunes de sable aux formes et couleurs fascinantes. Le contraste entre l&rsquo;\u00e2pret\u00e9 du d\u00e9sert et les vall\u00e9es fertiles et irrigu\u00e9es transforme la rencontre de ces deux \u00e9l\u00e9ments en un spectacle visuel captivant. Les c\u00f4tes escarp\u00e9es, o\u00f9 l&rsquo;oc\u00e9an Indien s&rsquo;\u00e9crase inlassablement contre les rochers, m\u00e9ritent \u00e9galement le d\u00e9tour. Promenez-vous le long des plages de Socotra, l&rsquo;une des \u00eeles les plus fascinantes au monde sur le plan biologique, orn\u00e9e d&rsquo;esp\u00e8ces v\u00e9g\u00e9tales end\u00e9miques qui ne prosp\u00e8rent nulle part ailleurs. Ici, la nature offre sa propre galerie, o\u00f9 le dragonnier, telle une \u0153uvre d&rsquo;art, et les plages \u00e9poustouflantes forment un d\u00e9cor harmonieux. Avec ses sentiers de randonn\u00e9e inexplor\u00e9s et ses villages de p\u00eacheurs traditionnels, l&rsquo;\u00eele incarne l&rsquo;essence m\u00eame d&rsquo;une beaut\u00e9 naturelle intacte. Les paysages naturels du Y\u00e9men sont non seulement impressionnants visuellement, mais aussi un v\u00e9ritable paradis pour les amateurs de plein air. Les montagnes escarp\u00e9es sont parsem\u00e9es de grottes cach\u00e9es, de gorges spectaculaires et de cascades rugissantes qui s&rsquo;int\u00e8grent parfaitement \u00e0 des paysages surr\u00e9alistes. Ici, vous aurez l&rsquo;occasion d&rsquo;observer une flore et une faune uniques dans leur environnement naturel. Cheveux au vent, vous aurez la sensation que la nature vous murmure ses secrets et vous enchante. L&rsquo;\u00eele de Socotra, souvent surnomm\u00e9e les \u00ab Gal\u00e1pagos de l&rsquo;oc\u00e9an Indien \u00bb, est un v\u00e9ritable paradis naturel, riche d&rsquo;une remarquable vari\u00e9t\u00e9 d&rsquo;esp\u00e8ces end\u00e9miques. Vous y d\u00e9couvrirez des plantes uniques au monde, comme l&#8217;embl\u00e9matique dragonnier, dont la forme unique et l&rsquo;utilisation traditionnelle en m\u00e9decine et en cosm\u00e9tique suscitent l&rsquo;int\u00e9r\u00eat des botanistes et des aventuriers. La diversit\u00e9 de la flore et de la faune de cette \u00eele est non seulement un r\u00eave pour les amoureux de la nature, mais aussi un champ d&rsquo;\u00e9tude fascinant pour les scientifiques qui \u00e9tudient l&rsquo;\u00e9volution des esp\u00e8ces gr\u00e2ce \u00e0 son isolement. Les paysages surr\u00e9alistes de Socotra, avec leurs falaises escarp\u00e9es, leurs grottes spectaculaires et leurs plages de sable fin, vous invitent \u00e0 d\u00e9couvrir la beaut\u00e9 de la nature au plus pr\u00e8s. Les randonn\u00e9es \u00e0 travers les r\u00e9gions montagneuses de l&rsquo;\u00eele offrent des vues imprenables sur les eaux bleues scintillantes de l&rsquo;oc\u00e9an Indien. Ces beaut\u00e9s naturelles intactes fa\u00e7onnent le paysage pour une exp\u00e9rience unique, loin de l&rsquo;agitation du monde moderne. Des villages isol\u00e9s, o\u00f9 le temps semble s&rsquo;\u00eatre arr\u00eat\u00e9, vous offrent l&rsquo;opportunit\u00e9 de vous immerger dans la culture locale et de d\u00e9couvrir le mode de vie des habitants color\u00e9s de Socotra. Que vous exploriez sa g\u00e9ologie unique ou pratiquiez la plong\u00e9e avec tuba dans ses eaux cristallines, l&rsquo;\u00eele de Socotra vous donne l&rsquo;impression d&rsquo;entrer dans un autre monde. La faune diversifi\u00e9e, comprenant des esp\u00e8ces d&rsquo;oiseaux rares et des reptiles end\u00e9miques, enrichit l&rsquo;aventure de rencontres palpitantes. Ce caract\u00e8re naturel unique, alli\u00e9 \u00e0 des racines culturelles profondes et \u00e0 une hospitalit\u00e9 chaleureuse, fait de Socotra une destination incomparable pour tous ceux qui recherchent l&rsquo;originalit\u00e9.                     <\/span><\/strong><\/p>\t\t\t\t\t\t\t\t<\/div>\n\t\t\t\t\t<\/div>\n\t\t\t\t<\/div>\n\t\t\t\t<div class=\"elementor-element elementor-element-4de12c59 elementor-align-center animated-slow elementor-invisible elementor-widget elementor-widget-button\" data-id=\"4de12c59\" data-element_type=\"widget\" data-e-type=\"widget\" data-settings=\"{&quot;_animation&quot;:&quot;fadeInUp&quot;,&quot;_animation_delay&quot;:400}\" data-widget_type=\"button.default\">\n\t\t\t\t\t\t\t\t\t\t<a class=\"elementor-button elementor-button-link elementor-size-sm\" href=\"https:\/\/yemeni-dreams.com\/tour\/\">\n\t\t\t\t\t\t<span class=\"elementor-button-content-wrapper\">\n\t\t\t\t\t\t\t\t\t<span class=\"elementor-button-text\">explorer maintenant<\/span>\n\t\t\t\t\t<\/span>\n\t\t\t\t\t<\/a>\n\t\t\t\t\t\t\t\t<\/div>\n\t\t\t\t<\/div>\n\t\t\t\t<\/div>\n\t\t","protected":false},"excerpt":{"rendered":"<p>Visite au Y\u00e9men Le Y\u00e9men offre des paysages impressionnants et une culture riche. &#8211; Sanaa et Aden sont des centres culturels \u00e0 l&rsquo;architecture fascinante. &#8211; La cuisine y\u00e9m\u00e9nite est vari\u00e9e et un d\u00e9lice pour les gourmets. &#8211; La diversit\u00e9 ethnique enrichit les traditions et les c\u00e9l\u00e9brations. &#8211; La ville du d\u00e9sert de Shibam est surnomm\u00e9e [&hellip;]<\/p>\n","protected":false},"author":6,"featured_media":0,"parent":0,"menu_order":0,"comment_status":"closed","ping_status":"closed","template":"","meta":{"footnotes":""},"class_list":["post-3909","page","type-page","status-publish","has-post-thumbnail","hentry"],"_links":{"self":[{"href":"http:\/\/yemeni-dreams.com\/fr\/wp-json\/wp\/v2\/pages\/3909","targetHints":{"allow":["GET"]}}],"collection":[{"href":"http:\/\/yemeni-dreams.com\/fr\/wp-json\/wp\/v2\/pages"}],"about":[{"href":"http:\/\/yemeni-dreams.com\/fr\/wp-json\/wp\/v2\/types\/page"}],"author":[{"embeddable":true,"href":"http:\/\/yemeni-dreams.com\/fr\/wp-json\/wp\/v2\/users\/6"}],"replies":[{"embeddable":true,"href":"http:\/\/yemeni-dreams.com\/fr\/wp-json\/wp\/v2\/comments?post=3909"}],"version-history":[{"count":0,"href":"http:\/\/yemeni-dreams.com\/fr\/wp-json\/wp\/v2\/pages\/3909\/revisions"}],"wp:attachment":[{"href":"http:\/\/yemeni-dreams.com\/fr\/wp-json\/wp\/v2\/media?parent=3909"}],"curies":[{"name":"wp","href":"https:\/\/api.w.org\/{rel}","templated":true}]}}