{"id":6981,"date":"2025-07-07T20:07:54","date_gmt":"2025-07-07T20:07:54","guid":{"rendered":"https:\/\/yemeni-dreams.com\/destinacije\/"},"modified":"2025-12-06T18:34:16","modified_gmt":"2025-12-06T18:34:16","slug":"destinacije","status":"publish","type":"page","link":"http:\/\/yemeni-dreams.com\/sl\/destinacije\/","title":{"rendered":"Destinacije"},"content":{"rendered":"\t\t<div data-elementor-type=\"wp-page\" data-elementor-id=\"6981\" class=\"elementor elementor-6981 elementor-298\">\n\t\t\t\t\t\t<section class=\"elementor-section elementor-top-section elementor-element elementor-element-27ea0a58 elementor-section-boxed elementor-section-height-default elementor-section-height-default\" data-id=\"27ea0a58\" data-element_type=\"section\" data-e-type=\"section\">\n\t\t\t\t\t\t<div class=\"elementor-container elementor-column-gap-default\">\n\t\t\t\t\t<div class=\"elementor-column elementor-col-100 elementor-top-column elementor-element elementor-element-4f09e4af\" data-id=\"4f09e4af\" data-element_type=\"column\" data-e-type=\"column\">\n\t\t\t<div class=\"elementor-widget-wrap elementor-element-populated\">\n\t\t\t\t\t\t<div class=\"elementor-element elementor-element-79e91e3e elementor-invisible elementor-widget elementor-widget-heading\" data-id=\"79e91e3e\" data-element_type=\"widget\" data-e-type=\"widget\" data-settings=\"{&quot;_animation&quot;:&quot;fadeInDown&quot;}\" data-widget_type=\"heading.default\">\n\t\t\t\t\t<h2 class=\"elementor-heading-title elementor-size-default\">Destinacije v Jemnu<\/h2>\t\t\t\t<\/div>\n\t\t\t\t<div class=\"elementor-element elementor-element-3a212c48 elementor-invisible elementor-widget elementor-widget-st_destination\" data-id=\"3a212c48\" data-element_type=\"widget\" data-e-type=\"widget\" data-settings=\"{&quot;_animation&quot;:&quot;fadeInUp&quot;,&quot;layout_style&quot;:&quot;normal&quot;}\" data-widget_type=\"st_destination.default\">\n\t\t\t\t<div class=\"elementor-widget-container\">\n\t\t\t\t\t    <div class=\"row st-list-destination normal middle normal\">\r\n                <div class=\"col-12 col-sm-6 col-md-6 col-lg-4 col-xl-4 normal-item\">\r\n                <div class=\"destination-item\">\r\n                    <div class=\"image st-border-radius\">\r\n                                                <a class=\"st-link\" href=\"http:\/\/yemeni-dreams.com\/sl\/st_location\/al-mahrah\/\">\r\n                            <img decoding=\"async\" src=\"http:\/\/yemeni-dreams.com\/wp-content\/uploads\/2025\/07\/Hawf-Natural-Reserve.jpg\" alt = \"Al-Mahrah\"\r\n                                    class=\"img-responsive\">\r\n                        <\/a>\r\n                        <div class=\"content\">\r\n                            <h3 class=\"title\">\r\n                                <a href=\"http:\/\/yemeni-dreams.com\/sl\/st_location\/al-mahrah\/\">\r\n                                    Al-Mahrah                                <\/a>\r\n                            <\/h3>\r\n                            <div class=\"desc d-flex align-items-center justify-content-center flex-wrap multi\"><a href=\"http:\/\/yemeni-dreams.com\/car-reservation\/?location_name=Al-Mahrah&#038;location_id=6766\">1 Car<\/a><a href=\"http:\/\/yemeni-dreams.com\/yemen-tours\/?location_name=Al-Mahrah&#038;location_id=6766\">2 Tours<\/a><\/div>                        <\/div>\r\n                    <\/div>\r\n                <\/div>\r\n            <\/div>\r\n                        <div class=\"col-12 col-sm-6 col-md-6 col-lg-4 col-xl-4 normal-item\">\r\n                <div class=\"destination-item\">\r\n                    <div class=\"image st-border-radius\">\r\n                                                <a class=\"st-link\" href=\"http:\/\/yemeni-dreams.com\/sl\/st_location\/hodiedah\/\">\r\n                            <img decoding=\"async\" src=\"http:\/\/yemeni-dreams.com\/wp-content\/uploads\/2025\/07\/Kamal11-1.jpg\" alt = \"Hodiedah\"\r\n                                    class=\"img-responsive\">\r\n                        <\/a>\r\n                        <div class=\"content\">\r\n                            <h3 class=\"title\">\r\n                                <a href=\"http:\/\/yemeni-dreams.com\/sl\/st_location\/hodiedah\/\">\r\n                                    Hodiedah                                <\/a>\r\n                            <\/h3>\r\n                            <div class=\"desc d-flex align-items-center justify-content-center flex-wrap multi\"><a href=\"http:\/\/yemeni-dreams.com\/car-reservation\/?location_name=Hodiedah&#038;location_id=6812\">9 Cars<\/a><\/div>                        <\/div>\r\n                    <\/div>\r\n                <\/div>\r\n            <\/div>\r\n                        <div class=\"col-12 col-sm-6 col-md-6 col-lg-4 col-xl-4 normal-item\">\r\n                <div class=\"destination-item\">\r\n                    <div class=\"image st-border-radius\">\r\n                                                <a class=\"st-link\" href=\"http:\/\/yemeni-dreams.com\/sl\/st_location\/puscavsko-obmocje\/\">\r\n                            <img decoding=\"async\" src=\"http:\/\/yemeni-dreams.com\/wp-content\/uploads\/2025\/07\/David-Sera_0115.jpg\" alt = \"Pu\u0161\u010davsko obmo\u010dje\"\r\n                                    class=\"img-responsive\">\r\n                        <\/a>\r\n                        <div class=\"content\">\r\n                            <h3 class=\"title\">\r\n                                <a href=\"http:\/\/yemeni-dreams.com\/sl\/st_location\/puscavsko-obmocje\/\">\r\n                                    Pu\u0161\u010davsko obmo\u010dje                                <\/a>\r\n                            <\/h3>\r\n                            <div class=\"desc d-flex align-items-center justify-content-center flex-wrap multi\"><a href=\"http:\/\/yemeni-dreams.com\/car-reservation\/?location_name=Pu\u0161\u010davsko%20obmo\u010dje&#038;location_id=6776\">7 Cars<\/a><\/div>                        <\/div>\r\n                    <\/div>\r\n                <\/div>\r\n            <\/div>\r\n                        <div class=\"col-12 col-sm-6 col-md-6 col-lg-4 col-xl-4 normal-item\">\r\n                <div class=\"destination-item\">\r\n                    <div class=\"image st-border-radius\">\r\n                                                <a class=\"st-link\" href=\"http:\/\/yemeni-dreams.com\/sl\/st_location\/gore\/\">\r\n                            <img decoding=\"async\" src=\"http:\/\/yemeni-dreams.com\/wp-content\/uploads\/2025\/07\/Tja39.jpg\" alt = \"Gore\"\r\n                                    class=\"img-responsive\">\r\n                        <\/a>\r\n                        <div class=\"content\">\r\n                            <h3 class=\"title\">\r\n                                <a href=\"http:\/\/yemeni-dreams.com\/sl\/st_location\/gore\/\">\r\n                                    Gore                                <\/a>\r\n                            <\/h3>\r\n                            <div class=\"desc d-flex align-items-center justify-content-center flex-wrap multi\"><a href=\"http:\/\/yemeni-dreams.com\/car-reservation\/?location_name=Gore&#038;location_id=6837\">7 Cars<\/a><\/div>                        <\/div>\r\n                    <\/div>\r\n                <\/div>\r\n            <\/div>\r\n                        <div class=\"col-12 col-sm-6 col-md-6 col-lg-4 col-xl-4 normal-item\">\r\n                <div class=\"destination-item\">\r\n                    <div class=\"image st-border-radius\">\r\n                                                <a class=\"st-link\" href=\"http:\/\/yemeni-dreams.com\/sl\/st_location\/sokotra\/\">\r\n                            <img decoding=\"async\" src=\"http:\/\/yemeni-dreams.com\/wp-content\/uploads\/2025\/07\/soc-Dihamri-e1754428286337.jpg\" alt = \"Sokotra\"\r\n                                    class=\"img-responsive\">\r\n                        <\/a>\r\n                        <div class=\"content\">\r\n                            <h3 class=\"title\">\r\n                                <a href=\"http:\/\/yemeni-dreams.com\/sl\/st_location\/sokotra\/\">\r\n                                    Sokotra                                <\/a>\r\n                            <\/h3>\r\n                            <div class=\"desc d-flex align-items-center justify-content-center flex-wrap multi\"><a href=\"http:\/\/yemeni-dreams.com\/car-reservation\/?location_name=Sokotra&#038;location_id=6888\">8 Cars<\/a><a href=\"http:\/\/yemeni-dreams.com\/yemen-tours\/?location_name=Sokotra&#038;location_id=6888\">9 Tours<\/a><\/div>                        <\/div>\r\n                    <\/div>\r\n                <\/div>\r\n            <\/div>\r\n                        <div class=\"col-12 col-sm-6 col-md-6 col-lg-4 col-xl-4 normal-item\">\r\n                <div class=\"destination-item\">\r\n                    <div class=\"image st-border-radius\">\r\n                                                <a class=\"st-link\" href=\"http:\/\/yemeni-dreams.com\/sl\/st_location\/hadramout\/\">\r\n                            <img decoding=\"async\" src=\"http:\/\/yemeni-dreams.com\/wp-content\/uploads\/2025\/07\/Mukalla.jpg\" alt = \"Hadramout\"\r\n                                    class=\"img-responsive\">\r\n                        <\/a>\r\n                        <div class=\"content\">\r\n                            <h3 class=\"title\">\r\n                                <a href=\"http:\/\/yemeni-dreams.com\/sl\/st_location\/hadramout\/\">\r\n                                    Hadramout                                <\/a>\r\n                            <\/h3>\r\n                            <div class=\"desc d-flex align-items-center justify-content-center flex-wrap multi\"><a href=\"http:\/\/yemeni-dreams.com\/car-reservation\/?location_name=Hadramout&#038;location_id=6795\">7 Cars<\/a><a href=\"http:\/\/yemeni-dreams.com\/yemen-tours\/?location_name=Hadramout&#038;location_id=6795\">6 Tours<\/a><\/div>                        <\/div>\r\n                    <\/div>\r\n                <\/div>\r\n            <\/div>\r\n                        <div class=\"col-12 col-sm-6 col-md-6 col-lg-4 col-xl-4 normal-item\">\r\n                <div class=\"destination-item\">\r\n                    <div class=\"image st-border-radius\">\r\n                                                <a class=\"st-link\" href=\"http:\/\/yemeni-dreams.com\/sl\/st_location\/aden\/\">\r\n                            <img decoding=\"async\" src=\"http:\/\/yemeni-dreams.com\/wp-content\/uploads\/2025\/07\/aden-Gold-Mohur-and-Elephant-Bay-Beaches.jpg\" alt = \"Aden\"\r\n                                    class=\"img-responsive\">\r\n                        <\/a>\r\n                        <div class=\"content\">\r\n                            <h3 class=\"title\">\r\n                                <a href=\"http:\/\/yemeni-dreams.com\/sl\/st_location\/aden\/\">\r\n                                    Aden                                <\/a>\r\n                            <\/h3>\r\n                            <div class=\"desc d-flex align-items-center justify-content-center flex-wrap multi\"><a href=\"http:\/\/yemeni-dreams.com\/car-reservation\/?location_name=Aden&#038;location_id=6741\">8 Cars<\/a><\/div>                        <\/div>\r\n                    <\/div>\r\n                <\/div>\r\n            <\/div>\r\n                        <div class=\"col-12 col-sm-6 col-md-6 col-lg-4 col-xl-4 normal-item\">\r\n                <div class=\"destination-item\">\r\n                    <div class=\"image st-border-radius\">\r\n                                                <a class=\"st-link\" href=\"http:\/\/yemeni-dreams.com\/sl\/st_location\/sana\/\">\r\n                            <img decoding=\"async\" src=\"http:\/\/yemeni-dreams.com\/wp-content\/uploads\/2025\/07\/Bln103.jpg\" alt = \"Sana\"\r\n                                    class=\"img-responsive\">\r\n                        <\/a>\r\n                        <div class=\"content\">\r\n                            <h3 class=\"title\">\r\n                                <a href=\"http:\/\/yemeni-dreams.com\/sl\/st_location\/sana\/\">\r\n                                    Sana                                <\/a>\r\n                            <\/h3>\r\n                            <div class=\"desc d-flex align-items-center justify-content-center flex-wrap multi\"><a href=\"http:\/\/yemeni-dreams.com\/car-reservation\/?location_name=Sana&#038;location_id=6848\">9 Cars<\/a><\/div>                        <\/div>\r\n                    <\/div>\r\n                <\/div>\r\n            <\/div>\r\n                <\/div>\t\t\t\t<\/div>\n\t\t\t\t<\/div>\n\t\t\t\t\t<\/div>\n\t\t<\/div>\n\t\t\t\t\t<\/div>\n\t\t<\/section>\n\t\t\t\t<\/div>\n\t\t","protected":false},"excerpt":{"rendered":"<p>Destinacije v Jemnu AlMahrah 1 Car2 Tours Hodiedah 9 Cars Desert area 7 Cars Mountains 7 Cars Socotra 8 Cars9 Tours Hadramout 7 Cars6 Tours Aden 8 Cars Sana&#8217;a 9 Cars<\/p>\n","protected":false},"author":2,"featured_media":6927,"parent":0,"menu_order":0,"comment_status":"closed","ping_status":"closed","template":"","meta":{"footnotes":""},"class_list":["post-6981","page","type-page","status-publish","has-post-thumbnail","hentry"],"_links":{"self":[{"href":"http:\/\/yemeni-dreams.com\/sl\/wp-json\/wp\/v2\/pages\/6981","targetHints":{"allow":["GET"]}}],"collection":[{"href":"http:\/\/yemeni-dreams.com\/sl\/wp-json\/wp\/v2\/pages"}],"about":[{"href":"http:\/\/yemeni-dreams.com\/sl\/wp-json\/wp\/v2\/types\/page"}],"author":[{"embeddable":true,"href":"http:\/\/yemeni-dreams.com\/sl\/wp-json\/wp\/v2\/users\/2"}],"replies":[{"embeddable":true,"href":"http:\/\/yemeni-dreams.com\/sl\/wp-json\/wp\/v2\/comments?post=6981"}],"version-history":[{"count":4,"href":"http:\/\/yemeni-dreams.com\/sl\/wp-json\/wp\/v2\/pages\/6981\/revisions"}],"predecessor-version":[{"id":8253,"href":"http:\/\/yemeni-dreams.com\/sl\/wp-json\/wp\/v2\/pages\/6981\/revisions\/8253"}],"wp:featuredmedia":[{"embeddable":true,"href":"http:\/\/yemeni-dreams.com\/sl\/wp-json\/wp\/v2\/media\/6927"}],"wp:attachment":[{"href":"http:\/\/yemeni-dreams.com\/sl\/wp-json\/wp\/v2\/media?parent=6981"}],"curies":[{"name":"wp","href":"https:\/\/api.w.org\/{rel}","templated":true}]}}