{"id":7564,"date":"2025-07-08T00:16:52","date_gmt":"2025-07-08T00:16:52","guid":{"rendered":"https:\/\/yemeni-dreams.com\/potapljaska-pustolovscina\/"},"modified":"2025-11-23T21:56:23","modified_gmt":"2025-11-23T21:56:23","slug":"potapljaska-pustolovscina","status":"publish","type":"page","link":"http:\/\/yemeni-dreams.com\/sl\/potapljaska-pustolovscina\/","title":{"rendered":"Potaplja\u0161ka pustolov\u0161\u010dina"},"content":{"rendered":"","protected":false},"excerpt":{"rendered":"","protected":false},"author":2,"featured_media":0,"parent":0,"menu_order":0,"comment_status":"closed","ping_status":"closed","template":"","meta":{"footnotes":""},"class_list":["post-7564","page","type-page","status-publish","has-post-thumbnail","hentry"],"_links":{"self":[{"href":"http:\/\/yemeni-dreams.com\/sl\/wp-json\/wp\/v2\/pages\/7564","targetHints":{"allow":["GET"]}}],"collection":[{"href":"http:\/\/yemeni-dreams.com\/sl\/wp-json\/wp\/v2\/pages"}],"about":[{"href":"http:\/\/yemeni-dreams.com\/sl\/wp-json\/wp\/v2\/types\/page"}],"author":[{"embeddable":true,"href":"http:\/\/yemeni-dreams.com\/sl\/wp-json\/wp\/v2\/users\/2"}],"replies":[{"embeddable":true,"href":"http:\/\/yemeni-dreams.com\/sl\/wp-json\/wp\/v2\/comments?post=7564"}],"version-history":[{"count":1,"href":"http:\/\/yemeni-dreams.com\/sl\/wp-json\/wp\/v2\/pages\/7564\/revisions"}],"predecessor-version":[{"id":7565,"href":"http:\/\/yemeni-dreams.com\/sl\/wp-json\/wp\/v2\/pages\/7564\/revisions\/7565"}],"wp:attachment":[{"href":"http:\/\/yemeni-dreams.com\/sl\/wp-json\/wp\/v2\/media?parent=7564"}],"curies":[{"name":"wp","href":"https:\/\/api.w.org\/{rel}","templated":true}]}}