{"id":7563,"date":"2025-07-08T00:16:52","date_gmt":"2025-07-08T00:16:52","guid":{"rendered":"https:\/\/yemeni-dreams.com\/tuplu-dalis-macera-turu\/"},"modified":"2025-11-23T21:56:36","modified_gmt":"2025-11-23T21:56:36","slug":"tuplu-dalis-macera-turu","status":"publish","type":"page","link":"http:\/\/yemeni-dreams.com\/tr\/tuplu-dalis-macera-turu\/","title":{"rendered":"T\u00fcpl\u00fc Dal\u0131\u015f Macera Turu"},"content":{"rendered":"","protected":false},"excerpt":{"rendered":"","protected":false},"author":2,"featured_media":0,"parent":0,"menu_order":0,"comment_status":"closed","ping_status":"closed","template":"","meta":{"footnotes":""},"class_list":["post-7563","page","type-page","status-publish","has-post-thumbnail","hentry"],"_links":{"self":[{"href":"http:\/\/yemeni-dreams.com\/tr\/wp-json\/wp\/v2\/pages\/7563","targetHints":{"allow":["GET"]}}],"collection":[{"href":"http:\/\/yemeni-dreams.com\/tr\/wp-json\/wp\/v2\/pages"}],"about":[{"href":"http:\/\/yemeni-dreams.com\/tr\/wp-json\/wp\/v2\/types\/page"}],"author":[{"embeddable":true,"href":"http:\/\/yemeni-dreams.com\/tr\/wp-json\/wp\/v2\/users\/2"}],"replies":[{"embeddable":true,"href":"http:\/\/yemeni-dreams.com\/tr\/wp-json\/wp\/v2\/comments?post=7563"}],"version-history":[{"count":1,"href":"http:\/\/yemeni-dreams.com\/tr\/wp-json\/wp\/v2\/pages\/7563\/revisions"}],"predecessor-version":[{"id":7566,"href":"http:\/\/yemeni-dreams.com\/tr\/wp-json\/wp\/v2\/pages\/7563\/revisions\/7566"}],"wp:attachment":[{"href":"http:\/\/yemeni-dreams.com\/tr\/wp-json\/wp\/v2\/media?parent=7563"}],"curies":[{"name":"wp","href":"https:\/\/api.w.org\/{rel}","templated":true}]}}