{"id":7596,"date":"2025-07-07T17:20:42","date_gmt":"2025-07-07T17:20:42","guid":{"rendered":"https:\/\/yemeni-dreams.com\/tur-arama\/"},"modified":"2025-12-06T17:26:56","modified_gmt":"2025-12-06T17:26:56","slug":"tur-arama","status":"publish","type":"page","link":"http:\/\/yemeni-dreams.com\/tr\/tur-arama\/","title":{"rendered":"Tur Arama"},"content":{"rendered":"\t\t<div data-elementor-type=\"wp-page\" data-elementor-id=\"7596\" class=\"elementor elementor-7596 elementor-238\">\n\t\t\t\t<div class=\"elementor-element elementor-element-4044900 e-flex e-con-boxed e-con e-parent\" data-id=\"4044900\" data-element_type=\"container\" data-e-type=\"container\">\n\t\t\t\t\t<div class=\"e-con-inner\">\n\t\t\t\t<div class=\"elementor-element elementor-element-4ad4859 elementor-widget elementor-widget-heading\" data-id=\"4ad4859\" data-element_type=\"widget\" data-e-type=\"widget\" data-widget_type=\"heading.default\">\n\t\t\t\t\t<h2 class=\"elementor-heading-title elementor-size-default\">Yemeni Dreams ile en iyi Yemen seyahat paketlerini ve turlar\u0131n\u0131 ke\u015ffedin. Sokotra turlar\u0131na, Hadramut gezilerine, \u015eibam \u00e7amur \u015fehri gezilerine, k\u00fclt\u00fcrel yolculuklara ve g\u00fcvenilir yerel uzmanlar\u0131n rehberli\u011finde macera deneyimlerine g\u00f6z at\u0131n. Seyahat planlar\u0131n\u0131z i\u00e7in m\u00fckemmel Yemen tur paketini bulun.  <\/h2>\t\t\t\t<\/div>\n\t\t\t\t\t<\/div>\n\t\t\t\t<\/div>\n\t\t\t\t<\/div>\n\t\t","protected":false},"excerpt":{"rendered":"<p>Yemeni Dreams ile en iyi Yemen seyahat paketlerini ve turlar\u0131n\u0131 ke\u015ffedin. Sokotra turlar\u0131na, Hadramut gezilerine, \u015eibam \u00e7amur \u015fehri gezilerine, k\u00fclt\u00fcrel yolculuklara ve g\u00fcvenilir yerel uzmanlar\u0131n rehberli\u011finde macera deneyimlerine g\u00f6z at\u0131n. Seyahat planlar\u0131n\u0131z i\u00e7in m\u00fckemmel Yemen tur paketini bulun.<\/p>\n","protected":false},"author":2,"featured_media":7478,"parent":0,"menu_order":0,"comment_status":"closed","ping_status":"closed","template":"template-tour-search.php","meta":{"footnotes":""},"class_list":["post-7596","page","type-page","status-publish","has-post-thumbnail","hentry"],"_links":{"self":[{"href":"http:\/\/yemeni-dreams.com\/tr\/wp-json\/wp\/v2\/pages\/7596","targetHints":{"allow":["GET"]}}],"collection":[{"href":"http:\/\/yemeni-dreams.com\/tr\/wp-json\/wp\/v2\/pages"}],"about":[{"href":"http:\/\/yemeni-dreams.com\/tr\/wp-json\/wp\/v2\/types\/page"}],"author":[{"embeddable":true,"href":"http:\/\/yemeni-dreams.com\/tr\/wp-json\/wp\/v2\/users\/2"}],"replies":[{"embeddable":true,"href":"http:\/\/yemeni-dreams.com\/tr\/wp-json\/wp\/v2\/comments?post=7596"}],"version-history":[{"count":8,"href":"http:\/\/yemeni-dreams.com\/tr\/wp-json\/wp\/v2\/pages\/7596\/revisions"}],"predecessor-version":[{"id":8209,"href":"http:\/\/yemeni-dreams.com\/tr\/wp-json\/wp\/v2\/pages\/7596\/revisions\/8209"}],"wp:featuredmedia":[{"embeddable":true,"href":"http:\/\/yemeni-dreams.com\/tr\/wp-json\/wp\/v2\/media\/7478"}],"wp:attachment":[{"href":"http:\/\/yemeni-dreams.com\/tr\/wp-json\/wp\/v2\/media?parent=7596"}],"curies":[{"name":"wp","href":"https:\/\/api.w.org\/{rel}","templated":true}]}}