{"id":7646,"date":"2025-08-25T19:54:14","date_gmt":"2025-08-25T19:54:14","guid":{"rendered":"https:\/\/yemeni-dreams.com\/yemeni-ziyaret-edin\/"},"modified":"2025-11-23T22:46:09","modified_gmt":"2025-11-23T22:46:09","slug":"yemeni-ziyaret-edin","status":"publish","type":"page","link":"http:\/\/yemeni-dreams.com\/tr\/yemeni-ziyaret-edin\/","title":{"rendered":"Yemen&#8217;i ziyaret edin"},"content":{"rendered":"\t\t<div data-elementor-type=\"wp-page\" data-elementor-id=\"7646\" class=\"elementor elementor-7646 elementor-2660\">\n\t\t\t\t<div class=\"elementor-element elementor-element-5d0b7bd0 e-con-full e-flex e-con e-parent\" data-id=\"5d0b7bd0\" data-element_type=\"container\" data-e-type=\"container\" data-settings=\"{&quot;background_background&quot;:&quot;classic&quot;}\">\n\t\t<div class=\"elementor-element elementor-element-6f1bc8e7 e-flex e-con-boxed e-con e-child\" data-id=\"6f1bc8e7\" data-element_type=\"container\" data-e-type=\"container\">\n\t\t\t\t\t<div class=\"e-con-inner\">\n\t\t\t\t<div class=\"elementor-element elementor-element-546da672 elementor-widget elementor-widget-heading\" data-id=\"546da672\" data-element_type=\"widget\" data-e-type=\"widget\" data-widget_type=\"heading.default\">\n\t\t\t\t\t<h2 class=\"elementor-heading-title elementor-size-default\">Yemen'i ziyaret etmek<\/h2>\t\t\t\t<\/div>\n\t\t\t\t<div class=\"elementor-element elementor-element-000566c elementor-widget__width-initial elementor-widget elementor-widget-text-editor\" data-id=\"000566c\" data-element_type=\"widget\" data-e-type=\"widget\" data-widget_type=\"text-editor.default\">\n\t\t\t\t\t\t\t\t\t<p><strong><span style=\"color: #000000;\">Yemen etkileyici manzaralar ve zengin bir k\u00fclt\u00fcr sunar. &#8211; Sana ve Aden, b\u00fcy\u00fcleyici mimariye sahip k\u00fclt\u00fcrel merkezlerdir. &#8211; Yemen mutfa\u011f\u0131 \u00e7e\u015fitlidir ve gurmeler i\u00e7in bir zevktir. &#8211; Etnik \u00e7e\u015fitlilik, gelenekleri ve kutlamalar\u0131 zenginle\u015ftirir. &#8211; \u00c7\u00f6l \u015fehri \u015eibam, \u00e7\u00f6l\u00fcn Manhattan&#8217;\u0131 olarak an\u0131l\u0131r. &#8211; Sokotra Adas\u0131 gibi do\u011fa harikalar\u0131 e\u015fsiz ve biyolojik olarak de\u011ferlidir. &#8211; Yemen misafirperverli\u011fi efsanevi ve s\u0131cakt\u0131r. &#8211; En iyi seyahat zaman\u0131 Ekim ve Nisan aylar\u0131 aras\u0131ndad\u0131r. Dal\u0131\u015f ve trekking, heyecan verici a\u00e7\u0131k hava aktiviteleri sunar. &#8211; G\u00fcvenlik \u00f6nlemleri ve gerekli belgeler hakk\u0131nda bilgi edinin.         <\/span><\/strong><\/p>\t\t\t\t\t\t\t\t<\/div>\n\t\t\t\t\t<\/div>\n\t\t\t\t<\/div>\n\t\t\t\t<div class=\"elementor-element elementor-element-1ee7e533 animated-slow elementor-invisible elementor-widget elementor-widget-heading\" data-id=\"1ee7e533\" data-element_type=\"widget\" data-e-type=\"widget\" data-settings=\"{&quot;_animation&quot;:&quot;fadeInUp&quot;,&quot;_animation_delay&quot;:100}\" data-widget_type=\"heading.default\">\n\t\t\t\t\t<h3 class=\"elementor-heading-title elementor-size-default\">Yemen'in e\u015fsiz k\u00fclt\u00fcr\u00fc ve tarihi<\/h3>\t\t\t\t<\/div>\n\t\t<div class=\"elementor-element elementor-element-44c33c6e e-flex e-con-boxed e-con e-child\" data-id=\"44c33c6e\" data-element_type=\"container\" data-e-type=\"container\">\n\t\t\t\t\t<div class=\"e-con-inner\">\n\t\t<div class=\"elementor-element elementor-element-27ad8532 e-con-full e-flex e-con e-child\" data-id=\"27ad8532\" data-element_type=\"container\" data-e-type=\"container\">\n\t\t\t\t<div class=\"elementor-element elementor-element-239c9315 animated-slow elementor-invisible elementor-widget elementor-widget-image\" data-id=\"239c9315\" data-element_type=\"widget\" data-e-type=\"widget\" data-settings=\"{&quot;_animation&quot;:&quot;fadeIn&quot;,&quot;_animation_delay&quot;:200}\" data-widget_type=\"image.default\">\n\t\t\t\t\t\t\t\t\t\t\t\t\t\t\t<img fetchpriority=\"high\" decoding=\"async\" width=\"500\" height=\"550\" src=\"http:\/\/yemeni-dreams.com\/wp-content\/uploads\/2025\/08\/ye3.jpg\" class=\"attachment-large size-large wp-image-7199\" alt=\"\" srcset=\"http:\/\/yemeni-dreams.com\/wp-content\/uploads\/2025\/08\/ye3.jpg 500w, http:\/\/yemeni-dreams.com\/wp-content\/uploads\/2025\/08\/ye3-768x844.jpg 768w\" sizes=\"(max-width: 500px) 100vw, 500px\" \/>\t\t\t\t\t\t\t\t\t\t\t\t\t\t\t<\/div>\n\t\t\t\t<div class=\"elementor-element elementor-element-5f9f220 elementor-widget elementor-widget-text-editor\" data-id=\"5f9f220\" data-element_type=\"widget\" data-e-type=\"widget\" data-widget_type=\"text-editor.default\">\n\t\t\t\t\t\t\t\t\t<p><strong><span style=\"color: #000000;\">Yemen&#8217;in k\u00fclt\u00fcr\u00fc ve tarihi, y\u00fczy\u0131llar boyunca dikkat \u00e7ekici etkilerle \u015fekillenmi\u015ftir. B\u00f6lge bir zamanlar muhte\u015fem bir ticaret merkeziydi ve \u00f6zellikle Orta Do\u011fu, Afrika ve \u00f6tesine de\u011ferli mal ve fikirleri ta\u015f\u0131yan efsanevi kervan yollar\u0131 arac\u0131l\u0131\u011f\u0131yla k\u00fclt\u00fcrler aras\u0131nda geli\u015fen bir al\u0131\u015fveri\u015fin tad\u0131n\u0131 \u00e7\u0131kar\u0131yordu. Seba ve Himyar Krall\u0131\u011f\u0131 gibi kadim krall\u0131klar, bug\u00fcn bile hayranl\u0131k uyand\u0131rmaya devam eden etkileyici yap\u0131lar ve y\u00fcksek k\u00fclt\u00fcrlerine dair tan\u0131kl\u0131klar b\u0131rakm\u0131\u015ft\u0131r. Zenginlik ve refah hikayeleri anlatan arkeolojik alanlar\u0131 ziyaret edin ve bu d\u00f6nemlerin kal\u0131nt\u0131lar\u0131n\u0131n b\u00fcy\u00fcs\u00fcne kap\u0131l\u0131n. Yemen&#8217;in etnik \u00e7e\u015fitlili\u011fi, geleneklerine, dillerine ve dini uygulamalar\u0131na yans\u0131r. \u00dclke, farkl\u0131 kabile ve topluluklar\u0131n bir kar\u0131\u015f\u0131m\u0131d\u0131r ve bu \u00e7e\u015fitlilik zengin bir gelenek yelpazesi yaratm\u0131\u015ft\u0131r. \u0130nsanlar, k\u00fclt\u00fcrel geleneklere derinden ba\u011fl\u0131 \u00e7e\u015fitli Festivaller kutlarlar. D\u00fc\u011f\u00fcn rit\u00fcelleri genellikle muhte\u015femdir ve topluluk ba\u011flar\u0131n\u0131 g\u00fc\u00e7lendiren renkli kost\u00fcmler, m\u00fczik ve dans i\u00e7erir. Yemen&#8217;in el sanatlar\u0131 da ke\u015ffedilmeye de\u011ferdir. \u0130nce oymalar, karma\u015f\u0131k g\u00fcm\u00fc\u015f i\u015f\u00e7ili\u011fi ve zengin s\u00fcslemeli tekstil \u00fcr\u00fcnleri, y\u00fcksek zanaatk\u00e2rl\u0131\u011f\u0131 yans\u0131tan bir miras\u0131n ifadesidir. Yemen edebiyat\u0131 ve m\u00fczi\u011finde, halk\u0131n duygular\u0131 ve deneyimleri dile getirilir. Genellikle \u015fark\u0131 bi\u00e7iminde sunulan geleneksel \u015fiirler, a\u015fktan, kay\u0131ptan ve yuvaya duyulan ba\u011fdan bahseder. Bu sanatsal ifadeler yaln\u0131zca ge\u00e7mi\u015fin bir kutlamas\u0131 de\u011fil, ayn\u0131 zamanda g\u00fcn\u00fcm\u00fcz\u00fcn zorluklar\u0131yla ba\u015fa \u00e7\u0131kman\u0131n da bir yoludur. Yemen&#8217;in zengin tarihinden geli\u015fen k\u00fclt\u00fcrel kimlik, ziyaret\u00e7ilere derinlik ve anlam dolu bir d\u00fcnyaya macera dolu bir dal\u0131\u015f sa\u011flayan \u00f6zg\u00fcn geleneklerin canl\u0131 bir kan\u0131t\u0131d\u0131r.             <\/span><\/strong><\/p>\t\t\t\t\t\t\t\t<\/div>\n\t\t\t\t<div class=\"elementor-element elementor-element-9af74c9 animated-slow elementor-invisible elementor-widget elementor-widget-heading\" data-id=\"9af74c9\" data-element_type=\"widget\" data-e-type=\"widget\" data-settings=\"{&quot;_animation&quot;:&quot;fadeInUp&quot;,&quot;_animation_delay&quot;:100}\" data-widget_type=\"heading.default\">\n\t\t\t\t\t<h3 class=\"elementor-heading-title elementor-size-default\">Yemen \u2013 z\u0131tl\u0131klar\u0131n ve s\u00fcrprizlerin diyar\u0131<\/h3>\t\t\t\t<\/div>\n\t\t\t\t<div class=\"elementor-element elementor-element-49b30bfc animated-slow elementor-invisible elementor-widget elementor-widget-image\" data-id=\"49b30bfc\" data-element_type=\"widget\" data-e-type=\"widget\" data-settings=\"{&quot;_animation&quot;:&quot;fadeIn&quot;,&quot;_animation_delay&quot;:600}\" data-widget_type=\"image.default\">\n\t\t\t\t\t\t\t\t\t\t\t\t\t\t\t<img decoding=\"async\" width=\"500\" height=\"401\" src=\"http:\/\/yemeni-dreams.com\/wp-content\/uploads\/2025\/08\/ye23.jpg\" class=\"attachment-large size-large wp-image-7579\" alt=\"\" srcset=\"http:\/\/yemeni-dreams.com\/wp-content\/uploads\/2025\/08\/ye23.jpg 500w, http:\/\/yemeni-dreams.com\/wp-content\/uploads\/2025\/08\/ye23-768x615.jpg 768w\" sizes=\"(max-width: 500px) 100vw, 500px\" \/>\t\t\t\t\t\t\t\t\t\t\t\t\t\t\t<\/div>\n\t\t\t\t<\/div>\n\t\t\t\t<div class=\"elementor-element elementor-element-452ef2c8 animated-slow elementor-invisible elementor-widget elementor-widget-heading\" data-id=\"452ef2c8\" data-element_type=\"widget\" data-e-type=\"widget\" data-settings=\"{&quot;_animation&quot;:&quot;fadeInUp&quot;,&quot;_animation_delay&quot;:200}\" data-widget_type=\"heading.default\">\n\t\t\t\t\t<div class=\"elementor-heading-title elementor-size-default\">Antik medeniyetleri, UNESCO alanlar\u0131n\u0131 ve ya\u015fayan gelenekleri ke\u015ffedin.<\/div>\t\t\t\t<\/div>\n\t\t<div class=\"elementor-element elementor-element-430c3540 e-con-full e-flex e-con e-child\" data-id=\"430c3540\" data-element_type=\"container\" data-e-type=\"container\">\n\t\t\t\t<div class=\"elementor-element elementor-element-40c97e2 elementor-widget elementor-widget-text-editor\" data-id=\"40c97e2\" data-element_type=\"widget\" data-e-type=\"widget\" data-widget_type=\"text-editor.default\">\n\t\t\t\t\t\t\t\t\t<p><span style=\"color: #000000;\"><strong>Yemen, ziyaret\u00e7ileri b\u00fcy\u00fcleyen en b\u00fcy\u00fcleyici manzaralardan baz\u0131lar\u0131na ev sahipli\u011fi yapar. Sana \u015fehrinin kalbinde, \u015fehrin tarihiyle ba\u011flant\u0131l\u0131 geleneksel Yemen mimarisinin muhte\u015fem bir \u00f6rne\u011fi olan Kasr el-Saqqaf bulunur. Etkileyici s\u00fcslemeleri ve karma\u015f\u0131k yap\u0131s\u0131, etkileyici salonlar\u0131nda ve bah\u00e7elerinde gezinirken y\u00fczy\u0131llar \u00f6ncesine ait hikayeler anlat\u0131r. \u00c7ok uzakta olmayan Sana&#8217;n\u0131n eski \u015fehri, \u00f6zenle dekore edilmi\u015f kerpi\u00e7 evleri, cepheleri karma\u015f\u0131k desenler ve renkli pencerelerle bezenmi\u015f cepheleriyle \u00f6ne \u00e7\u0131kar. Dar sokaklarda y\u00fcr\u00fcrken, pazarlar\u0131n sesleri ve baharat kokular\u0131yla canl\u0131 bir atmosfer ortaya \u00e7\u0131kar. G\u00f6r\u00fclmesi gereken bir di\u011fer yer ise, genellikle &#8220;\u00c7\u00f6l\u00fcn Manhattan&#8217;\u0131&#8221; olarak an\u0131lan \u015eibam \u015fehridir. Bin y\u0131ll\u0131k, y\u00fckselen kerpi\u00e7 evler, b\u00f6lgenin ustaca mimarisinin a\u00e7\u0131k bir kan\u0131t\u0131 olarak, g\u00f6rkemli ve etkileyici bir \u015fekilde y\u00fckselir. Bu ola\u011fan\u00fcst\u00fc kentsel manzaran\u0131n ortas\u0131nda, ziyaret\u00e7ilere \u015eibam&#8217;\u0131n tarih boyunca sahip oldu\u011fu stratejik \u00f6neme dair derinlemesine bir bak\u0131\u015f sunan antik kalelerin kal\u0131nt\u0131lar\u0131n\u0131 da bulacaks\u0131n\u0131z. Bu mimari gurur, \u00e7evredeki pazarlarda ve kafelerde hayat bulan b\u00fcy\u00fcleyici k\u00fclt\u00fcrel geleneklerle tamamlan\u0131yor. UNESCO D\u00fcnya Miras\u0131 Alan\u0131 Zabid, 13. y\u00fczy\u0131la kadar uzanan zengin bir tarihe sahip bir di\u011fer \u00f6nemli noktad\u0131r. Burada, Zabid&#8217;in ticaret ve bilim merkezi olarak alt\u0131n \u00e7a\u011f\u0131n\u0131 yans\u0131tan okul, cami ve saray kal\u0131nt\u0131lar\u0131n\u0131 ke\u015ffedebilirsiniz. B\u00fcy\u00fcleyici an\u0131tlar ve misafirperver halk\u0131n birle\u015fimi, Zabid&#8217;i sizi Yemen k\u00fclt\u00fcr\u00fcn\u00fcn derinliklerine g\u00f6t\u00fcren e\u015fsiz bir deneyim haline getiriyor. Sana&#8217;n\u0131n eski kenti &#8211; UNESCO D\u00fcnya Miras\u0131 Alan\u0131. E\u015fsiz bir mimari mirasa sahip olan Sana&#8217;n\u0131n eski kenti, yaln\u0131zca b\u00fcy\u00fcleyici yap\u0131s\u0131yla de\u011fil, ayn\u0131 zamanda stratejik d\u00fczeniyle de b\u00fcy\u00fcl\u00fcyor. Birka\u00e7 katl\u0131 karakteristik kerpi\u00e7 evlerin bulundu\u011fu labirent gibi sokaklar\u0131n aras\u0131nda, antik m\u00fchendisli\u011fin etkileyici bir g\u00f6r\u00fcnt\u00fcs\u00fc kendini g\u00f6steriyor. Bu binalar\u0131n her biri, karma\u015f\u0131k s\u0131va s\u00fcslemeleri, renkli pencereler ve zarif desenlerle bezenmi\u015f e\u015fsiz bir sanat eseridir. Bu detaylar yaln\u0131zca dekoratif s\u00fcslemeler de\u011fil, ayn\u0131 zamanda k\u00f6kl\u00fc bir k\u00fclt\u00fcrel miras\u0131n ve antik \u00e7a\u011flara dayanan uzun bir zanaat gelene\u011finin tan\u0131kl\u0131klar\u0131d\u0131r.                <\/strong><\/span><\/p>\t\t\t\t\t\t\t\t<\/div>\n\t\t\t\t<div class=\"elementor-element elementor-element-72317690 animated-slow elementor-invisible elementor-widget elementor-widget-heading\" data-id=\"72317690\" data-element_type=\"widget\" data-e-type=\"widget\" data-settings=\"{&quot;_animation&quot;:&quot;fadeInUp&quot;,&quot;_animation_delay&quot;:100}\" data-widget_type=\"heading.default\">\n\t\t\t\t\t<h3 class=\"elementor-heading-title elementor-size-default\">Macera Bekliyor\n<\/h3>\t\t\t\t<\/div>\n\t\t\t\t<\/div>\n\t\t<div class=\"elementor-element elementor-element-34b276cd e-con-full e-flex e-con e-child\" data-id=\"34b276cd\" data-element_type=\"container\" data-e-type=\"container\">\n\t\t\t\t<div class=\"elementor-element elementor-element-2da6574a animated-slow elementor-invisible elementor-widget elementor-widget-image\" data-id=\"2da6574a\" data-element_type=\"widget\" data-e-type=\"widget\" data-settings=\"{&quot;_animation&quot;:&quot;fadeIn&quot;,&quot;_animation_delay&quot;:400}\" data-widget_type=\"image.default\">\n\t\t\t\t\t\t\t\t\t\t\t\t\t\t\t<img decoding=\"async\" width=\"500\" height=\"400\" src=\"http:\/\/yemeni-dreams.com\/wp-content\/uploads\/2025\/08\/ye17.jpg\" class=\"attachment-large size-large wp-image-7580\" alt=\"\" srcset=\"http:\/\/yemeni-dreams.com\/wp-content\/uploads\/2025\/08\/ye17.jpg 500w, http:\/\/yemeni-dreams.com\/wp-content\/uploads\/2025\/08\/ye17-768x614.jpg 768w\" sizes=\"(max-width: 500px) 100vw, 500px\" \/>\t\t\t\t\t\t\t\t\t\t\t\t\t\t\t<\/div>\n\t\t\t\t<div class=\"elementor-element elementor-element-c0261f5 animated-slow elementor-invisible elementor-widget elementor-widget-heading\" data-id=\"c0261f5\" data-element_type=\"widget\" data-e-type=\"widget\" data-settings=\"{&quot;_animation&quot;:&quot;fadeInUp&quot;,&quot;_animation_delay&quot;:200}\" data-widget_type=\"heading.default\">\n\t\t\t\t\t<div class=\"elementor-heading-title elementor-size-default\">E\u015fsiz y\u00fcr\u00fcy\u00fc\u015fler, \u00e7\u00f6l turlar\u0131 ve k\u00fclt\u00fcrel deneyimler.\n<\/div>\t\t\t\t<\/div>\n\t\t\t\t<\/div>\n\t\t\t\t<div class=\"elementor-element elementor-element-9037834 elementor-widget elementor-widget-text-editor\" data-id=\"9037834\" data-element_type=\"widget\" data-e-type=\"widget\" data-widget_type=\"text-editor.default\">\n\t\t\t\t\t\t\t\t\t<p><strong><span style=\"color: #000000;\">Yemen, ziyaret\u00e7ilerini b\u00fcy\u00fcleyici bir ikilikle \u015fa\u015f\u0131rtan gizli bir cevherdir. Bir tarafta g\u00f6rkemli kum tepeleri ve kurak ovalarla karakterize edilen \u0131\u015f\u0131ldayan \u00e7\u00f6l manzaralar\u0131yla kar\u015f\u0131la\u015f\u0131rken, di\u011fer tarafta yemye\u015fil vahalar ve bereketli vadiler sizi bekliyor. Bu z\u0131tl\u0131klar, hem do\u011fa tutkunlar\u0131n\u0131 hem de tarih merakl\u0131lar\u0131n\u0131 b\u00fcy\u00fcleyen e\u015fsiz bir deneyime yol a\u00e7\u0131yor. \u00d6rne\u011fin Helal Vadisi, muhte\u015fem \u015felalelerin ve \u00e7i\u00e7ek a\u00e7an plantasyonlar\u0131n uyum i\u00e7inde bir araya gelerek pastoral bir g\u00fczellik tablosu olu\u015fturdu\u011fu nefes kesici bir manzara sunuyor. Bu canl\u0131 manzaralar, genellikle daha iyi bilinen kurak b\u00f6lgelerin g\u00f6lgesinde kalan ke\u015ffedilmemi\u015f Flora ve Fauna hazinelerine ev sahipli\u011fi yap\u0131yor. Yemenliler, bu e\u015fsiz k\u00fclt\u00fcrel co\u011frafyan\u0131n kalbidir. \u00c7e\u015fitlilikleri ve misafirperverlikleri sizi \u015fa\u015f\u0131rtacak. \u00dclkenin \u00e7e\u015fitli b\u00f6lgelerinde insanlar farkl\u0131 leh\u00e7eler konu\u015fuyor ve kendi geleneklerini ve mutfak k\u00fclt\u00fcrlerini koruyorlar. Her b\u00f6lgesel kafede tadabilece\u011finiz tar\u00e7\u0131n ve kakule aromal\u0131 kahvelerin renk ve aromalar\u0131ndan, samimi toplant\u0131larda servis edilen geleneksel \u00e7ay kar\u0131\u015f\u0131mlar\u0131na kadar her deneyim, k\u00fclt\u00fcrel katmanlar\u0131n ke\u015ffidir. Bazen lezzetli yemeklere nesilden nesile aktar\u0131lan eski hik\u00e2yeler e\u015flik eder ve bu da yeme\u011fi Gelenek ve toplumu m\u00fckemmel bir \u015fekilde birle\u015ftiren bir deneyime d\u00f6n\u00fc\u015ft\u00fcr\u00fcr. Yemen&#8217;i \u015fekillendiren mimarideki heyecan verici z\u0131tl\u0131klar da ayn\u0131 derecede dikkat \u00e7ekicidir. \u015eibam sokaklar\u0131nda dola\u015f\u0131rken, g\u00f6ky\u00fcz\u00fcne uzanan e\u015fsiz kerpi\u00e7 evler sizi etkileyecektir. Genellikle 500&#8217;den fazla farkl\u0131 malzemeden olu\u015fan bu kadim yap\u0131lar\u0131n hem dayan\u0131kl\u0131 hem de estetik a\u00e7\u0131dan ho\u015f olmas\u0131 d\u00fc\u015f\u00fcncesi ger\u00e7ekten dikkate de\u011ferdir. Di\u011fer yandan, teknolojik ilerlemeyi yans\u0131tan ve \u00fclkenin s\u00fcrekli b\u00fcy\u00fcmesini simgeleyen kent merkezlerinde modern yeni yap\u0131lar bulacaks\u0131n\u0131z. Yemen yaln\u0131zca do\u011fadaki z\u0131tl\u0131klar\u0131n \u00fclkesi de\u011fil, ayn\u0131 zamanda sizi hik\u00e2yeleri hakk\u0131nda daha fazla \u015fey \u00f6\u011frenmeye davet eden kadim geleneklerin ve modern ya\u015fam tarzlar\u0131n\u0131n canl\u0131 bir birle\u015fimidir.              <\/span><\/strong><\/p>\t\t\t\t\t\t\t\t<\/div>\n\t\t\t\t<div class=\"elementor-element elementor-element-2a03768 animated-slow elementor-invisible elementor-widget elementor-widget-heading\" data-id=\"2a03768\" data-element_type=\"widget\" data-e-type=\"widget\" data-settings=\"{&quot;_animation&quot;:&quot;fadeInUp&quot;,&quot;_animation_delay&quot;:100}\" data-widget_type=\"heading.default\">\n\t\t\t\t\t<h3 class=\"elementor-heading-title elementor-size-default\">Nefes kesen do\u011fa\n<\/h3>\t\t\t\t<\/div>\n\t\t<div class=\"elementor-element elementor-element-dec6267 e-con-full e-flex e-con e-child\" data-id=\"dec6267\" data-element_type=\"container\" data-e-type=\"container\">\n\t\t\t\t<div class=\"elementor-element elementor-element-310ebd7 animated-slow elementor-invisible elementor-widget elementor-widget-image\" data-id=\"310ebd7\" data-element_type=\"widget\" data-e-type=\"widget\" data-settings=\"{&quot;_animation&quot;:&quot;fadeIn&quot;,&quot;_animation_delay&quot;:400}\" data-widget_type=\"image.default\">\n\t\t\t\t\t\t\t\t\t\t\t\t\t\t\t<img loading=\"lazy\" decoding=\"async\" width=\"600\" height=\"400\" src=\"http:\/\/yemeni-dreams.com\/wp-content\/uploads\/2025\/07\/SOSocotras-landscape_13-e1755290011938.jpg\" class=\"attachment-large size-large wp-image-7026\" alt=\"\" srcset=\"http:\/\/yemeni-dreams.com\/wp-content\/uploads\/2025\/07\/SOSocotras-landscape_13-e1755290011938.jpg 600w, http:\/\/yemeni-dreams.com\/wp-content\/uploads\/2025\/07\/SOSocotras-landscape_13-e1755290011938-768x512.jpg 768w, http:\/\/yemeni-dreams.com\/wp-content\/uploads\/2025\/07\/SOSocotras-landscape_13-e1755290011938-18x12.jpg 18w\" sizes=\"(max-width: 600px) 100vw, 600px\" \/>\t\t\t\t\t\t\t\t\t\t\t\t\t\t\t<\/div>\n\t\t\t\t<div class=\"elementor-element elementor-element-adbb3e8 animated-slow elementor-invisible elementor-widget elementor-widget-heading\" data-id=\"adbb3e8\" data-element_type=\"widget\" data-e-type=\"widget\" data-settings=\"{&quot;_animation&quot;:&quot;fadeInUp&quot;,&quot;_animation_delay&quot;:200}\" data-widget_type=\"heading.default\">\n\t\t\t\t\t<div class=\"elementor-heading-title elementor-size-default\">Y\u00fckselen da\u011flar\u0131, dingin \u00e7\u00f6lleri ve Sokotra Adas\u0131'n\u0131 ke\u015ffedin.<\/div>\t\t\t\t<\/div>\n\t\t\t\t<\/div>\n\t\t\t\t<div class=\"elementor-element elementor-element-bd4f5b3 elementor-widget elementor-widget-text-editor\" data-id=\"bd4f5b3\" data-element_type=\"widget\" data-e-type=\"widget\" data-widget_type=\"text-editor.default\">\n\t\t\t\t\t\t\t\t\t<p><strong><span style=\"color: #000000;\">Yemen&#8217;in do\u011fal \u00e7e\u015fitlili\u011fi nefes kesici. Sarawat S\u0131rada\u011flar\u0131&#8217;n\u0131n \u00e7orak ve etkileyici s\u0131rtlar\u0131 ile Hadramaut&#8217;un dik u\u00e7urumlar\u0131 aras\u0131nda, r\u00fczgar ve zaman\u0131n \u015fekillendirdi\u011fi u\u00e7suz bucaks\u0131z \u00e7\u00f6l manzaralar\u0131 uzan\u0131yor. D\u00fcnyan\u0131n en kurak b\u00f6lgelerinden birinde, b\u00fcy\u00fcleyici \u015fekil ve renklere d\u00f6n\u00fc\u015fen kum tepeleri gibi ilgin\u00e7 olaylar ortaya \u00e7\u0131k\u0131yor. Sert \u00e7\u00f6l \u00f6z\u00fc ile verimli, sulak vadiler aras\u0131ndaki z\u0131tl\u0131klar, bu iki unsurun kar\u015f\u0131la\u015fmas\u0131n\u0131 sizi b\u00fcy\u00fcleyecek g\u00f6rsel bir \u015f\u00f6lene d\u00f6n\u00fc\u015ft\u00fcr\u00fcyor. Ayr\u0131ca, Hint Okyanusu&#8217;nun kayalara yorulmadan \u00e7arpt\u0131\u011f\u0131 engebeli k\u0131y\u0131 \u015feritleri de g\u00f6r\u00fclmeye de\u011fer. D\u00fcnyan\u0131n biyolojik olarak en b\u00fcy\u00fcleyici adalar\u0131ndan biri olan Sokotra Plajlar\u0131 boyunca y\u00fcr\u00fcy\u00fcn; ba\u015fka hi\u00e7bir yerde yeti\u015fmeyen endemik bitki t\u00fcrleriyle bezenmi\u015f. Burada do\u011fa, kendi galerisini sunuyor; bir sanat eserini and\u0131ran Ejderha A\u011fac\u0131 ve g\u00f6z al\u0131c\u0131 Plajlar uyumlu bir fon olu\u015fturuyor. Ke\u015ffedilmemi\u015f y\u00fcr\u00fcy\u00fc\u015f parkurlar\u0131 ve geleneksel bal\u0131k\u00e7\u0131 k\u00f6yleriyle ada, bozulmam\u0131\u015f do\u011fal g\u00fczelli\u011fin \u00f6z\u00fcn\u00fc yans\u0131t\u0131yor. Yemen&#8217;in do\u011fal manzaralar\u0131 sadece g\u00f6rsel olarak etkileyici olmakla kalm\u0131yor, ayn\u0131 zamanda a\u00e7\u0131k hava merakl\u0131lar\u0131 i\u00e7in de ger\u00e7ek bir cennet. Engebeli da\u011flar, gizli ma\u011faralar, muhte\u015fem vadiler ve ger\u00e7ek\u00fcst\u00fc manzaralarla b\u00fct\u00fcnle\u015fen k\u00fckreyen \u015felalelerle i\u00e7 i\u00e7e ge\u00e7mi\u015f durumda. Burada, e\u015fsiz bitki \u00f6rt\u00fcs\u00fc ve hayvanlar\u0131 do\u011fal ortamlar\u0131nda deneyimleme f\u0131rsat\u0131na sahipsiniz. Sa\u00e7lar\u0131n\u0131zda r\u00fczgar\u0131 hissederken, do\u011fan\u0131n s\u0131rlar\u0131n\u0131 size f\u0131s\u0131ldad\u0131\u011f\u0131n\u0131 ve sizi b\u00fcy\u00fcledi\u011fini hissedeceksiniz. Genellikle &#8220;Hint Okyanusu&#8217;nun Galapagos&#8217;u&#8221; olarak an\u0131lan Sokotra Adas\u0131, ola\u011fan\u00fcst\u00fc \u00e7e\u015fitlilikte endemik t\u00fcrlere ev sahipli\u011fi yapan ger\u00e7ek bir do\u011fal cennettir. Burada, benzersiz \u015fekli ve t\u0131p ve kozmetikte geleneksel kullan\u0131m\u0131yla botanik\u00e7ilerin ve maceraperestlerin ilgisini \u00e7eken ikonik Ejderha a\u011fac\u0131 gibi d\u00fcnyan\u0131n ba\u015fka hi\u00e7bir yerinde bulunmayan bitkilerle kar\u015f\u0131la\u015facaks\u0131n\u0131z. Bu adan\u0131n zengin bitki \u00f6rt\u00fcs\u00fc ve hayvan \u00e7e\u015fitlili\u011fi, yaln\u0131zca do\u011fa severler i\u00e7in bir r\u00fcya de\u011fil, ayn\u0131 zamanda adan\u0131n izole konumu nedeniyle t\u00fcrlerin evrimini ara\u015ft\u0131ran bilim insanlar\u0131 i\u00e7in de b\u00fcy\u00fcleyici bir \u00e7al\u0131\u015fma alan\u0131d\u0131r. Engebeli u\u00e7urumlar\u0131, g\u00f6z al\u0131c\u0131 ma\u011faralar\u0131 ve kumlu plajlar\u0131yla Sokotra&#8217;n\u0131n ger\u00e7ek\u00fcst\u00fc manzaralar\u0131, sizi do\u011fan\u0131n g\u00fczelli\u011fini yak\u0131ndan deneyimlemeye davet ediyor. Adan\u0131n da\u011fl\u0131k b\u00f6lgelerinde yapaca\u011f\u0131n\u0131z y\u00fcr\u00fcy\u00fc\u015fler, Hint Okyanusu&#8217;nun p\u0131r\u0131l p\u0131r\u0131l mavi sular\u0131n\u0131n nefes kesici manzaralar\u0131n\u0131 sunar. Bu el de\u011fmemi\u015f do\u011fal g\u00fczellikler, manzaray\u0131 modern d\u00fcnyan\u0131n ko\u015fu\u015fturmacas\u0131ndan s\u0131yr\u0131lan e\u015fsiz bir deneyime d\u00f6n\u00fc\u015ft\u00fcr\u00fcr. Zaman\u0131n durdu\u011fu \u00fccra k\u00f6yler, yerel k\u00fclt\u00fcre dalman\u0131z ve Sokotra&#8217;n\u0131n renkli sakinlerinin ya\u015fam tarz\u0131n\u0131 \u00f6\u011frenmeniz i\u00e7in size f\u0131rsat sunar. \u0130ster e\u015fsiz jeolojiyi ke\u015ffedin, ister kristal berrakl\u0131\u011f\u0131ndaki sularda \u015fnorkelli y\u00fczme yap\u0131n, Sokotra Adas\u0131 size ba\u015fka bir d\u00fcnyaya ad\u0131m atm\u0131\u015fs\u0131n\u0131z gibi hissettirir. Nadir ku\u015f t\u00fcrleri ve endemik s\u00fcr\u00fcngenler de dahil olmak \u00fczere \u00e7e\u015fitli yaban hayat\u0131, heyecan verici kar\u015f\u0131la\u015fmalarla maceran\u0131z\u0131 zenginle\u015ftirir. Bu do\u011fal e\u015fsizlik, derin k\u00fclt\u00fcrel k\u00f6kler ve s\u0131cak misafirperverlikle birle\u015fince Sokotra, \u00f6zel bir \u015feyler arayan herkes i\u00e7in e\u015fsiz bir destinasyon haline geliyor.                     <\/span><\/strong><\/p>\t\t\t\t\t\t\t\t<\/div>\n\t\t\t\t\t<\/div>\n\t\t\t\t<\/div>\n\t\t\t\t<div class=\"elementor-element elementor-element-4de12c59 elementor-align-center animated-slow elementor-invisible elementor-widget elementor-widget-button\" data-id=\"4de12c59\" data-element_type=\"widget\" data-e-type=\"widget\" data-settings=\"{&quot;_animation&quot;:&quot;fadeInUp&quot;,&quot;_animation_delay&quot;:400}\" data-widget_type=\"button.default\">\n\t\t\t\t\t\t\t\t\t\t<a class=\"elementor-button elementor-button-link elementor-size-sm\" href=\"https:\/\/yemeni-dreams.com\/tour\/\">\n\t\t\t\t\t\t<span class=\"elementor-button-content-wrapper\">\n\t\t\t\t\t\t\t\t\t<span class=\"elementor-button-text\">\u015fimdi ke\u015ffet<\/span>\n\t\t\t\t\t<\/span>\n\t\t\t\t\t<\/a>\n\t\t\t\t\t\t\t\t<\/div>\n\t\t\t\t<\/div>\n\t\t\t\t<\/div>\n\t\t","protected":false},"excerpt":{"rendered":"<p>Yemen&#8217;i ziyaret etmek Yemen etkileyici manzaralar ve zengin bir k\u00fclt\u00fcr sunar. &#8211; Sana ve Aden, b\u00fcy\u00fcleyici mimariye sahip k\u00fclt\u00fcrel merkezlerdir. &#8211; Yemen mutfa\u011f\u0131 \u00e7e\u015fitlidir ve gurmeler i\u00e7in bir zevktir. &#8211; Etnik \u00e7e\u015fitlilik, gelenekleri ve kutlamalar\u0131 zenginle\u015ftirir. &#8211; \u00c7\u00f6l \u015fehri \u015eibam, \u00e7\u00f6l\u00fcn Manhattan&#8217;\u0131 olarak an\u0131l\u0131r. &#8211; Sokotra Adas\u0131 gibi do\u011fa harikalar\u0131 e\u015fsiz ve biyolojik olarak de\u011ferlidir. [&hellip;]<\/p>\n","protected":false},"author":6,"featured_media":0,"parent":0,"menu_order":0,"comment_status":"closed","ping_status":"closed","template":"","meta":{"footnotes":""},"class_list":["post-7646","page","type-page","status-publish","has-post-thumbnail","hentry"],"_links":{"self":[{"href":"http:\/\/yemeni-dreams.com\/tr\/wp-json\/wp\/v2\/pages\/7646","targetHints":{"allow":["GET"]}}],"collection":[{"href":"http:\/\/yemeni-dreams.com\/tr\/wp-json\/wp\/v2\/pages"}],"about":[{"href":"http:\/\/yemeni-dreams.com\/tr\/wp-json\/wp\/v2\/types\/page"}],"author":[{"embeddable":true,"href":"http:\/\/yemeni-dreams.com\/tr\/wp-json\/wp\/v2\/users\/6"}],"replies":[{"embeddable":true,"href":"http:\/\/yemeni-dreams.com\/tr\/wp-json\/wp\/v2\/comments?post=7646"}],"version-history":[{"count":3,"href":"http:\/\/yemeni-dreams.com\/tr\/wp-json\/wp\/v2\/pages\/7646\/revisions"}],"predecessor-version":[{"id":7650,"href":"http:\/\/yemeni-dreams.com\/tr\/wp-json\/wp\/v2\/pages\/7646\/revisions\/7650"}],"wp:attachment":[{"href":"http:\/\/yemeni-dreams.com\/tr\/wp-json\/wp\/v2\/media?parent=7646"}],"curies":[{"name":"wp","href":"https:\/\/api.w.org\/{rel}","templated":true}]}}