{"id":3703,"date":"2025-07-07T20:03:00","date_gmt":"2025-07-07T20:03:00","guid":{"rendered":"https:\/\/yemeni-dreams.com\/politica-de-privacidad\/"},"modified":"2025-10-21T22:47:18","modified_gmt":"2025-10-21T22:47:18","slug":"politica-de-privacidad","status":"publish","type":"page","link":"https:\/\/yemeni-dreams.com\/es\/politica-de-privacidad\/","title":{"rendered":"Pol\u00edtica de privacidad"},"content":{"rendered":"\t\t<div data-elementor-type=\"wp-page\" data-elementor-id=\"3703\" class=\"elementor elementor-3703 elementor-294\">\n\t\t\t\t<div class=\"elementor-element elementor-element-f985524 e-flex e-con-boxed e-con e-parent\" data-id=\"f985524\" data-element_type=\"container\" data-e-type=\"container\">\n\t\t\t\t\t<div class=\"e-con-inner\">\n\t\t\t\t<div class=\"elementor-element elementor-element-ca592e5 elementor-widget elementor-widget-heading\" data-id=\"ca592e5\" data-element_type=\"widget\" data-e-type=\"widget\" data-widget_type=\"heading.default\">\n\t\t\t\t\t<h2 class=\"elementor-heading-title elementor-size-default\"><h2 data-start=\"275\" data-end=\"294\">Pol\u00edtica de privacidad<\/h2><\/h2>\t\t\t\t<\/div>\n\t\t\t\t<div class=\"elementor-element elementor-element-59a91dc elementor-widget elementor-widget-text-editor\" data-id=\"59a91dc\" data-element_type=\"widget\" data-e-type=\"widget\" data-widget_type=\"text-editor.default\">\n\t\t\t\t\t\t\t\t\t<p data-start=\"295\" data-end=\"362\">Fecha de entrada en vigor: 1 de junio de 2002<br data-start=\"328\" data-end=\"331\">\u00daltima actualizaci\u00f3n: 3 de agosto de 2025<\/p><p data-start=\"364\" data-end=\"626\"><span style=\"font-size: 14pt;\">Bienvenido a <strong data-start=\"375\" data-end=\"392\">Yemeni Dreams<\/strong> <a class=\"\" href=\"https:\/\/www.yemeni-dreams.com\" target=\"_new\" rel=\"noopener\" data-start=\"394\" data-end=\"423\">(https:\/\/www.yemeni-dreams.com)<\/a>. Nos comprometemos a proteger su informaci\u00f3n personal y su derecho a la privacidad. Esta Pol\u00edtica de Privacidad explica qu\u00e9 informaci\u00f3n recopilamos, c\u00f3mo la utilizamos y qu\u00e9 derechos tiene usted al respecto.  <\/span><\/p><h3 data-start=\"628\" data-end=\"657\"><span style=\"font-size: 14pt;\">1. Informaci\u00f3n que recopilamos<\/span><\/h3><p data-start=\"658\" data-end=\"738\"><span style=\"font-size: 14pt;\">Podemos recopilar informaci\u00f3n personal que usted nos proporciona voluntariamente cuando:<\/span><\/p><ul data-start=\"739\" data-end=\"920\"><li data-start=\"739\" data-end=\"777\"><p data-start=\"741\" data-end=\"777\"><span style=\"font-size: 14pt;\">Cont\u00e1ctanos a trav\u00e9s de los formularios de nuestro sitio web<\/span><\/p><\/li><li data-start=\"778\" data-end=\"810\"><p data-start=\"780\" data-end=\"810\"><span style=\"font-size: 14pt;\">Reserve un recorrido o solicite un presupuesto<\/span><\/p><\/li><li data-start=\"811\" data-end=\"840\"><p data-start=\"813\" data-end=\"840\"><span style=\"font-size: 14pt;\">Suscr\u00edbete a nuestro bolet\u00edn<\/span><\/p><\/li><li data-start=\"841\" data-end=\"920\"><p data-start=\"843\" data-end=\"920\"><span style=\"font-size: 14pt;\">Comun\u00edquese con nosotros por correo electr\u00f3nico, tel\u00e9fono o plataformas de mensajer\u00eda (por ejemplo, WhatsApp)<\/span><\/p><\/li><\/ul><p data-start=\"922\" data-end=\"970\"><span style=\"font-size: 14pt;\">La informaci\u00f3n personal que recopilamos puede incluir:<\/span><\/p><ul data-start=\"971\" data-end=\"1057\"><li data-start=\"971\" data-end=\"982\"><p data-start=\"973\" data-end=\"982\"><span style=\"font-size: 14pt;\">Nombre completo<\/span><\/p><\/li><li data-start=\"983\" data-end=\"998\"><p data-start=\"985\" data-end=\"998\"><span style=\"font-size: 14pt;\">Direcci\u00f3n de correo electr\u00f3nico<\/span><\/p><\/li><li data-start=\"999\" data-end=\"1013\"><p data-start=\"1001\" data-end=\"1013\"><span style=\"font-size: 14pt;\">N\u00famero de tel\u00e9fono<\/span><\/p><\/li><li data-start=\"1014\" data-end=\"1036\"><p data-start=\"1016\" data-end=\"1036\"><span style=\"font-size: 14pt;\">Pa\u00eds de residencia<\/span><\/p><\/li><li data-start=\"1037\" data-end=\"1057\"><p data-start=\"1039\" data-end=\"1057\"><span style=\"font-size: 14pt;\">Preferencias de viaje<\/span><\/p><\/li><\/ul><h3 data-start=\"1059\" data-end=\"1093\"><span style=\"font-size: 14pt;\">2. C\u00f3mo usamos su informaci\u00f3n<\/span><\/h3><p data-start=\"1094\" data-end=\"1131\"><span style=\"font-size: 14pt;\">Utilizamos la informaci\u00f3n que recopilamos para:<\/span><\/p><ul data-start=\"1132\" data-end=\"1344\"><li data-start=\"1132\" data-end=\"1172\"><p data-start=\"1134\" data-end=\"1172\"><span style=\"font-size: 14pt;\">Responder a sus consultas y reservas<\/span><\/p><\/li><li data-start=\"1173\" data-end=\"1199\"><p data-start=\"1175\" data-end=\"1199\"><span style=\"font-size: 14pt;\">Proporcionar soporte al cliente<\/span><\/p><\/li><li data-start=\"1200\" data-end=\"1247\"><p data-start=\"1202\" data-end=\"1247\"><span style=\"font-size: 14pt;\">Enviarle actualizaciones sobre sus tours o solicitudes.<\/span><\/p><\/li><li data-start=\"1248\" data-end=\"1309\"><p data-start=\"1250\" data-end=\"1309\"><span style=\"font-size: 14pt;\">Enviar ofertas promocionales o boletines informativos (solo si acepta recibirlos)<\/span><\/p><\/li><li data-start=\"1310\" data-end=\"1344\"><p data-start=\"1312\" data-end=\"1344\"><span style=\"font-size: 14pt;\">Mejorar nuestros servicios y sitio web<\/span><\/p><\/li><\/ul><h3 data-start=\"1346\" data-end=\"1377\"><span style=\"font-size: 14pt;\">3. Compartir su informaci\u00f3n<\/span><\/h3><p data-start=\"1378\" data-end=\"1463\"><span style=\"font-size: 14pt;\">No vendemos, intercambiamos ni alquilamos su informaci\u00f3n personal. Podemos compartir datos con: <\/span><\/p><ul data-start=\"1464\" data-end=\"1612\"><li data-start=\"1464\" data-end=\"1540\"><p data-start=\"1466\" data-end=\"1540\"><span style=\"font-size: 14pt;\">Proveedores de servicios confiables que nos ayudan a administrar el sitio web y brindar servicios<\/span><\/p><\/li><li data-start=\"1541\" data-end=\"1612\"><p data-start=\"1543\" data-end=\"1612\"><span style=\"font-size: 14pt;\">Autoridades gubernamentales s\u00f3lo si lo exige la ley o por motivos de seguridad.<\/span><\/p><\/li><\/ul><h3 data-start=\"1614\" data-end=\"1642\"><span style=\"font-size: 14pt;\">4. Cookies y an\u00e1lisis<\/span><\/h3><p data-start=\"1643\" data-end=\"1831\"><span style=\"font-size: 14pt;\">Podemos utilizar cookies o herramientas de seguimiento (p. ej., Google Analytics) para mejorar el rendimiento del sitio web y comprender el comportamiento de los visitantes. Puede desactivar las cookies en la configuraci\u00f3n de su navegador si lo prefiere. <\/span><\/p><h3 data-start=\"1833\" data-end=\"1853\"><span style=\"font-size: 14pt;\">5. Seguridad de los datos<\/span><\/h3><p data-start=\"1854\" data-end=\"1989\"><span style=\"font-size: 14pt;\">We take appropriate security measures to protect your information. However, no method of transmission over the Internet is 100% secure. <\/span><\/p><h3 data-start=\"1991\" data-end=\"2009\"><span style=\"font-size: 14pt;\">6. Sus derechos<\/span><\/h3><p data-start=\"2010\" data-end=\"2032\"><span style=\"font-size: 14pt;\">Tienes derecho a:<\/span><\/p><ul data-start=\"2033\" data-end=\"2224\"><li data-start=\"2033\" data-end=\"2077\"><p data-start=\"2035\" data-end=\"2077\"><span style=\"font-size: 14pt;\">Acceda a los datos personales que tenemos sobre usted<\/span><\/p><\/li><li data-start=\"2078\" data-end=\"2110\"><p data-start=\"2080\" data-end=\"2110\"><span style=\"font-size: 14pt;\">Solicitar correcciones o actualizaciones<\/span><\/p><\/li><li data-start=\"2111\" data-end=\"2176\"><p data-start=\"2113\" data-end=\"2176\"><span style=\"font-size: 14pt;\">P\u00eddanos que eliminemos sus datos (a menos que estemos legalmente obligados a conservarlos)<\/span><\/p><\/li><li data-start=\"2177\" data-end=\"2224\"><p data-start=\"2179\" data-end=\"2224\"><span style=\"font-size: 14pt;\">Retirar el consentimiento para las comunicaciones de marketing<\/span><\/p><\/li><\/ul><p data-start=\"2226\" data-end=\"2292\"><span style=\"font-size: 14pt;\">Para ejercer sus derechos, cont\u00e1ctenos en:<a class=\"cursor-pointer\" rel=\"noopener\" data-start=\"2268\" data-end=\"2290\"> info@yemeni-dreams.com<\/a><\/span><\/p><h3 data-start=\"2294\" data-end=\"2318\"><span style=\"font-size: 14pt;\">7. Enlaces de terceros<\/span><\/h3><p data-start=\"2319\" data-end=\"2441\"><span style=\"font-size: 14pt;\">Nuestro sitio web puede contener enlaces a otros sitios web. No nos responsabilizamos de las pr\u00e1cticas de privacidad de estos sitios externos. <\/span><\/p><h3 data-start=\"2443\" data-end=\"2472\"><span style=\"font-size: 14pt;\">8. Cambios a esta Pol\u00edtica<\/span><\/h3><p data-start=\"2473\" data-end=\"2607\"><span style=\"font-size: 14pt;\">Es posible que actualicemos esta Pol\u00edtica de Privacidad peri\u00f3dicamente. Publicaremos la versi\u00f3n actualizada en esta p\u00e1gina y actualizaremos la fecha de \u00ab\u00daltima actualizaci\u00f3n\u00bb. <\/span><\/p><p data-start=\"2698\" data-end=\"2715\"> <\/p>\t\t\t\t\t\t\t\t<\/div>\n\t\t\t\t\t<\/div>\n\t\t\t\t<\/div>\n\t\t\t\t<\/div>\n\t\t","protected":false},"excerpt":{"rendered":"<p>Pol\u00edtica de privacidad Fecha de entrada en vigor: 1 de junio de 2002\u00daltima actualizaci\u00f3n: 3 de agosto de 2025 Bienvenido a Yemeni Dreams (https:\/\/www.yemeni-dreams.com). Nos comprometemos a proteger su informaci\u00f3n personal y su derecho a la privacidad. Esta Pol\u00edtica de Privacidad explica qu\u00e9 informaci\u00f3n recopilamos, c\u00f3mo la utilizamos y qu\u00e9 derechos tiene usted al respecto. [&hellip;]<\/p>\n","protected":false},"author":2,"featured_media":0,"parent":0,"menu_order":0,"comment_status":"closed","ping_status":"closed","template":"","meta":{"footnotes":""},"class_list":["post-3703","page","type-page","status-publish","has-post-thumbnail","hentry"],"_links":{"self":[{"href":"https:\/\/yemeni-dreams.com\/es\/wp-json\/wp\/v2\/pages\/3703","targetHints":{"allow":["GET"]}}],"collection":[{"href":"https:\/\/yemeni-dreams.com\/es\/wp-json\/wp\/v2\/pages"}],"about":[{"href":"https:\/\/yemeni-dreams.com\/es\/wp-json\/wp\/v2\/types\/page"}],"author":[{"embeddable":true,"href":"https:\/\/yemeni-dreams.com\/es\/wp-json\/wp\/v2\/users\/2"}],"replies":[{"embeddable":true,"href":"https:\/\/yemeni-dreams.com\/es\/wp-json\/wp\/v2\/comments?post=3703"}],"version-history":[{"count":0,"href":"https:\/\/yemeni-dreams.com\/es\/wp-json\/wp\/v2\/pages\/3703\/revisions"}],"wp:attachment":[{"href":"https:\/\/yemeni-dreams.com\/es\/wp-json\/wp\/v2\/media?parent=3703"}],"curies":[{"name":"wp","href":"https:\/\/api.w.org\/{rel}","templated":true}]}}