{"id":3850,"date":"2025-08-03T17:13:00","date_gmt":"2025-08-03T17:13:00","guid":{"rendered":"https:\/\/yemeni-dreams.com\/guia-de-viaje\/"},"modified":"2025-12-06T18:41:37","modified_gmt":"2025-12-06T18:41:37","slug":"guia-de-viaje","status":"publish","type":"page","link":"https:\/\/yemeni-dreams.com\/es\/guia-de-viaje\/","title":{"rendered":"Gu\u00eda de viaje"},"content":{"rendered":"\t\t<div data-elementor-type=\"wp-page\" data-elementor-id=\"3850\" class=\"elementor elementor-3850 elementor-1772\">\n\t\t\t\t<div class=\"elementor-element elementor-element-4741c32 e-flex e-con-boxed e-con e-parent\" data-id=\"4741c32\" data-element_type=\"container\" data-e-type=\"container\" data-settings=\"{&quot;background_background&quot;:&quot;classic&quot;}\">\n\t\t\t\t\t<div class=\"e-con-inner\">\n\t\t\t\t<div class=\"elementor-element elementor-element-c1b0ed8 elementor-widget elementor-widget-heading\" data-id=\"c1b0ed8\" data-element_type=\"widget\" data-e-type=\"widget\" data-widget_type=\"heading.default\">\n\t\t\t\t\t<h2 class=\"elementor-heading-title elementor-size-default\">Gu\u00eda de viaje de Yemen<\/h2>\t\t\t\t<\/div>\n\t\t\t\t<div class=\"elementor-element elementor-element-719747b elementor-widget elementor-widget-text-editor\" data-id=\"719747b\" data-element_type=\"widget\" data-e-type=\"widget\" data-widget_type=\"text-editor.default\">\n\t\t\t\t\t\t\t\t\t<p>Descripci\u00f3n general<\/p><p>Yemen es uno de los destinos con mayor riqueza hist\u00f3rica, pero tambi\u00e9n uno de los menos visitados de Oriente Medio. Si bien viajar aqu\u00ed conlleva desaf\u00edos, recompensa a los esp\u00edritus aventureros con ciudades antiguas, paisajes impresionantes y un patrimonio cultural inigualable. <\/p><p>En su m\u00e1ximo esplendor, Yemen es un lugar de paisajes incre\u00edbles, una impactante arquitectura isl\u00e1mica y bulliciosos zocos, adem\u00e1s de apacibles mezquitas, exuberantes valles y monta\u00f1as imponentes. La capital, San\u00e1, encarna las dos caras de Yemen: la ciudad moderna con infraestructura tur\u00edstica de lujo y la ciudad antigua con su Gran Mezquita y sus distintivos edificios de varias plantas construidos en arcilla. San\u00e1 es una de las ciudades habitadas m\u00e1s antiguas del mundo, y los visitantes pueden contemplarla desde las azoteas de sus hoteles, disfrutar de la autenticidad de sus antiguos zocos o quedar fascinados por la magn\u00edfica Gran Mezquita de 700 a\u00f1os de antig\u00fcedad.  <\/p><p>Ad\u00e9n, la segunda ciudad m\u00e1s grande, es un puerto que se remonta a la antig\u00fcedad. Tiene un aire m\u00e1s cosmopolita y liberal que San\u00e1 y constituye una visita interesante. Otras ciudades que vale la pena explorar son Shibam, conocida como la Manhattan del Desierto, y la ciudad jard\u00edn de Rawdha. Pero la atracci\u00f3n m\u00e1s incre\u00edble de Yemen es el archipi\u00e9lago de Socotra, con m\u00e1s de 700 especies de fauna y flora exclusivas de las islas. Considerado contempor\u00e1neo de las Islas Gal\u00e1pagos, es un lugar de singular belleza y fascinaci\u00f3n cient\u00edfica, con una cultura tribal distintiva que ha prosperado durante miles de a\u00f1os.    <\/p><p>Para los romanos, Yemen era conocido como Arabia Felix, la \u00abtierra afortunada\u00bb, debido a sus f\u00e9rtiles campos. Yemen sol\u00eda ser una tierra de leche y miel, un lugar de gran importancia. Lamentablemente, el pa\u00eds sufre disturbios, inestabilidad y un terrorismo generalizado, pero los viajeros esperan con ansias el d\u00eda en que este pa\u00eds, famoso por su inter\u00e9s, vuelva a ser hospitalario para los visitantes.  <\/p>\t\t\t\t\t\t\t\t<\/div>\n\t\t<div class=\"elementor-element elementor-element-6882355 e-con-full e-flex e-con e-child\" data-id=\"6882355\" data-element_type=\"container\" data-e-type=\"container\" data-settings=\"{&quot;background_background&quot;:&quot;classic&quot;}\">\n\t\t\t\t<div class=\"elementor-element elementor-element-04120bd elementor-widget__width-initial elementor-widget elementor-widget-heading\" data-id=\"04120bd\" data-element_type=\"widget\" data-e-type=\"widget\" data-widget_type=\"heading.default\">\n\t\t\t\t\t<h2 class=\"elementor-heading-title elementor-size-default\">Descubra ciudades antiguas, paisajes impresionantes, comida \u00fanica y aventuras inolvidables en Yemen.<\/h2>\t\t\t\t<\/div>\n\t\t\t\t<\/div>\n\t\t\t\t\t<\/div>\n\t\t\t\t<\/div>\n\t\t<div class=\"elementor-element elementor-element-6b7df34 e-con-full e-flex e-con e-parent\" data-id=\"6b7df34\" data-element_type=\"container\" data-e-type=\"container\">\n\t\t\t\t<div class=\"elementor-element elementor-element-88d3bb0 elementor-widget elementor-widget-heading\" data-id=\"88d3bb0\" data-element_type=\"widget\" data-e-type=\"widget\" data-widget_type=\"heading.default\">\n\t\t\t\t\t<h2 class=\"elementor-heading-title elementor-size-default\">Cu\u00e1ndo visitar<\/h2>\t\t\t\t<\/div>\n\t\t\t\t<div class=\"elementor-element elementor-element-a0408a2 elementor-widget__width-initial elementor-widget elementor-widget-text-editor\" data-id=\"a0408a2\" data-element_type=\"widget\" data-e-type=\"widget\" data-widget_type=\"text-editor.default\">\n\t\t\t\t\t\t\t\t\t<p> <\/p><ul><li>Yemen continental: mejor de octubre a abril (clima m\u00e1s fresco, cielos despejados).<\/li><li>Socotra: Mejor de octubre a abril, y tambi\u00e9n a mediados de septiembre antes del monz\u00f3n.<\/li><\/ul>\t\t\t\t\t\t\t\t<\/div>\n\t\t\t\t<div class=\"elementor-element elementor-element-6b0662f elementor-widget elementor-widget-heading\" data-id=\"6b0662f\" data-element_type=\"widget\" data-e-type=\"widget\" data-widget_type=\"heading.default\">\n\t\t\t\t\t<h2 class=\"elementor-heading-title elementor-size-default\">C\u00f3mo llegar<\/h2>\t\t\t\t<\/div>\n\t\t\t\t<div class=\"elementor-element elementor-element-f0e5396 elementor-widget elementor-widget-text-editor\" data-id=\"f0e5396\" data-element_type=\"widget\" data-e-type=\"widget\" data-widget_type=\"text-editor.default\">\n\t\t\t\t\t\t\t\t\t<ul><li>Aeropuertos: Ad\u00e9n (ADE), Seiyun (GXF), Al Ghaydah (AAY), Socotra (SCT).<\/li><li>Aerol\u00edneas: Yemenia Airways conecta Yemen con El Cairo, Yeda y Am\u00e1n. Vuelos semanales conectan El Cairo y Abu Dabi con Socotra. <\/li><\/ul>\t\t\t\t\t\t\t\t<\/div>\n\t\t\t\t<div class=\"elementor-element elementor-element-e5b2e05 elementor-widget elementor-widget-heading\" data-id=\"e5b2e05\" data-element_type=\"widget\" data-e-type=\"widget\" data-widget_type=\"heading.default\">\n\t\t\t\t\t<h2 class=\"elementor-heading-title elementor-size-default\">Informaci\u00f3n sobre visas<\/h2>\t\t\t\t<\/div>\n\t\t\t\t<div class=\"elementor-element elementor-element-72fb12e elementor-widget elementor-widget-text-editor\" data-id=\"72fb12e\" data-element_type=\"widget\" data-e-type=\"widget\" data-widget_type=\"text-editor.default\">\n\t\t\t\t\t\t\t\t\t<ul><li>Visa para Yemen: Solicite a trav\u00e9s de las embajadas de Yemen con una carta de patrocinador o con el apoyo de un operador tur\u00edstico.<\/li><li>Visa para Socotra: Gestionada directamente por operadores locales autorizados y proporcionada con su paquete tur\u00edstico.<\/li><\/ul>\t\t\t\t\t\t\t\t<\/div>\n\t\t\t\t<div class=\"elementor-element elementor-element-0cc090d elementor-widget elementor-widget-heading\" data-id=\"0cc090d\" data-element_type=\"widget\" data-e-type=\"widget\" data-widget_type=\"heading.default\">\n\t\t\t\t\t<h2 class=\"elementor-heading-title elementor-size-default\">Principales destinos<\/h2>\t\t\t\t<\/div>\n\t\t\t\t<div class=\"elementor-element elementor-element-79ff237 elementor-widget elementor-widget-text-editor\" data-id=\"79ff237\" data-element_type=\"widget\" data-e-type=\"widget\" data-widget_type=\"text-editor.default\">\n\t\t\t\t\t\t\t\t\t<p> <\/p><ul><li>Isla Socotra \u2013 Las \u201cGal\u00e1pagos del Oc\u00e9ano \u00cdndico\u201d.<\/li><li>La Vieja San\u00e1: un museo viviente de arquitectura \u00e1rabe-isl\u00e1mica.<\/li><li>Shibam Hadhramaut \u2013 Rascacielos de adobe.<\/li><li>Wadi Do\u2019an \u2013 Valles de incienso e historia.<\/li><li>La rica historia de Mukalla, sus deliciosos mariscos y sus habitantes hospitalarios lo convierten en un destino cautivador para viajeros aventureros interesados \u200b\u200ben explorar el patrimonio \u00fanico de Yemen.<\/li><li>Ad\u00e9n \u2013 Ciudad portuaria hist\u00f3rica junto al Mar Ar\u00e1bigo.<\/li><li>Taiz e Ibb \u2013 Paisajes verdes y patrimonio cultural.<\/li><li>Seiyun es famoso por sus altos y estrechos edificios de adobe, que tienen un estilo arquitect\u00f3nico distintivo que refleja el rico patrimonio cultural de la regi\u00f3n.<\/li><\/ul><p> <\/p>\t\t\t\t\t\t\t\t<\/div>\n\t\t\t\t<div class=\"elementor-element elementor-element-eb04ec1 elementor-widget elementor-widget-heading\" data-id=\"eb04ec1\" data-element_type=\"widget\" data-e-type=\"widget\" data-widget_type=\"heading.default\">\n\t\t\t\t\t<h2 class=\"elementor-heading-title elementor-size-default\">Cultura y etiqueta<\/h2>\t\t\t\t<\/div>\n\t\t<div class=\"elementor-element elementor-element-badf196 e-con-full e-flex e-con e-child\" data-id=\"badf196\" data-element_type=\"container\" data-e-type=\"container\">\n\t\t\t\t<div class=\"elementor-element elementor-element-a5941e5 elementor-widget elementor-widget-text-editor\" data-id=\"a5941e5\" data-element_type=\"widget\" data-e-type=\"widget\" data-widget_type=\"text-editor.default\">\n\t\t\t\t\t\t\t\t\t<ul><li>V\u00edstase modestamente, especialmente en las zonas rurales.<\/li><li>El viernes es el d\u00eda festivo semanal.<\/li><li>La hospitalidad yemen\u00ed es fundamental: acepte caf\u00e9 o t\u00e9 cuando se le ofrezca.<\/li><li>Masticar qat es com\u00fan, pero la participaci\u00f3n es opcional.<\/li><li>Los estilos de comunicaci\u00f3n son indirectos, la resoluci\u00f3n de conflictos implica mediaci\u00f3n y las reuniones sociales enfatizan el respeto y la hospitalidad.<\/li><li>Idioma \u00c1rabe (Ingl\u00e9s b\u00e1sico en zonas tur\u00edsticas).<\/li><li>La cocina yemen\u00ed combina sabores de Medio Oriente, turcos e indios en platos como el mandi y el saltah.<\/li><li>La corriente el\u00e9ctrica es de 220 a 240 voltios, 50 Hz. Los tipos de enchufes var\u00edan, pero los m\u00e1s comunes son los enchufes con dos o tres clavijas planas o tres clavijas redondas. <\/li><li>Los roles familiares est\u00e1n claramente definidos: los padres son los proveedores y las madres las cuidadoras.<\/li><li>Transporte: Taxis o veh\u00edculos privados con conductores locales.<\/li><\/ul>\t\t\t\t\t\t\t\t<\/div>\n\t\t\t\t<\/div>\n\t\t\t\t<div class=\"elementor-element elementor-element-183f500 elementor-widget elementor-widget-heading\" data-id=\"183f500\" data-element_type=\"widget\" data-e-type=\"widget\" data-widget_type=\"heading.default\">\n\t\t\t\t\t<h2 class=\"elementor-heading-title elementor-size-default\">Consejos de seguridad y viaje<\/h2>\t\t\t\t<\/div>\n\t\t\t\t<\/div>\n\t\t<div class=\"elementor-element elementor-element-c3883c3 e-con-full e-flex e-con e-parent\" data-id=\"c3883c3\" data-element_type=\"container\" data-e-type=\"container\">\n\t\t\t\t<div class=\"elementor-element elementor-element-fb1573b elementor-widget elementor-widget-text-editor\" data-id=\"fb1573b\" data-element_type=\"widget\" data-e-type=\"widget\" data-widget_type=\"text-editor.default\">\n\t\t\t\t\t\t\t\t\t<ul><li>Viaje siempre con operadores locales autorizados.<\/li><li>La moneda yemen\u00ed es el rial, y puede ser ventajoso tener efectivo a mano, ya que las tarjetas de cr\u00e9dito no se aceptan en todas partes. <\/li><li>Hay tarjetas SIM locales disponibles para la comunicaci\u00f3n.<\/li><li>Algunas \u00e1reas pueden requerir permisos de viaje: su operador se encargar\u00e1 de ello.<\/li><li>Se recomienda encarecidamente contar con un seguro de viaje completo, con previsi\u00f3n de repatriaci\u00f3n de emergencia. <\/li><li>Pregunte antes de fotografiar a personas.<\/li><li>Lleve ropa ligera y transpirable y no olvide llevar un su\u00e9ter ligero para las noches m\u00e1s frescas en las regiones m\u00e1s altas.<\/li><li>La ropa yemen\u00ed refleja una historia y civilizaciones diversas a trav\u00e9s de bordados intrincados y dise\u00f1os coloridos.<\/li><li>Adem\u00e1s, es recomendable aprender sobre las costumbres y la etiqueta locales para interactuar respetuosamente con los lugare\u00f1os y enriquecer sus experiencias interculturales.<\/li><li>Respecto a los documentos necesarios, debes asegurarte de que tu pasaporte sea v\u00e1lido por al menos seis meses m\u00e1s all\u00e1 de tu fecha de entrada.<\/li><li>Compruebe si se recomiendan vacunas adicionales o precauciones m\u00e9dicas, como la profilaxis contra la malaria.<\/li><li>Las copias de sus documentos de viaje, incluidos vuelos, reservas de hotel y comprobante de seguro, deben estar disponibles tanto en formato impreso como digital.<\/li><li>Anote n\u00fameros de tel\u00e9fono importantes, como los de la embajada local o de su aseguradora de viaje, para poder actuar r\u00e1pidamente en caso de emergencia.<\/li><li>Un enfoque respetuoso con las costumbres y leyes locales es de gran importancia para evitar conflictos y disfrutar de una aut\u00e9ntica experiencia de viaje.<\/li><\/ul>\t\t\t\t\t\t\t\t<\/div>\n\t\t\t\t<div class=\"elementor-element elementor-element-1a87b65 elementor-widget elementor-widget-heading\" data-id=\"1a87b65\" data-element_type=\"widget\" data-e-type=\"widget\" data-widget_type=\"heading.default\">\n\t\t\t\t\t<h2 class=\"elementor-heading-title elementor-size-default\">Itinerarios de muestra<\/h2>\t\t\t\t<\/div>\n\t\t\t\t<div class=\"elementor-element elementor-element-301f9f7 elementor-widget elementor-widget-text-editor\" data-id=\"301f9f7\" data-element_type=\"widget\" data-e-type=\"widget\" data-widget_type=\"text-editor.default\">\n\t\t\t\t\t\t\t\t\t<p>7 d\u00edas en Socotra: Hadiboh, Reserva Marina Dihamri, Cueva Hoq, Qalansiah, Laguna Shu&#8217;ab, Laguna Detwah.<br>10 d\u00edas en Hadramaut: Seiyun, Shibam, Wadi Do&#8217;an, Mukalla, Al Ghaydah.<\/p>\t\t\t\t\t\t\t\t<\/div>\n\t\t\t\t<div class=\"elementor-element elementor-element-d1c447c elementor-widget elementor-widget-heading\" data-id=\"d1c447c\" data-element_type=\"widget\" data-e-type=\"widget\" data-widget_type=\"heading.default\">\n\t\t\t\t\t<h2 class=\"elementor-heading-title elementor-size-default\">Planifique su viaje<\/h2>\t\t\t\t<\/div>\n\t\t\t\t<div class=\"elementor-element elementor-element-ff3425d elementor-widget elementor-widget-text-editor\" data-id=\"ff3425d\" data-element_type=\"widget\" data-e-type=\"widget\" data-widget_type=\"text-editor.default\">\n\t\t\t\t\t\t\t\t\t<p>\u00bfListo para explorar Yemen? Descubre nuestros paquetes tur\u00edsticos a medida y d\u00e9janos guiarte por esta tierra de maravillas. <\/p><p>\ud83d\udc49 [Explorar paquetes] | [Cont\u00e1ctanos por WhatsApp]<\/p>\t\t\t\t\t\t\t\t<\/div>\n\t\t\t\t<\/div>\n\t\t<div class=\"elementor-element elementor-element-c5397b0 e-con-full e-flex e-con e-parent\" data-id=\"c5397b0\" data-element_type=\"container\" data-e-type=\"container\">\n\t\t\t\t<div class=\"elementor-element elementor-element-e02df26 elementor-widget elementor-widget-heading\" data-id=\"e02df26\" data-element_type=\"widget\" data-e-type=\"widget\" data-widget_type=\"heading.default\">\n\t\t\t\t\t<h2 class=\"elementor-heading-title elementor-size-default\">\u00a1Empieza a planificar tu viaje inolvidable a Yemen hoy mismo!<\/h2>\t\t\t\t<\/div>\n\t\t\t\t<\/div>\n\t\t\t\t<\/div>\n\t\t","protected":false},"excerpt":{"rendered":"<p>Gu\u00eda de viaje de Yemen Descripci\u00f3n general Yemen es uno de los destinos con mayor riqueza hist\u00f3rica, pero tambi\u00e9n uno de los menos visitados de Oriente Medio. Si bien viajar aqu\u00ed conlleva desaf\u00edos, recompensa a los esp\u00edritus aventureros con ciudades antiguas, paisajes impresionantes y un patrimonio cultural inigualable. En su m\u00e1ximo esplendor, Yemen es un [&hellip;]<\/p>\n","protected":false},"author":2,"featured_media":3837,"parent":0,"menu_order":0,"comment_status":"closed","ping_status":"closed","template":"","meta":{"footnotes":""},"class_list":["post-3850","page","type-page","status-publish","has-post-thumbnail","hentry"],"_links":{"self":[{"href":"https:\/\/yemeni-dreams.com\/es\/wp-json\/wp\/v2\/pages\/3850","targetHints":{"allow":["GET"]}}],"collection":[{"href":"https:\/\/yemeni-dreams.com\/es\/wp-json\/wp\/v2\/pages"}],"about":[{"href":"https:\/\/yemeni-dreams.com\/es\/wp-json\/wp\/v2\/types\/page"}],"author":[{"embeddable":true,"href":"https:\/\/yemeni-dreams.com\/es\/wp-json\/wp\/v2\/users\/2"}],"replies":[{"embeddable":true,"href":"https:\/\/yemeni-dreams.com\/es\/wp-json\/wp\/v2\/comments?post=3850"}],"version-history":[{"count":5,"href":"https:\/\/yemeni-dreams.com\/es\/wp-json\/wp\/v2\/pages\/3850\/revisions"}],"predecessor-version":[{"id":8298,"href":"https:\/\/yemeni-dreams.com\/es\/wp-json\/wp\/v2\/pages\/3850\/revisions\/8298"}],"wp:featuredmedia":[{"embeddable":true,"href":"https:\/\/yemeni-dreams.com\/es\/wp-json\/wp\/v2\/media\/3837"}],"wp:attachment":[{"href":"https:\/\/yemeni-dreams.com\/es\/wp-json\/wp\/v2\/media?parent=3850"}],"curies":[{"name":"wp","href":"https:\/\/api.w.org\/{rel}","templated":true}]}}