{"id":3917,"date":"2025-08-25T19:54:14","date_gmt":"2025-08-25T19:54:14","guid":{"rendered":"https:\/\/yemeni-dreams.com\/visita-yemen\/"},"modified":"2025-11-05T18:08:02","modified_gmt":"2025-11-05T18:08:02","slug":"visita-yemen","status":"publish","type":"page","link":"https:\/\/yemeni-dreams.com\/es\/visita-yemen\/","title":{"rendered":"Visita Yemen"},"content":{"rendered":"\t\t<div data-elementor-type=\"wp-page\" data-elementor-id=\"3917\" class=\"elementor elementor-3917 elementor-2660\">\n\t\t\t\t<div class=\"elementor-element elementor-element-5d0b7bd0 e-con-full e-flex e-con e-parent\" data-id=\"5d0b7bd0\" data-element_type=\"container\" data-e-type=\"container\" data-settings=\"{&quot;background_background&quot;:&quot;classic&quot;}\">\n\t\t<div class=\"elementor-element elementor-element-6f1bc8e7 e-flex e-con-boxed e-con e-child\" data-id=\"6f1bc8e7\" data-element_type=\"container\" data-e-type=\"container\">\n\t\t\t\t\t<div class=\"e-con-inner\">\n\t\t\t\t<div class=\"elementor-element elementor-element-546da672 elementor-widget elementor-widget-heading\" data-id=\"546da672\" data-element_type=\"widget\" data-e-type=\"widget\" data-widget_type=\"heading.default\">\n\t\t\t\t\t<h2 class=\"elementor-heading-title elementor-size-default\">Visitando Yemen<\/h2>\t\t\t\t<\/div>\n\t\t\t\t<div class=\"elementor-element elementor-element-000566c elementor-widget__width-initial elementor-widget elementor-widget-text-editor\" data-id=\"000566c\" data-element_type=\"widget\" data-e-type=\"widget\" data-widget_type=\"text-editor.default\">\n\t\t\t\t\t\t\t\t\t<p><strong><span style=\"color: #000000;\">Yemen ofrece paisajes impresionantes y una rica cultura. &#8211; San\u00e1 y Ad\u00e9n son centros culturales con una arquitectura fascinante. &#8211; La gastronom\u00eda yemen\u00ed es diversa y un deleite para los gourmets. &#8211; La diversidad \u00e9tnica enriquece las tradiciones y celebraciones. &#8211; La ciudad des\u00e9rtica de Shibam es conocida como el Manhattan del desierto. &#8211; Maravillas naturales como la isla de Socotra son \u00fanicas y de gran valor biol\u00f3gico. &#8211; La hospitalidad yemen\u00ed es legendaria y c\u00e1lida. &#8211; La mejor \u00e9poca para viajar es entre octubre y abril. El buceo y el senderismo ofrecen emocionantes actividades al aire libre. &#8211; Inf\u00f3rmese sobre las precauciones de seguridad y la documentaci\u00f3n necesaria.         <\/span><\/strong><\/p>\t\t\t\t\t\t\t\t<\/div>\n\t\t\t\t\t<\/div>\n\t\t\t\t<\/div>\n\t\t\t\t<div class=\"elementor-element elementor-element-1ee7e533 animated-slow elementor-invisible elementor-widget elementor-widget-heading\" data-id=\"1ee7e533\" data-element_type=\"widget\" data-e-type=\"widget\" data-settings=\"{&quot;_animation&quot;:&quot;fadeInUp&quot;,&quot;_animation_delay&quot;:100}\" data-widget_type=\"heading.default\">\n\t\t\t\t\t<h3 class=\"elementor-heading-title elementor-size-default\">La cultura y la historia \u00fanicas de Yemen<\/h3>\t\t\t\t<\/div>\n\t\t<div class=\"elementor-element elementor-element-44c33c6e e-flex e-con-boxed e-con e-child\" data-id=\"44c33c6e\" data-element_type=\"container\" data-e-type=\"container\">\n\t\t\t\t\t<div class=\"e-con-inner\">\n\t\t<div class=\"elementor-element elementor-element-27ad8532 e-con-full e-flex e-con e-child\" data-id=\"27ad8532\" data-element_type=\"container\" data-e-type=\"container\">\n\t\t\t\t<div class=\"elementor-element elementor-element-239c9315 animated-slow elementor-invisible elementor-widget elementor-widget-image\" data-id=\"239c9315\" data-element_type=\"widget\" data-e-type=\"widget\" data-settings=\"{&quot;_animation&quot;:&quot;fadeIn&quot;,&quot;_animation_delay&quot;:200}\" data-widget_type=\"image.default\">\n\t\t\t\t\t\t\t\t\t\t\t\t\t\t\t<img fetchpriority=\"high\" decoding=\"async\" width=\"500\" height=\"550\" src=\"http:\/\/yemeni-dreams.com\/wp-content\/uploads\/2025\/08\/ye3.jpg\" class=\"attachment-large size-large wp-image-3270\" alt=\"\" srcset=\"http:\/\/yemeni-dreams.com\/wp-content\/uploads\/2025\/08\/ye3.jpg 500w, http:\/\/yemeni-dreams.com\/wp-content\/uploads\/2025\/08\/ye3-768x844.jpg 768w\" sizes=\"(max-width: 500px) 100vw, 500px\" \/>\t\t\t\t\t\t\t\t\t\t\t\t\t\t\t<\/div>\n\t\t\t\t<div class=\"elementor-element elementor-element-5f9f220 elementor-widget elementor-widget-text-editor\" data-id=\"5f9f220\" data-element_type=\"widget\" data-e-type=\"widget\" data-widget_type=\"text-editor.default\">\n\t\t\t\t\t\t\t\t\t<p><strong><span style=\"color: #000000;\">La cultura y la historia de Yemen han sido moldeadas por notables influencias a lo largo de los siglos. La regi\u00f3n fue anta\u00f1o un espl\u00e9ndido centro comercial y disfrut\u00f3 de un floreciente intercambio cultural, especialmente a trav\u00e9s de las legendarias rutas de caravanas que transportaban valiosos bienes e ideas a trav\u00e9s de Oriente Medio, \u00c1frica y m\u00e1s all\u00e1. Reinos antiguos como el de Saba y el reino himyarita dejaron impresionantes estructuras y testimonios de sus altas culturas que siguen fascinando hoy en d\u00eda. Visite los yacimientos arqueol\u00f3gicos que narran historias de riqueza y prosperidad, y d\u00e9jese cautivar por las reliquias de estas \u00e9pocas. La diversidad \u00e9tnica de Yemen se refleja en sus tradiciones, idiomas y pr\u00e1cticas religiosas. El pa\u00eds es una mezcla de diferentes tribus y comunidades, y esta diversidad ha dado lugar a una rica variedad de costumbres. La gente celebra diversos festivales profundamente arraigados en las tradiciones culturales. Los rituales nupciales suelen ser espectaculares e incluyen coloridos trajes, m\u00fasica y danzas que fortalecen los lazos comunitarios. La artesan\u00eda de Yemen tambi\u00e9n merece la pena descubrir. Las finas tallas, la intrincada plater\u00eda y los textiles ricamente decorados son expresiones de un legado que refleja una alta artesan\u00eda. En la literatura y la m\u00fasica de Yemen se expresan las emociones y vivencias de su gente. La poes\u00eda tradicional, a menudo cantada, habla del amor, la p\u00e9rdida y la conexi\u00f3n con el hogar. Estas expresiones art\u00edsticas no solo son una celebraci\u00f3n del pasado, sino tambi\u00e9n una forma de afrontar los desaf\u00edos del presente. La identidad cultural que se ha desarrollado a partir de la rica historia de Yemen es un testimonio vivo de tradiciones distintivas que permiten a los visitantes una inmersi\u00f3n aventurera en un mundo lleno de profundidad y significado.             <\/span><\/strong><\/p>\t\t\t\t\t\t\t\t<\/div>\n\t\t\t\t<div class=\"elementor-element elementor-element-9af74c9 animated-slow elementor-invisible elementor-widget elementor-widget-heading\" data-id=\"9af74c9\" data-element_type=\"widget\" data-e-type=\"widget\" data-settings=\"{&quot;_animation&quot;:&quot;fadeInUp&quot;,&quot;_animation_delay&quot;:100}\" data-widget_type=\"heading.default\">\n\t\t\t\t\t<h3 class=\"elementor-heading-title elementor-size-default\">Yemen, la tierra de contrastes y sorpresas<\/h3>\t\t\t\t<\/div>\n\t\t\t\t<div class=\"elementor-element elementor-element-49b30bfc animated-slow elementor-invisible elementor-widget elementor-widget-image\" data-id=\"49b30bfc\" data-element_type=\"widget\" data-e-type=\"widget\" data-settings=\"{&quot;_animation&quot;:&quot;fadeIn&quot;,&quot;_animation_delay&quot;:600}\" data-widget_type=\"image.default\">\n\t\t\t\t\t\t\t\t\t\t\t\t\t\t\t<img decoding=\"async\" width=\"500\" height=\"401\" src=\"http:\/\/yemeni-dreams.com\/wp-content\/uploads\/2025\/08\/ye23.jpg\" class=\"attachment-large size-large wp-image-3783\" alt=\"\" srcset=\"http:\/\/yemeni-dreams.com\/wp-content\/uploads\/2025\/08\/ye23.jpg 500w, http:\/\/yemeni-dreams.com\/wp-content\/uploads\/2025\/08\/ye23-768x615.jpg 768w\" sizes=\"(max-width: 500px) 100vw, 500px\" \/>\t\t\t\t\t\t\t\t\t\t\t\t\t\t\t<\/div>\n\t\t\t\t<\/div>\n\t\t\t\t<div class=\"elementor-element elementor-element-452ef2c8 animated-slow elementor-invisible elementor-widget elementor-widget-heading\" data-id=\"452ef2c8\" data-element_type=\"widget\" data-e-type=\"widget\" data-settings=\"{&quot;_animation&quot;:&quot;fadeInUp&quot;,&quot;_animation_delay&quot;:200}\" data-widget_type=\"heading.default\">\n\t\t\t\t\t<div class=\"elementor-heading-title elementor-size-default\">Explora civilizaciones antiguas, sitios de la UNESCO y tradiciones vivas.<\/div>\t\t\t\t<\/div>\n\t\t<div class=\"elementor-element elementor-element-430c3540 e-con-full e-flex e-con e-child\" data-id=\"430c3540\" data-element_type=\"container\" data-e-type=\"container\">\n\t\t\t\t<div class=\"elementor-element elementor-element-40c97e2 elementor-widget elementor-widget-text-editor\" data-id=\"40c97e2\" data-element_type=\"widget\" data-e-type=\"widget\" data-widget_type=\"text-editor.default\">\n\t\t\t\t\t\t\t\t\t<p><span style=\"color: #000000;\"><strong>Yemen hosts some of the most fascinating sights that captivate visitors. In the heart of the city of Sanaa is the Qasr al-Saqqaf, a magnificent example of traditional Yemeni architecture linked to the city&#8217;s history. Its impressive decorations and complex construction tell stories from centuries past as you stroll through its impressive halls and gardens. Not far away is the old town of Sanaa with its elaborately decorated mud-brick houses, their fa\u00e7ades adorned with intricate patterns and colorful windows. A walk through the narrow alleys reveals a lively atmosphere as you encounter the sounds of the markets and the smell of spices. Another must-see is the city of Shibam, often referred to as the \u00abManhattan of the Desert.\u00bb The towering mud-brick houses, a thousand years old, rise majestically and impressively, a clear testament to the ingenious architecture of the region. Amidst this extraordinary urban landscape, you will also find the remnants of ancient fortresses, which offer visitors a deep insight into the strategic significance of Shibam throughout history. This architectural pride is complemented by the fascinating cultural traditions that come alive in the surrounding markets and caf\u00e9s. The UNESCO World Heritage Site of Zabid is another highlight, offering a rich history dating back to the 13th century. Here, you can explore the remnants of schools, mosques, and palaces, all reflecting the heyday of Zabid as a center of trade and science. The combination of fascinating monuments and hospitable inhabitants makes Zabid a distinctive experience that immerses you in the depths of Yemeni culture. The old town of Sanaa \u2013 UNESCO World Heritage Site. The old town of Sanaa, an unparalleled architectural heritage, fascinates not only with its captivating construction but also with its strategic layout. Amid the labyrinthine alleys with the characteristic mud-brick houses that rise several stories, an impressive image of ancient engineering reveals itself. Each of these buildings is a unique work of Art adorned with intricate stucco decorations, colorful windows, and delicate patterns. These details are not merely ornamental decorations but testimonies of a deeply rooted cultural heritage and a long Tradition of craftsmanship that dates back to antiquity.                <\/strong><\/span><\/p>\t\t\t\t\t\t\t\t<\/div>\n\t\t\t\t<div class=\"elementor-element elementor-element-72317690 animated-slow elementor-invisible elementor-widget elementor-widget-heading\" data-id=\"72317690\" data-element_type=\"widget\" data-e-type=\"widget\" data-settings=\"{&quot;_animation&quot;:&quot;fadeInUp&quot;,&quot;_animation_delay&quot;:100}\" data-widget_type=\"heading.default\">\n\t\t\t\t\t<h3 class=\"elementor-heading-title elementor-size-default\">La aventura te espera\n<\/h3>\t\t\t\t<\/div>\n\t\t\t\t<\/div>\n\t\t<div class=\"elementor-element elementor-element-34b276cd e-con-full e-flex e-con e-child\" data-id=\"34b276cd\" data-element_type=\"container\" data-e-type=\"container\">\n\t\t\t\t<div class=\"elementor-element elementor-element-2da6574a animated-slow elementor-invisible elementor-widget elementor-widget-image\" data-id=\"2da6574a\" data-element_type=\"widget\" data-e-type=\"widget\" data-settings=\"{&quot;_animation&quot;:&quot;fadeIn&quot;,&quot;_animation_delay&quot;:400}\" data-widget_type=\"image.default\">\n\t\t\t\t\t\t\t\t\t\t\t\t\t\t\t<img decoding=\"async\" width=\"500\" height=\"400\" src=\"http:\/\/yemeni-dreams.com\/wp-content\/uploads\/2025\/08\/ye17.jpg\" class=\"attachment-large size-large wp-image-3784\" alt=\"\" srcset=\"http:\/\/yemeni-dreams.com\/wp-content\/uploads\/2025\/08\/ye17.jpg 500w, http:\/\/yemeni-dreams.com\/wp-content\/uploads\/2025\/08\/ye17-768x614.jpg 768w\" sizes=\"(max-width: 500px) 100vw, 500px\" \/>\t\t\t\t\t\t\t\t\t\t\t\t\t\t\t<\/div>\n\t\t\t\t<div class=\"elementor-element elementor-element-c0261f5 animated-slow elementor-invisible elementor-widget elementor-widget-heading\" data-id=\"c0261f5\" data-element_type=\"widget\" data-e-type=\"widget\" data-settings=\"{&quot;_animation&quot;:&quot;fadeInUp&quot;,&quot;_animation_delay&quot;:200}\" data-widget_type=\"heading.default\">\n\t\t\t\t\t<div class=\"elementor-heading-title elementor-size-default\">Senderismo, recorridos por el desierto y experiencias culturales como ninguna otra.\n<\/div>\t\t\t\t<\/div>\n\t\t\t\t<\/div>\n\t\t\t\t<div class=\"elementor-element elementor-element-9037834 elementor-widget elementor-widget-text-editor\" data-id=\"9037834\" data-element_type=\"widget\" data-e-type=\"widget\" data-widget_type=\"text-editor.default\">\n\t\t\t\t\t\t\t\t\t<p><strong><span style=\"color: #000000;\">Yemen es una joya escondida que sorprende a sus visitantes con una fascinante dualidad. Por un lado, se encuentran resplandecientes paisajes des\u00e9rticos caracterizados por majestuosas dunas y \u00e1ridas llanuras, mientras que por el otro, le esperan verdes oasis y f\u00e9rtiles valles. Estos contrastes ofrecen una experiencia inigualable que cautiva tanto a los amantes de la naturaleza como a los apasionados de la historia. El valle de Helal, por ejemplo, presenta un paisaje impresionante donde espectaculares cascadas y florecientes plantaciones se unen armoniosamente para crear una imagen de belleza id\u00edlica. Estos vibrantes paisajes albergan tesoros inexplorados de flora y fauna que a menudo permanecen a la sombra de las regiones \u00e1ridas m\u00e1s conocidas. Los propios yemen\u00edes son el coraz\u00f3n de este paisaje cultural \u00fanico. Le sorprender\u00e1 su diversidad y hospitalidad. En las distintas regiones del pa\u00eds, la gente habla diferentes dialectos y conserva sus propias costumbres y especialidades culinarias. Desde los m\u00faltiples colores y sabores de los caf\u00e9s con infusi\u00f3n de canela y cardamomo, que podr\u00e1 degustar en cualquier cafeter\u00eda regional, hasta las tradicionales mezclas de t\u00e9 que se sirven en reuniones sociales, cada experiencia es un descubrimiento de m\u00faltiples matices culturales. A veces, los deliciosos platos se acompa\u00f1an de antiguas historias transmitidas de generaci\u00f3n en generaci\u00f3n, convirtiendo la comida en una experiencia que une a la perfecci\u00f3n tradici\u00f3n y comunidad. Igualmente notables son los emocionantes contrastes arquitect\u00f3nicos que definen a Yemen. Al pasear por las calles de Shibam, quedar\u00e1 impresionado por las singulares casas de adobe que se elevan hasta el cielo. La idea de que estas antiguas edificaciones, a menudo compuestas por m\u00e1s de 500 materiales diferentes, sean resistentes y est\u00e9ticamente agradables es simplemente notable. Por otro lado, encontrar\u00e1 nuevas construcciones modernas en los centros urbanos que reflejan el avance tecnol\u00f3gico y simbolizan el crecimiento continuo del pa\u00eds. Yemen no es solo una tierra de contrastes naturales, sino tambi\u00e9n una vibrante fusi\u00f3n de tradiciones antiguas y estilos de vida modernos que le invita a aprender m\u00e1s sobre sus historias.              <\/span><\/strong><\/p>\t\t\t\t\t\t\t\t<\/div>\n\t\t\t\t<div class=\"elementor-element elementor-element-2a03768 animated-slow elementor-invisible elementor-widget elementor-widget-heading\" data-id=\"2a03768\" data-element_type=\"widget\" data-e-type=\"widget\" data-settings=\"{&quot;_animation&quot;:&quot;fadeInUp&quot;,&quot;_animation_delay&quot;:100}\" data-widget_type=\"heading.default\">\n\t\t\t\t\t<h3 class=\"elementor-heading-title elementor-size-default\">Naturaleza impresionante\n<\/h3>\t\t\t\t<\/div>\n\t\t<div class=\"elementor-element elementor-element-dec6267 e-con-full e-flex e-con e-child\" data-id=\"dec6267\" data-element_type=\"container\" data-e-type=\"container\">\n\t\t\t\t<div class=\"elementor-element elementor-element-310ebd7 animated-slow elementor-invisible elementor-widget elementor-widget-image\" data-id=\"310ebd7\" data-element_type=\"widget\" data-e-type=\"widget\" data-settings=\"{&quot;_animation&quot;:&quot;fadeIn&quot;,&quot;_animation_delay&quot;:400}\" data-widget_type=\"image.default\">\n\t\t\t\t\t\t\t\t\t\t\t\t\t\t\t<img loading=\"lazy\" decoding=\"async\" width=\"600\" height=\"400\" src=\"http:\/\/yemeni-dreams.com\/wp-content\/uploads\/2025\/07\/SOSocotras-landscape_13-e1755290011938.jpg\" class=\"attachment-large size-large wp-image-3785\" alt=\"\" srcset=\"http:\/\/yemeni-dreams.com\/wp-content\/uploads\/2025\/07\/SOSocotras-landscape_13-e1755290011938.jpg 600w, http:\/\/yemeni-dreams.com\/wp-content\/uploads\/2025\/07\/SOSocotras-landscape_13-e1755290011938-768x512.jpg 768w, http:\/\/yemeni-dreams.com\/wp-content\/uploads\/2025\/07\/SOSocotras-landscape_13-e1755290011938-18x12.jpg 18w\" sizes=\"(max-width: 600px) 100vw, 600px\" \/>\t\t\t\t\t\t\t\t\t\t\t\t\t\t\t<\/div>\n\t\t\t\t<div class=\"elementor-element elementor-element-adbb3e8 animated-slow elementor-invisible elementor-widget elementor-widget-heading\" data-id=\"adbb3e8\" data-element_type=\"widget\" data-e-type=\"widget\" data-settings=\"{&quot;_animation&quot;:&quot;fadeInUp&quot;,&quot;_animation_delay&quot;:200}\" data-widget_type=\"heading.default\">\n\t\t\t\t\t<div class=\"elementor-heading-title elementor-size-default\">Descubra imponentes monta\u00f1as, serenos desiertos y la isla de Socotra.<\/div>\t\t\t\t<\/div>\n\t\t\t\t<\/div>\n\t\t\t\t<div class=\"elementor-element elementor-element-bd4f5b3 elementor-widget elementor-widget-text-editor\" data-id=\"bd4f5b3\" data-element_type=\"widget\" data-e-type=\"widget\" data-widget_type=\"text-editor.default\">\n\t\t\t\t\t\t\t\t\t<p><strong><span style=\"color: #000000;\">La diversidad natural de Yemen es simplemente impresionante. Entre las \u00e1ridas e impresionantes crestas monta\u00f1osas de la cordillera de Sarawat y los escarpados acantilados de Hadramaut, se extienden interminables paisajes des\u00e9rticos moldeados por el viento y el tiempo. Aqu\u00ed, en una de las regiones m\u00e1s \u00e1ridas del planeta, surgen fen\u00f3menos interesantes, como las dunas de arena que adquieren formas y colores fascinantes. Los contrastes entre la agreste esencia del desierto y los f\u00e9rtiles valles irrigados convierten el encuentro de estos dos elementos en un espect\u00e1culo visual cautivador. Tambi\u00e9n merece la pena admirar las escarpadas costas, donde el oc\u00e9ano \u00cdndico se estrella incansablemente contra las rocas. Pasee por las playas de Socotra, una de las islas biol\u00f3gicamente m\u00e1s fascinantes del mundo, adornada con especies vegetales end\u00e9micas que no prosperan en ning\u00fan otro lugar. Aqu\u00ed, la naturaleza ofrece su propia galer\u00eda, donde el drago, que semeja una obra de arte, y las impresionantes playas ofrecen un armonioso tel\u00f3n de fondo. Con sus inexploradas rutas de senderismo y sus tradicionales pueblos pesqueros, la isla encarna la esencia de la belleza natural en su estado puro. Los paisajes naturales de Yemen no solo son visualmente impresionantes, sino tambi\u00e9n un verdadero para\u00edso para los amantes de las actividades al aire libre. Las escarpadas monta\u00f1as se entremezclan con cuevas ocultas, espectaculares desfiladeros y rugientes cascadas que se integran en paisajes surrealistas. Aqu\u00ed tendr\u00e1 la oportunidad de experimentar una flora y fauna \u00fanicas en su entorno natural. Y mientras siente el viento en su cabello, tendr\u00e1 la sensaci\u00f3n de que la naturaleza le susurra sus secretos y lo cautiva. La isla de Socotra, a menudo conocida como las \u00abGal\u00e1pagos del Oc\u00e9ano \u00cdndico\u00bb, es un verdadero para\u00edso natural, con una notable variedad de especies end\u00e9micas. Aqu\u00ed encontrar\u00e1 plantas \u00fanicas en el mundo, como el ic\u00f3nico drago, cuya forma \u00fanica y uso tradicional en medicina y cosm\u00e9tica despiertan el inter\u00e9s de bot\u00e1nicos y aventureros. La diversa flora y fauna de esta isla no solo es un sue\u00f1o para los amantes de la naturaleza, sino tambi\u00e9n un fascinante campo de estudio para los cient\u00edficos que investigan la evoluci\u00f3n de las especies debido a su ubicaci\u00f3n aislada. Los paisajes surrealistas de Socotra, con sus escarpados acantilados, espectaculares cuevas y playas de arena, te invitan a experimentar la belleza de la naturaleza de cerca. Las caminatas por las regiones monta\u00f1osas de la isla revelan impresionantes vistas de las brillantes aguas azules del Oc\u00e9ano \u00cdndico. Estas bellezas naturales v\u00edrgenes transforman el paisaje en una experiencia \u00fanica que se distingue del ajetreo del mundo moderno. Aldeas remotas, donde el tiempo parece detenerse, te ofrecen la oportunidad de sumergirte en la cultura local y aprender sobre el estilo de vida de los pintorescos habitantes de Socotra. Ya sea explorando su geolog\u00eda \u00fanica o practicando snorkel en sus aguas cristalinas, la isla de Socotra te har\u00e1 sentir como si hubieras entrado en otro mundo. La diversa fauna, que incluye especies de aves raras y reptiles end\u00e9micos, enriquece la aventura con emocionantes encuentros. Esta singularidad natural, combinada con profundas ra\u00edces culturales y una c\u00e1lida hospitalidad, hace de Socotra un destino inigualable para quienes buscan algo especial.                     <\/span><\/strong><\/p>\t\t\t\t\t\t\t\t<\/div>\n\t\t\t\t\t<\/div>\n\t\t\t\t<\/div>\n\t\t\t\t<div class=\"elementor-element elementor-element-4de12c59 elementor-align-center animated-slow elementor-invisible elementor-widget elementor-widget-button\" data-id=\"4de12c59\" data-element_type=\"widget\" data-e-type=\"widget\" data-settings=\"{&quot;_animation&quot;:&quot;fadeInUp&quot;,&quot;_animation_delay&quot;:400}\" data-widget_type=\"button.default\">\n\t\t\t\t\t\t\t\t\t\t<a class=\"elementor-button elementor-button-link elementor-size-sm\" href=\"https:\/\/yemeni-dreams.com\/tour\/\">\n\t\t\t\t\t\t<span class=\"elementor-button-content-wrapper\">\n\t\t\t\t\t\t\t\t\t<span class=\"elementor-button-text\">Explora ahora<\/span>\n\t\t\t\t\t<\/span>\n\t\t\t\t\t<\/a>\n\t\t\t\t\t\t\t\t<\/div>\n\t\t\t\t<\/div>\n\t\t\t\t<\/div>\n\t\t","protected":false},"excerpt":{"rendered":"<p>Visitando Yemen Yemen ofrece paisajes impresionantes y una rica cultura. &#8211; San\u00e1 y Ad\u00e9n son centros culturales con una arquitectura fascinante. &#8211; La gastronom\u00eda yemen\u00ed es diversa y un deleite para los gourmets. &#8211; La diversidad \u00e9tnica enriquece las tradiciones y celebraciones. &#8211; La ciudad des\u00e9rtica de Shibam es conocida como el Manhattan del desierto. [&hellip;]<\/p>\n","protected":false},"author":6,"featured_media":0,"parent":0,"menu_order":0,"comment_status":"closed","ping_status":"closed","template":"","meta":{"footnotes":""},"class_list":["post-3917","page","type-page","status-publish","has-post-thumbnail","hentry"],"_links":{"self":[{"href":"https:\/\/yemeni-dreams.com\/es\/wp-json\/wp\/v2\/pages\/3917","targetHints":{"allow":["GET"]}}],"collection":[{"href":"https:\/\/yemeni-dreams.com\/es\/wp-json\/wp\/v2\/pages"}],"about":[{"href":"https:\/\/yemeni-dreams.com\/es\/wp-json\/wp\/v2\/types\/page"}],"author":[{"embeddable":true,"href":"https:\/\/yemeni-dreams.com\/es\/wp-json\/wp\/v2\/users\/6"}],"replies":[{"embeddable":true,"href":"https:\/\/yemeni-dreams.com\/es\/wp-json\/wp\/v2\/comments?post=3917"}],"version-history":[{"count":0,"href":"https:\/\/yemeni-dreams.com\/es\/wp-json\/wp\/v2\/pages\/3917\/revisions"}],"wp:attachment":[{"href":"https:\/\/yemeni-dreams.com\/es\/wp-json\/wp\/v2\/media?parent=3917"}],"curies":[{"name":"wp","href":"https:\/\/api.w.org\/{rel}","templated":true}]}}