{"id":3886,"date":"2025-08-03T17:13:00","date_gmt":"2025-08-03T17:13:00","guid":{"rendered":"https:\/\/yemeni-dreams.com\/guide-de-voyage\/"},"modified":"2025-12-06T18:02:56","modified_gmt":"2025-12-06T18:02:56","slug":"guide-de-voyage","status":"publish","type":"page","link":"https:\/\/yemeni-dreams.com\/fr\/guide-de-voyage\/","title":{"rendered":"Guide de voyage"},"content":{"rendered":"\t\t<div data-elementor-type=\"wp-page\" data-elementor-id=\"3886\" class=\"elementor elementor-3886 elementor-1772\">\n\t\t\t\t<div class=\"elementor-element elementor-element-4741c32 e-flex e-con-boxed e-con e-parent\" data-id=\"4741c32\" data-element_type=\"container\" data-e-type=\"container\" data-settings=\"{&quot;background_background&quot;:&quot;classic&quot;}\">\n\t\t\t\t\t<div class=\"e-con-inner\">\n\t\t\t\t<div class=\"elementor-element elementor-element-c1b0ed8 elementor-widget elementor-widget-heading\" data-id=\"c1b0ed8\" data-element_type=\"widget\" data-e-type=\"widget\" data-widget_type=\"heading.default\">\n\t\t\t\t\t<h2 class=\"elementor-heading-title elementor-size-default\">Guide de voyage au Y\u00e9men<\/h2>\t\t\t\t<\/div>\n\t\t\t\t<div class=\"elementor-element elementor-element-719747b elementor-widget elementor-widget-text-editor\" data-id=\"719747b\" data-element_type=\"widget\" data-e-type=\"widget\" data-widget_type=\"text-editor.default\">\n\t\t\t\t\t\t\t\t\t<p>Aper\u00e7u<\/p><p>Le Y\u00e9men est l&rsquo;une des destinations les plus riches historiquement du Moyen-Orient, mais aussi l&rsquo;une des moins visit\u00e9es. Si y voyager comporte des d\u00e9fis, il r\u00e9compense les \u00e2mes aventureuses avec ses cit\u00e9s anciennes, ses paysages \u00e0 couper le souffle et son patrimoine culturel incomparable. <\/p><p>Sous ses plus beaux atours, le Y\u00e9men offre des paysages incroyables, une architecture islamique saisissante et des souks anim\u00e9s, ainsi que des mosqu\u00e9es paisibles, des vall\u00e9es luxuriantes et des montagnes majestueuses. La capitale, Sanaa, incarne les deux visages du Y\u00e9men : la ville moderne aux infrastructures touristiques haut de gamme, et la vieille ville avec sa Grande Mosqu\u00e9e et ses b\u00e2timents caract\u00e9ristiques \u00e0 plusieurs \u00e9tages en argile. Sanaa est l&rsquo;une des plus anciennes villes habit\u00e9es du monde, et les visiteurs peuvent l&rsquo;admirer depuis les toits des h\u00f4tels, appr\u00e9cier l&rsquo;authenticit\u00e9 de ses vieux souks ou se laisser envo\u00fbter par la magnifique Grande Mosqu\u00e9e vieille de 700 ans.  <\/p><p>Aden, deuxi\u00e8me plus grande ville du Y\u00e9men, est un port datant de l&rsquo;Antiquit\u00e9. Son atmosph\u00e8re est plus cosmopolite et lib\u00e9rale que celle de Sanaa, ce qui en fait une visite int\u00e9ressante. Shibam, surnomm\u00e9e le Manhattan du d\u00e9sert, et la cit\u00e9-jardin de Rawdha m\u00e9ritent \u00e9galement d&rsquo;\u00eatre explor\u00e9es. Mais l&rsquo;attraction la plus incroyable du Y\u00e9men est l&rsquo;archipel de Socotra, qui abrite plus de 700 esp\u00e8ces animales et v\u00e9g\u00e9tales uniques. Consid\u00e9r\u00e9 comme un contemporain des \u00eeles Gal\u00e1pagos, c&rsquo;est un lieu d&rsquo;une beaut\u00e9 unique et d&rsquo;une fascination scientifique, avec une culture tribale distincte qui prosp\u00e8re depuis des mill\u00e9naires.    <\/p><p>Pour les Romains, le Y\u00e9men \u00e9tait connu sous le nom d&rsquo;Arabie heureuse, la \u00ab terre heureuse \u00bb, en raison de ses terres fertiles. Autrefois, le Y\u00e9men \u00e9tait une terre de cocagne, un lieu d&rsquo;une grande importance. Malheureusement, le pays est aux prises avec des troubles, une instabilit\u00e9 et un terrorisme g\u00e9n\u00e9ralis\u00e9, mais les voyageurs attendent avec impatience le jour o\u00f9 ce pays r\u00e9put\u00e9 pour son int\u00e9r\u00eat touristique redeviendra accueillant.  <\/p>\t\t\t\t\t\t\t\t<\/div>\n\t\t<div class=\"elementor-element elementor-element-6882355 e-con-full e-flex e-con e-child\" data-id=\"6882355\" data-element_type=\"container\" data-e-type=\"container\" data-settings=\"{&quot;background_background&quot;:&quot;classic&quot;}\">\n\t\t\t\t<div class=\"elementor-element elementor-element-04120bd elementor-widget__width-initial elementor-widget elementor-widget-heading\" data-id=\"04120bd\" data-element_type=\"widget\" data-e-type=\"widget\" data-widget_type=\"heading.default\">\n\t\t\t\t\t<h2 class=\"elementor-heading-title elementor-size-default\">D\u00e9couvrez des villes anciennes, des paysages \u00e0 couper le souffle, une cuisine unique et des aventures inoubliables \u00e0 travers le Y\u00e9men.<\/h2>\t\t\t\t<\/div>\n\t\t\t\t<\/div>\n\t\t\t\t\t<\/div>\n\t\t\t\t<\/div>\n\t\t<div class=\"elementor-element elementor-element-6b7df34 e-con-full e-flex e-con e-parent\" data-id=\"6b7df34\" data-element_type=\"container\" data-e-type=\"container\">\n\t\t\t\t<div class=\"elementor-element elementor-element-88d3bb0 elementor-widget elementor-widget-heading\" data-id=\"88d3bb0\" data-element_type=\"widget\" data-e-type=\"widget\" data-widget_type=\"heading.default\">\n\t\t\t\t\t<h2 class=\"elementor-heading-title elementor-size-default\">Quand visiter<\/h2>\t\t\t\t<\/div>\n\t\t\t\t<div class=\"elementor-element elementor-element-a0408a2 elementor-widget__width-initial elementor-widget elementor-widget-text-editor\" data-id=\"a0408a2\" data-element_type=\"widget\" data-e-type=\"widget\" data-widget_type=\"text-editor.default\">\n\t\t\t\t\t\t\t\t\t<p> <\/p><ul><li>Y\u00e9men continental : meilleur moment d&rsquo;octobre \u00e0 avril (temps plus frais, ciel d\u00e9gag\u00e9).<\/li><li>Socotra : Id\u00e9al d&rsquo;octobre \u00e0 avril, et \u00e9galement \u00e0 la mi-septembre avant la mousson.<\/li><\/ul>\t\t\t\t\t\t\t\t<\/div>\n\t\t\t\t<div class=\"elementor-element elementor-element-6b0662f elementor-widget elementor-widget-heading\" data-id=\"6b0662f\" data-element_type=\"widget\" data-e-type=\"widget\" data-widget_type=\"heading.default\">\n\t\t\t\t\t<h2 class=\"elementor-heading-title elementor-size-default\">Comment s'y rendre<\/h2>\t\t\t\t<\/div>\n\t\t\t\t<div class=\"elementor-element elementor-element-f0e5396 elementor-widget elementor-widget-text-editor\" data-id=\"f0e5396\" data-element_type=\"widget\" data-e-type=\"widget\" data-widget_type=\"text-editor.default\">\n\t\t\t\t\t\t\t\t\t<ul><li>A\u00e9roports : Aden (ADE), Seiyun (GXF), Al Ghaydah (AAY), Socotra (SCT).<\/li><li>Compagnies a\u00e9riennes : Yemenia Airways relie le Y\u00e9men au Caire, \u00e0 Djeddah et \u00e0 Amman. Des vols hebdomadaires relient Le Caire et Abou Dabi \u00e0 Socotra. <\/li><\/ul>\t\t\t\t\t\t\t\t<\/div>\n\t\t\t\t<div class=\"elementor-element elementor-element-e5b2e05 elementor-widget elementor-widget-heading\" data-id=\"e5b2e05\" data-element_type=\"widget\" data-e-type=\"widget\" data-widget_type=\"heading.default\">\n\t\t\t\t\t<h2 class=\"elementor-heading-title elementor-size-default\">Informations sur les visas<\/h2>\t\t\t\t<\/div>\n\t\t\t\t<div class=\"elementor-element elementor-element-72fb12e elementor-widget elementor-widget-text-editor\" data-id=\"72fb12e\" data-element_type=\"widget\" data-e-type=\"widget\" data-widget_type=\"text-editor.default\">\n\t\t\t\t\t\t\t\t\t<ul><li>Visa pour le Y\u00e9men : faites votre demande aupr\u00e8s des ambassades y\u00e9m\u00e9nites avec une lettre de parrainage ou le soutien d&rsquo;un voyagiste.<\/li><li>Visa Socotra : Organis\u00e9 directement par les op\u00e9rateurs locaux agr\u00e9\u00e9s et fourni avec votre forfait touristique.<\/li><\/ul>\t\t\t\t\t\t\t\t<\/div>\n\t\t\t\t<div class=\"elementor-element elementor-element-0cc090d elementor-widget elementor-widget-heading\" data-id=\"0cc090d\" data-element_type=\"widget\" data-e-type=\"widget\" data-widget_type=\"heading.default\">\n\t\t\t\t\t<h2 class=\"elementor-heading-title elementor-size-default\">Meilleures destinations<\/h2>\t\t\t\t<\/div>\n\t\t\t\t<div class=\"elementor-element elementor-element-79ff237 elementor-widget elementor-widget-text-editor\" data-id=\"79ff237\" data-element_type=\"widget\" data-e-type=\"widget\" data-widget_type=\"text-editor.default\">\n\t\t\t\t\t\t\t\t\t<p> <\/p><ul><li>\u00cele de Socotra \u2013 Les \u00ab Gal\u00e1pagos de l&rsquo;oc\u00e9an Indien \u00bb.<\/li><li>Vieux Sanaa \u2013 Un mus\u00e9e vivant de l\u2019architecture arabo-islamique.<\/li><li>Shibam Hadhramaut \u2013 Gratte-ciels en briques de terre.<\/li><li>Wadi Do\u2019an \u2013 Vall\u00e9es d\u2019encens et d\u2019histoire.<\/li><li>La riche histoire de Mukalla, ses d\u00e9licieux fruits de mer et ses habitants hospitaliers en font une destination captivante pour les voyageurs aventureux d\u00e9sireux d&rsquo;explorer le patrimoine unique du Y\u00e9men.<\/li><li>Aden \u2013 Ville portuaire historique au bord de la mer d\u2019Arabie.<\/li><li>Taiz et Ibb \u2013 Paysages verdoyants et patrimoine culturel.<\/li><li>Seiyun est c\u00e9l\u00e8bre pour ses b\u00e2timents hauts et \u00e9troits en briques de terre, qui ont un style architectural distinctif refl\u00e9tant le riche patrimoine culturel de la r\u00e9gion.<\/li><\/ul><p> <\/p>\t\t\t\t\t\t\t\t<\/div>\n\t\t\t\t<div class=\"elementor-element elementor-element-eb04ec1 elementor-widget elementor-widget-heading\" data-id=\"eb04ec1\" data-element_type=\"widget\" data-e-type=\"widget\" data-widget_type=\"heading.default\">\n\t\t\t\t\t<h2 class=\"elementor-heading-title elementor-size-default\">Culture et \u00e9tiquette<\/h2>\t\t\t\t<\/div>\n\t\t<div class=\"elementor-element elementor-element-badf196 e-con-full e-flex e-con e-child\" data-id=\"badf196\" data-element_type=\"container\" data-e-type=\"container\">\n\t\t\t\t<div class=\"elementor-element elementor-element-a5941e5 elementor-widget elementor-widget-text-editor\" data-id=\"a5941e5\" data-element_type=\"widget\" data-e-type=\"widget\" data-widget_type=\"text-editor.default\">\n\t\t\t\t\t\t\t\t\t<ul><li>Habillez-vous modestement, surtout dans les zones rurales.<\/li><li>Le vendredi est le jour f\u00e9ri\u00e9 hebdomadaire.<\/li><li>L\u2019hospitalit\u00e9 y\u00e9m\u00e9nite est primordiale : acceptez le caf\u00e9 ou le th\u00e9 lorsqu\u2019on vous le propose.<\/li><li>La mastication du qat est courante, mais la participation est facultative.<\/li><li>Les styles de communication sont indirects, la r\u00e9solution des conflits implique la m\u00e9diation et les rassemblements sociaux mettent l\u2019accent sur le respect et l\u2019hospitalit\u00e9.<\/li><li>Langue arabe (anglais de base dans les zones touristiques).<\/li><li>La cuisine y\u00e9m\u00e9nite combine les saveurs du Moyen-Orient, de la Turquie et de l&rsquo;Inde dans des plats comme le Mandi et le Saltah.<\/li><li>Le courant \u00e9lectrique est de 220 \u00e0 240 volts, 50 Hz. Les types de prises varient, mais les plus courantes sont celles \u00e0 deux ou trois broches plates ou \u00e0 trois broches rondes. <\/li><li>Les r\u00f4les familiaux sont clairement d\u00e9finis, les p\u00e8res \u00e9tant les pourvoyeurs et les m\u00e8res les gardiennes.<\/li><li>Transport : Taxis ou voitures priv\u00e9es avec chauffeurs locaux.<\/li><\/ul>\t\t\t\t\t\t\t\t<\/div>\n\t\t\t\t<\/div>\n\t\t\t\t<div class=\"elementor-element elementor-element-183f500 elementor-widget elementor-widget-heading\" data-id=\"183f500\" data-element_type=\"widget\" data-e-type=\"widget\" data-widget_type=\"heading.default\">\n\t\t\t\t\t<h2 class=\"elementor-heading-title elementor-size-default\">Conseils de s\u00e9curit\u00e9 et de voyage<\/h2>\t\t\t\t<\/div>\n\t\t\t\t<\/div>\n\t\t<div class=\"elementor-element elementor-element-c3883c3 e-con-full e-flex e-con e-parent\" data-id=\"c3883c3\" data-element_type=\"container\" data-e-type=\"container\">\n\t\t\t\t<div class=\"elementor-element elementor-element-fb1573b elementor-widget elementor-widget-text-editor\" data-id=\"fb1573b\" data-element_type=\"widget\" data-e-type=\"widget\" data-widget_type=\"text-editor.default\">\n\t\t\t\t\t\t\t\t\t<ul><li>Voyagez toujours avec des op\u00e9rateurs locaux agr\u00e9\u00e9s.<\/li><li>La monnaie y\u00e9m\u00e9nite est le rial, et il peut \u00eatre avantageux d&rsquo;avoir de l&rsquo;argent liquide sous la main, car les cartes de cr\u00e9dit ne sont pas accept\u00e9es partout. <\/li><li>Des cartes SIM locales sont disponibles pour la communication.<\/li><li>Certaines zones peuvent n\u00e9cessiter des autorisations de d\u00e9placement ; votre op\u00e9rateur s&rsquo;en chargera.<\/li><li>une assurance voyage compl\u00e8te, avec possibilit\u00e9 de rapatriement d\u2019urgence, est fortement conseill\u00e9e. <\/li><li>Demandez avant de photographier des gens.<\/li><li>Emportez des v\u00eatements l\u00e9gers et respirants, et n&rsquo;oubliez pas d&#8217;emporter un pull l\u00e9ger pour les soir\u00e9es plus fra\u00eeches dans les r\u00e9gions plus hautes.<\/li><li>Les v\u00eatements y\u00e9m\u00e9nites refl\u00e8tent la diversit\u00e9 de l&rsquo;histoire et des civilisations \u00e0 travers des broderies complexes et des motifs color\u00e9s.<\/li><li>De plus, il est conseill\u00e9 de se renseigner sur les coutumes et l\u2019\u00e9tiquette locales pour interagir respectueusement avec les locaux et enrichir vos exp\u00e9riences interculturelles.<\/li><li>Concernant les documents n\u00e9cessaires, vous devez vous assurer que votre passeport est valable au moins six mois apr\u00e8s votre date d&rsquo;entr\u00e9e.<\/li><li>V\u00e9rifiez si des vaccinations suppl\u00e9mentaires ou des pr\u00e9cautions m\u00e9dicales, telles que la prophylaxie contre le paludisme, sont recommand\u00e9es.<\/li><li>Des copies de vos documents de voyage, y compris les vols, les r\u00e9servations d\u2019h\u00f4tel et les preuves d\u2019assurance, doivent \u00eatre disponibles sous forme imprim\u00e9e et num\u00e9rique.<\/li><li>Notez les num\u00e9ros de t\u00e9l\u00e9phone importants, comme ceux de l\u2019ambassade locale ou de votre assureur voyage, pour pouvoir agir rapidement en cas d\u2019urgence.<\/li><li>Une approche respectueuse des coutumes et des lois locales est d\u2019une grande importance pour \u00e9viter les conflits et profiter d\u2019une exp\u00e9rience de voyage authentique.<\/li><\/ul>\t\t\t\t\t\t\t\t<\/div>\n\t\t\t\t<div class=\"elementor-element elementor-element-1a87b65 elementor-widget elementor-widget-heading\" data-id=\"1a87b65\" data-element_type=\"widget\" data-e-type=\"widget\" data-widget_type=\"heading.default\">\n\t\t\t\t\t<h2 class=\"elementor-heading-title elementor-size-default\">Exemples d'itin\u00e9raires<\/h2>\t\t\t\t<\/div>\n\t\t\t\t<div class=\"elementor-element elementor-element-301f9f7 elementor-widget elementor-widget-text-editor\" data-id=\"301f9f7\" data-element_type=\"widget\" data-e-type=\"widget\" data-widget_type=\"text-editor.default\">\n\t\t\t\t\t\t\t\t\t<p>7 jours \u00e0 Socotra \u2013 Hadiboh, r\u00e9serve marine de Dihamri, grotte de Hoq, Qalansiah, lagon de Shu\u2019ab, lagon de Detwah.<br>10 jours dans l&rsquo;Hadramaout \u2013 Seiyun, Shibam, Wadi Do&rsquo;an, Mukalla, Al Ghaydah.<\/p>\t\t\t\t\t\t\t\t<\/div>\n\t\t\t\t<div class=\"elementor-element elementor-element-d1c447c elementor-widget elementor-widget-heading\" data-id=\"d1c447c\" data-element_type=\"widget\" data-e-type=\"widget\" data-widget_type=\"heading.default\">\n\t\t\t\t\t<h2 class=\"elementor-heading-title elementor-size-default\">Planifiez votre voyage<\/h2>\t\t\t\t<\/div>\n\t\t\t\t<div class=\"elementor-element elementor-element-ff3425d elementor-widget elementor-widget-text-editor\" data-id=\"ff3425d\" data-element_type=\"widget\" data-e-type=\"widget\" data-widget_type=\"text-editor.default\">\n\t\t\t\t\t\t\t\t\t<p>Pr\u00eat \u00e0 explorer le Y\u00e9men ? D\u00e9couvrez nos circuits sur mesure et laissez-vous guider \u00e0 travers ce pays aux mille merveilles. <\/p><p>\ud83d\udc49 [D\u00e9couvrir les forfaits] | [Contactez-nous sur WhatsApp]<\/p>\t\t\t\t\t\t\t\t<\/div>\n\t\t\t\t<\/div>\n\t\t<div class=\"elementor-element elementor-element-c5397b0 e-con-full e-flex e-con e-parent\" data-id=\"c5397b0\" data-element_type=\"container\" data-e-type=\"container\">\n\t\t\t\t<div class=\"elementor-element elementor-element-e02df26 elementor-widget elementor-widget-heading\" data-id=\"e02df26\" data-element_type=\"widget\" data-e-type=\"widget\" data-widget_type=\"heading.default\">\n\t\t\t\t\t<h2 class=\"elementor-heading-title elementor-size-default\">Commencez d\u00e8s aujourd\u2019hui \u00e0 planifier votre voyage inoubliable au Y\u00e9men !<\/h2>\t\t\t\t<\/div>\n\t\t\t\t<\/div>\n\t\t\t\t<\/div>\n\t\t","protected":false},"excerpt":{"rendered":"<p>Guide de voyage au Y\u00e9men Aper\u00e7u Le Y\u00e9men est l&rsquo;une des destinations les plus riches historiquement du Moyen-Orient, mais aussi l&rsquo;une des moins visit\u00e9es. Si y voyager comporte des d\u00e9fis, il r\u00e9compense les \u00e2mes aventureuses avec ses cit\u00e9s anciennes, ses paysages \u00e0 couper le souffle et son patrimoine culturel incomparable. Sous ses plus beaux atours, [&hellip;]<\/p>\n","protected":false},"author":2,"featured_media":3874,"parent":0,"menu_order":0,"comment_status":"closed","ping_status":"closed","template":"","meta":{"footnotes":""},"class_list":["post-3886","page","type-page","status-publish","has-post-thumbnail","hentry"],"_links":{"self":[{"href":"https:\/\/yemeni-dreams.com\/fr\/wp-json\/wp\/v2\/pages\/3886","targetHints":{"allow":["GET"]}}],"collection":[{"href":"https:\/\/yemeni-dreams.com\/fr\/wp-json\/wp\/v2\/pages"}],"about":[{"href":"https:\/\/yemeni-dreams.com\/fr\/wp-json\/wp\/v2\/types\/page"}],"author":[{"embeddable":true,"href":"https:\/\/yemeni-dreams.com\/fr\/wp-json\/wp\/v2\/users\/2"}],"replies":[{"embeddable":true,"href":"https:\/\/yemeni-dreams.com\/fr\/wp-json\/wp\/v2\/comments?post=3886"}],"version-history":[{"count":5,"href":"https:\/\/yemeni-dreams.com\/fr\/wp-json\/wp\/v2\/pages\/3886\/revisions"}],"predecessor-version":[{"id":8231,"href":"https:\/\/yemeni-dreams.com\/fr\/wp-json\/wp\/v2\/pages\/3886\/revisions\/8231"}],"wp:featuredmedia":[{"embeddable":true,"href":"https:\/\/yemeni-dreams.com\/fr\/wp-json\/wp\/v2\/media\/3874"}],"wp:attachment":[{"href":"https:\/\/yemeni-dreams.com\/fr\/wp-json\/wp\/v2\/media?parent=3886"}],"curies":[{"name":"wp","href":"https:\/\/api.w.org\/{rel}","templated":true}]}}