{"id":3912,"date":"2025-08-25T19:54:14","date_gmt":"2025-08-25T19:54:14","guid":{"rendered":"https:\/\/yemeni-dreams.com\/visita-lo-yemen\/"},"modified":"2025-11-05T18:06:42","modified_gmt":"2025-11-05T18:06:42","slug":"visita-lo-yemen","status":"publish","type":"page","link":"https:\/\/yemeni-dreams.com\/it\/visita-lo-yemen\/","title":{"rendered":"Visita lo Yemen"},"content":{"rendered":"\t\t<div data-elementor-type=\"wp-page\" data-elementor-id=\"3912\" class=\"elementor elementor-3912 elementor-2660\">\n\t\t\t\t<div class=\"elementor-element elementor-element-5d0b7bd0 e-con-full e-flex e-con e-parent\" data-id=\"5d0b7bd0\" data-element_type=\"container\" data-e-type=\"container\" data-settings=\"{&quot;background_background&quot;:&quot;classic&quot;}\">\n\t\t<div class=\"elementor-element elementor-element-6f1bc8e7 e-flex e-con-boxed e-con e-child\" data-id=\"6f1bc8e7\" data-element_type=\"container\" data-e-type=\"container\">\n\t\t\t\t\t<div class=\"e-con-inner\">\n\t\t\t\t<div class=\"elementor-element elementor-element-546da672 elementor-widget elementor-widget-heading\" data-id=\"546da672\" data-element_type=\"widget\" data-e-type=\"widget\" data-widget_type=\"heading.default\">\n\t\t\t\t\t<h2 class=\"elementor-heading-title elementor-size-default\">Visita lo Yemen<\/h2>\t\t\t\t<\/div>\n\t\t\t\t<div class=\"elementor-element elementor-element-000566c elementor-widget__width-initial elementor-widget elementor-widget-text-editor\" data-id=\"000566c\" data-element_type=\"widget\" data-e-type=\"widget\" data-widget_type=\"text-editor.default\">\n\t\t\t\t\t\t\t\t\t<p><strong><span style=\"color: #000000;\">Lo Yemen offre paesaggi mozzafiato e una cultura ricca. &#8211; Sana&#8217;a e Aden sono centri culturali dall&#8217;architettura affascinante. &#8211; La cucina yemenita \u00e8 varia e una delizia per i buongustai. &#8211; La diversit\u00e0 etnica arricchisce tradizioni e celebrazioni. &#8211; La citt\u00e0 desertica di Shibam \u00e8 definita la Manhattan del deserto. &#8211; Meraviglie naturali come l&#8217;isola di Socotra sono uniche e biologicamente preziose. &#8211; L&#8217;ospitalit\u00e0 yemenita \u00e8 leggendaria e calorosa. &#8211; Il periodo migliore per viaggiare \u00e8 tra ottobre e aprile. Immersioni e trekking offrono emozionanti attivit\u00e0 all&#8217;aperto. &#8211; Informati sulle precauzioni di sicurezza e sui documenti richiesti.         <\/span><\/strong><\/p>\t\t\t\t\t\t\t\t<\/div>\n\t\t\t\t\t<\/div>\n\t\t\t\t<\/div>\n\t\t\t\t<div class=\"elementor-element elementor-element-1ee7e533 animated-slow elementor-invisible elementor-widget elementor-widget-heading\" data-id=\"1ee7e533\" data-element_type=\"widget\" data-e-type=\"widget\" data-settings=\"{&quot;_animation&quot;:&quot;fadeInUp&quot;,&quot;_animation_delay&quot;:100}\" data-widget_type=\"heading.default\">\n\t\t\t\t\t<h3 class=\"elementor-heading-title elementor-size-default\">La cultura e la storia uniche dello Yemen<\/h3>\t\t\t\t<\/div>\n\t\t<div class=\"elementor-element elementor-element-44c33c6e e-flex e-con-boxed e-con e-child\" data-id=\"44c33c6e\" data-element_type=\"container\" data-e-type=\"container\">\n\t\t\t\t\t<div class=\"e-con-inner\">\n\t\t<div class=\"elementor-element elementor-element-27ad8532 e-con-full e-flex e-con e-child\" data-id=\"27ad8532\" data-element_type=\"container\" data-e-type=\"container\">\n\t\t\t\t<div class=\"elementor-element elementor-element-239c9315 animated-slow elementor-invisible elementor-widget elementor-widget-image\" data-id=\"239c9315\" data-element_type=\"widget\" data-e-type=\"widget\" data-settings=\"{&quot;_animation&quot;:&quot;fadeIn&quot;,&quot;_animation_delay&quot;:200}\" data-widget_type=\"image.default\">\n\t\t\t\t\t\t\t\t\t\t\t\t\t\t\t<img fetchpriority=\"high\" decoding=\"async\" width=\"500\" height=\"550\" src=\"https:\/\/yemeni-dreams.com\/wp-content\/uploads\/2025\/08\/ye3.jpg\" class=\"attachment-large size-large wp-image-3003\" alt=\"\" srcset=\"https:\/\/yemeni-dreams.com\/wp-content\/uploads\/2025\/08\/ye3.jpg 500w, https:\/\/yemeni-dreams.com\/wp-content\/uploads\/2025\/08\/ye3-768x844.jpg 768w\" sizes=\"(max-width: 500px) 100vw, 500px\" \/>\t\t\t\t\t\t\t\t\t\t\t\t\t\t\t<\/div>\n\t\t\t\t<div class=\"elementor-element elementor-element-5f9f220 elementor-widget elementor-widget-text-editor\" data-id=\"5f9f220\" data-element_type=\"widget\" data-e-type=\"widget\" data-widget_type=\"text-editor.default\">\n\t\t\t\t\t\t\t\t\t<p><strong><span style=\"color: #000000;\">The culture and history of Yemen have been shaped by remarkable influences over centuries. The region was once a splendid center of trade and enjoyed a flourishing exchange between cultures, particularly through the legendary caravan routes that transported valuable goods and ideas across the Middle East, Africa, and beyond. Ancient kingdoms like that of Sheba and the Himyarite Kingdom left impressive structures and testimonies of their high cultures that continue to fascinate today. Visit the archaeological sites that tell stories of wealth and prosperity, and let yourself be captivated by the relics of these eras. The ethnic diversity of Yemen is reflected in its traditions, languages, and religious practices. The Country is a melange of different tribes and communities, and this diversity has produced a rich array of customs. People celebrate a variety of Festivals that are deeply rooted in cultural traditions. The wedding rituals are often spectacular and include colorful costumes, music, and dance that strengthen community bonds. The craftsmanship of Yemen is also worth discovering. The fine carvings, intricate silverwork, and richly decorated textiles are expressions of a heritage that reflects high craftsmanship. In the literature and Music of Yemen, the emotions and experiences of the People are expressed. Traditional poetry, often presented in sung form, speaks of love, loss, and the connection to home. These artistic expressions are not only a celebration of the past but also a way to process the challenges of the present. The cultural identity that has developed from Yemen&#8217;s rich history is a living testimony to distinctive traditions that allow visitors an adventurous immersion into a world full of depth and meaning.             <\/span><\/strong><\/p>\t\t\t\t\t\t\t\t<\/div>\n\t\t\t\t<div class=\"elementor-element elementor-element-9af74c9 animated-slow elementor-invisible elementor-widget elementor-widget-heading\" data-id=\"9af74c9\" data-element_type=\"widget\" data-e-type=\"widget\" data-settings=\"{&quot;_animation&quot;:&quot;fadeInUp&quot;,&quot;_animation_delay&quot;:100}\" data-widget_type=\"heading.default\">\n\t\t\t\t\t<h3 class=\"elementor-heading-title elementor-size-default\">Yemen \u2013 la terra dei contrasti e delle sorprese<\/h3>\t\t\t\t<\/div>\n\t\t\t\t<div class=\"elementor-element elementor-element-49b30bfc animated-slow elementor-invisible elementor-widget elementor-widget-image\" data-id=\"49b30bfc\" data-element_type=\"widget\" data-e-type=\"widget\" data-settings=\"{&quot;_animation&quot;:&quot;fadeIn&quot;,&quot;_animation_delay&quot;:600}\" data-widget_type=\"image.default\">\n\t\t\t\t\t\t\t\t\t\t\t\t\t\t\t<img decoding=\"async\" width=\"500\" height=\"401\" src=\"https:\/\/yemeni-dreams.com\/wp-content\/uploads\/2025\/08\/ye23.jpg\" class=\"attachment-large size-large wp-image-3802\" alt=\"\" srcset=\"https:\/\/yemeni-dreams.com\/wp-content\/uploads\/2025\/08\/ye23.jpg 500w, https:\/\/yemeni-dreams.com\/wp-content\/uploads\/2025\/08\/ye23-768x615.jpg 768w\" sizes=\"(max-width: 500px) 100vw, 500px\" \/>\t\t\t\t\t\t\t\t\t\t\t\t\t\t\t<\/div>\n\t\t\t\t<\/div>\n\t\t\t\t<div class=\"elementor-element elementor-element-452ef2c8 animated-slow elementor-invisible elementor-widget elementor-widget-heading\" data-id=\"452ef2c8\" data-element_type=\"widget\" data-e-type=\"widget\" data-settings=\"{&quot;_animation&quot;:&quot;fadeInUp&quot;,&quot;_animation_delay&quot;:200}\" data-widget_type=\"heading.default\">\n\t\t\t\t\t<div class=\"elementor-heading-title elementor-size-default\">Esplora antiche civilt\u00e0, siti UNESCO e tradizioni viventi.<\/div>\t\t\t\t<\/div>\n\t\t<div class=\"elementor-element elementor-element-430c3540 e-con-full e-flex e-con e-child\" data-id=\"430c3540\" data-element_type=\"container\" data-e-type=\"container\">\n\t\t\t\t<div class=\"elementor-element elementor-element-40c97e2 elementor-widget elementor-widget-text-editor\" data-id=\"40c97e2\" data-element_type=\"widget\" data-e-type=\"widget\" data-widget_type=\"text-editor.default\">\n\t\t\t\t\t\t\t\t\t<p><span style=\"color: #000000;\"><strong>Lo Yemen ospita alcuni dei luoghi pi\u00f9 affascinanti che catturano i visitatori. Nel cuore della citt\u00e0 di Sana&#8217;a si trova il Qasr al-Saqqaf, un magnifico esempio di architettura tradizionale yemenita legata alla storia della citt\u00e0. Le sue imponenti decorazioni e la sua complessa costruzione raccontano storie di secoli passati, passeggiando tra i suoi imponenti saloni e giardini. Non lontano si trova il centro storico di Sana&#8217;a, con le sue case in mattoni di fango riccamente decorate, le facciate ornate da motivi intricati e finestre colorate. Una passeggiata tra gli stretti vicoli rivela un&#8217;atmosfera vivace, tra i rumori dei mercati e il profumo delle spezie. Un&#8217;altra tappa obbligata \u00e8 la citt\u00e0 di Shibam, spesso definita la &#8220;Manhattan del deserto&#8221;. Le imponenti case in mattoni di fango, vecchie di mille anni, si ergono maestose e imponenti, chiara testimonianza dell&#8217;ingegnosa architettura della regione. In questo straordinario paesaggio urbano, troverete anche i resti di antiche fortezze, che offrono ai visitatori una profonda comprensione del significato strategico di Shibam nel corso della storia. Questo orgoglio architettonico \u00e8 completato dalle affascinanti tradizioni culturali che rivivono nei mercati e nei caff\u00e8 circostanti. Il sito di Zabid, Patrimonio dell&#8217;Umanit\u00e0 UNESCO, \u00e8 un altro punto culminante, con una ricca storia che risale al XIII secolo. Qui, potrete esplorare i resti di scuole, moschee e palazzi, che riflettono il periodo di massimo splendore di Zabid come centro commerciale e scientifico. La combinazione di monumenti affascinanti e abitanti ospitali rende Zabid un&#8217;esperienza unica che vi immerge nelle profondit\u00e0 della cultura yemenita. La citt\u00e0 vecchia di Sana&#8217;a &#8211; Patrimonio dell&#8217;Umanit\u00e0 UNESCO. La citt\u00e0 vecchia di Sana&#8217;a, un patrimonio architettonico senza pari, affascina non solo per la sua accattivante costruzione, ma anche per la sua disposizione strategica. Tra i vicoli labirintici con le caratteristiche case in mattoni di fango che si elevano su pi\u00f9 piani, si rivela un&#8217;immagine impressionante di ingegneria antica. Ognuno di questi edifici \u00e8 un&#8217;opera d&#8217;arte unica, adornata con intricate decorazioni in stucco, finestre colorate e delicati motivi. Questi dettagli non sono semplici decorazioni ornamentali, ma testimonianze di un patrimonio culturale profondamente radicato e di una lunga tradizione artigianale che risale all&#8217;antichit\u00e0.                <\/strong><\/span><\/p>\t\t\t\t\t\t\t\t<\/div>\n\t\t\t\t<div class=\"elementor-element elementor-element-72317690 animated-slow elementor-invisible elementor-widget elementor-widget-heading\" data-id=\"72317690\" data-element_type=\"widget\" data-e-type=\"widget\" data-settings=\"{&quot;_animation&quot;:&quot;fadeInUp&quot;,&quot;_animation_delay&quot;:100}\" data-widget_type=\"heading.default\">\n\t\t\t\t\t<h3 class=\"elementor-heading-title elementor-size-default\">L'avventura ti aspetta\n<\/h3>\t\t\t\t<\/div>\n\t\t\t\t<\/div>\n\t\t<div class=\"elementor-element elementor-element-34b276cd e-con-full e-flex e-con e-child\" data-id=\"34b276cd\" data-element_type=\"container\" data-e-type=\"container\">\n\t\t\t\t<div class=\"elementor-element elementor-element-2da6574a animated-slow elementor-invisible elementor-widget elementor-widget-image\" data-id=\"2da6574a\" data-element_type=\"widget\" data-e-type=\"widget\" data-settings=\"{&quot;_animation&quot;:&quot;fadeIn&quot;,&quot;_animation_delay&quot;:400}\" data-widget_type=\"image.default\">\n\t\t\t\t\t\t\t\t\t\t\t\t\t\t\t<img decoding=\"async\" width=\"500\" height=\"400\" src=\"https:\/\/yemeni-dreams.com\/wp-content\/uploads\/2025\/08\/ye17.jpg\" class=\"attachment-large size-large wp-image-3803\" alt=\"\" srcset=\"https:\/\/yemeni-dreams.com\/wp-content\/uploads\/2025\/08\/ye17.jpg 500w, https:\/\/yemeni-dreams.com\/wp-content\/uploads\/2025\/08\/ye17-768x614.jpg 768w\" sizes=\"(max-width: 500px) 100vw, 500px\" \/>\t\t\t\t\t\t\t\t\t\t\t\t\t\t\t<\/div>\n\t\t\t\t<div class=\"elementor-element elementor-element-c0261f5 animated-slow elementor-invisible elementor-widget elementor-widget-heading\" data-id=\"c0261f5\" data-element_type=\"widget\" data-e-type=\"widget\" data-settings=\"{&quot;_animation&quot;:&quot;fadeInUp&quot;,&quot;_animation_delay&quot;:200}\" data-widget_type=\"heading.default\">\n\t\t\t\t\t<div class=\"elementor-heading-title elementor-size-default\">Escursioni, tour nel deserto ed esperienze culturali senza pari.\n<\/div>\t\t\t\t<\/div>\n\t\t\t\t<\/div>\n\t\t\t\t<div class=\"elementor-element elementor-element-9037834 elementor-widget elementor-widget-text-editor\" data-id=\"9037834\" data-element_type=\"widget\" data-e-type=\"widget\" data-widget_type=\"text-editor.default\">\n\t\t\t\t\t\t\t\t\t<p><strong><span style=\"color: #000000;\">Lo Yemen \u00e8 una gemma nascosta che sorprende i suoi visitatori con un&#8217;affascinante dualit\u00e0. Da un lato, si incontrano paesaggi desertici luminosi caratterizzati da maestose dune e pianure aride, mentre dall&#8217;altro vi aspettano oasi verdi e valli fertili. Questi contrasti regalano un&#8217;esperienza senza pari che affascina sia gli amanti della natura che gli appassionati di storia. La valle di Helal, ad esempio, offre uno scenario mozzafiato dove spettacolari cascate e piantagioni in fiore si fondono armoniosamente per creare un quadro di bellezza idilliaca. Questi paesaggi vibranti custodiscono tesori inesplorati di flora e fauna che spesso rimangono all&#8217;ombra delle regioni aride pi\u00f9 note. Gli yemeniti stessi sono il cuore di questo paesaggio culturale unico. Rimarrete sorpresi dalla loro diversit\u00e0 e ospitalit\u00e0. Nelle varie regioni del paese, le persone parlano dialetti diversi e mantengono le proprie usanze e specialit\u00e0 culinarie. Dai molteplici colori e sapori dei caff\u00e8 alla cannella e al cardamomo, che potrete gustare in ogni caff\u00e8 regionale, alle tradizionali miscele di t\u00e8 servite in conviviali ritrovi, ogni esperienza \u00e8 una scoperta di strati culturali. A volte, piatti deliziosi sono accompagnati da antiche storie tramandate di generazione in generazione, rendendo il pasto un&#8217;esperienza che unisce perfettamente tradizione e comunit\u00e0. Altrettanto degni di nota sono gli entusiasmanti contrasti architettonici che caratterizzano lo Yemen. Passeggiando per le strade di Shibam, rimarrete colpiti dalle uniche case in mattoni di fango che si slanciano verso il cielo. Il pensiero che questi antichi edifici, spesso realizzati con oltre 500 materiali diversi, siano allo stesso tempo resistenti ed esteticamente gradevoli \u00e8 semplicemente straordinario. D&#8217;altra parte, troverete nuove costruzioni moderne nei centri urbani che riflettono il progresso tecnologico e simboleggiano la continua crescita del paese. Lo Yemen non \u00e8 solo una terra di contrasti nella natura, ma anche una vibrante fusione di antiche tradizioni e stili di vita moderni che vi invita ad approfondire la conoscenza delle sue storie.              <\/span><\/strong><\/p>\t\t\t\t\t\t\t\t<\/div>\n\t\t\t\t<div class=\"elementor-element elementor-element-2a03768 animated-slow elementor-invisible elementor-widget elementor-widget-heading\" data-id=\"2a03768\" data-element_type=\"widget\" data-e-type=\"widget\" data-settings=\"{&quot;_animation&quot;:&quot;fadeInUp&quot;,&quot;_animation_delay&quot;:100}\" data-widget_type=\"heading.default\">\n\t\t\t\t\t<h3 class=\"elementor-heading-title elementor-size-default\">Natura mozzafiato\n<\/h3>\t\t\t\t<\/div>\n\t\t<div class=\"elementor-element elementor-element-dec6267 e-con-full e-flex e-con e-child\" data-id=\"dec6267\" data-element_type=\"container\" data-e-type=\"container\">\n\t\t\t\t<div class=\"elementor-element elementor-element-310ebd7 animated-slow elementor-invisible elementor-widget elementor-widget-image\" data-id=\"310ebd7\" data-element_type=\"widget\" data-e-type=\"widget\" data-settings=\"{&quot;_animation&quot;:&quot;fadeIn&quot;,&quot;_animation_delay&quot;:400}\" data-widget_type=\"image.default\">\n\t\t\t\t\t\t\t\t\t\t\t\t\t\t\t<img loading=\"lazy\" decoding=\"async\" width=\"600\" height=\"400\" src=\"https:\/\/yemeni-dreams.com\/wp-content\/uploads\/2025\/07\/SOSocotras-landscape_13-e1755290011938.jpg\" class=\"attachment-large size-large wp-image-3804\" alt=\"\" srcset=\"https:\/\/yemeni-dreams.com\/wp-content\/uploads\/2025\/07\/SOSocotras-landscape_13-e1755290011938.jpg 600w, https:\/\/yemeni-dreams.com\/wp-content\/uploads\/2025\/07\/SOSocotras-landscape_13-e1755290011938-768x512.jpg 768w, https:\/\/yemeni-dreams.com\/wp-content\/uploads\/2025\/07\/SOSocotras-landscape_13-e1755290011938-18x12.jpg 18w\" sizes=\"(max-width: 600px) 100vw, 600px\" \/>\t\t\t\t\t\t\t\t\t\t\t\t\t\t\t<\/div>\n\t\t\t\t<div class=\"elementor-element elementor-element-adbb3e8 animated-slow elementor-invisible elementor-widget elementor-widget-heading\" data-id=\"adbb3e8\" data-element_type=\"widget\" data-e-type=\"widget\" data-settings=\"{&quot;_animation&quot;:&quot;fadeInUp&quot;,&quot;_animation_delay&quot;:200}\" data-widget_type=\"heading.default\">\n\t\t\t\t\t<div class=\"elementor-heading-title elementor-size-default\">Scoprite imponenti montagne, deserti sereni e l'isola di Socotra.<\/div>\t\t\t\t<\/div>\n\t\t\t\t<\/div>\n\t\t\t\t<div class=\"elementor-element elementor-element-bd4f5b3 elementor-widget elementor-widget-text-editor\" data-id=\"bd4f5b3\" data-element_type=\"widget\" data-e-type=\"widget\" data-widget_type=\"text-editor.default\">\n\t\t\t\t\t\t\t\t\t<p><strong><span style=\"color: #000000;\">La diversit\u00e0 naturale dello Yemen \u00e8 semplicemente mozzafiato. Tra le brulle e imponenti creste montuose della catena montuosa del Sarawat e le ripide scogliere dell&#8217;Hadramaut, si estendono infiniti paesaggi desertici modellati dal vento e dal tempo. Qui, in una delle regioni pi\u00f9 aride della Terra, sorgono fenomeni interessanti, come le dune di sabbia che mutano in forme e colori affascinanti. I contrasti tra l&#8217;aspra essenza del deserto e le fertili valli irrigate rendono l&#8217;incontro di questi due elementi uno spettacolo visivo che vi affasciner\u00e0. Da non perdere anche le coste frastagliate, dove l&#8217;Oceano Indiano si infrange instancabilmente contro le rocce. Passeggiate lungo le spiagge di Socotra, una delle isole biologicamente pi\u00f9 affascinanti del mondo, adornata da specie vegetali endemiche che non prosperano in nessun altro luogo. Qui, la natura offre la sua galleria d&#8217;arte, dove l&#8217;albero del drago, simile a un&#8217;opera d&#8217;arte, e le splendide spiagge offrono uno sfondo armonioso. Con i suoi sentieri escursionistici inesplorati e i tradizionali villaggi di pescatori, l&#8217;isola incarna l&#8217;essenza della bellezza naturale incontaminata. I paesaggi naturali dello Yemen non sono solo spettacolari dal punto di vista visivo, ma anche un vero paradiso per gli amanti delle attivit\u00e0 all&#8217;aria aperta. Le aspre montagne sono intervallate da grotte nascoste, gole spettacolari e cascate fragorose che si fondono in paesaggi surreali. Qui avrete l&#8217;opportunit\u00e0 di ammirare una flora e una fauna uniche nel loro ambiente naturale. E mentre sentirete il vento tra i capelli, avrete la sensazione che la Natura vi sussurri i suoi segreti e vi incanti. L&#8217;isola di Socotra, spesso definita le &#8220;Gal\u00e1pagos dell&#8217;Oceano Indiano&#8221;, \u00e8 un vero paradiso naturale, che vanta una notevole variet\u00e0 di specie endemiche. Qui incontrerete piante che non si trovano in nessun&#8217;altra parte del mondo, come l&#8217;iconico albero del drago, la cui forma unica e il suo uso tradizionale in medicina e cosmetica suscitano l&#8217;interesse di botanici e avventurieri. La variegata flora e fauna di quest&#8217;isola non \u00e8 solo un sogno per gli amanti della natura, ma anche un affascinante campo di studio per gli scienziati che studiano l&#8217;evoluzione delle specie grazie alla posizione isolata dell&#8217;isola. I paesaggi surreali di Socotra, con le loro scogliere frastagliate, le grotte spettacolari e le spiagge sabbiose sottostanti, invitano a vivere da vicino la bellezza della natura. Le escursioni attraverso le regioni montuose dell&#8217;isola rivelano viste mozzafiato sulle scintillanti acque blu dell&#8217;Oceano Indiano. Queste bellezze naturali incontaminate trasformano il paesaggio in un&#8217;esperienza unica, lontana dal trambusto del mondo moderno. Villaggi remoti, dove il tempo sembra essersi fermato, offrono l&#8217;opportunit\u00e0 di immergersi nella cultura locale e di conoscere lo stile di vita dei pittoreschi abitanti di Socotra. Che si esplori la geologia unica o si faccia snorkeling nelle acque cristalline, l&#8217;isola di Socotra vi far\u00e0 sentire come se foste entrati in un altro mondo. La variegata fauna selvatica, che include specie di uccelli rari e rettili endemici, arricchisce l&#8217;avventura con incontri emozionanti. Questa unicit\u00e0 naturale, unita alle profonde radici culturali e alla calorosa ospitalit\u00e0, rende Socotra una destinazione impareggiabile per chiunque cerchi qualcosa di speciale.                     <\/span><\/strong><\/p>\t\t\t\t\t\t\t\t<\/div>\n\t\t\t\t\t<\/div>\n\t\t\t\t<\/div>\n\t\t\t\t<div class=\"elementor-element elementor-element-4de12c59 elementor-align-center animated-slow elementor-invisible elementor-widget elementor-widget-button\" data-id=\"4de12c59\" data-element_type=\"widget\" data-e-type=\"widget\" data-settings=\"{&quot;_animation&quot;:&quot;fadeInUp&quot;,&quot;_animation_delay&quot;:400}\" data-widget_type=\"button.default\">\n\t\t\t\t\t\t\t\t\t\t<a class=\"elementor-button elementor-button-link elementor-size-sm\" href=\"https:\/\/yemeni-dreams.com\/tour\/\">\n\t\t\t\t\t\t<span class=\"elementor-button-content-wrapper\">\n\t\t\t\t\t\t\t\t\t<span class=\"elementor-button-text\">esplora ora<\/span>\n\t\t\t\t\t<\/span>\n\t\t\t\t\t<\/a>\n\t\t\t\t\t\t\t\t<\/div>\n\t\t\t\t<\/div>\n\t\t\t\t<\/div>\n\t\t","protected":false},"excerpt":{"rendered":"<p>Visita lo Yemen Lo Yemen offre paesaggi mozzafiato e una cultura ricca. &#8211; Sana&#8217;a e Aden sono centri culturali dall&#8217;architettura affascinante. &#8211; La cucina yemenita \u00e8 varia e una delizia per i buongustai. &#8211; La diversit\u00e0 etnica arricchisce tradizioni e celebrazioni. &#8211; La citt\u00e0 desertica di Shibam \u00e8 definita la Manhattan del deserto. &#8211; Meraviglie [&hellip;]<\/p>\n","protected":false},"author":6,"featured_media":0,"parent":0,"menu_order":0,"comment_status":"closed","ping_status":"closed","template":"","meta":{"footnotes":""},"class_list":["post-3912","page","type-page","status-publish","has-post-thumbnail","hentry"],"_links":{"self":[{"href":"https:\/\/yemeni-dreams.com\/it\/wp-json\/wp\/v2\/pages\/3912","targetHints":{"allow":["GET"]}}],"collection":[{"href":"https:\/\/yemeni-dreams.com\/it\/wp-json\/wp\/v2\/pages"}],"about":[{"href":"https:\/\/yemeni-dreams.com\/it\/wp-json\/wp\/v2\/types\/page"}],"author":[{"embeddable":true,"href":"https:\/\/yemeni-dreams.com\/it\/wp-json\/wp\/v2\/users\/6"}],"replies":[{"embeddable":true,"href":"https:\/\/yemeni-dreams.com\/it\/wp-json\/wp\/v2\/comments?post=3912"}],"version-history":[{"count":0,"href":"https:\/\/yemeni-dreams.com\/it\/wp-json\/wp\/v2\/pages\/3912\/revisions"}],"wp:attachment":[{"href":"https:\/\/yemeni-dreams.com\/it\/wp-json\/wp\/v2\/media?parent=3912"}],"curies":[{"name":"wp","href":"https:\/\/api.w.org\/{rel}","templated":true}]}}