{"id":7593,"date":"2025-07-07T17:20:42","date_gmt":"2025-07-07T17:20:42","guid":{"rendered":"https:\/\/yemeni-dreams.com\/iskanje-tur\/"},"modified":"2025-12-06T17:22:04","modified_gmt":"2025-12-06T17:22:04","slug":"iskanje-tur","status":"publish","type":"page","link":"https:\/\/yemeni-dreams.com\/sl\/iskanje-tur\/","title":{"rendered":"Iskanje izletov"},"content":{"rendered":"\t\t<div data-elementor-type=\"wp-page\" data-elementor-id=\"7593\" class=\"elementor elementor-7593 elementor-238\">\n\t\t\t\t<div class=\"elementor-element elementor-element-4044900 e-flex e-con-boxed e-con e-parent\" data-id=\"4044900\" data-element_type=\"container\" data-e-type=\"container\">\n\t\t\t\t\t<div class=\"e-con-inner\">\n\t\t\t\t<div class=\"elementor-element elementor-element-4ad4859 elementor-widget elementor-widget-heading\" data-id=\"4ad4859\" data-element_type=\"widget\" data-e-type=\"widget\" data-widget_type=\"heading.default\">\n\t\t\t\t\t<h2 class=\"elementor-heading-title elementor-size-default\">Razi\u0161\u010dite najbolj\u0161e potovalne pakete in oglede Jemna z Yemeni Dreams. Brskajte po Sokotri, izletih v Hadramout, izletih v blatno mesto Shibam, kulturnih potovanjih in pustolovskih do\u017eivetjih, ki jih vodijo zaupanja vredni lokalni strokovnjaki. Poi\u0161\u010dite popoln turisti\u010dni paket za Jemen za svoje potovalne na\u010drte.  <\/h2>\t\t\t\t<\/div>\n\t\t\t\t\t<\/div>\n\t\t\t\t<\/div>\n\t\t\t\t<\/div>\n\t\t","protected":false},"excerpt":{"rendered":"<p>Razi\u0161\u010dite najbolj\u0161e potovalne pakete in oglede Jemna z Yemeni Dreams. Brskajte po Sokotri, izletih v Hadramout, izletih v blatno mesto Shibam, kulturnih potovanjih in pustolovskih do\u017eivetjih, ki jih vodijo zaupanja vredni lokalni strokovnjaki. Poi\u0161\u010dite popoln turisti\u010dni paket za Jemen za svoje potovalne na\u010drte.<\/p>\n","protected":false},"author":2,"featured_media":7587,"parent":0,"menu_order":0,"comment_status":"closed","ping_status":"closed","template":"template-tour-search.php","meta":{"footnotes":""},"class_list":["post-7593","page","type-page","status-publish","has-post-thumbnail","hentry"],"_links":{"self":[{"href":"https:\/\/yemeni-dreams.com\/sl\/wp-json\/wp\/v2\/pages\/7593","targetHints":{"allow":["GET"]}}],"collection":[{"href":"https:\/\/yemeni-dreams.com\/sl\/wp-json\/wp\/v2\/pages"}],"about":[{"href":"https:\/\/yemeni-dreams.com\/sl\/wp-json\/wp\/v2\/types\/page"}],"author":[{"embeddable":true,"href":"https:\/\/yemeni-dreams.com\/sl\/wp-json\/wp\/v2\/users\/2"}],"replies":[{"embeddable":true,"href":"https:\/\/yemeni-dreams.com\/sl\/wp-json\/wp\/v2\/comments?post=7593"}],"version-history":[{"count":9,"href":"https:\/\/yemeni-dreams.com\/sl\/wp-json\/wp\/v2\/pages\/7593\/revisions"}],"predecessor-version":[{"id":8195,"href":"https:\/\/yemeni-dreams.com\/sl\/wp-json\/wp\/v2\/pages\/7593\/revisions\/8195"}],"wp:featuredmedia":[{"embeddable":true,"href":"https:\/\/yemeni-dreams.com\/sl\/wp-json\/wp\/v2\/media\/7587"}],"wp:attachment":[{"href":"https:\/\/yemeni-dreams.com\/sl\/wp-json\/wp\/v2\/media?parent=7593"}],"curies":[{"name":"wp","href":"https:\/\/api.w.org\/{rel}","templated":true}]}}