{"id":7626,"date":"2025-08-03T17:13:00","date_gmt":"2025-08-03T17:13:00","guid":{"rendered":"https:\/\/yemeni-dreams.com\/potovalni-vodnik\/"},"modified":"2025-12-06T18:35:58","modified_gmt":"2025-12-06T18:35:58","slug":"potovalni-vodnik","status":"publish","type":"page","link":"https:\/\/yemeni-dreams.com\/sl\/potovalni-vodnik\/","title":{"rendered":"Potovalni vodnik"},"content":{"rendered":"\t\t<div data-elementor-type=\"wp-page\" data-elementor-id=\"7626\" class=\"elementor elementor-7626 elementor-1772\">\n\t\t\t\t<div class=\"elementor-element elementor-element-4741c32 e-flex e-con-boxed e-con e-parent\" data-id=\"4741c32\" data-element_type=\"container\" data-e-type=\"container\" data-settings=\"{&quot;background_background&quot;:&quot;classic&quot;}\">\n\t\t\t\t\t<div class=\"e-con-inner\">\n\t\t\t\t<div class=\"elementor-element elementor-element-c1b0ed8 elementor-widget elementor-widget-heading\" data-id=\"c1b0ed8\" data-element_type=\"widget\" data-e-type=\"widget\" data-widget_type=\"heading.default\">\n\t\t\t\t\t<h2 class=\"elementor-heading-title elementor-size-default\">Jemenski turisti\u010dni vodnik<\/h2>\t\t\t\t<\/div>\n\t\t\t\t<div class=\"elementor-element elementor-element-719747b elementor-widget elementor-widget-text-editor\" data-id=\"719747b\" data-element_type=\"widget\" data-e-type=\"widget\" data-widget_type=\"text-editor.default\">\n\t\t\t\t\t\t\t\t\t<p>Pregled<\/p><p>Jemen je ena zgodovinsko najbolj bogatih, a najmanj obiskanih destinacij na Bli\u017enjem vzhodu. \u010ceprav potovanje sem prina\u0161a izzive, pa pustolovske du\u0161e nagrajuje s starodavnimi mesti, dih jemajo\u010dimi pokrajinami in neprekosljivo kulturno dedi\u0161\u010dino. <\/p><p>Jemen je v svoji najbolj\u0161i lu\u010di kraj neverjetne pokrajine, osupljive islamske arhitekture in \u017eivahnih tr\u017enic, skupaj z mirnimi mo\u0161ejami, bujnimi dolinami in epskimi gorami. Glavno mesto Sana pooseblja dva obraza Jemna: moderno mesto z vrhunsko turisti\u010dno infrastrukturo in staro mestno jedro z Veliko mo\u0161ejo in zna\u010dilnimi ve\u010dnadstropnimi stavbami, izdelanimi iz gline. Sana je eno najstarej\u0161ih naseljenih mest na svetu, obiskovalci pa si ga lahko ogledajo s streh hotelov, u\u017eivajo v pristnosti starih tr\u017enic ali pa jih o\u010dara veli\u010dastna 700 let stara Velika mo\u0161eja.  <\/p><p>Aden, drugo najve\u010dje mesto, je pristani\u0161\u010de, ki sega v anti\u010dne \u010dase. Ima bolj kozmopolitsko in liberalno vzdu\u0161je kot Sana, zato je obisk zanimiv. Druga mesta, vredna ogleda, sta Shibam, znan kot pu\u0161\u010davski Manhattan, in vrtno mesto Rawdha. Najbolj neverjetna atrakcija Jemna pa je oto\u010dje Socotra z ve\u010d kot 700 vrstami divjih \u017eivali in rastlin, zna\u010dilnih za te otoke. Aden velja za sodobnika Galapa\u0161kih otokov in je kraj edinstvene lepote in znanstvene fascinacije z izrazito plemensko kulturo, ki uspeva \u017ee tiso\u010dletja.    <\/p><p>Rimljanom je bila Jemen zaradi rodovitnih polj znana kot Arabia Felix, \u00bbsre\u010dna de\u017eela\u00ab. Jemen je bil neko\u010d de\u017eela mleka in medu, kraj velikega pomena. \u017dal se dr\u017eava spopada z nemiri, nestabilnostjo in raz\u0161irjenim terorizmom, vendar popotniki nestrpno pri\u010dakujejo dan, ko bo ta znano zanimiva dr\u017eava spet gostoljubna za obiskovalce.  <\/p>\t\t\t\t\t\t\t\t<\/div>\n\t\t<div class=\"elementor-element elementor-element-6882355 e-con-full e-flex e-con e-child\" data-id=\"6882355\" data-element_type=\"container\" data-e-type=\"container\" data-settings=\"{&quot;background_background&quot;:&quot;classic&quot;}\">\n\t\t\t\t<div class=\"elementor-element elementor-element-04120bd elementor-widget__width-initial elementor-widget elementor-widget-heading\" data-id=\"04120bd\" data-element_type=\"widget\" data-e-type=\"widget\" data-widget_type=\"heading.default\">\n\t\t\t\t\t<h2 class=\"elementor-heading-title elementor-size-default\">Odkrijte starodavna mesta, dih jemajo\u010de pokrajine, edinstveno hrano in nepozabne dogodiv\u0161\u010dine po Jemnu.<\/h2>\t\t\t\t<\/div>\n\t\t\t\t<\/div>\n\t\t\t\t\t<\/div>\n\t\t\t\t<\/div>\n\t\t<div class=\"elementor-element elementor-element-6b7df34 e-con-full e-flex e-con e-parent\" data-id=\"6b7df34\" data-element_type=\"container\" data-e-type=\"container\">\n\t\t\t\t<div class=\"elementor-element elementor-element-88d3bb0 elementor-widget elementor-widget-heading\" data-id=\"88d3bb0\" data-element_type=\"widget\" data-e-type=\"widget\" data-widget_type=\"heading.default\">\n\t\t\t\t\t<h2 class=\"elementor-heading-title elementor-size-default\">Kdaj obiskati<\/h2>\t\t\t\t<\/div>\n\t\t\t\t<div class=\"elementor-element elementor-element-a0408a2 elementor-widget__width-initial elementor-widget elementor-widget-text-editor\" data-id=\"a0408a2\" data-element_type=\"widget\" data-e-type=\"widget\" data-widget_type=\"text-editor.default\">\n\t\t\t\t\t\t\t\t\t<p> <\/p><ul><li>Celinski Jemen: Najbolj\u0161e od oktobra do aprila (hladnej\u0161e vreme, jasno nebo).<\/li><li>Sokotra: Najbolj\u0161e od oktobra do aprila, pa tudi sredi septembra pred monsunom.<\/li><\/ul>\t\t\t\t\t\t\t\t<\/div>\n\t\t\t\t<div class=\"elementor-element elementor-element-6b0662f elementor-widget elementor-widget-heading\" data-id=\"6b0662f\" data-element_type=\"widget\" data-e-type=\"widget\" data-widget_type=\"heading.default\">\n\t\t\t\t\t<h2 class=\"elementor-heading-title elementor-size-default\">Kako priti tja<\/h2>\t\t\t\t<\/div>\n\t\t\t\t<div class=\"elementor-element elementor-element-f0e5396 elementor-widget elementor-widget-text-editor\" data-id=\"f0e5396\" data-element_type=\"widget\" data-e-type=\"widget\" data-widget_type=\"text-editor.default\">\n\t\t\t\t\t\t\t\t\t<ul><li>Letali\u0161\u010da: Aden (ADE), Seiyun (GXF), Al Ghaydah (AAY), Socotra (SCT).<\/li><li>Letalske dru\u017ebe: Yemenia Airways povezuje Jemen s Kairom, D\u017eedo in Amanom. Tedenski leti povezujejo Kairo in Abu Dabi s Sokotro. <\/li><\/ul>\t\t\t\t\t\t\t\t<\/div>\n\t\t\t\t<div class=\"elementor-element elementor-element-e5b2e05 elementor-widget elementor-widget-heading\" data-id=\"e5b2e05\" data-element_type=\"widget\" data-e-type=\"widget\" data-widget_type=\"heading.default\">\n\t\t\t\t\t<h2 class=\"elementor-heading-title elementor-size-default\">Informacije o vizumih<\/h2>\t\t\t\t<\/div>\n\t\t\t\t<div class=\"elementor-element elementor-element-72fb12e elementor-widget elementor-widget-text-editor\" data-id=\"72fb12e\" data-element_type=\"widget\" data-e-type=\"widget\" data-widget_type=\"text-editor.default\">\n\t\t\t\t\t\t\t\t\t<ul><li>Jemenski vizum: Prijavite se prek jemenskih veleposlani\u0161tev s sponzorskim pismom ali podporo turisti\u010dne agencije.<\/li><li>Socotra Visa: Urejajo jo neposredno poobla\u0161\u010deni lokalni operaterji in je prilo\u017eena va\u0161emu turisti\u010dnemu paketu.<\/li><\/ul>\t\t\t\t\t\t\t\t<\/div>\n\t\t\t\t<div class=\"elementor-element elementor-element-0cc090d elementor-widget elementor-widget-heading\" data-id=\"0cc090d\" data-element_type=\"widget\" data-e-type=\"widget\" data-widget_type=\"heading.default\">\n\t\t\t\t\t<h2 class=\"elementor-heading-title elementor-size-default\">Najbolj priljubljene destinacije<\/h2>\t\t\t\t<\/div>\n\t\t\t\t<div class=\"elementor-element elementor-element-79ff237 elementor-widget elementor-widget-text-editor\" data-id=\"79ff237\" data-element_type=\"widget\" data-e-type=\"widget\" data-widget_type=\"text-editor.default\">\n\t\t\t\t\t\t\t\t\t<p> <\/p><ul><li>Otok Socotra \u2013 \u00bbGal\u00e1pagos Indijskega oceana\u00ab.<\/li><li>Stara Sana \u2013 \u017eivi muzej arabsko-islamske arhitekture.<\/li><li>Shibam Hadhramaut \u2013 Neboti\u010dniki iz blatnih opek.<\/li><li>Wadi Do&#8217;an \u2013 doline kadila in zgodovine.<\/li><li>Mukallina bogata zgodovina, okusni morski sade\u017ei in gostoljubni doma\u010dini jo naredijo o\u010darljivo destinacijo za pustolovske popotnike, ki \u017eelijo raziskati edinstveno dedi\u0161\u010dino Jemna.<\/li><li>Aden \u2013 zgodovinsko pristani\u0161ko mesto ob Arabskem morju.<\/li><li>Taiz in Ibb \u2013 Zelene pokrajine in kulturna dedi\u0161\u010dina.<\/li><li>Seiyun je znan po svojih visokih, ozkih stavbah iz blatne opeke, ki imajo zna\u010dilen arhitekturni slog, ki odra\u017ea bogato kulturno dedi\u0161\u010dino regije.<\/li><\/ul><p> <\/p>\t\t\t\t\t\t\t\t<\/div>\n\t\t\t\t<div class=\"elementor-element elementor-element-eb04ec1 elementor-widget elementor-widget-heading\" data-id=\"eb04ec1\" data-element_type=\"widget\" data-e-type=\"widget\" data-widget_type=\"heading.default\">\n\t\t\t\t\t<h2 class=\"elementor-heading-title elementor-size-default\">Kultura in bonton<\/h2>\t\t\t\t<\/div>\n\t\t<div class=\"elementor-element elementor-element-badf196 e-con-full e-flex e-con e-child\" data-id=\"badf196\" data-element_type=\"container\" data-e-type=\"container\">\n\t\t\t\t<div class=\"elementor-element elementor-element-a5941e5 elementor-widget elementor-widget-text-editor\" data-id=\"a5941e5\" data-element_type=\"widget\" data-e-type=\"widget\" data-widget_type=\"text-editor.default\">\n\t\t\t\t\t\t\t\t\t<ul><li>Oblecite se skromno, zlasti na pode\u017eelju.<\/li><li>Petek je tedenski praznik.<\/li><li>Jemenska gostoljubnost je osrednjega pomena \u2013 sprejmite kavo ali \u010daj, ko vam ga ponudijo.<\/li><li>\u017dve\u010denje qata je pogosto, vendar udele\u017eba ni obvezna.<\/li><li>Komunikacijski slogi so posredni, re\u0161evanje konfliktov vklju\u010duje mediacijo, dru\u017eabna sre\u010danja pa poudarjajo spo\u0161tovanje in gostoljubnost.<\/li><li>Jezik arab\u0161\u010dina (osnovna angle\u0161\u010dina v turisti\u010dnih obmo\u010djih).<\/li><li>Jemenska kuhinja zdru\u017euje okuse Bli\u017enjega vzhoda, Tur\u010dije in Indije v jedeh, kot sta Mandi in Saltah.<\/li><li>Elektri\u010dni tok je 220\u2013240 voltov, 50 Hz. Vrste vti\u010dev se razlikujejo, vendar so najpogostej\u0161i vti\u010di z dvema ali tremi ravnimi ali tremi okroglimi kontakti. <\/li><li>Dru\u017einske vloge so jasno opredeljene, o\u010detje so oskrbovalci, matere pa skrbnice.<\/li><li>Prevoz: Taksiji ali zasebni avtomobili z lokalnimi vozniki.<\/li><\/ul>\t\t\t\t\t\t\t\t<\/div>\n\t\t\t\t<\/div>\n\t\t\t\t<div class=\"elementor-element elementor-element-183f500 elementor-widget elementor-widget-heading\" data-id=\"183f500\" data-element_type=\"widget\" data-e-type=\"widget\" data-widget_type=\"heading.default\">\n\t\t\t\t\t<h2 class=\"elementor-heading-title elementor-size-default\">Nasveti za varnost in potovanje<\/h2>\t\t\t\t<\/div>\n\t\t\t\t<\/div>\n\t\t<div class=\"elementor-element elementor-element-c3883c3 e-con-full e-flex e-con e-parent\" data-id=\"c3883c3\" data-element_type=\"container\" data-e-type=\"container\">\n\t\t\t\t<div class=\"elementor-element elementor-element-fb1573b elementor-widget elementor-widget-text-editor\" data-id=\"fb1573b\" data-element_type=\"widget\" data-e-type=\"widget\" data-widget_type=\"text-editor.default\">\n\t\t\t\t\t\t\t\t\t<ul><li>Vedno potujte z licenciranimi lokalnimi prevozniki.<\/li><li>Jemenska valuta je rial in imeti pri roki gotovino je lahko ugodno, saj kreditne kartice niso povsod sprejete. <\/li><li>Za komunikacijo so na voljo lokalne SIM kartice.<\/li><li>Nekatera obmo\u010dja lahko zahtevajo potovalna dovoljenja \u2013 va\u0161 operater bo to uredil.<\/li><li>Zelo priporo\u010dljivo je celovito potovalno zavarovanje, ki vklju\u010duje mo\u017enost nujne repatriacije. <\/li><li>Preden fotografirate ljudi, jih vpra\u0161ajte.<\/li><li>Spakirajte lahka, zra\u010dna obla\u010dila in ne pozabite vzeti lahkega puloverja za hladnej\u0161e ve\u010dere v vi\u0161je le\u017ee\u010dih predelih.<\/li><li>Jemenska obla\u010dila odra\u017eajo raznoliko zgodovino in civilizacije skozi zapleteno vezenje in pisane vzorce.<\/li><li>Poleg tega je priporo\u010dljivo, da se seznanite z lokalnimi obi\u010daji in bontonom, da bi spo\u0161tljivo komunicirali z doma\u010dini in obogatili svoje medkulturne izku\u0161nje.<\/li><li>Kar zadeva potrebne dokumente, se prepri\u010dajte, da je va\u0161 potni list veljaven vsaj \u0161est mesecev po datumu vstopa v dr\u017eavo.<\/li><li>Preverite, ali so priporo\u010dljiva dodatna cepljenja ali zdravstveni previdnostni ukrepi, kot je profilaksa proti malariji.<\/li><li>Kopije va\u0161ih potovalnih dokumentov, vklju\u010dno z leti, rezervacijami hotelov in dokazilom o zavarovanju, morajo biti na voljo v tiskani in digitalni obliki.<\/li><li>Zapi\u0161ite si pomembne telefonske \u0161tevilke, na primer \u0161tevilke lokalnega veleposlani\u0161tva ali va\u0161e potovalne zavarovalnice, da boste lahko v nujnih primerih hitro ukrepali.<\/li><li>Spo\u0161tljiv odnos do lokalnih obi\u010dajev in zakonov je zelo pomemben za izogibanje konfliktom in pristno potovalno izku\u0161njo.<\/li><\/ul>\t\t\t\t\t\t\t\t<\/div>\n\t\t\t\t<div class=\"elementor-element elementor-element-1a87b65 elementor-widget elementor-widget-heading\" data-id=\"1a87b65\" data-element_type=\"widget\" data-e-type=\"widget\" data-widget_type=\"heading.default\">\n\t\t\t\t\t<h2 class=\"elementor-heading-title elementor-size-default\">Vzor\u010dni na\u010drti potovanj<\/h2>\t\t\t\t<\/div>\n\t\t\t\t<div class=\"elementor-element elementor-element-301f9f7 elementor-widget elementor-widget-text-editor\" data-id=\"301f9f7\" data-element_type=\"widget\" data-e-type=\"widget\" data-widget_type=\"text-editor.default\">\n\t\t\t\t\t\t\t\t\t<p>7 dni na Socotri \u2013 Hadiboh, morski rezervat Dihamri, jama Hoq, Qalansiah, laguna Shu\u2019ab, laguna Detwah.<br>10 dni v Hadhramautu \u2013 Seiyun, Shibam, Wadi Do\u2019an, Mukalla, Al Ghaydah.<\/p>\t\t\t\t\t\t\t\t<\/div>\n\t\t\t\t<div class=\"elementor-element elementor-element-d1c447c elementor-widget elementor-widget-heading\" data-id=\"d1c447c\" data-element_type=\"widget\" data-e-type=\"widget\" data-widget_type=\"heading.default\">\n\t\t\t\t\t<h2 class=\"elementor-heading-title elementor-size-default\">Na\u010drtujte svojo pot<\/h2>\t\t\t\t<\/div>\n\t\t\t\t<div class=\"elementor-element elementor-element-ff3425d elementor-widget elementor-widget-text-editor\" data-id=\"ff3425d\" data-element_type=\"widget\" data-e-type=\"widget\" data-widget_type=\"text-editor.default\">\n\t\t\t\t\t\t\t\t\t<p>Ste pripravljeni raziskati Jemen? Odkrijte na\u0161e prilagojene turisti\u010dne pakete in naj vas popeljemo skozi to de\u017eelo \u010dudes. <\/p><p>\ud83d\udc49 [Oglejte si pakete] | [Kontaktirajte nas na WhatsAppu]<\/p>\t\t\t\t\t\t\t\t<\/div>\n\t\t\t\t<\/div>\n\t\t<div class=\"elementor-element elementor-element-c5397b0 e-con-full e-flex e-con e-parent\" data-id=\"c5397b0\" data-element_type=\"container\" data-e-type=\"container\">\n\t\t\t\t<div class=\"elementor-element elementor-element-e02df26 elementor-widget elementor-widget-heading\" data-id=\"e02df26\" data-element_type=\"widget\" data-e-type=\"widget\" data-widget_type=\"heading.default\">\n\t\t\t\t\t<h2 class=\"elementor-heading-title elementor-size-default\">Za\u010dnite na\u010drtovati svoje nepozabno potovanje v Jemen \u0161e danes!<\/h2>\t\t\t\t<\/div>\n\t\t\t\t<\/div>\n\t\t\t\t<\/div>\n\t\t","protected":false},"excerpt":{"rendered":"<p>Jemenski turisti\u010dni vodnik Pregled Jemen je ena zgodovinsko najbolj bogatih, a najmanj obiskanih destinacij na Bli\u017enjem vzhodu. \u010ceprav potovanje sem prina\u0161a izzive, pa pustolovske du\u0161e nagrajuje s starodavnimi mesti, dih jemajo\u010dimi pokrajinami in neprekosljivo kulturno dedi\u0161\u010dino. Jemen je v svoji najbolj\u0161i lu\u010di kraj neverjetne pokrajine, osupljive islamske arhitekture in \u017eivahnih tr\u017enic, skupaj z mirnimi mo\u0161ejami, [&hellip;]<\/p>\n","protected":false},"author":2,"featured_media":7601,"parent":0,"menu_order":0,"comment_status":"closed","ping_status":"closed","template":"","meta":{"footnotes":""},"class_list":["post-7626","page","type-page","status-publish","has-post-thumbnail","hentry"],"_links":{"self":[{"href":"https:\/\/yemeni-dreams.com\/sl\/wp-json\/wp\/v2\/pages\/7626","targetHints":{"allow":["GET"]}}],"collection":[{"href":"https:\/\/yemeni-dreams.com\/sl\/wp-json\/wp\/v2\/pages"}],"about":[{"href":"https:\/\/yemeni-dreams.com\/sl\/wp-json\/wp\/v2\/types\/page"}],"author":[{"embeddable":true,"href":"https:\/\/yemeni-dreams.com\/sl\/wp-json\/wp\/v2\/users\/2"}],"replies":[{"embeddable":true,"href":"https:\/\/yemeni-dreams.com\/sl\/wp-json\/wp\/v2\/comments?post=7626"}],"version-history":[{"count":5,"href":"https:\/\/yemeni-dreams.com\/sl\/wp-json\/wp\/v2\/pages\/7626\/revisions"}],"predecessor-version":[{"id":8259,"href":"https:\/\/yemeni-dreams.com\/sl\/wp-json\/wp\/v2\/pages\/7626\/revisions\/8259"}],"wp:featuredmedia":[{"embeddable":true,"href":"https:\/\/yemeni-dreams.com\/sl\/wp-json\/wp\/v2\/media\/7601"}],"wp:attachment":[{"href":"https:\/\/yemeni-dreams.com\/sl\/wp-json\/wp\/v2\/media?parent=7626"}],"curies":[{"name":"wp","href":"https:\/\/api.w.org\/{rel}","templated":true}]}}