{"id":7640,"date":"2025-08-25T19:54:14","date_gmt":"2025-08-25T19:54:14","guid":{"rendered":"https:\/\/yemeni-dreams.com\/obiscite-jemen\/"},"modified":"2025-11-23T22:43:27","modified_gmt":"2025-11-23T22:43:27","slug":"obiscite-jemen","status":"publish","type":"page","link":"https:\/\/yemeni-dreams.com\/sl\/obiscite-jemen\/","title":{"rendered":"Obi\u0161\u010dite Jemen"},"content":{"rendered":"\t\t<div data-elementor-type=\"wp-page\" data-elementor-id=\"7640\" class=\"elementor elementor-7640 elementor-2660\">\n\t\t\t\t<div class=\"elementor-element elementor-element-5d0b7bd0 e-con-full e-flex e-con e-parent\" data-id=\"5d0b7bd0\" data-element_type=\"container\" data-e-type=\"container\" data-settings=\"{&quot;background_background&quot;:&quot;classic&quot;}\">\n\t\t<div class=\"elementor-element elementor-element-6f1bc8e7 e-flex e-con-boxed e-con e-child\" data-id=\"6f1bc8e7\" data-element_type=\"container\" data-e-type=\"container\">\n\t\t\t\t\t<div class=\"e-con-inner\">\n\t\t\t\t<div class=\"elementor-element elementor-element-546da672 elementor-widget elementor-widget-heading\" data-id=\"546da672\" data-element_type=\"widget\" data-e-type=\"widget\" data-widget_type=\"heading.default\">\n\t\t\t\t\t<h2 class=\"elementor-heading-title elementor-size-default\">Obisk Jemna<\/h2>\t\t\t\t<\/div>\n\t\t\t\t<div class=\"elementor-element elementor-element-000566c elementor-widget__width-initial elementor-widget elementor-widget-text-editor\" data-id=\"000566c\" data-element_type=\"widget\" data-e-type=\"widget\" data-widget_type=\"text-editor.default\">\n\t\t\t\t\t\t\t\t\t<p><strong><span style=\"color: #000000;\">Jemen ponuja impresivne pokrajine in bogato kulturo. &#8211; Sana in Aden sta kulturna sredi\u0161\u010da z fascinantno arhitekturo. &#8211; Jemenska kuhinja je raznolika in v veselje gurmanov. &#8211; Etni\u010dna raznolikost bogati tradicije in praznovanja. &#8211; Pu\u0161\u010davsko mesto Shibam imenujejo pu\u0161\u010davski Manhattan. &#8211; Naravne \u010dude\u017ee, kot je otok Sokotra, so edinstvene in biolo\u0161ko dragocene. &#8211; Jemenska gostoljubnost je legendarna in topla. &#8211; Najbolj\u0161i \u010das za potovanje je med oktobrom in aprilom. Potapljanje in pohodni\u0161tvo ponujata vznemirljive aktivnosti na prostem. &#8211; Izobrazite se o varnostnih ukrepih in potrebnih dokumentih.         <\/span><\/strong><\/p>\t\t\t\t\t\t\t\t<\/div>\n\t\t\t\t\t<\/div>\n\t\t\t\t<\/div>\n\t\t\t\t<div class=\"elementor-element elementor-element-1ee7e533 animated-slow elementor-invisible elementor-widget elementor-widget-heading\" data-id=\"1ee7e533\" data-element_type=\"widget\" data-e-type=\"widget\" data-settings=\"{&quot;_animation&quot;:&quot;fadeInUp&quot;,&quot;_animation_delay&quot;:100}\" data-widget_type=\"heading.default\">\n\t\t\t\t\t<h3 class=\"elementor-heading-title elementor-size-default\">Edinstvena kultura in zgodovina Jemna<\/h3>\t\t\t\t<\/div>\n\t\t<div class=\"elementor-element elementor-element-44c33c6e e-flex e-con-boxed e-con e-child\" data-id=\"44c33c6e\" data-element_type=\"container\" data-e-type=\"container\">\n\t\t\t\t\t<div class=\"e-con-inner\">\n\t\t<div class=\"elementor-element elementor-element-27ad8532 e-con-full e-flex e-con e-child\" data-id=\"27ad8532\" data-element_type=\"container\" data-e-type=\"container\">\n\t\t\t\t<div class=\"elementor-element elementor-element-239c9315 animated-slow elementor-invisible elementor-widget elementor-widget-image\" data-id=\"239c9315\" data-element_type=\"widget\" data-e-type=\"widget\" data-settings=\"{&quot;_animation&quot;:&quot;fadeIn&quot;,&quot;_animation_delay&quot;:200}\" data-widget_type=\"image.default\">\n\t\t\t\t\t\t\t\t\t\t\t\t\t\t\t<img fetchpriority=\"high\" decoding=\"async\" width=\"500\" height=\"550\" src=\"https:\/\/yemeni-dreams.com\/wp-content\/uploads\/2025\/08\/ye3.jpg\" class=\"attachment-large size-large wp-image-6884\" alt=\"\" srcset=\"https:\/\/yemeni-dreams.com\/wp-content\/uploads\/2025\/08\/ye3.jpg 500w, https:\/\/yemeni-dreams.com\/wp-content\/uploads\/2025\/08\/ye3-768x844.jpg 768w\" sizes=\"(max-width: 500px) 100vw, 500px\" \/>\t\t\t\t\t\t\t\t\t\t\t\t\t\t\t<\/div>\n\t\t\t\t<div class=\"elementor-element elementor-element-5f9f220 elementor-widget elementor-widget-text-editor\" data-id=\"5f9f220\" data-element_type=\"widget\" data-e-type=\"widget\" data-widget_type=\"text-editor.default\">\n\t\t\t\t\t\t\t\t\t<p><strong><span style=\"color: #000000;\">Kulturo in zgodovino Jemna so skozi stoletja oblikovali izjemni vplivi. Regija je bila neko\u010d sijajno sredi\u0161\u010de trgovine in je u\u017eivala v cveto\u010di izmenjavi med kulturami, zlasti prek legendarnih karavanskih poti, ki so preva\u017eale dragoceno blago in ideje po Bli\u017enjem vzhodu, Afriki in drugod. Starodavna kraljestva, kot sta Sabsko in Himjaritsko kraljestvo, so za seboj pustila impresivne strukture in pri\u010devanja o svojih visokih kulturah, ki \u0161e danes fascinirajo. Obi\u0161\u010dite arheolo\u0161ka najdi\u0161\u010da, ki pripovedujejo zgodbe o bogastvu in blaginji, in se pustite o\u010darati ostankom teh obdobij. Etni\u010dna raznolikost Jemna se odra\u017ea v njegovih tradicijah, jezikih in verskih praksah. Dr\u017eava je me\u0161anica razli\u010dnih plemen in skupnosti, ta raznolikost pa je ustvarila bogato paleto obi\u010dajev. Ljudje praznujejo razli\u010dne festivale, ki so globoko zakoreninjeni v kulturnih tradicijah. Poro\u010dni obredi so pogosto spektakularni in vklju\u010dujejo pisane kostume, glasbo in ples, ki krepijo vezi v skupnosti. Odkriti je vredno tudi jemensko obrtni\u0161tvo. Fine rezbarije, zapleteno srebrno pohi\u0161tvo in bogato okra\u0161en tekstil so izraz dedi\u0161\u010dine, ki odra\u017ea visoko obrt. V jemenski literaturi in glasbi se izra\u017eajo \u010dustva in izku\u0161nje ljudstva. Tradicionalna poezija, pogosto predstavljena v peti obliki, govori o ljubezni, izgubi in povezanosti z domom. Ti umetni\u0161ki izrazi niso le praznovanje preteklosti, temve\u010d tudi na\u010din za soo\u010danje z izzivi sedanjosti. Kulturna identiteta, ki se je razvila iz bogate jemenske zgodovine, je \u017eivo pri\u010devanje o edinstvenih tradicijah, ki obiskovalcem omogo\u010dajo pustolovsko potopitev v svet, poln globine in pomena.             <\/span><\/strong><\/p>\t\t\t\t\t\t\t\t<\/div>\n\t\t\t\t<div class=\"elementor-element elementor-element-9af74c9 animated-slow elementor-invisible elementor-widget elementor-widget-heading\" data-id=\"9af74c9\" data-element_type=\"widget\" data-e-type=\"widget\" data-settings=\"{&quot;_animation&quot;:&quot;fadeInUp&quot;,&quot;_animation_delay&quot;:100}\" data-widget_type=\"heading.default\">\n\t\t\t\t\t<h3 class=\"elementor-heading-title elementor-size-default\">Jemen \u2013 de\u017eela kontrastov in presene\u010denj<\/h3>\t\t\t\t<\/div>\n\t\t\t\t<div class=\"elementor-element elementor-element-49b30bfc animated-slow elementor-invisible elementor-widget elementor-widget-image\" data-id=\"49b30bfc\" data-element_type=\"widget\" data-e-type=\"widget\" data-settings=\"{&quot;_animation&quot;:&quot;fadeIn&quot;,&quot;_animation_delay&quot;:600}\" data-widget_type=\"image.default\">\n\t\t\t\t\t\t\t\t\t\t\t\t\t\t\t<img decoding=\"async\" width=\"500\" height=\"401\" src=\"https:\/\/yemeni-dreams.com\/wp-content\/uploads\/2025\/08\/ye23.jpg\" class=\"attachment-large size-large wp-image-7576\" alt=\"\" srcset=\"https:\/\/yemeni-dreams.com\/wp-content\/uploads\/2025\/08\/ye23.jpg 500w, https:\/\/yemeni-dreams.com\/wp-content\/uploads\/2025\/08\/ye23-768x615.jpg 768w\" sizes=\"(max-width: 500px) 100vw, 500px\" \/>\t\t\t\t\t\t\t\t\t\t\t\t\t\t\t<\/div>\n\t\t\t\t<\/div>\n\t\t\t\t<div class=\"elementor-element elementor-element-452ef2c8 animated-slow elementor-invisible elementor-widget elementor-widget-heading\" data-id=\"452ef2c8\" data-element_type=\"widget\" data-e-type=\"widget\" data-settings=\"{&quot;_animation&quot;:&quot;fadeInUp&quot;,&quot;_animation_delay&quot;:200}\" data-widget_type=\"heading.default\">\n\t\t\t\t\t<div class=\"elementor-heading-title elementor-size-default\">Razi\u0161\u010dite starodavne civilizacije, znamenitosti UNESCO in \u017eive tradicije.<\/div>\t\t\t\t<\/div>\n\t\t<div class=\"elementor-element elementor-element-430c3540 e-con-full e-flex e-con e-child\" data-id=\"430c3540\" data-element_type=\"container\" data-e-type=\"container\">\n\t\t\t\t<div class=\"elementor-element elementor-element-40c97e2 elementor-widget elementor-widget-text-editor\" data-id=\"40c97e2\" data-element_type=\"widget\" data-e-type=\"widget\" data-widget_type=\"text-editor.default\">\n\t\t\t\t\t\t\t\t\t<p><span style=\"color: #000000;\"><strong>Jemen gosti nekaj najbolj fascinantnih znamenitosti, ki o\u010darajo obiskovalce. V sredi\u0161\u010du mesta Sana se nahaja Qasr al-Saqqaf, veli\u010dasten primer tradicionalne jemenske arhitekture, povezane z zgodovino mesta. Njegovi impresivni okraski in kompleksna gradnja pripovedujejo zgodbe iz preteklih stoletij, ko se sprehajate skozi impresivne dvorane in vrtove. Nedale\u010d stran je staro mestno jedro Sane z bogato okra\u0161enimi hi\u0161ami iz blatne opeke, katerih fasade so okra\u0161ene z zapletenimi vzorci in pisanimi okni. Sprehod po ozkih ulicah razkriva \u017eivahno vzdu\u0161je, ko se sre\u010date z zvoki tr\u017enic in vonjem po za\u010dimbah. Obvezen ogled je tudi mesto Shibam, ki ga pogosto imenujejo &#8220;pu\u0161\u010davski Manhattan&#8221;. Visoke hi\u0161e iz blatne opeke, stare tiso\u010d let, se veli\u010dastno in impresivno dvigajo, kar je jasen dokaz domiselne arhitekture regije. Sredi te izjemne urbane pokrajine boste na\u0161li tudi ostanke starodavnih trdnjav, ki obiskovalcem ponujajo globok vpogled v strate\u0161ki pomen Shibama skozi zgodovino. Ta arhitekturni ponos dopolnjujejo fascinantne kulturne tradicije, ki o\u017eivijo na okoli\u0161kih tr\u017enicah in v kavarnah. Zabid, ki je na Unescovem seznamu svetovne dedi\u0161\u010dine, je \u0161e ena znamenitost in ponuja bogato zgodovino, ki sega v 13. stoletje. Tukaj lahko razi\u0161\u010dete ostanke \u0161ol, mo\u0161ej in pala\u010d, ki odra\u017eajo razcvet Zabida kot sredi\u0161\u010da trgovine in znanosti. Kombinacija fascinantnih spomenikov in gostoljubnih prebivalcev naredi Zabid edinstveno do\u017eivetje, ki vas potopi v globine jemenske kulture. Staro mestno jedro Sane \u2013 Unescov seznam svetovne dedi\u0161\u010dine. Staro mestno jedro Sane, neprimerljiva arhitekturna dedi\u0161\u010dina, o\u010dara ne le s svojo o\u010darljivo gradnjo, temve\u010d tudi s strate\u0161ko razporeditvijo. Sredi labirintnih ulic z zna\u010dilnimi hi\u0161ami iz blatne opeke, ki se dvigajo v ve\u010d nadstropij, se razkriva impresivna podoba starodavnega in\u017eenirstva. Vsaka od teh stavb je edinstveno umetni\u0161ko delo, okra\u0161eno z zapletenimi \u0161tukaturnimi okraski, pisanimi okni in ne\u017enimi vzorci. Te podrobnosti niso zgolj okrasni okraski, temve\u010d pri\u010devanja o globoko zakoreninjeni kulturni dedi\u0161\u010dini in dolgi tradiciji obrti, ki sega v antiko.                <\/strong><\/span><\/p>\t\t\t\t\t\t\t\t<\/div>\n\t\t\t\t<div class=\"elementor-element elementor-element-72317690 animated-slow elementor-invisible elementor-widget elementor-widget-heading\" data-id=\"72317690\" data-element_type=\"widget\" data-e-type=\"widget\" data-settings=\"{&quot;_animation&quot;:&quot;fadeInUp&quot;,&quot;_animation_delay&quot;:100}\" data-widget_type=\"heading.default\">\n\t\t\t\t\t<h3 class=\"elementor-heading-title elementor-size-default\">Pustolov\u0161\u010dina \u010daka\n<\/h3>\t\t\t\t<\/div>\n\t\t\t\t<\/div>\n\t\t<div class=\"elementor-element elementor-element-34b276cd e-con-full e-flex e-con e-child\" data-id=\"34b276cd\" data-element_type=\"container\" data-e-type=\"container\">\n\t\t\t\t<div class=\"elementor-element elementor-element-2da6574a animated-slow elementor-invisible elementor-widget elementor-widget-image\" data-id=\"2da6574a\" data-element_type=\"widget\" data-e-type=\"widget\" data-settings=\"{&quot;_animation&quot;:&quot;fadeIn&quot;,&quot;_animation_delay&quot;:400}\" data-widget_type=\"image.default\">\n\t\t\t\t\t\t\t\t\t\t\t\t\t\t\t<img decoding=\"async\" width=\"500\" height=\"400\" src=\"https:\/\/yemeni-dreams.com\/wp-content\/uploads\/2025\/08\/ye17.jpg\" class=\"attachment-large size-large wp-image-7577\" alt=\"\" srcset=\"https:\/\/yemeni-dreams.com\/wp-content\/uploads\/2025\/08\/ye17.jpg 500w, https:\/\/yemeni-dreams.com\/wp-content\/uploads\/2025\/08\/ye17-768x614.jpg 768w\" sizes=\"(max-width: 500px) 100vw, 500px\" \/>\t\t\t\t\t\t\t\t\t\t\t\t\t\t\t<\/div>\n\t\t\t\t<div class=\"elementor-element elementor-element-c0261f5 animated-slow elementor-invisible elementor-widget elementor-widget-heading\" data-id=\"c0261f5\" data-element_type=\"widget\" data-e-type=\"widget\" data-settings=\"{&quot;_animation&quot;:&quot;fadeInUp&quot;,&quot;_animation_delay&quot;:200}\" data-widget_type=\"heading.default\">\n\t\t\t\t\t<div class=\"elementor-heading-title elementor-size-default\">Pohodni\u0161tvo, pu\u0161\u010davski izleti in kulturna do\u017eivetja, ki jih ni mogo\u010de primerjati z drugimi.\n<\/div>\t\t\t\t<\/div>\n\t\t\t\t<\/div>\n\t\t\t\t<div class=\"elementor-element elementor-element-9037834 elementor-widget elementor-widget-text-editor\" data-id=\"9037834\" data-element_type=\"widget\" data-e-type=\"widget\" data-widget_type=\"text-editor.default\">\n\t\t\t\t\t\t\t\t\t<p><strong><span style=\"color: #000000;\">Jemen je skriti dragulj, ki svoje obiskovalce preseneti s fascinantno dvojnostjo. Na eni strani naletite na \u017eare\u010de pu\u0161\u010davske pokrajine, za katere so zna\u010dilne veli\u010dastne sipine in suhe ravnice, na drugi strani pa vas \u010dakajo zelene oaze in rodovitne doline. Ti kontrasti vodijo do neprimerljive izku\u0161nje, ki o\u010dara tako ljubitelje narave kot ljubitelje zgodovine. Dolina Helal na primer ponuja dih jemajo\u010d prizor, kjer se spektakularni slapovi in \u200b\u200bcveto\u010di nasadi harmoni\u010dno zdru\u017eujejo v sliko idili\u010dne lepote. Te \u017eivahne pokrajine skrivajo neodkrite zaklade flore in favne, ki pogosto ostajajo v senci bolj znanih su\u0161nih regij. Jemenci sami so srce te edinstvene kulturne krajine. Presene\u010deni boste nad njihovo raznolikostjo in gostoljubnostjo. V razli\u010dnih regijah dr\u017eave ljudje govorijo razli\u010dna nare\u010dja in ohranjajo svoje obi\u010daje in kulinari\u010dne posebnosti. Od \u0161tevilnih barv in okusov kav s cimetom in kardamomom, ki jih lahko poskusite v vsaki regionalni kavarni, do tradicionalnih me\u0161anic \u010dajev, ki jih postre\u017eejo na dru\u017eabnih sre\u010danjih \u2013 vsaka izku\u0161nja je odkritje kulturnih plasti. V\u010dasih okusne jedi spremljajo stare zgodbe, ki se prena\u0161ajo iz roda v rod, zaradi \u010desar je obrok izku\u0161nja, ki popolnoma zdru\u017euje tradicijo in skupnost. Prav tako so pomembni vznemirljivi kontrasti arhitekture, ki oblikujejo Jemen. Med sprehodom po ulicah Shibama vas bodo navdu\u0161ile edinstvene hi\u0161e iz blatne opeke, ki segajo v nebo. Misel, da so te starodavne stavbe, pogosto sestavljene iz ve\u010d kot 500 razli\u010dnih materialov, hkrati trpe\u017ene in estetsko privla\u010dne, je preprosto izjemna. Po drugi strani pa boste v urbanih sredi\u0161\u010dih na\u0161li sodobne novogradnje, ki odra\u017eajo tehnolo\u0161ki napredek in simbolizirajo nenehno rast dr\u017eave. Jemen ni le de\u017eela kontrastov v naravi, temve\u010d tudi \u017eivahna fuzija starodavnih tradicij in sodobnega na\u010dina \u017eivljenja, ki vas vabi, da spoznate ve\u010d o njenih zgodbah.              <\/span><\/strong><\/p>\t\t\t\t\t\t\t\t<\/div>\n\t\t\t\t<div class=\"elementor-element elementor-element-2a03768 animated-slow elementor-invisible elementor-widget elementor-widget-heading\" data-id=\"2a03768\" data-element_type=\"widget\" data-e-type=\"widget\" data-settings=\"{&quot;_animation&quot;:&quot;fadeInUp&quot;,&quot;_animation_delay&quot;:100}\" data-widget_type=\"heading.default\">\n\t\t\t\t\t<h3 class=\"elementor-heading-title elementor-size-default\">Dih jemajo\u010da narava\n<\/h3>\t\t\t\t<\/div>\n\t\t<div class=\"elementor-element elementor-element-dec6267 e-con-full e-flex e-con e-child\" data-id=\"dec6267\" data-element_type=\"container\" data-e-type=\"container\">\n\t\t\t\t<div class=\"elementor-element elementor-element-310ebd7 animated-slow elementor-invisible elementor-widget elementor-widget-image\" data-id=\"310ebd7\" data-element_type=\"widget\" data-e-type=\"widget\" data-settings=\"{&quot;_animation&quot;:&quot;fadeIn&quot;,&quot;_animation_delay&quot;:400}\" data-widget_type=\"image.default\">\n\t\t\t\t\t\t\t\t\t\t\t\t\t\t\t<img loading=\"lazy\" decoding=\"async\" width=\"600\" height=\"400\" src=\"https:\/\/yemeni-dreams.com\/wp-content\/uploads\/2025\/07\/SOSocotras-landscape_13-e1755290011938.jpg\" class=\"attachment-large size-large wp-image-6606\" alt=\"\" srcset=\"https:\/\/yemeni-dreams.com\/wp-content\/uploads\/2025\/07\/SOSocotras-landscape_13-e1755290011938.jpg 600w, https:\/\/yemeni-dreams.com\/wp-content\/uploads\/2025\/07\/SOSocotras-landscape_13-e1755290011938-768x512.jpg 768w, https:\/\/yemeni-dreams.com\/wp-content\/uploads\/2025\/07\/SOSocotras-landscape_13-e1755290011938-18x12.jpg 18w\" sizes=\"(max-width: 600px) 100vw, 600px\" \/>\t\t\t\t\t\t\t\t\t\t\t\t\t\t\t<\/div>\n\t\t\t\t<div class=\"elementor-element elementor-element-adbb3e8 animated-slow elementor-invisible elementor-widget elementor-widget-heading\" data-id=\"adbb3e8\" data-element_type=\"widget\" data-e-type=\"widget\" data-settings=\"{&quot;_animation&quot;:&quot;fadeInUp&quot;,&quot;_animation_delay&quot;:200}\" data-widget_type=\"heading.default\">\n\t\t\t\t\t<div class=\"elementor-heading-title elementor-size-default\">Odkrijte mogo\u010dne gore, spokojne pu\u0161\u010dave in otok Sokotra.<\/div>\t\t\t\t<\/div>\n\t\t\t\t<\/div>\n\t\t\t\t<div class=\"elementor-element elementor-element-bd4f5b3 elementor-widget elementor-widget-text-editor\" data-id=\"bd4f5b3\" data-element_type=\"widget\" data-e-type=\"widget\" data-widget_type=\"text-editor.default\">\n\t\t\t\t\t\t\t\t\t<p><strong><span style=\"color: #000000;\">Naravna raznolikost Jemna je preprosto osupljiva. Med pustimi, impresivnimi gorskimi grebeni gorovja Sarawat in strmimi pe\u010dinami Hadramauta se razprostirajo neskon\u010dne pu\u0161\u010davske pokrajine, ki jih oblikujeta veter in \u010das. Tu, v enem najbolj su\u0161nih predelov na Zemlji, nastajajo zanimivi pojavi, kot so pe\u0161\u010dene sipine, ki se spreminjajo v fascinantne oblike in barve. Kontrasti med surovo pu\u0161\u010davsko esenco in rodovitnimi, namakanimi dolinami spremenijo sre\u010danje teh dveh elementov v vizualni spektakel, ki vas bo o\u010daral. Ogledati si je vredno tudi razgibane obale, kjer Indijski ocean neutrudno buta ob skale. Sprehodite se po pla\u017eah Sokotre, enega biolo\u0161ko najbolj fascinantnih otokov na svetu, okra\u0161enega z endemi\u010dnimi rastlinskimi vrstami, ki ne uspevajo nikjer drugje. Tukaj narava ponuja svojo galerijo, kjer zmajevo drevo, ki spominja na umetni\u0161ko delo, in osupljive pla\u017ee ponujajo harmoni\u010dno ozadje. Z neraziskanimi pohodni\u0161kimi potmi in tradicionalnimi ribi\u0161kimi vasmi otok utele\u0161a bistvo neokrnjene naravne lepote. Naravne pokrajine Jemna niso le vizualno impresivne, temve\u010d so tudi pravi raj za ljubitelje narave. Razgibane gore so prepredene s skritimi jamami, spektakularnimi soteskami in bu\u010dnimi slapovi, ki se zlivajo z nadrealisti\u010dnimi pokrajinami. Tukaj imate prilo\u017enost do\u017eiveti edinstveno floro in favno v njihovem naravnem okolju. Medtem ko boste \u010dutili veter v laseh, boste imeli ob\u010dutek, da vam narava \u0161epeta svoje skrivnosti in vas o\u010dara. Otok Sokotra, pogosto imenovan &#8220;Galapagos Indijskega oceana&#8221;, je pravi naravni raj, ki se pona\u0161a z izjemno raznolikostjo endemi\u010dnih vrst. Tukaj boste sre\u010dali rastline, ki jih ne najdemo nikjer drugje na svetu, kot je ikoni\u010dno zmajevo drevo, katerega edinstvena oblika in tradicionalna uporaba v medicini in kozmetiki vzbujata zanimanje botanikov in pustolovcev. Raznolika flora in favna tega otoka ni le sanje ljubiteljev narave, temve\u010d tudi fascinantno podro\u010dje preu\u010devanja za znanstvenike, ki raziskujejo evolucijo vrst zaradi izolirane lege otoka. Nadrealisti\u010dne pokrajine Sokotre z razgibanimi pe\u010dinami, spektakularnimi jamami in pe\u0161\u010denimi pla\u017eami vas vabijo, da lepoto narave do\u017eivite od blizu. Pohodi po goratih predelih otoka razkrivajo dih jemajo\u010de razglede na pene\u010de modre vode Indijskega oceana. Te nedotaknjene naravne lepote oblikujejo pokrajino v edinstveno do\u017eivetje, ki izstopa iz vrve\u017ea sodobnega sveta. Oddaljene vasi, kjer se zdi, kot da se \u010das ustavi, vam ponujajo prilo\u017enost, da se potopite v lokalno kulturo in spoznate na\u010din \u017eivljenja pisanih prebivalcev Sokotre. Ne glede na to, ali raziskujete edinstveno geologijo ali se potapljate v kristalno \u010distem morju, vam otok Sokotra daje ob\u010dutek, kot da ste vstopili v drug svet. Raznoliko divje \u017eivali, vklju\u010dno z redkimi vrstami ptic in endemi\u010dnimi plazilci, pustolov\u0161\u010dino obogatijo z vznemirljivimi sre\u010danji. Ta naravna edinstvenost v kombinaciji z globokimi kulturnimi koreninami in toplo gostoljubnostjo naredi Sokotro neprimerljivo destinacijo za vse, ki i\u0161\u010dejo nekaj posebnega.                     <\/span><\/strong><\/p>\t\t\t\t\t\t\t\t<\/div>\n\t\t\t\t\t<\/div>\n\t\t\t\t<\/div>\n\t\t\t\t<div class=\"elementor-element elementor-element-4de12c59 elementor-align-center animated-slow elementor-invisible elementor-widget elementor-widget-button\" data-id=\"4de12c59\" data-element_type=\"widget\" data-e-type=\"widget\" data-settings=\"{&quot;_animation&quot;:&quot;fadeInUp&quot;,&quot;_animation_delay&quot;:400}\" data-widget_type=\"button.default\">\n\t\t\t\t\t\t\t\t\t\t<a class=\"elementor-button elementor-button-link elementor-size-sm\" href=\"https:\/\/yemeni-dreams.com\/tour\/\">\n\t\t\t\t\t\t<span class=\"elementor-button-content-wrapper\">\n\t\t\t\t\t\t\t\t\t<span class=\"elementor-button-text\">razi\u0161\u010di zdaj<\/span>\n\t\t\t\t\t<\/span>\n\t\t\t\t\t<\/a>\n\t\t\t\t\t\t\t\t<\/div>\n\t\t\t\t<\/div>\n\t\t\t\t<\/div>\n\t\t","protected":false},"excerpt":{"rendered":"<p>Obisk Jemna Jemen ponuja impresivne pokrajine in bogato kulturo. &#8211; Sana in Aden sta kulturna sredi\u0161\u010da z fascinantno arhitekturo. &#8211; Jemenska kuhinja je raznolika in v veselje gurmanov. &#8211; Etni\u010dna raznolikost bogati tradicije in praznovanja. &#8211; Pu\u0161\u010davsko mesto Shibam imenujejo pu\u0161\u010davski Manhattan. &#8211; Naravne \u010dude\u017ee, kot je otok Sokotra, so edinstvene in biolo\u0161ko dragocene. &#8211; [&hellip;]<\/p>\n","protected":false},"author":6,"featured_media":0,"parent":0,"menu_order":0,"comment_status":"closed","ping_status":"closed","template":"","meta":{"footnotes":""},"class_list":["post-7640","page","type-page","status-publish","has-post-thumbnail","hentry"],"_links":{"self":[{"href":"https:\/\/yemeni-dreams.com\/sl\/wp-json\/wp\/v2\/pages\/7640","targetHints":{"allow":["GET"]}}],"collection":[{"href":"https:\/\/yemeni-dreams.com\/sl\/wp-json\/wp\/v2\/pages"}],"about":[{"href":"https:\/\/yemeni-dreams.com\/sl\/wp-json\/wp\/v2\/types\/page"}],"author":[{"embeddable":true,"href":"https:\/\/yemeni-dreams.com\/sl\/wp-json\/wp\/v2\/users\/6"}],"replies":[{"embeddable":true,"href":"https:\/\/yemeni-dreams.com\/sl\/wp-json\/wp\/v2\/comments?post=7640"}],"version-history":[{"count":3,"href":"https:\/\/yemeni-dreams.com\/sl\/wp-json\/wp\/v2\/pages\/7640\/revisions"}],"predecessor-version":[{"id":7643,"href":"https:\/\/yemeni-dreams.com\/sl\/wp-json\/wp\/v2\/pages\/7640\/revisions\/7643"}],"wp:attachment":[{"href":"https:\/\/yemeni-dreams.com\/sl\/wp-json\/wp\/v2\/media?parent=7640"}],"curies":[{"name":"wp","href":"https:\/\/api.w.org\/{rel}","templated":true}]}}