{"id":7263,"date":"2025-07-07T23:04:13","date_gmt":"2025-07-07T23:04:13","guid":{"rendered":"https:\/\/yemeni-dreams.com\/sehir-turu\/"},"modified":"2025-11-18T17:07:45","modified_gmt":"2025-11-18T17:07:45","slug":"sehir-turu","status":"publish","type":"page","link":"https:\/\/yemeni-dreams.com\/tr\/sehir-turu\/","title":{"rendered":"\u015eehir Turu"},"content":{"rendered":"\t\t<div data-elementor-type=\"wp-page\" data-elementor-id=\"7263\" class=\"elementor elementor-7263 elementor-327\">\n\t\t\t\t<div class=\"elementor-element elementor-element-1481978 e-flex e-con-boxed e-con e-parent\" data-id=\"1481978\" data-element_type=\"container\" data-e-type=\"container\" data-settings=\"{&quot;background_background&quot;:&quot;classic&quot;}\">\n\t\t\t\t\t<div class=\"e-con-inner\">\n\t\t\t\t<div class=\"elementor-element elementor-element-ba6f80a elementor-widget elementor-widget-heading\" data-id=\"ba6f80a\" data-element_type=\"widget\" data-e-type=\"widget\" data-widget_type=\"heading.default\">\n\t\t\t\t\t<h2 class=\"elementor-heading-title elementor-size-default\">\u015eehir Turu<\/h2>\t\t\t\t<\/div>\n\t\t\t\t<div class=\"elementor-element elementor-element-df518a2 elementor-widget__width-initial elementor-widget elementor-widget-text-editor\" data-id=\"df518a2\" data-element_type=\"widget\" data-e-type=\"widget\" data-widget_type=\"text-editor.default\">\n\t\t\t\t\t\t\t\t\t<p>D\u00fcnyan\u0131n en eski yerle\u015fim yerlerinden biri olan Sana&#8217;a&#8217;n\u0131n b\u00fcy\u00fcs\u00fcn\u00fc ke\u015ffedin. Bu rehberli tur, sizi kadim tarihin zengin k\u00fclt\u00fcr ve nefes kesici mimariyle bulu\u015ftu\u011fu Yemen&#8217;in ba\u015fkentinin kalbine g\u00f6t\u00fcr\u00fcyor. <\/p>\t\t\t\t\t\t\t\t<\/div>\n\t\t\t\t<div class=\"elementor-element elementor-element-37e30a3 elementor-widget elementor-widget-button\" data-id=\"37e30a3\" data-element_type=\"widget\" data-e-type=\"widget\" data-widget_type=\"button.default\">\n\t\t\t\t\t\t\t\t\t\t<a class=\"elementor-button elementor-button-link elementor-size-sm\" href=\"#\">\n\t\t\t\t\t\t<span class=\"elementor-button-content-wrapper\">\n\t\t\t\t\t\t\t\t\t<span class=\"elementor-button-text\">T\u00fcm \u015eehir Turlar\u0131n\u0131 G\u00f6r\u00fcn<\/span>\n\t\t\t\t\t<\/span>\n\t\t\t\t\t<\/a>\n\t\t\t\t\t\t\t\t<\/div>\n\t\t\t\t\t<\/div>\n\t\t\t\t<\/div>\n\t\t<div class=\"elementor-element elementor-element-204fb48 e-flex e-con-boxed e-con e-parent\" data-id=\"204fb48\" data-element_type=\"container\" data-e-type=\"container\">\n\t\t\t\t\t<div class=\"e-con-inner\">\n\t\t\t\t<div class=\"elementor-element elementor-element-fea6de7 elementor-widget elementor-widget-heading\" data-id=\"fea6de7\" data-element_type=\"widget\" data-e-type=\"widget\" data-widget_type=\"heading.default\">\n\t\t\t\t\t<h2 class=\"elementor-heading-title elementor-size-default\">En \u0130yi \u015eehir Turu<\/h2>\t\t\t\t<\/div>\n\t\t\t\t<div class=\"elementor-element elementor-element-4a25105 elementor-widget elementor-widget-st_list_service\" data-id=\"4a25105\" data-element_type=\"widget\" data-e-type=\"widget\" data-settings=\"{&quot;type_form&quot;:&quot;single&quot;,&quot;order&quot;:&quot;ASC&quot;}\" data-widget_type=\"st_list_service.default\">\n\t\t\t\t<div class=\"elementor-widget-container\">\n\t\t\t\t\t    <div class=\"st-list-service list style_2 \"     >\r\n        <div class=\"row service-list-wrapper service-tour list-style style-list\"><div class=\"col-12 item-service\"><div class=\"services-item list item-elementor\" itemscope itemtype=\"https:\/\/schema.org\/TouristTrip\" data-id=\"7175\">\r\n    <div class=\"item service-border st-border-radius\">\r\n        <div class=\"featured-image\">\r\n\r\n                            <a href=\"\" class=\"login\" data-toggle=\"modal\" data-target=\"#st-login-form\">\r\n                    <div class=\"service-add-wishlist\" title=\"Add to wishlist\">\r\n                        <i class=\"fa fa-heart\"><\/i>\r\n                        <div class=\"lds-dual-ring\"><\/div>\r\n                    <\/div>\r\n                <\/a>\r\n                        <div class=\"service-tag bestseller\">\r\n                            <\/div>\r\n            <a href=\"https:\/\/yemeni-dreams.com\/tr\/st_tour\/yarimadanin-incisi-sokotra\/\">\r\n                <img fetchpriority=\"high\" decoding=\"async\" width=\"450\" height=\"300\" src=\"https:\/\/yemeni-dreams.com\/wp-content\/uploads\/2025\/07\/SOC-Ras-Ersel-l-and-Eher-e1754427051911-450x300.jpg\" class=\"img-responsive wp-post-image\" alt=\"YARIMADA&#8217;NIN \u0130NC\u0130S\u0130 (Sokotra)\" itemprop=\"image\" srcset=\"https:\/\/yemeni-dreams.com\/wp-content\/uploads\/2025\/07\/SOC-Ras-Ersel-l-and-Eher-e1754427051911-450x300.jpg 450w, https:\/\/yemeni-dreams.com\/wp-content\/uploads\/2025\/07\/SOC-Ras-Ersel-l-and-Eher-e1754427051911-768x510.jpg 768w, https:\/\/yemeni-dreams.com\/wp-content\/uploads\/2025\/07\/SOC-Ras-Ersel-l-and-Eher-e1754427051911-900x600.jpg 900w, https:\/\/yemeni-dreams.com\/wp-content\/uploads\/2025\/07\/SOC-Ras-Ersel-l-and-Eher-e1754427051911-18x12.jpg 18w, https:\/\/yemeni-dreams.com\/wp-content\/uploads\/2025\/07\/SOC-Ras-Ersel-l-and-Eher-e1754427051911.jpg 600w\" sizes=\"(max-width: 450px) 100vw, 450px\" \/>            <\/a>\r\n                        <a href=\"https:\/\/yemeni-dreams.com\/tr\/author\/admin\/\" target=\"_blank\" title=\"admin\"  class=\"service-avatar\"><img alt='YARIMADA&#8217;NIN \u0130NC\u0130S\u0130 (Sokotra)' src='https:\/\/secure.gravatar.com\/avatar\/524f892b550f4011d22939a5047518721012c4ee9b15df5eff876bbff166b6d6?s=70&#038;d=mm&#038;r=g' srcset='https:\/\/secure.gravatar.com\/avatar\/524f892b550f4011d22939a5047518721012c4ee9b15df5eff876bbff166b6d6?s=140&#038;d=mm&#038;r=g 2x' class='avatar avatar-70 photo' height='70' width='70' \/><\/a>        <\/div>\r\n        <div class=\"content-item\">\r\n            <div class=\"content-item-left\">\r\n                                <h3 class=\"title\" itemprop=\"name\"><a href=\"https:\/\/yemeni-dreams.com\/tr\/st_tour\/yarimadanin-incisi-sokotra\/\">YARIMADA&#8217;NIN \u0130NC\u0130S\u0130 (Sokotra)<\/a><\/h3>\r\n                <div class=\"reviews\">\r\n                    <i class=\"stt-icon-star1\"><\/i>\r\n                    <span class=\"rate\">\r\n                        0                    <\/span>\r\n                    <span class=\"summary\">\r\n                        (No Review)\r\n                    <\/span>\r\n                <\/div>\r\n                <div class=\"service-excerpt\">\r\n                    Bu 5 g\u00fcnl\u00fck macera sizi, d\u00fcnyan\u0131n en fazla biyolojik \u00e7e\u015fitlili\u011fe sahip yerlerinden  ...                <\/div>\r\n            <\/div>\r\n            <div class=\"content-item-right\">\r\n\r\n                <div class=\"content-item-right-wrap h-100 w-100 text-center d-flex align-content-between flex-wrap\">\r\n                    <div class=\"st-list-top w-100\">\r\n                                                                            <div class=\"service-duration d-block d-sm-none d-md-none d-lg-none\">\r\n                                <i class=\"input-icon st-border-radius field-icon fa\"><svg height=\"17px\" width=\"17px\" version=\"1.1\" xmlns=\"http:\/\/www.w3.org\/2000\/svg\" xmlns:xlink=\"http:\/\/www.w3.org\/1999\/xlink\" x=\"0px\" y=\"0px\"\r\n     viewBox=\"0 0 24 24\" style=\"enable-background:new 0 0 24 24;\" xml:space=\"preserve\">\r\n\r\n<g fill=\"#5E6D77\">\r\n    <path d=\"M12,23.25C5.797,23.25,0.75,18.203,0.75,12C0.75,5.797,5.797,0.75,12,0.75c6.203,0,11.25,5.047,11.25,11.25\r\n        C23.25,18.203,18.203,23.25,12,23.25z M12,2.25c-5.376,0-9.75,4.374-9.75,9.75s4.374,9.75,9.75,9.75s9.75-4.374,9.75-9.75\r\n        S17.376,2.25,12,2.25z\"\/>\r\n    <path d=\"M15.75,16.5c-0.2,0-0.389-0.078-0.53-0.22l-2.25-2.25c-0.302,0.145-0.632,0.22-0.969,0.22c-1.241,0-2.25-1.009-2.25-2.25\r\n        c0-0.96,0.615-1.808,1.5-2.121V5.25c0-0.414,0.336-0.75,0.75-0.75s0.75,0.336,0.75,0.75v4.629c0.885,0.314,1.5,1.162,1.5,2.121\r\n        c0,0.338-0.075,0.668-0.22,0.969l2.25,2.25c0.292,0.292,0.292,0.768,0,1.061C16.139,16.422,15.95,16.5,15.75,16.5z M12,11.25\r\n        c-0.414,0-0.75,0.336-0.75,0.75s0.336,0.75,0.75,0.75s0.75-0.336,0.75-0.75S12.414,11.25,12,11.25z\"\/>\r\n<\/g>\r\n<\/svg><\/i>                                5 Days 4 Nighs                            <\/div>\r\n                                                                                <div class=\"price-wrapper d-none d-sm-block d-md-block d-lg-block service-duration \">\r\n                                <i class=\"input-icon st-border-radius field-icon fa\"><svg height=\"17px\" width=\"17px\" version=\"1.1\" xmlns=\"http:\/\/www.w3.org\/2000\/svg\" xmlns:xlink=\"http:\/\/www.w3.org\/1999\/xlink\" x=\"0px\" y=\"0px\"\r\n     viewBox=\"0 0 24 24\" style=\"enable-background:new 0 0 24 24;\" xml:space=\"preserve\">\r\n\r\n<g fill=\"#5E6D77\">\r\n    <path d=\"M12,23.25C5.797,23.25,0.75,18.203,0.75,12C0.75,5.797,5.797,0.75,12,0.75c6.203,0,11.25,5.047,11.25,11.25\r\n        C23.25,18.203,18.203,23.25,12,23.25z M12,2.25c-5.376,0-9.75,4.374-9.75,9.75s4.374,9.75,9.75,9.75s9.75-4.374,9.75-9.75\r\n        S17.376,2.25,12,2.25z\"\/>\r\n    <path d=\"M15.75,16.5c-0.2,0-0.389-0.078-0.53-0.22l-2.25-2.25c-0.302,0.145-0.632,0.22-0.969,0.22c-1.241,0-2.25-1.009-2.25-2.25\r\n        c0-0.96,0.615-1.808,1.5-2.121V5.25c0-0.414,0.336-0.75,0.75-0.75s0.75,0.336,0.75,0.75v4.629c0.885,0.314,1.5,1.162,1.5,2.121\r\n        c0,0.338-0.075,0.668-0.22,0.969l2.25,2.25c0.292,0.292,0.292,0.768,0,1.061C16.139,16.422,15.95,16.5,15.75,16.5z M12,11.25\r\n        c-0.414,0-0.75,0.336-0.75,0.75s0.336,0.75,0.75,0.75s0.75-0.336,0.75-0.75S12.414,11.25,12,11.25z\"\/>\r\n<\/g>\r\n<\/svg><\/i>                                5 Days 4 Nighs                            <\/div>\r\n                            \r\n                        <div class=\"price-wrapper d-none d-sm-block d-md-block d-lg-block service-type\">\r\n                            <i class=\"input-icon st-border-radius field-icon fa\"><svg width=\"17px\" height=\"17px\" viewBox=\"0 0 34 34\" version=\"1.1\" xmlns=\"http:\/\/www.w3.org\/2000\/svg\" xmlns:xlink=\"http:\/\/www.w3.org\/1999\/xlink\">\r\n    <!-- Generator: Sketch 49 (51002) - http:\/\/www.bohemiancoding.com\/sketch -->\r\n    \r\n    <defs><\/defs>\r\n    <g id=\"Page-1\" stroke=\"none\" stroke-width=\"1\" fill=\"none\" fill-rule=\"evenodd\" stroke-linecap=\"round\" stroke-linejoin=\"round\">\r\n        <g id=\"Tour_Detail_1\" transform=\"translate(-335.000000, -1005.000000)\" stroke=\"#000000\">\r\n            <g id=\"tour-detail\" transform=\"translate(0.000000, 211.000000)\">\r\n                <g id=\"feauture\" transform=\"translate(135.000000, 765.000000)\">\r\n                    <g transform=\"translate(201.000000, 25.000000)\">\r\n                        <g id=\"ico_tour_type\" transform=\"translate(0.000000, 5.000000)\">\r\n                            <path d=\"M13.4810667,23.7283556 C13.7772954,25.6164963 13.043711,27.5192464 11.5566476,28.7198584 C10.0695841,29.9204704 8.05496197,30.2365427 6.27166976,29.549014 C4.48837756,28.8614852 3.20733983,27.2748074 2.91111111,25.3866667 L2.74613333,24.3299556 C2.65661545,23.7692095 2.79434998,23.1959129 3.12883306,22.7370331 C3.46331614,22.2781533 3.96694361,21.9715605 4.52817778,21.8851556 L10.8712889,20.8896 C11.432035,20.8000821 12.0053315,20.9378166 12.4642113,21.2722997 C12.9230912,21.6067828 13.2296839,22.1104103 13.3160889,22.6716444 L13.4810667,23.7283556 Z\"><\/path>\r\n                            <path d=\"M5.11555556,0.1408 C1.71134814,0.982901045 -0.457506858,4.31950538 0.154844444,7.77244444 L1.41777778,15.8691556 C1.60071,17.0365699 2.69505968,17.8348913 3.86257778,17.6526222 L10.2042667,16.6570667 C10.7657612,16.571 11.2697435,16.2645497 11.6045222,15.8056305 C11.9393009,15.3467113 12.0772269,14.7732252 11.9877333,14.2122667 L11.9592889,14.0088889 C11.7659953,12.7663569 11.9436025,11.4944126 12.4698667,10.3523556 C12.9981751,9.20988894 13.1758566,7.93642212 12.9804444,6.69297778 L12.7827556,5.4272 C12.5097684,3.68767687 11.5342848,2.1366314 10.0846439,1.13712946 C8.63500309,0.137627517 6.8384634,-0.222588541 5.11555556,0.1408 Z\"><\/path>\r\n                            <path d=\"M18.2583111,25.6995556 C17.8428835,28.5534868 19.7641913,31.223136 22.6023163,31.7355326 C25.4404413,32.2479292 28.1739846,30.4186694 28.7827556,27.5996444 L28.9719111,26.5457778 C29.1807578,25.3831626 28.4089448,24.2709374 27.2467556,24.0597333 L20.9292444,22.9219556 C20.3703881,22.8193233 19.7936791,22.9438755 19.3269888,23.2679956 C18.8602984,23.5921158 18.5421913,24.0890206 18.4432,24.6485333 L18.2583111,25.6995556 Z\"><\/path>\r\n                            <path d=\"M27.1770667,2.31253333 C30.5568647,3.23734789 32.6432678,6.62146013 31.9514667,10.0565333 L30.4965333,18.1233778 C30.3971763,18.68204 30.079348,19.1781018 29.6133417,19.5018508 C29.1473353,19.8255998 28.5715511,19.9503581 28.0133333,19.8485333 L21.6958222,18.7107556 C21.1363095,18.6117642 20.6394047,18.2936571 20.3152845,17.8269668 C19.9911643,17.3602764 19.8666122,16.7835675 19.9692444,16.2247111 L20.0062222,16.0170667 C20.2290597,14.7795819 20.0806008,13.5038248 19.5795556,12.3505778 C19.0784767,11.1968384 18.9300215,9.92061854 19.1528889,8.68266667 L19.3804444,7.42257778 C19.6924113,5.68717624 20.7045511,4.15653375 22.1792495,3.18999024 C23.6539479,2.22344673 25.4613226,1.90612953 27.1770667,2.31253333 Z\"><\/path>\r\n                        <\/g>\r\n                    <\/g>\r\n                <\/g>\r\n            <\/g>\r\n        <\/g>\r\n    <\/g>\r\n<\/svg><\/i>\u015eehir Turu                        <\/div>\r\n                    <\/div>\r\n\r\n                    <div class=\"st-list-footer w-100\">\r\n                        <div class=\"price-wrapper w-100 service-type d-sm-block d-md-block d-lg-block\">\r\n                            <span class=\"price-tour\">\r\n                                <span class=\"price d-inline-block\"><span class=\"sale-top\"><span class=\"text-lg lh1em item \"> $0,00<\/span><\/span><\/span>\r\n                            <\/span>\r\n                        <\/div>\r\n                        <div class=\"service-type type-btn-view-more\">\r\n                            <a href=\"https:\/\/yemeni-dreams.com\/tr\/st_tour\/yarimadanin-incisi-sokotra\/\" class=\"view-detail w-100\">View details<\/a>\r\n                        <\/div>\r\n\r\n                                            <\/div>\r\n\r\n                <\/div>\r\n\r\n            <\/div>\r\n        <\/div>\r\n\r\n    <\/div>\r\n<\/div>\r\n<\/div><\/div>    <\/div>\r\n\t\t\t\t<\/div>\n\t\t\t\t<\/div>\n\t\t\t\t\t<\/div>\n\t\t\t\t<\/div>\n\t\t<div class=\"elementor-element elementor-element-3d55ddd e-flex e-con-boxed e-con e-parent\" data-id=\"3d55ddd\" data-element_type=\"container\" data-e-type=\"container\" data-settings=\"{&quot;background_background&quot;:&quot;classic&quot;}\">\n\t\t\t\t\t<div class=\"e-con-inner\">\n\t\t\t\t<div class=\"elementor-element elementor-element-86f9bea elementor-widget elementor-widget-heading\" data-id=\"86f9bea\" data-element_type=\"widget\" data-e-type=\"widget\" data-widget_type=\"heading.default\">\n\t\t\t\t\t<h2 class=\"elementor-heading-title elementor-size-default\">Di\u011fer Tur T\u00fcrleri<\/h2>\t\t\t\t<\/div>\n\t\t<div class=\"elementor-element elementor-element-ce78023 e-con-full e-flex e-con e-child\" data-id=\"ce78023\" data-element_type=\"container\" data-e-type=\"container\">\n\t\t\t\t<div class=\"elementor-element elementor-element-84f2f4e elementor-widget elementor-widget-image\" data-id=\"84f2f4e\" data-element_type=\"widget\" data-e-type=\"widget\" data-widget_type=\"image.default\">\n\t\t\t\t\t\t\t\t\t\t\t\t\t\t\t<img decoding=\"async\" src=\"http:\/\/yemeni-dreams.com\/wp-content\/uploads\/2025\/07\/DSC0248-scaled.jpg\" title=\"\" alt=\"\" loading=\"lazy\" \/>\t\t\t\t\t\t\t\t\t\t\t\t\t\t\t<\/div>\n\t\t\t\t<div class=\"elementor-element elementor-element-77a940f elementor-widget elementor-widget-image\" data-id=\"77a940f\" data-element_type=\"widget\" data-e-type=\"widget\" data-widget_type=\"image.default\">\n\t\t\t\t\t\t\t\t\t\t\t\t\t\t\t<img decoding=\"async\" src=\"http:\/\/yemeni-dreams.com\/wp-content\/uploads\/2025\/07\/Store84.jpg\" title=\"\" alt=\"\" loading=\"lazy\" \/>\t\t\t\t\t\t\t\t\t\t\t\t\t\t\t<\/div>\n\t\t\t\t<div class=\"elementor-element elementor-element-7c3630d elementor-widget elementor-widget-image\" data-id=\"7c3630d\" data-element_type=\"widget\" data-e-type=\"widget\" data-widget_type=\"image.default\">\n\t\t\t\t\t\t\t\t\t\t\t\t\t\t\t<img decoding=\"async\" src=\"http:\/\/yemeni-dreams.com\/wp-content\/uploads\/2025\/07\/DSC_0168.jpg\" title=\"\" alt=\"\" loading=\"lazy\" \/>\t\t\t\t\t\t\t\t\t\t\t\t\t\t\t<\/div>\n\t\t\t\t<\/div>\n\t\t<div class=\"elementor-element elementor-element-8447ecc e-con-full e-flex e-con e-child\" data-id=\"8447ecc\" data-element_type=\"container\" data-e-type=\"container\">\n\t\t\t\t<div class=\"elementor-element elementor-element-a951339 elementor-widget elementor-widget-heading\" data-id=\"a951339\" data-element_type=\"widget\" data-e-type=\"widget\" data-widget_type=\"heading.default\">\n\t\t\t\t\t<h2 class=\"elementor-heading-title elementor-size-default\">\u00c7\u00f6l R\u00fcyalar\u0131 Deneyimi<\/h2>\t\t\t\t<\/div>\n\t\t\t\t<div class=\"elementor-element elementor-element-f3ea012 elementor-widget elementor-widget-heading\" data-id=\"f3ea012\" data-element_type=\"widget\" data-e-type=\"widget\" data-widget_type=\"heading.default\">\n\t\t\t\t\t<h2 class=\"elementor-heading-title elementor-size-default\">T\u00fcpl\u00fc Dal\u0131\u015f Maceras\u0131<\/h2>\t\t\t\t<\/div>\n\t\t\t\t<div class=\"elementor-element elementor-element-fae445a elementor-widget elementor-widget-heading\" data-id=\"fae445a\" data-element_type=\"widget\" data-e-type=\"widget\" data-widget_type=\"heading.default\">\n\t\t\t\t\t<h2 class=\"elementor-heading-title elementor-size-default\">Shibam Kawkaban<\/h2>\t\t\t\t<\/div>\n\t\t\t\t<\/div>\n\t\t\t\t\t<\/div>\n\t\t\t\t<\/div>\n\t\t\t\t<\/div>\n\t\t","protected":false},"excerpt":{"rendered":"<p>\u015eehir Turu D\u00fcnyan\u0131n en eski yerle\u015fim yerlerinden biri olan Sana&#8217;a&#8217;n\u0131n b\u00fcy\u00fcs\u00fcn\u00fc ke\u015ffedin. Bu rehberli tur, sizi kadim tarihin zengin k\u00fclt\u00fcr ve nefes kesici mimariyle bulu\u015ftu\u011fu Yemen&#8217;in ba\u015fkentinin kalbine g\u00f6t\u00fcr\u00fcyor. T\u00fcm \u015eehir Turlar\u0131n\u0131 G\u00f6r\u00fcn En \u0130yi \u015eehir Turu PEARL OF PENINSULA (Socotra) 0 (3 Reviews) This 5-day adventure introduces you to the raw, untouched beauty of [&hellip;]<\/p>\n","protected":false},"author":2,"featured_media":0,"parent":0,"menu_order":0,"comment_status":"closed","ping_status":"closed","template":"elementor_header_footer","meta":{"footnotes":""},"class_list":["post-7263","page","type-page","status-publish","has-post-thumbnail","hentry"],"_links":{"self":[{"href":"https:\/\/yemeni-dreams.com\/tr\/wp-json\/wp\/v2\/pages\/7263","targetHints":{"allow":["GET"]}}],"collection":[{"href":"https:\/\/yemeni-dreams.com\/tr\/wp-json\/wp\/v2\/pages"}],"about":[{"href":"https:\/\/yemeni-dreams.com\/tr\/wp-json\/wp\/v2\/types\/page"}],"author":[{"embeddable":true,"href":"https:\/\/yemeni-dreams.com\/tr\/wp-json\/wp\/v2\/users\/2"}],"replies":[{"embeddable":true,"href":"https:\/\/yemeni-dreams.com\/tr\/wp-json\/wp\/v2\/comments?post=7263"}],"version-history":[{"count":0,"href":"https:\/\/yemeni-dreams.com\/tr\/wp-json\/wp\/v2\/pages\/7263\/revisions"}],"wp:attachment":[{"href":"https:\/\/yemeni-dreams.com\/tr\/wp-json\/wp\/v2\/media?parent=7263"}],"curies":[{"name":"wp","href":"https:\/\/api.w.org\/{rel}","templated":true}]}}