{"id":7539,"date":"2025-08-03T20:45:58","date_gmt":"2025-08-03T20:45:58","guid":{"rendered":"https:\/\/yemeni-dreams.com\/hizmetlerimiz\/"},"modified":"2025-11-24T17:43:05","modified_gmt":"2025-11-24T17:43:05","slug":"hizmetlerimiz","status":"publish","type":"page","link":"https:\/\/yemeni-dreams.com\/tr\/hizmetlerimiz\/","title":{"rendered":"Hizmetlerimiz"},"content":{"rendered":"\t\t<div data-elementor-type=\"wp-page\" data-elementor-id=\"7539\" class=\"elementor elementor-7539 elementor-1899\">\n\t\t\t\t<div class=\"elementor-element elementor-element-4eac47e e-flex e-con-boxed e-con e-parent\" data-id=\"4eac47e\" data-element_type=\"container\" data-e-type=\"container\">\n\t\t\t\t\t<div class=\"e-con-inner\">\n\t\t\t\t<div class=\"elementor-element elementor-element-62ed1e0 elementor-widget elementor-widget-heading\" data-id=\"62ed1e0\" data-element_type=\"widget\" data-e-type=\"widget\" data-widget_type=\"heading.default\">\n\t\t\t\t\t<h2 class=\"elementor-heading-title elementor-size-default\">Hizmetlerimiz<\/h2>\t\t\t\t<\/div>\n\t\t\t\t\t<\/div>\n\t\t\t\t<\/div>\n\t\t<div class=\"elementor-element elementor-element-2f8c57b4 animated-slow e-flex e-con-boxed elementor-invisible e-con e-parent\" data-id=\"2f8c57b4\" data-element_type=\"container\" data-e-type=\"container\" data-settings=\"{&quot;background_background&quot;:&quot;classic&quot;,&quot;animation&quot;:&quot;fadeIn&quot;}\">\n\t\t\t\t\t<div class=\"e-con-inner\">\n\t\t\t\t<div class=\"elementor-element elementor-element-c3d8d96 elementor-invisible elementor-widget elementor-widget-image\" data-id=\"c3d8d96\" data-element_type=\"widget\" data-e-type=\"widget\" data-settings=\"{&quot;_animation&quot;:&quot;zoomIn&quot;}\" data-widget_type=\"image.default\">\n\t\t\t\t\t\t\t\t\t\t\t\t\t\t\t<img decoding=\"async\" width=\"80\" height=\"80\" src=\"http:\/\/yemeni-dreams.com\/wp-content\/uploads\/2025\/07\/WhatsApp-Image-2025-07-10-at-5.58.32-PM-modified-1.png\" class=\"attachment-full size-full wp-image-7213\" alt=\"\" srcset=\"http:\/\/yemeni-dreams.com\/wp-content\/uploads\/2025\/07\/WhatsApp-Image-2025-07-10-at-5.58.32-PM-modified-1.png 80w, http:\/\/yemeni-dreams.com\/wp-content\/uploads\/2025\/07\/WhatsApp-Image-2025-07-10-at-5.58.32-PM-modified-1-768x768.png 768w, http:\/\/yemeni-dreams.com\/wp-content\/uploads\/2025\/07\/WhatsApp-Image-2025-07-10-at-5.58.32-PM-modified-1-1536x1536.png 1536w, http:\/\/yemeni-dreams.com\/wp-content\/uploads\/2025\/07\/WhatsApp-Image-2025-07-10-at-5.58.32-PM-modified-1-2048x2048.png 2048w, http:\/\/yemeni-dreams.com\/wp-content\/uploads\/2025\/07\/WhatsApp-Image-2025-07-10-at-5.58.32-PM-modified-1-300x300.png 300w, http:\/\/yemeni-dreams.com\/wp-content\/uploads\/2025\/07\/WhatsApp-Image-2025-07-10-at-5.58.32-PM-modified-1-600x600.png 600w, http:\/\/yemeni-dreams.com\/wp-content\/uploads\/2025\/07\/WhatsApp-Image-2025-07-10-at-5.58.32-PM-modified-1-100x100.png 100w, http:\/\/yemeni-dreams.com\/wp-content\/uploads\/2025\/07\/WhatsApp-Image-2025-07-10-at-5.58.32-PM-modified-1-60x60.png 60w\" sizes=\"(max-width: 80px) 100vw, 80px\" \/>\t\t\t\t\t\t\t\t\t\t\t\t\t\t\t<\/div>\n\t\t<div class=\"elementor-element elementor-element-6eba3fa5 e-flex e-con-boxed e-con e-child\" data-id=\"6eba3fa5\" data-element_type=\"container\" data-e-type=\"container\">\n\t\t\t\t\t<div class=\"e-con-inner\">\n\t\t<div class=\"elementor-element elementor-element-78f7b087 animated-slow e-flex e-con-boxed elementor-invisible e-con e-child\" data-id=\"78f7b087\" data-element_type=\"container\" data-e-type=\"container\" data-settings=\"{&quot;background_background&quot;:&quot;classic&quot;,&quot;animation&quot;:&quot;fadeIn&quot;,&quot;animation_delay&quot;:700}\">\n\t\t\t\t\t<div class=\"e-con-inner\">\n\t\t\t\t<div class=\"elementor-element elementor-element-43c062b7 elementor-widget elementor-widget-heading\" data-id=\"43c062b7\" data-element_type=\"widget\" data-e-type=\"widget\" data-widget_type=\"heading.default\">\n\t\t\t\t\t<h3 class=\"elementor-heading-title elementor-size-default\">Yemeni Dreams, hem Yemen vatanda\u015flar\u0131na hem de Yemen'i ziyaret edenlere tam entegre seyahat hizmetleri sunmaktad\u0131r. Bireysel ve kalabal\u0131k gruplar i\u00e7in seyahat planlama ve y\u00f6nlendirme konusunda yard\u0131mc\u0131 olabiliriz. <\/h3>\t\t\t\t<\/div>\n\t\t\t\t\t<\/div>\n\t\t\t\t<\/div>\n\t\t<div class=\"elementor-element elementor-element-50b16536 animated-slow e-flex e-con-boxed elementor-invisible e-con e-child\" data-id=\"50b16536\" data-element_type=\"container\" data-e-type=\"container\" data-settings=\"{&quot;background_background&quot;:&quot;classic&quot;,&quot;animation&quot;:&quot;fadeIn&quot;,&quot;animation_delay&quot;:800}\">\n\t\t\t\t\t<div class=\"e-con-inner\">\n\t\t\t\t<div class=\"elementor-element elementor-element-fc5df50 elementor-widget elementor-widget-heading\" data-id=\"fc5df50\" data-element_type=\"widget\" data-e-type=\"widget\" data-widget_type=\"heading.default\">\n\t\t\t\t\t<h3 class=\"elementor-heading-title elementor-size-default\">M\u00fc\u015fterilerimize Yemen gelenek ve g\u00f6reneklerini, geleneksel ya\u015fam tarz\u0131n\u0131 deneyimleme f\u0131rsat\u0131 sunuyoruz.<\/h3>\t\t\t\t<\/div>\n\t\t\t\t\t<\/div>\n\t\t\t\t<\/div>\n\t\t\t\t\t<\/div>\n\t\t\t\t<\/div>\n\t\t\t\t\t<\/div>\n\t\t\t\t<\/div>\n\t\t<div class=\"elementor-element elementor-element-7f389d5e e-flex e-con-boxed e-con e-parent\" data-id=\"7f389d5e\" data-element_type=\"container\" data-e-type=\"container\">\n\t\t\t\t\t<div class=\"e-con-inner\">\n\t\t<div class=\"elementor-element elementor-element-4a9e1cb4 e-con-full e-flex e-con e-child\" data-id=\"4a9e1cb4\" data-element_type=\"container\" data-e-type=\"container\">\n\t\t\t\t<div class=\"elementor-element elementor-element-1d931026 elementor-view-default elementor-position-top elementor-mobile-position-top elementor-vertical-align-top elementor-widget elementor-widget-icon-box\" data-id=\"1d931026\" data-element_type=\"widget\" data-e-type=\"widget\" data-widget_type=\"icon-box.default\">\n\t\t\t\t<div class=\"elementor-widget-container\">\n\t\t\t\t\t            <div class=\"elementor-icon-box-wrapper \">\r\n                                                        <div class=\"elementor-icon-box-icon\">\r\n                        <a class=\"elementor-icon elementor-animation-\" href=\"https:\/\/yemeni-dreams.com\/tour\/\">\r\n                        <svg aria-hidden=\"true\" class=\"e-font-icon-svg e-fas-suitcase\" viewBox=\"0 0 512 512\" xmlns=\"http:\/\/www.w3.org\/2000\/svg\"><path d=\"M128 480h256V80c0-26.5-21.5-48-48-48H176c-26.5 0-48 21.5-48 48v400zm64-384h128v32H192V96zm320 80v256c0 26.5-21.5 48-48 48h-48V128h48c26.5 0 48 21.5 48 48zM96 480H48c-26.5 0-48-21.5-48-48V176c0-26.5 21.5-48 48-48h48v352z\"><\/path><\/svg>                        <\/a>\r\n                    <\/div>\r\n                                                    <div class=\"elementor-icon-box-content\">\r\n\t\t\t\t\t                    <h2 class=\"elementor-icon-box-title \">\r\n                        <a href=\"https:\/\/yemeni-dreams.com\/tour\/\"  style=\"display:block;\">\r\n\r\n                         Tur Paketi                        <\/a>\r\n                    <\/h2>\r\n\r\n                                    <\/div>\r\n            <\/div>\r\n            \t\t\t\t<\/div>\n\t\t\t\t<\/div>\n\t\t\t\t<\/div>\n\t\t<div class=\"elementor-element elementor-element-121ba98c e-con-full e-flex e-con e-child\" data-id=\"121ba98c\" data-element_type=\"container\" data-e-type=\"container\">\n\t\t\t\t<div class=\"elementor-element elementor-element-3249171d elementor-view-stacked elementor-shape-circle elementor-position-top elementor-mobile-position-top elementor-vertical-align-top elementor-widget elementor-widget-icon-box\" data-id=\"3249171d\" data-element_type=\"widget\" data-e-type=\"widget\" data-widget_type=\"icon-box.default\">\n\t\t\t\t<div class=\"elementor-widget-container\">\n\t\t\t\t\t            <div class=\"elementor-icon-box-wrapper \">\r\n                                                        <div class=\"elementor-icon-box-icon\">\r\n                        <a class=\"elementor-icon elementor-animation-\" href=\"https:\/\/yemeni-dreams.com\/car-reservation\/\">\r\n                        <svg aria-hidden=\"true\" class=\"e-font-icon-svg e-fas-car\" viewBox=\"0 0 512 512\" xmlns=\"http:\/\/www.w3.org\/2000\/svg\"><path d=\"M499.99 176h-59.87l-16.64-41.6C406.38 91.63 365.57 64 319.5 64h-127c-46.06 0-86.88 27.63-103.99 70.4L71.87 176H12.01C4.2 176-1.53 183.34.37 190.91l6 24C7.7 220.25 12.5 224 18.01 224h20.07C24.65 235.73 16 252.78 16 272v48c0 16.12 6.16 30.67 16 41.93V416c0 17.67 14.33 32 32 32h32c17.67 0 32-14.33 32-32v-32h256v32c0 17.67 14.33 32 32 32h32c17.67 0 32-14.33 32-32v-54.07c9.84-11.25 16-25.8 16-41.93v-48c0-19.22-8.65-36.27-22.07-48H494c5.51 0 10.31-3.75 11.64-9.09l6-24c1.89-7.57-3.84-14.91-11.65-14.91zm-352.06-17.83c7.29-18.22 24.94-30.17 44.57-30.17h127c19.63 0 37.28 11.95 44.57 30.17L384 208H128l19.93-49.83zM96 319.8c-19.2 0-32-12.76-32-31.9S76.8 256 96 256s48 28.71 48 47.85-28.8 15.95-48 15.95zm320 0c-19.2 0-48 3.19-48-15.95S396.8 256 416 256s32 12.76 32 31.9-12.8 31.9-32 31.9z\"><\/path><\/svg>                        <\/a>\r\n                    <\/div>\r\n                                                    <div class=\"elementor-icon-box-content\">\r\n\t\t\t\t\t                    <h3 class=\"elementor-icon-box-title \">\r\n                        <a href=\"https:\/\/yemeni-dreams.com\/car-reservation\/\"  style=\"display:block;\">\r\n\r\n                         Araba Kiralama                        <\/a>\r\n                    <\/h3>\r\n\r\n                                    <\/div>\r\n            <\/div>\r\n            \t\t\t\t<\/div>\n\t\t\t\t<\/div>\n\t\t\t\t<\/div>\n\t\t\t\t\t<\/div>\n\t\t\t\t<\/div>\n\t\t<div class=\"elementor-element elementor-element-183d3840 e-flex e-con-boxed e-con e-parent\" data-id=\"183d3840\" data-element_type=\"container\" data-e-type=\"container\" data-settings=\"{&quot;background_background&quot;:&quot;classic&quot;}\">\n\t\t\t\t\t<div class=\"e-con-inner\">\n\t\t<div class=\"elementor-element elementor-element-7d382918 e-con-full e-flex e-con e-child\" data-id=\"7d382918\" data-element_type=\"container\" data-e-type=\"container\">\n\t\t\t\t<div class=\"elementor-element elementor-element-1ceba182 st-overflow-hidden st-border-radius-8 animated-slow elementor-invisible elementor-widget elementor-widget-image\" data-id=\"1ceba182\" data-element_type=\"widget\" data-e-type=\"widget\" data-settings=\"{&quot;_animation&quot;:&quot;fadeIn&quot;}\" data-widget_type=\"image.default\">\n\t\t\t\t\t\t\t\t\t\t\t\t\t\t\t<img fetchpriority=\"high\" decoding=\"async\" width=\"603\" height=\"400\" src=\"http:\/\/yemeni-dreams.com\/wp-content\/uploads\/2025\/08\/our-serivec.jpg\" class=\"elementor-animation-grow attachment-full size-full wp-image-7216\" alt=\"\" srcset=\"http:\/\/yemeni-dreams.com\/wp-content\/uploads\/2025\/08\/our-serivec.jpg 603w, http:\/\/yemeni-dreams.com\/wp-content\/uploads\/2025\/08\/our-serivec-768x509.jpg 768w, http:\/\/yemeni-dreams.com\/wp-content\/uploads\/2025\/08\/our-serivec-18x12.jpg 18w\" sizes=\"(max-width: 603px) 100vw, 603px\" \/>\t\t\t\t\t\t\t\t\t\t\t\t\t\t\t<\/div>\n\t\t\t\t<\/div>\n\t\t<div class=\"elementor-element elementor-element-7d257f68 e-con-full e-flex e-con e-child\" data-id=\"7d257f68\" data-element_type=\"container\" data-e-type=\"container\">\n\t\t\t\t<div class=\"elementor-element elementor-element-371ca573 animated-slow elementor-invisible elementor-widget elementor-widget-heading\" data-id=\"371ca573\" data-element_type=\"widget\" data-e-type=\"widget\" data-settings=\"{&quot;_animation&quot;:&quot;fadeIn&quot;,&quot;_animation_delay&quot;:100}\" data-widget_type=\"heading.default\">\n\t\t\t\t\t<h2 class=\"elementor-heading-title elementor-size-default\">Uzman bilgimiz ve ki\u015fiselle\u015ftirilmi\u015f hizmetimiz sizin i\u00e7in daha ilgin\u00e7 ve macera dolu bir tatil yaratacakt\u0131r. \n<\/h2>\t\t\t\t<\/div>\n\t\t\t\t<\/div>\n\t\t\t\t\t<\/div>\n\t\t\t\t<\/div>\n\t\t<div class=\"elementor-element elementor-element-30bc653 e-con-full e-flex e-con e-parent\" data-id=\"30bc653\" data-element_type=\"container\" data-e-type=\"container\" data-settings=\"{&quot;background_background&quot;:&quot;classic&quot;}\">\n\t\t<div class=\"elementor-element elementor-element-7e0e28e e-con-full e-flex e-con e-child\" data-id=\"7e0e28e\" data-element_type=\"container\" data-e-type=\"container\">\n\t\t\t\t<div class=\"elementor-element elementor-element-beb11f3 animated-slow elementor-invisible elementor-widget elementor-widget-heading\" data-id=\"beb11f3\" data-element_type=\"widget\" data-e-type=\"widget\" data-settings=\"{&quot;_animation&quot;:&quot;fadeIn&quot;,&quot;_animation_delay&quot;:100}\" data-widget_type=\"heading.default\">\n\t\t\t\t\t<h2 class=\"elementor-heading-title elementor-size-default\">Nazik hizmetimiz rezervasyonunuzla sona ermeyecek, konaklaman\u0131z boyunca devam edecektir. \n<\/h2>\t\t\t\t<\/div>\n\t\t\t\t<\/div>\n\t\t<div class=\"elementor-element elementor-element-5585a6a e-con-full e-flex e-con e-child\" data-id=\"5585a6a\" data-element_type=\"container\" data-e-type=\"container\">\n\t\t\t\t<div class=\"elementor-element elementor-element-580ab87 st-overflow-hidden st-border-radius-8 animated-slow elementor-invisible elementor-widget elementor-widget-image\" data-id=\"580ab87\" data-element_type=\"widget\" data-e-type=\"widget\" data-settings=\"{&quot;_animation&quot;:&quot;fadeIn&quot;}\" data-widget_type=\"image.default\">\n\t\t\t\t\t\t\t\t\t\t\t\t\t\t\t<img decoding=\"async\" width=\"800\" height=\"531\" src=\"http:\/\/yemeni-dreams.com\/wp-content\/uploads\/2025\/07\/DSC9786.jpg\" class=\"elementor-animation-grow attachment-full size-full wp-image-7217\" alt=\"\" srcset=\"http:\/\/yemeni-dreams.com\/wp-content\/uploads\/2025\/07\/DSC9786.jpg 800w, http:\/\/yemeni-dreams.com\/wp-content\/uploads\/2025\/07\/DSC9786-768x509.jpg 768w, http:\/\/yemeni-dreams.com\/wp-content\/uploads\/2025\/07\/DSC9786-600x398.jpg 600w\" sizes=\"(max-width: 800px) 100vw, 800px\" \/>\t\t\t\t\t\t\t\t\t\t\t\t\t\t\t<\/div>\n\t\t\t\t<\/div>\n\t\t\t\t<\/div>\n\t\t<div class=\"elementor-element elementor-element-631a796 e-con-full e-flex e-con e-parent\" data-id=\"631a796\" data-element_type=\"container\" data-e-type=\"container\" data-settings=\"{&quot;background_background&quot;:&quot;classic&quot;}\">\n\t\t<div class=\"elementor-element elementor-element-43b34e6 e-con-full e-flex e-con e-child\" data-id=\"43b34e6\" data-element_type=\"container\" data-e-type=\"container\">\n\t\t\t\t<div class=\"elementor-element elementor-element-6da4935 st-overflow-hidden st-border-radius-8 animated-slow elementor-invisible elementor-widget elementor-widget-image\" data-id=\"6da4935\" data-element_type=\"widget\" data-e-type=\"widget\" data-settings=\"{&quot;_animation&quot;:&quot;fadeIn&quot;}\" data-widget_type=\"image.default\">\n\t\t\t\t\t\t\t\t\t\t\t\t\t\t\t<img loading=\"lazy\" decoding=\"async\" width=\"600\" height=\"398\" src=\"http:\/\/yemeni-dreams.com\/wp-content\/uploads\/2025\/07\/Had17.jpg\" class=\"elementor-animation-grow attachment-full size-full wp-image-7218\" alt=\"\" srcset=\"http:\/\/yemeni-dreams.com\/wp-content\/uploads\/2025\/07\/Had17.jpg 600w, http:\/\/yemeni-dreams.com\/wp-content\/uploads\/2025\/07\/Had17-768x509.jpg 768w\" sizes=\"(max-width: 600px) 100vw, 600px\" \/>\t\t\t\t\t\t\t\t\t\t\t\t\t\t\t<\/div>\n\t\t\t\t<\/div>\n\t\t<div class=\"elementor-element elementor-element-f2dd74a e-con-full e-flex e-con e-child\" data-id=\"f2dd74a\" data-element_type=\"container\" data-e-type=\"container\">\n\t\t\t\t<div class=\"elementor-element elementor-element-80ec6c2 animated-slow elementor-invisible elementor-widget elementor-widget-heading\" data-id=\"80ec6c2\" data-element_type=\"widget\" data-e-type=\"widget\" data-settings=\"{&quot;_animation&quot;:&quot;fadeIn&quot;,&quot;_animation_delay&quot;:100}\" data-widget_type=\"heading.default\">\n\t\t\t\t\t<h2 class=\"elementor-heading-title elementor-size-default\">G\u00fcvenli ve keyifli bir macera seyahati i\u00e7in en \u00f6nemli husus titiz bir haz\u0131rl\u0131kt\u0131r. Bu konuda, Yemeni Dreams Services'\u0131n \u00f6zverisine kimse rakip olamaz.  \n<\/h2>\t\t\t\t<\/div>\n\t\t\t\t<\/div>\n\t\t\t\t<\/div>\n\t\t<div class=\"elementor-element elementor-element-35821f3 e-con-full e-flex e-con e-parent\" data-id=\"35821f3\" data-element_type=\"container\" data-e-type=\"container\" data-settings=\"{&quot;background_background&quot;:&quot;classic&quot;}\">\n\t\t<div class=\"elementor-element elementor-element-45f2ab1 e-con-full e-flex e-con e-child\" data-id=\"45f2ab1\" data-element_type=\"container\" data-e-type=\"container\">\n\t\t\t\t<div class=\"elementor-element elementor-element-bf879b2 animated-slow elementor-invisible elementor-widget elementor-widget-heading\" data-id=\"bf879b2\" data-element_type=\"widget\" data-e-type=\"widget\" data-settings=\"{&quot;_animation&quot;:&quot;fadeIn&quot;,&quot;_animation_delay&quot;:100}\" data-widget_type=\"heading.default\">\n\t\t\t\t\t<h2 class=\"elementor-heading-title elementor-size-default\">Deneyimli rehberlerimiz, hamallar\u0131m\u0131z ve a\u015f\u00e7\u0131lar\u0131m\u0131z, seyahat d\u00fczenlemelerine, iyi ve sa\u011fl\u0131kl\u0131 yiyeceklerin haz\u0131rlanmas\u0131na ve s\u0131k\u0131 hijyen kurallar\u0131na b\u00fcy\u00fck \u00f6zen g\u00f6stermektedir.\n<\/h2>\t\t\t\t<\/div>\n\t\t\t\t<\/div>\n\t\t<div class=\"elementor-element elementor-element-a008da8 e-con-full e-flex e-con e-child\" data-id=\"a008da8\" data-element_type=\"container\" data-e-type=\"container\">\n\t\t\t\t<div class=\"elementor-element elementor-element-6aa57ff st-overflow-hidden st-border-radius-8 animated-slow elementor-invisible elementor-widget elementor-widget-image\" data-id=\"6aa57ff\" data-element_type=\"widget\" data-e-type=\"widget\" data-settings=\"{&quot;_animation&quot;:&quot;fadeIn&quot;}\" data-widget_type=\"image.default\">\n\t\t\t\t\t\t\t\t\t\t\t\t\t\t\t<img loading=\"lazy\" decoding=\"async\" width=\"600\" height=\"398\" src=\"http:\/\/yemeni-dreams.com\/wp-content\/uploads\/2025\/07\/Had20.jpg\" class=\"elementor-animation-grow attachment-full size-full wp-image-7219\" alt=\"\" srcset=\"http:\/\/yemeni-dreams.com\/wp-content\/uploads\/2025\/07\/Had20.jpg 600w, http:\/\/yemeni-dreams.com\/wp-content\/uploads\/2025\/07\/Had20-768x509.jpg 768w\" sizes=\"(max-width: 600px) 100vw, 600px\" \/>\t\t\t\t\t\t\t\t\t\t\t\t\t\t\t<\/div>\n\t\t\t\t<\/div>\n\t\t\t\t<\/div>\n\t\t<div class=\"elementor-element elementor-element-31f7e9f e-con-full e-flex e-con e-parent\" data-id=\"31f7e9f\" data-element_type=\"container\" data-e-type=\"container\" data-settings=\"{&quot;background_background&quot;:&quot;classic&quot;}\">\n\t\t<div class=\"elementor-element elementor-element-99edf1c e-con-full e-flex e-con e-child\" data-id=\"99edf1c\" data-element_type=\"container\" data-e-type=\"container\">\n\t\t\t\t<div class=\"elementor-element elementor-element-8d285a4 st-overflow-hidden st-border-radius-8 animated-slow elementor-invisible elementor-widget elementor-widget-image\" data-id=\"8d285a4\" data-element_type=\"widget\" data-e-type=\"widget\" data-settings=\"{&quot;_animation&quot;:&quot;fadeIn&quot;}\" data-widget_type=\"image.default\">\n\t\t\t\t\t\t\t\t\t\t\t\t\t\t\t<img loading=\"lazy\" decoding=\"async\" width=\"600\" height=\"398\" src=\"http:\/\/yemeni-dreams.com\/wp-content\/uploads\/2025\/07\/Had28.jpg\" class=\"elementor-animation-grow attachment-full size-full wp-image-7220\" alt=\"\" srcset=\"http:\/\/yemeni-dreams.com\/wp-content\/uploads\/2025\/07\/Had28.jpg 600w, http:\/\/yemeni-dreams.com\/wp-content\/uploads\/2025\/07\/Had28-768x509.jpg 768w\" sizes=\"(max-width: 600px) 100vw, 600px\" \/>\t\t\t\t\t\t\t\t\t\t\t\t\t\t\t<\/div>\n\t\t\t\t<\/div>\n\t\t<div class=\"elementor-element elementor-element-4ae1da5 e-con-full e-flex e-con e-child\" data-id=\"4ae1da5\" data-element_type=\"container\" data-e-type=\"container\">\n\t\t\t\t<div class=\"elementor-element elementor-element-3168549 animated-slow elementor-invisible elementor-widget elementor-widget-heading\" data-id=\"3168549\" data-element_type=\"widget\" data-e-type=\"widget\" data-settings=\"{&quot;_animation&quot;:&quot;fadeIn&quot;,&quot;_animation_delay&quot;:100}\" data-widget_type=\"heading.default\">\n\t\t\t\t\t<h2 class=\"elementor-heading-title elementor-size-default\">\u00c7al\u0131\u015fanlar\u0131m\u0131z iyi maa\u015fl\u0131d\u0131r, turlar\u0131m\u0131z sigortal\u0131d\u0131r ve gerekli donan\u0131ma sahiptir. \n<\/h2>\t\t\t\t<\/div>\n\t\t\t\t<\/div>\n\t\t\t\t<\/div>\n\t\t<div class=\"elementor-element elementor-element-55eb8141 e-flex e-con-boxed e-con e-parent\" data-id=\"55eb8141\" data-element_type=\"container\" data-e-type=\"container\">\n\t\t\t\t\t<div class=\"e-con-inner\">\n\t\t<div class=\"elementor-element elementor-element-6253807c e-flex e-con-boxed e-con e-child\" data-id=\"6253807c\" data-element_type=\"container\" data-e-type=\"container\" data-settings=\"{&quot;background_background&quot;:&quot;classic&quot;}\">\n\t\t\t\t\t<div class=\"e-con-inner\">\n\t\t\t\t<div class=\"elementor-element elementor-element-6179deef elementor-widget__width-initial elementor-widget-mobile__width-inherit elementor-widget elementor-widget-heading\" data-id=\"6179deef\" data-element_type=\"widget\" data-e-type=\"widget\" data-widget_type=\"heading.default\">\n\t\t\t\t\t<div class=\"elementor-heading-title elementor-size-default\">T\u00fcm misafirlerimiz havaalan\u0131nda kar\u015f\u0131lan\u0131r ve transferleri -bize b\u0131rak\u0131lan- stressiz bir \u015fekilde ger\u00e7ekle\u015ftirilir.\n<\/div>\t\t\t\t<\/div>\n\t\t\t\t\t<\/div>\n\t\t\t\t<\/div>\n\t\t<div class=\"elementor-element elementor-element-70ea5bd3 e-flex e-con-boxed e-con e-child\" data-id=\"70ea5bd3\" data-element_type=\"container\" data-e-type=\"container\">\n\t\t\t\t\t<div class=\"e-con-inner\">\n\t\t<div class=\"elementor-element elementor-element-4c11d8f1 e-con-full e-flex e-con e-child\" data-id=\"4c11d8f1\" data-element_type=\"container\" data-e-type=\"container\" data-settings=\"{&quot;background_background&quot;:&quot;classic&quot;}\">\n\t\t\t\t<div class=\"elementor-element elementor-element-1554ece elementor-widget__width-initial elementor-widget-mobile__width-inherit elementor-widget elementor-widget-heading\" data-id=\"1554ece\" data-element_type=\"widget\" data-e-type=\"widget\" data-widget_type=\"heading.default\">\n\t\t\t\t\t<div class=\"elementor-heading-title elementor-size-default\">Turunuzun maliyeti hakk\u0131nda size net bilgiler sunuyoruz, b\u00f6ylece olu\u015fabilecek ek masraflardan tamamen haberdar oluyorsunuz. Ho\u015f olmayan s\u00fcrprizlerle kar\u015f\u0131la\u015fm\u0131yorsunuz! \n<\/div>\t\t\t\t<\/div>\n\t\t\t\t<\/div>\n\t\t<div class=\"elementor-element elementor-element-72539700 e-con-full e-flex e-con e-child\" data-id=\"72539700\" data-element_type=\"container\" data-e-type=\"container\" data-settings=\"{&quot;background_background&quot;:&quot;classic&quot;}\">\n\t\t\t\t<div class=\"elementor-element elementor-element-20735101 elementor-widget__width-initial elementor-widget-mobile__width-inherit elementor-widget elementor-widget-heading\" data-id=\"20735101\" data-element_type=\"widget\" data-e-type=\"widget\" data-widget_type=\"heading.default\">\n\t\t\t\t\t<div class=\"elementor-heading-title elementor-size-default\">Misafirlerimizin yorumlar\u0131n\u0131 te\u015fvik ediyor ve bunlar\u0131 hizmetlerimizi s\u00fcrekli iyile\u015ftirmek i\u00e7in kullan\u0131yoruz.<\/div>\t\t\t\t<\/div>\n\t\t\t\t<\/div>\n\t\t\t\t\t<\/div>\n\t\t\t\t<\/div>\n\t\t\t\t\t<\/div>\n\t\t\t\t<\/div>\n\t\t\t\t<\/div>\n\t\t","protected":false},"excerpt":{"rendered":"<p>Hizmetlerimiz Yemeni Dreams, hem Yemen vatanda\u015flar\u0131na hem de Yemen&#8217;i ziyaret edenlere tam entegre seyahat hizmetleri sunmaktad\u0131r. Bireysel ve kalabal\u0131k gruplar i\u00e7in seyahat planlama ve y\u00f6nlendirme konusunda yard\u0131mc\u0131 olabiliriz. M\u00fc\u015fterilerimize Yemen gelenek ve g\u00f6reneklerini, geleneksel ya\u015fam tarz\u0131n\u0131 deneyimleme f\u0131rsat\u0131 sunuyoruz. Tur Paketi Araba Kiralama Uzman bilgimiz ve ki\u015fiselle\u015ftirilmi\u015f hizmetimiz sizin i\u00e7in daha ilgin\u00e7 ve macera dolu [&hellip;]<\/p>\n","protected":false},"author":1,"featured_media":7215,"parent":0,"menu_order":0,"comment_status":"closed","ping_status":"closed","template":"","meta":{"footnotes":""},"class_list":["post-7539","page","type-page","status-publish","has-post-thumbnail","hentry"],"_links":{"self":[{"href":"https:\/\/yemeni-dreams.com\/tr\/wp-json\/wp\/v2\/pages\/7539","targetHints":{"allow":["GET"]}}],"collection":[{"href":"https:\/\/yemeni-dreams.com\/tr\/wp-json\/wp\/v2\/pages"}],"about":[{"href":"https:\/\/yemeni-dreams.com\/tr\/wp-json\/wp\/v2\/types\/page"}],"author":[{"embeddable":true,"href":"https:\/\/yemeni-dreams.com\/tr\/wp-json\/wp\/v2\/users\/1"}],"replies":[{"embeddable":true,"href":"https:\/\/yemeni-dreams.com\/tr\/wp-json\/wp\/v2\/comments?post=7539"}],"version-history":[{"count":3,"href":"https:\/\/yemeni-dreams.com\/tr\/wp-json\/wp\/v2\/pages\/7539\/revisions"}],"predecessor-version":[{"id":7688,"href":"https:\/\/yemeni-dreams.com\/tr\/wp-json\/wp\/v2\/pages\/7539\/revisions\/7688"}],"wp:featuredmedia":[{"embeddable":true,"href":"https:\/\/yemeni-dreams.com\/tr\/wp-json\/wp\/v2\/media\/7215"}],"wp:attachment":[{"href":"https:\/\/yemeni-dreams.com\/tr\/wp-json\/wp\/v2\/media?parent=7539"}],"curies":[{"name":"wp","href":"https:\/\/api.w.org\/{rel}","templated":true}]}}