{"id":7630,"date":"2025-08-03T17:13:00","date_gmt":"2025-08-03T17:13:00","guid":{"rendered":"https:\/\/yemeni-dreams.com\/seyahat-rehberi\/"},"modified":"2025-12-06T18:46:40","modified_gmt":"2025-12-06T18:46:40","slug":"seyahat-rehberi","status":"publish","type":"page","link":"https:\/\/yemeni-dreams.com\/tr\/seyahat-rehberi\/","title":{"rendered":"Seyahat Rehberi"},"content":{"rendered":"\t\t<div data-elementor-type=\"wp-page\" data-elementor-id=\"7630\" class=\"elementor elementor-7630 elementor-1772\">\n\t\t\t\t<div class=\"elementor-element elementor-element-4741c32 e-flex e-con-boxed e-con e-parent\" data-id=\"4741c32\" data-element_type=\"container\" data-e-type=\"container\" data-settings=\"{&quot;background_background&quot;:&quot;classic&quot;}\">\n\t\t\t\t\t<div class=\"e-con-inner\">\n\t\t\t\t<div class=\"elementor-element elementor-element-c1b0ed8 elementor-widget elementor-widget-heading\" data-id=\"c1b0ed8\" data-element_type=\"widget\" data-e-type=\"widget\" data-widget_type=\"heading.default\">\n\t\t\t\t\t<h2 class=\"elementor-heading-title elementor-size-default\">Yemen Seyahat Rehberi<\/h2>\t\t\t\t<\/div>\n\t\t\t\t<div class=\"elementor-element elementor-element-719747b elementor-widget elementor-widget-text-editor\" data-id=\"719747b\" data-element_type=\"widget\" data-e-type=\"widget\" data-widget_type=\"text-editor.default\">\n\t\t\t\t\t\t\t\t\t<p>Genel Bak\u0131\u015f<\/p><p>Yemen, Orta Do\u011fu&#8217;nun tarihi a\u00e7\u0131dan en zengin ancak en az ziyaret edilen yerlerinden biridir. Buraya seyahat etmek zorluklarla dolu olsa da, maceraperest ruhlara antik \u015fehirler, nefes kesici manzaralar ve e\u015fsiz k\u00fclt\u00fcrel miras sunar. <\/p><p>Yemen, en g\u00fczel haliyle, inan\u0131lmaz manzaralar, \u00e7arp\u0131c\u0131 \u0130slam mimarisi ve hareketli \u00e7ar\u015f\u0131lar\u0131n yan\u0131 s\u0131ra huzurlu camiler, yemye\u015fil vadiler ve heybetli da\u011flarla dolu bir yerdir. Ba\u015fkent Sana, Yemen&#8217;in iki y\u00fcz\u00fcn\u00fc b\u00fcnyesinde bar\u0131nd\u0131r\u0131r: l\u00fcks turizm altyap\u0131s\u0131na sahip modern \u015fehir ve Ulu Camii ve kilden yap\u0131lm\u0131\u015f \u00f6zg\u00fcn, \u00e7ok katl\u0131 binalar\u0131yla eski \u015fehir. D\u00fcnyan\u0131n en eski yerle\u015fim yerlerinden biri olan Sana&#8217;y\u0131, otel \u00e7at\u0131lar\u0131ndan gezebilir, eski \u00e7ar\u015f\u0131lar\u0131n\u0131n otantik atmosferinin tad\u0131n\u0131 \u00e7\u0131karabilir veya 700 y\u0131ll\u0131k g\u00f6rkemli Ulu Camii&#8217;nin b\u00fcy\u00fcs\u00fcne kap\u0131labilirler.  <\/p><p>\u0130kinci b\u00fcy\u00fck \u015fehir olan Aden, antik \u00e7a\u011flara dayanan bir liman kentidir. Sana&#8217;a&#8217;dan daha kozmopolit ve \u00f6zg\u00fcr bir havaya sahip olmas\u0131, ziyaret etmeyi ilgin\u00e7 k\u0131lar. Ke\u015ffedilmeye de\u011fer di\u011fer \u015fehirler aras\u0131nda \u00c7\u00f6l\u00fcn Manhattan&#8217;\u0131 olarak bilinen \u015eibam ve bah\u00e7e \u015fehri Ravza yer al\u0131r. Ancak Yemen&#8217;in en inan\u0131lmaz cazibe merkezi, adalara \u00f6zg\u00fc 700&#8217;den fazla yaban hayat\u0131 ve bitki t\u00fcr\u00fcne ev sahipli\u011fi yapan Sokotra Tak\u0131madalar\u0131&#8217;d\u0131r. Galapagos Adalar\u0131&#8217;n\u0131n \u00e7a\u011fda\u015f\u0131 olarak g\u00f6r\u00fclen bu ada, binlerce y\u0131ld\u0131r varl\u0131\u011f\u0131n\u0131 s\u00fcrd\u00fcren kendine \u00f6zg\u00fc bir kabile k\u00fclt\u00fcr\u00fcyle, e\u015fsiz bir g\u00fczelli\u011fe ve bilimsel bir hayranl\u0131\u011fa sahiptir.    <\/p><p>Romal\u0131lar, verimli tarlalar\u0131 nedeniyle Yemen \u00fclkesine &#8220;talihli topraklar&#8221; anlam\u0131na gelen Arabia Felix ad\u0131n\u0131 vermi\u015flerdi. Yemen, bir zamanlar b\u00fcy\u00fck \u00f6nem ta\u015f\u0131yan bir yerdi ve s\u00fct ve bal diyar\u0131yd\u0131. Ne yaz\u0131k ki \u00fclke, huzursuzluk, istikrars\u0131zl\u0131k ve yayg\u0131n ter\u00f6rizmle bo\u011fu\u015fuyor, ancak gezginler bu me\u015fhur ilgin\u00e7 \u00fclkenin ziyaret\u00e7ilere tekrar misafirperverlik g\u00f6sterece\u011fi g\u00fcn\u00fc sab\u0131rs\u0131zl\u0131kla bekliyor.  <\/p>\t\t\t\t\t\t\t\t<\/div>\n\t\t<div class=\"elementor-element elementor-element-6882355 e-con-full e-flex e-con e-child\" data-id=\"6882355\" data-element_type=\"container\" data-e-type=\"container\" data-settings=\"{&quot;background_background&quot;:&quot;classic&quot;}\">\n\t\t\t\t<div class=\"elementor-element elementor-element-04120bd elementor-widget__width-initial elementor-widget elementor-widget-heading\" data-id=\"04120bd\" data-element_type=\"widget\" data-e-type=\"widget\" data-widget_type=\"heading.default\">\n\t\t\t\t\t<h2 class=\"elementor-heading-title elementor-size-default\">Yemen'in antik kentlerini, nefes kesen manzaralar\u0131n\u0131, e\u015fsiz yemeklerini ve unutulmaz maceralar\u0131n\u0131 ke\u015ffedin.<\/h2>\t\t\t\t<\/div>\n\t\t\t\t<\/div>\n\t\t\t\t\t<\/div>\n\t\t\t\t<\/div>\n\t\t<div class=\"elementor-element elementor-element-6b7df34 e-con-full e-flex e-con e-parent\" data-id=\"6b7df34\" data-element_type=\"container\" data-e-type=\"container\">\n\t\t\t\t<div class=\"elementor-element elementor-element-88d3bb0 elementor-widget elementor-widget-heading\" data-id=\"88d3bb0\" data-element_type=\"widget\" data-e-type=\"widget\" data-widget_type=\"heading.default\">\n\t\t\t\t\t<h2 class=\"elementor-heading-title elementor-size-default\">Ne Zaman Ziyaret Edilir<\/h2>\t\t\t\t<\/div>\n\t\t\t\t<div class=\"elementor-element elementor-element-a0408a2 elementor-widget__width-initial elementor-widget elementor-widget-text-editor\" data-id=\"a0408a2\" data-element_type=\"widget\" data-e-type=\"widget\" data-widget_type=\"text-editor.default\">\n\t\t\t\t\t\t\t\t\t<p> <\/p><ul><li>Yemen Anakaras\u0131: Ekim&#8217;den Nisan&#8217;a kadar en iyisi (daha serin hava, a\u00e7\u0131k g\u00f6ky\u00fcz\u00fc).<\/li><li>Sokotra: Ekim-Nisan aylar\u0131 aras\u0131 ve muson \u00f6ncesi Eyl\u00fcl ortas\u0131 en iyisidir.<\/li><\/ul>\t\t\t\t\t\t\t\t<\/div>\n\t\t\t\t<div class=\"elementor-element elementor-element-6b0662f elementor-widget elementor-widget-heading\" data-id=\"6b0662f\" data-element_type=\"widget\" data-e-type=\"widget\" data-widget_type=\"heading.default\">\n\t\t\t\t\t<h2 class=\"elementor-heading-title elementor-size-default\">Oraya Nas\u0131l Gidilir<\/h2>\t\t\t\t<\/div>\n\t\t\t\t<div class=\"elementor-element elementor-element-f0e5396 elementor-widget elementor-widget-text-editor\" data-id=\"f0e5396\" data-element_type=\"widget\" data-e-type=\"widget\" data-widget_type=\"text-editor.default\">\n\t\t\t\t\t\t\t\t\t<ul><li>Havaalanlar\u0131: Aden (ADE), Seiyun (GXF), Al Ghaydah (AAY), Sokotra (SCT).<\/li><li>Havayollar\u0131: Yemenia Airways, Yemen&#8217;i Kahire, Cidde ve Amman&#8217;a ba\u011fl\u0131yor. Haftal\u0131k u\u00e7u\u015flar Kahire ve Abu Dabi&#8217;yi Sokotra&#8217;ya ba\u011fl\u0131yor. <\/li><\/ul>\t\t\t\t\t\t\t\t<\/div>\n\t\t\t\t<div class=\"elementor-element elementor-element-e5b2e05 elementor-widget elementor-widget-heading\" data-id=\"e5b2e05\" data-element_type=\"widget\" data-e-type=\"widget\" data-widget_type=\"heading.default\">\n\t\t\t\t\t<h2 class=\"elementor-heading-title elementor-size-default\">Vize Bilgileri<\/h2>\t\t\t\t<\/div>\n\t\t\t\t<div class=\"elementor-element elementor-element-72fb12e elementor-widget elementor-widget-text-editor\" data-id=\"72fb12e\" data-element_type=\"widget\" data-e-type=\"widget\" data-widget_type=\"text-editor.default\">\n\t\t\t\t\t\t\t\t\t<ul><li>Yemen Vizesi: Sponsor mektubu veya tur operat\u00f6r\u00fc deste\u011fiyle Yemen b\u00fcy\u00fckel\u00e7ilikleri arac\u0131l\u0131\u011f\u0131yla ba\u015fvuruda bulunun.<\/li><li>Sokotra Vizesi: Lisansl\u0131 yerel operat\u00f6rler taraf\u0131ndan do\u011frudan d\u00fczenlenir ve tur paketinizle birlikte sa\u011flan\u0131r.<\/li><\/ul>\t\t\t\t\t\t\t\t<\/div>\n\t\t\t\t<div class=\"elementor-element elementor-element-0cc090d elementor-widget elementor-widget-heading\" data-id=\"0cc090d\" data-element_type=\"widget\" data-e-type=\"widget\" data-widget_type=\"heading.default\">\n\t\t\t\t\t<h2 class=\"elementor-heading-title elementor-size-default\">En \u0130yi Destinasyonlar<\/h2>\t\t\t\t<\/div>\n\t\t\t\t<div class=\"elementor-element elementor-element-79ff237 elementor-widget elementor-widget-text-editor\" data-id=\"79ff237\" data-element_type=\"widget\" data-e-type=\"widget\" data-widget_type=\"text-editor.default\">\n\t\t\t\t\t\t\t\t\t<p> <\/p><ul><li>Sokotra Adas\u0131 \u2013 \u201cHint Okyanusu&#8217;nun Gal\u00e1pagos&#8217;u.\u201d<\/li><li>Stara Sana \u2013 \u017eivi muzej arabsko-islamske arhitekture.<\/li><li>\u015eibam Hadramevt \u2013 Kerpi\u00e7ten g\u00f6kdelenler.<\/li><li>Wadi Do\u2019an \u2013 T\u00fcts\u00fc ve tarih vadileri.<\/li><li>Mukalla&#8217;n\u0131n zengin tarihi, lezzetli deniz \u00fcr\u00fcnleri ve misafirperver yerli halk\u0131, onu Yemen&#8217;in e\u015fsiz miras\u0131n\u0131 ke\u015ffetmek isteyen macerac\u0131 gezginler i\u00e7in b\u00fcy\u00fcleyici bir yer haline getiriyor.<\/li><li>Aden \u2013 Arap Denizi k\u0131y\u0131s\u0131ndaki tarihi liman kenti.<\/li><li>Taiz ve Ibb \u2013 Yemye\u015fil manzaralar ve k\u00fclt\u00fcrel miras.<\/li><li>Seiyun, b\u00f6lgenin zengin k\u00fclt\u00fcrel miras\u0131n\u0131 yans\u0131tan kendine \u00f6zg\u00fc mimari tarz\u0131yla dikkat \u00e7eken, uzun ve dar kerpi\u00e7 binalar\u0131yla \u00fcnl\u00fcd\u00fcr.<\/li><\/ul><p> <\/p>\t\t\t\t\t\t\t\t<\/div>\n\t\t\t\t<div class=\"elementor-element elementor-element-eb04ec1 elementor-widget elementor-widget-heading\" data-id=\"eb04ec1\" data-element_type=\"widget\" data-e-type=\"widget\" data-widget_type=\"heading.default\">\n\t\t\t\t\t<h2 class=\"elementor-heading-title elementor-size-default\">K\u00fclt\u00fcr ve G\u00f6rg\u00fc Kurallar\u0131<\/h2>\t\t\t\t<\/div>\n\t\t<div class=\"elementor-element elementor-element-badf196 e-con-full e-flex e-con e-child\" data-id=\"badf196\" data-element_type=\"container\" data-e-type=\"container\">\n\t\t\t\t<div class=\"elementor-element elementor-element-a5941e5 elementor-widget elementor-widget-text-editor\" data-id=\"a5941e5\" data-element_type=\"widget\" data-e-type=\"widget\" data-widget_type=\"text-editor.default\">\n\t\t\t\t\t\t\t\t\t<ul><li>\u00d6zellikle k\u0131rsal kesimlerde m\u00fctevaz\u0131 giyinin.<\/li><li>Cuma g\u00fcn\u00fc haftal\u0131k tatildir.<\/li><li>Yemen misafirperverli\u011fi \u00e7ok \u00f6nemlidir; ikram edildi\u011finde kahve veya \u00e7ay kabul edin.<\/li><li>Kat \u00e7i\u011fnemek yayg\u0131nd\u0131r ancak kat\u0131l\u0131m iste\u011fe ba\u011fl\u0131d\u0131r.<\/li><li>\u0130leti\u015fim bi\u00e7imleri dolayl\u0131d\u0131r, \u00e7at\u0131\u015fma \u00e7\u00f6z\u00fcm\u00fc arabuluculuk gerektirir ve sosyal toplant\u0131larda sayg\u0131 ve misafirperverlik vurgulan\u0131r.<\/li><li>Dil Arap\u00e7a (turistik b\u00f6lgelerde temel \u0130ngilizce).<\/li><li>Yemen mutfa\u011f\u0131, Mandi ve Saltah gibi yemeklerde Ortado\u011fu, T\u00fcrk ve Hint lezzetlerini bir araya getiriyor.<\/li><li>Elektrik ak\u0131m\u0131 220 &#8211; 240 volt, 50Hz&#8217;dir. Fi\u015f tipleri de\u011fi\u015fiklik g\u00f6sterse de iki veya \u00fc\u00e7 d\u00fcz u\u00e7lu veya \u00fc\u00e7 yuvarlak u\u00e7lu fi\u015fler en yayg\u0131n olanlar\u0131d\u0131r. <\/li><li>Aile rolleri a\u00e7\u0131k\u00e7a tan\u0131mlanm\u0131\u015ft\u0131r; babalar ge\u00e7im sa\u011flay\u0131c\u0131, anneler ise bak\u0131c\u0131 konumundad\u0131r.<\/li><li>Ula\u015f\u0131m: Taksi veya yerel \u015fof\u00f6rl\u00fc \u00f6zel ara\u00e7lar.<\/li><\/ul>\t\t\t\t\t\t\t\t<\/div>\n\t\t\t\t<\/div>\n\t\t\t\t<div class=\"elementor-element elementor-element-183f500 elementor-widget elementor-widget-heading\" data-id=\"183f500\" data-element_type=\"widget\" data-e-type=\"widget\" data-widget_type=\"heading.default\">\n\t\t\t\t\t<h2 class=\"elementor-heading-title elementor-size-default\">G\u00fcvenlik ve Seyahat \u0130pu\u00e7lar\u0131<\/h2>\t\t\t\t<\/div>\n\t\t\t\t<\/div>\n\t\t<div class=\"elementor-element elementor-element-c3883c3 e-con-full e-flex e-con e-parent\" data-id=\"c3883c3\" data-element_type=\"container\" data-e-type=\"container\">\n\t\t\t\t<div class=\"elementor-element elementor-element-fb1573b elementor-widget elementor-widget-text-editor\" data-id=\"fb1573b\" data-element_type=\"widget\" data-e-type=\"widget\" data-widget_type=\"text-editor.default\">\n\t\t\t\t\t\t\t\t\t<ul><li>Her zaman lisansl\u0131 yerel operat\u00f6rlerle seyahat edin.<\/li><li>Yemen para birimi Riyal&#8217;dir ve kredi kartlar\u0131 her yerde kabul edilmedi\u011finden elinizde nakit bulundurman\u0131z avantajl\u0131 olabilir. <\/li><li>\u0130leti\u015fim i\u00e7in yerel SIM kartlar mevcuttur.<\/li><li>Baz\u0131 b\u00f6lgeler i\u00e7in seyahat izni gerekebilir; operat\u00f6r\u00fcn\u00fcz bunu ayarlayacakt\u0131r.<\/li><li>Acil geri d\u00f6n\u00fc\u015f ko\u015fullar\u0131n\u0131 da i\u00e7eren kapsaml\u0131 bir seyahat sigortas\u0131 yapt\u0131rman\u0131z \u015fiddetle tavsiye edilir. <\/li><li>\u0130nsanlar\u0131 foto\u011fraflamadan \u00f6nce sorun.<\/li><li>Hafif, nefes alan giysiler giyin ve y\u00fcksek b\u00f6lgelerde serin ak\u015famlar i\u00e7in hafif bir kazak getirmeyi unutmay\u0131n.<\/li><li>Yemen k\u0131yafetleri, karma\u015f\u0131k i\u015flemeler ve renkli tasar\u0131mlarla \u00e7e\u015fitli tarih ve medeniyetleri yans\u0131t\u0131r.<\/li><li>Ayr\u0131ca, yerel halkla sayg\u0131l\u0131 bir \u015fekilde etkile\u015fimde bulunmak ve k\u00fclt\u00fcrleraras\u0131 deneyimlerinizi zenginle\u015ftirmek i\u00e7in yerel gelenek ve g\u00f6rg\u00fc kurallar\u0131n\u0131 \u00f6\u011frenmeniz \u00f6nerilir.<\/li><li>Gerekli belgeler konusunda, pasaportunuzun giri\u015f tarihinizden itibaren en az alt\u0131 ay daha ge\u00e7erli oldu\u011fundan emin olmal\u0131s\u0131n\u0131z.<\/li><li>Ek a\u015f\u0131lar\u0131n veya s\u0131tma profilaksisi gibi t\u0131bbi \u00f6nlemlerin \u00f6nerilip \u00f6nerilmedi\u011fini kontrol edin.<\/li><li>U\u00e7u\u015flar\u0131n\u0131z, otel rezervasyonlar\u0131n\u0131z ve sigorta belgeleriniz dahil olmak \u00fczere seyahat belgelerinizin kopyalar\u0131 hem bas\u0131l\u0131 hem de dijital ortamda mevcut olmal\u0131d\u0131r.<\/li><li>Acil bir durumda h\u0131zl\u0131 bir \u015fekilde hareket edebilmek i\u00e7in yerel el\u00e7ili\u011fin veya seyahat sigortan\u0131z\u0131n telefon numaralar\u0131 gibi \u00f6nemli telefon numaralar\u0131n\u0131 not edin.<\/li><li>\u00c7at\u0131\u015fmalardan ka\u00e7\u0131nmak ve otantik bir seyahat deneyimi ya\u015famak i\u00e7in yerel gelenek ve yasalara sayg\u0131l\u0131 bir yakla\u015f\u0131m b\u00fcy\u00fck \u00f6nem ta\u015f\u0131yor.<\/li><\/ul>\t\t\t\t\t\t\t\t<\/div>\n\t\t\t\t<div class=\"elementor-element elementor-element-1a87b65 elementor-widget elementor-widget-heading\" data-id=\"1a87b65\" data-element_type=\"widget\" data-e-type=\"widget\" data-widget_type=\"heading.default\">\n\t\t\t\t\t<h2 class=\"elementor-heading-title elementor-size-default\">\u00d6rnek Rotalar<\/h2>\t\t\t\t<\/div>\n\t\t\t\t<div class=\"elementor-element elementor-element-301f9f7 elementor-widget elementor-widget-text-editor\" data-id=\"301f9f7\" data-element_type=\"widget\" data-e-type=\"widget\" data-widget_type=\"text-editor.default\">\n\t\t\t\t\t\t\t\t\t<p>Sokotra&#8217;da 7 G\u00fcn &#8211; Hadiboh, Dihamri Deniz Koruma Alan\u0131, Hoq Ma\u011faras\u0131, Qalansiah, Shu&#8217;ab Lag\u00fcn\u00fc, Detwah Lag\u00fcn\u00fc.<br>Hadhramaut&#8217;ta 10 G\u00fcn &#8211; Seiyun, Shibam, Wadi Do&#8217;an, Mukalla, Al Ghaydah.<\/p>\t\t\t\t\t\t\t\t<\/div>\n\t\t\t\t<div class=\"elementor-element elementor-element-d1c447c elementor-widget elementor-widget-heading\" data-id=\"d1c447c\" data-element_type=\"widget\" data-e-type=\"widget\" data-widget_type=\"heading.default\">\n\t\t\t\t\t<h2 class=\"elementor-heading-title elementor-size-default\">Yolculu\u011funuzu Planlay\u0131n<\/h2>\t\t\t\t<\/div>\n\t\t\t\t<div class=\"elementor-element elementor-element-ff3425d elementor-widget elementor-widget-text-editor\" data-id=\"ff3425d\" data-element_type=\"widget\" data-e-type=\"widget\" data-widget_type=\"text-editor.default\">\n\t\t\t\t\t\t\t\t\t<p>Yemen&#8217;i ke\u015ffetmeye haz\u0131r m\u0131s\u0131n\u0131z? Ki\u015fiye \u00f6zel tur paketlerimizi ke\u015ffedin ve bu harikalar diyar\u0131nda size rehberlik etmemize izin verin. <\/p><p>\ud83d\udc49 [Paketleri Ke\u015ffedin] | [WhatsApp&#8217;tan Bize Ula\u015f\u0131n]<\/p>\t\t\t\t\t\t\t\t<\/div>\n\t\t\t\t<\/div>\n\t\t<div class=\"elementor-element elementor-element-c5397b0 e-con-full e-flex e-con e-parent\" data-id=\"c5397b0\" data-element_type=\"container\" data-e-type=\"container\">\n\t\t\t\t<div class=\"elementor-element elementor-element-e02df26 elementor-widget elementor-widget-heading\" data-id=\"e02df26\" data-element_type=\"widget\" data-e-type=\"widget\" data-widget_type=\"heading.default\">\n\t\t\t\t\t<h2 class=\"elementor-heading-title elementor-size-default\">Unutulmaz Yemen yolculu\u011funuzu bug\u00fcnden planlamaya ba\u015flay\u0131n!<\/h2>\t\t\t\t<\/div>\n\t\t\t\t<\/div>\n\t\t\t\t<\/div>\n\t\t","protected":false},"excerpt":{"rendered":"<p>Yemen Seyahat Rehberi Genel Bak\u0131\u015f Yemen, Orta Do\u011fu&#8217;nun tarihi a\u00e7\u0131dan en zengin ancak en az ziyaret edilen yerlerinden biridir. Buraya seyahat etmek zorluklarla dolu olsa da, maceraperest ruhlara antik \u015fehirler, nefes kesici manzaralar ve e\u015fsiz k\u00fclt\u00fcrel miras sunar. Yemen, en g\u00fczel haliyle, inan\u0131lmaz manzaralar, \u00e7arp\u0131c\u0131 \u0130slam mimarisi ve hareketli \u00e7ar\u015f\u0131lar\u0131n yan\u0131 s\u0131ra huzurlu camiler, yemye\u015fil [&hellip;]<\/p>\n","protected":false},"author":2,"featured_media":7600,"parent":0,"menu_order":0,"comment_status":"closed","ping_status":"closed","template":"","meta":{"footnotes":""},"class_list":["post-7630","page","type-page","status-publish","has-post-thumbnail","hentry"],"_links":{"self":[{"href":"https:\/\/yemeni-dreams.com\/tr\/wp-json\/wp\/v2\/pages\/7630","targetHints":{"allow":["GET"]}}],"collection":[{"href":"https:\/\/yemeni-dreams.com\/tr\/wp-json\/wp\/v2\/pages"}],"about":[{"href":"https:\/\/yemeni-dreams.com\/tr\/wp-json\/wp\/v2\/types\/page"}],"author":[{"embeddable":true,"href":"https:\/\/yemeni-dreams.com\/tr\/wp-json\/wp\/v2\/users\/2"}],"replies":[{"embeddable":true,"href":"https:\/\/yemeni-dreams.com\/tr\/wp-json\/wp\/v2\/comments?post=7630"}],"version-history":[{"count":7,"href":"https:\/\/yemeni-dreams.com\/tr\/wp-json\/wp\/v2\/pages\/7630\/revisions"}],"predecessor-version":[{"id":8317,"href":"https:\/\/yemeni-dreams.com\/tr\/wp-json\/wp\/v2\/pages\/7630\/revisions\/8317"}],"wp:featuredmedia":[{"embeddable":true,"href":"https:\/\/yemeni-dreams.com\/tr\/wp-json\/wp\/v2\/media\/7600"}],"wp:attachment":[{"href":"https:\/\/yemeni-dreams.com\/tr\/wp-json\/wp\/v2\/media?parent=7630"}],"curies":[{"name":"wp","href":"https:\/\/api.w.org\/{rel}","templated":true}]}}